{"id":105621,"date":"2024-05-14T07:44:17","date_gmt":"2024-05-14T06:44:17","guid":{"rendered":"https:\/\/depagterinterieurs.nl\/unsere-marken\/"},"modified":"2025-03-31T13:05:25","modified_gmt":"2025-03-31T12:05:25","slug":"unsere-marken","status":"publish","type":"page","link":"https:\/\/naughty-curran.136-144-185-207.plesk.page\/de\/unsere-marken\/","title":{"rendered":"UNSERE MARKEN"},"content":{"rendered":"<h2>UNSERE MARKEN<\/h2>\n<p>Willkommen auf unserer exklusiven Markenseite, auf der wir eine anspruchsvolle Welt des M\u00f6beldesigns und der Einrichtungsinnovationen pr\u00e4sentieren. Entdecken Sie eine exquisite Auswahl an f\u00fchrenden Marken, die Eleganz, Handwerkskunst und zeitlose \u00c4sthetik symbolisieren. <\/p>\n<p>Wir k\u00f6nnen alles von den folgenden Marken liefern!<\/p>\n<p>Willkommen auf unserer exklusiven Markenseite, auf der wir eine anspruchsvolle Welt des M\u00f6beldesigns und der Einrichtungsinnovationen pr\u00e4sentieren. Entdecken Sie eine exquisite Auswahl f\u00fchrender Marken, die Eleganz, Handwerkskunst und zeitlose \u00c4sthetik symbolisieren.&nbsp;<\/p>\n<p>Wir k\u00f6nnen alles von den folgenden Marken liefern!<\/p>\n<div class=\"woocommerce columns-4\"><\/div>\n","protected":false},"excerpt":{"rendered":"<p>UNSERE MARKEN Willkommen auf unserer exklusiven Markenseite, auf der wir eine anspruchsvolle Welt des M\u00f6beldesigns und der Einrichtungsinnovationen pr\u00e4sentieren. Entdecken Sie eine exquisite Auswahl an f\u00fchrenden Marken, die Eleganz, Handwerkskunst und zeitlose \u00c4sthetik symbolisieren. Wir k\u00f6nnen alles von den folgenden Marken liefern! Willkommen auf unserer exklusiven Markenseite, auf der wir eine anspruchsvolle Welt des M\u00f6beldesigns [&hellip;]<\/p>\n","protected":false},"author":936,"featured_media":0,"parent":0,"menu_order":0,"comment_status":"closed","ping_status":"closed","template":"","meta":{"_monsterinsights_skip_tracking":false,"_monsterinsights_sitenote_active":false,"_monsterinsights_sitenote_note":"","_monsterinsights_sitenote_category":0,"footnotes":"","_wp_rev_ctl_limit":""},"class_list":["post-105621","page","type-page","status-publish","hentry"],"yoast_head":"<!-- This site is optimized with the Yoast SEO plugin v25.8 - https:\/\/yoast.com\/wordpress\/plugins\/seo\/ -->\n<title>UNSERE MARKEN - De Pagter Interieurs<\/title>\n<meta name=\"description\" content=\"Navigieren Sie durch eine Welt voller Stil und Innovation auf unserer Markenseite. Entdecken Sie eine sorgf\u00e4ltig kuratierte Auswahl an Premium-Marken, die sich durch Qualit\u00e4t, Design und Handwerkskunst auszeichnen. Lassen Sie sich inspirieren und bereichern Sie Ihr Leben mit den ikonischen Marken, die den Standard setzen. Entdecken Sie Ihren perfekten Stil auf unserer Markenseite - wo Exzellenz zu Hause ist.\" \/>\n<meta name=\"robots\" content=\"noindex, follow, max-snippet:-1, max-image-preview:large, max-video-preview:-1\" \/>\n<meta property=\"og:locale\" content=\"de_DE\" \/>\n<meta property=\"og:type\" content=\"article\" \/>\n<meta property=\"og:title\" content=\"UNSERE MARKEN - De Pagter Interieurs\" \/>\n<meta property=\"og:description\" content=\"Navigieren Sie durch eine Welt voller Stil und Innovation auf unserer Markenseite. Entdecken Sie eine sorgf\u00e4ltig kuratierte Auswahl an Premium-Marken, die sich durch Qualit\u00e4t, Design und Handwerkskunst auszeichnen. Lassen Sie sich inspirieren und bereichern Sie Ihr Leben mit den ikonischen Marken, die den Standard setzen. Entdecken Sie Ihren perfekten Stil auf unserer Markenseite - wo Exzellenz zu Hause ist.\" \/>\n<meta property=\"og:url\" content=\"https:\/\/naughty-curran.136-144-185-207.plesk.page\/de\/unsere-marken\/\" \/>\n<meta property=\"og:site_name\" content=\"De Pagter Interieurs\" \/>\n<meta property=\"article:publisher\" content=\"https:\/\/www.facebook.com\/depagterinterieurs\/\" \/>\n<meta property=\"article:modified_time\" content=\"2025-03-31T12:05:25+00:00\" \/>\n<meta name=\"twitter:card\" content=\"summary_large_image\" \/>\n<meta name=\"twitter:label1\" content=\"Est. reading time\" \/>\n\t<meta name=\"twitter:data1\" content=\"4 minutes\" \/>\n<script type=\"application\/ld+json\" class=\"yoast-schema-graph\">{\"@context\":\"https:\/\/schema.org\",\"@graph\":[{\"@type\":\"WebPage\",\"@id\":\"https:\/\/naughty-curran.136-144-185-207.plesk.page\/de\/unsere-marken\/\",\"url\":\"https:\/\/naughty-curran.136-144-185-207.plesk.page\/de\/unsere-marken\/\",\"name\":\"UNSERE MARKEN - De Pagter Interieurs\",\"isPartOf\":{\"@id\":\"https:\/\/naughty-curran.136-144-185-207.plesk.page\/de\/#website\"},\"datePublished\":\"2024-05-14T06:44:17+00:00\",\"dateModified\":\"2025-03-31T12:05:25+00:00\",\"description\":\"Navigieren Sie durch eine Welt voller Stil und Innovation auf unserer Markenseite. Entdecken Sie eine sorgf\u00e4ltig kuratierte Auswahl an Premium-Marken, die sich durch Qualit\u00e4t, Design und Handwerkskunst auszeichnen. Lassen Sie sich inspirieren und bereichern Sie Ihr Leben mit den ikonischen Marken, die den Standard setzen. Entdecken Sie Ihren perfekten Stil auf unserer Markenseite - wo Exzellenz zu Hause ist.\",\"breadcrumb\":{\"@id\":\"https:\/\/naughty-curran.136-144-185-207.plesk.page\/de\/unsere-marken\/#breadcrumb\"},\"inLanguage\":\"de-DE\",\"potentialAction\":[{\"@type\":\"ReadAction\",\"target\":[\"https:\/\/naughty-curran.136-144-185-207.plesk.page\/de\/unsere-marken\/\"]}]},{\"@type\":\"BreadcrumbList\",\"@id\":\"https:\/\/naughty-curran.136-144-185-207.plesk.page\/de\/unsere-marken\/#breadcrumb\",\"itemListElement\":[{\"@type\":\"ListItem\",\"position\":1,\"name\":\"Home\",\"item\":\"https:\/\/naughty-curran.136-144-185-207.plesk.page\/de\/\"},{\"@type\":\"ListItem\",\"position\":2,\"name\":\"UNSERE MARKEN\"}]},{\"@type\":\"WebSite\",\"@id\":\"https:\/\/naughty-curran.136-144-185-207.plesk.page\/de\/#website\",\"url\":\"https:\/\/naughty-curran.136-144-185-207.plesk.page\/de\/\",\"name\":\"De Pagter Interieurs\",\"description\":\"M\u00f6belgesch\u00e4fte in Middelburg - Domburg - Veere\",\"potentialAction\":[{\"@type\":\"SearchAction\",\"target\":{\"@type\":\"EntryPoint\",\"urlTemplate\":\"https:\/\/naughty-curran.136-144-185-207.plesk.page\/de\/?s={search_term_string}\"},\"query-input\":{\"@type\":\"PropertyValueSpecification\",\"valueRequired\":true,\"valueName\":\"search_term_string\"}}],\"inLanguage\":\"de-DE\"}]}<\/script>\n<!-- \/ Yoast SEO plugin. -->","yoast_head_json":{"title":"UNSERE MARKEN - De Pagter Interieurs","description":"Navigieren Sie durch eine Welt voller Stil und Innovation auf unserer Markenseite. Entdecken Sie eine sorgf\u00e4ltig kuratierte Auswahl an Premium-Marken, die sich durch Qualit\u00e4t, Design und Handwerkskunst auszeichnen. Lassen Sie sich inspirieren und bereichern Sie Ihr Leben mit den ikonischen Marken, die den Standard setzen. Entdecken Sie Ihren perfekten Stil auf unserer Markenseite - wo Exzellenz zu Hause ist.","robots":{"index":"noindex","follow":"follow","max-snippet":"max-snippet:-1","max-image-preview":"max-image-preview:large","max-video-preview":"max-video-preview:-1"},"og_locale":"de_DE","og_type":"article","og_title":"UNSERE MARKEN - De Pagter Interieurs","og_description":"Navigieren Sie durch eine Welt voller Stil und Innovation auf unserer Markenseite. Entdecken Sie eine sorgf\u00e4ltig kuratierte Auswahl an Premium-Marken, die sich durch Qualit\u00e4t, Design und Handwerkskunst auszeichnen. Lassen Sie sich inspirieren und bereichern Sie Ihr Leben mit den ikonischen Marken, die den Standard setzen. Entdecken Sie Ihren perfekten Stil auf unserer Markenseite - wo Exzellenz zu Hause ist.","og_url":"https:\/\/naughty-curran.136-144-185-207.plesk.page\/de\/unsere-marken\/","og_site_name":"De Pagter Interieurs","article_publisher":"https:\/\/www.facebook.com\/depagterinterieurs\/","article_modified_time":"2025-03-31T12:05:25+00:00","twitter_card":"summary_large_image","twitter_misc":{"Est. reading time":"4 minutes"},"schema":{"@context":"https:\/\/schema.org","@graph":[{"@type":"WebPage","@id":"https:\/\/naughty-curran.136-144-185-207.plesk.page\/de\/unsere-marken\/","url":"https:\/\/naughty-curran.136-144-185-207.plesk.page\/de\/unsere-marken\/","name":"UNSERE MARKEN - De Pagter Interieurs","isPartOf":{"@id":"https:\/\/naughty-curran.136-144-185-207.plesk.page\/de\/#website"},"datePublished":"2024-05-14T06:44:17+00:00","dateModified":"2025-03-31T12:05:25+00:00","description":"Navigieren Sie durch eine Welt voller Stil und Innovation auf unserer Markenseite. Entdecken Sie eine sorgf\u00e4ltig kuratierte Auswahl an Premium-Marken, die sich durch Qualit\u00e4t, Design und Handwerkskunst auszeichnen. Lassen Sie sich inspirieren und bereichern Sie Ihr Leben mit den ikonischen Marken, die den Standard setzen. Entdecken Sie Ihren perfekten Stil auf unserer Markenseite - wo Exzellenz zu Hause ist.","breadcrumb":{"@id":"https:\/\/naughty-curran.136-144-185-207.plesk.page\/de\/unsere-marken\/#breadcrumb"},"inLanguage":"de-DE","potentialAction":[{"@type":"ReadAction","target":["https:\/\/naughty-curran.136-144-185-207.plesk.page\/de\/unsere-marken\/"]}]},{"@type":"BreadcrumbList","@id":"https:\/\/naughty-curran.136-144-185-207.plesk.page\/de\/unsere-marken\/#breadcrumb","itemListElement":[{"@type":"ListItem","position":1,"name":"Home","item":"https:\/\/naughty-curran.136-144-185-207.plesk.page\/de\/"},{"@type":"ListItem","position":2,"name":"UNSERE MARKEN"}]},{"@type":"WebSite","@id":"https:\/\/naughty-curran.136-144-185-207.plesk.page\/de\/#website","url":"https:\/\/naughty-curran.136-144-185-207.plesk.page\/de\/","name":"De Pagter Interieurs","description":"M\u00f6belgesch\u00e4fte in Middelburg - Domburg - Veere","potentialAction":[{"@type":"SearchAction","target":{"@type":"EntryPoint","urlTemplate":"https:\/\/naughty-curran.136-144-185-207.plesk.page\/de\/?s={search_term_string}"},"query-input":{"@type":"PropertyValueSpecification","valueRequired":true,"valueName":"search_term_string"}}],"inLanguage":"de-DE"}]}},"_links":{"self":[{"href":"https:\/\/naughty-curran.136-144-185-207.plesk.page\/de\/wp-json\/wp\/v2\/pages\/105621","targetHints":{"allow":["GET"]}}],"collection":[{"href":"https:\/\/naughty-curran.136-144-185-207.plesk.page\/de\/wp-json\/wp\/v2\/pages"}],"about":[{"href":"https:\/\/naughty-curran.136-144-185-207.plesk.page\/de\/wp-json\/wp\/v2\/types\/page"}],"author":[{"embeddable":true,"href":"https:\/\/naughty-curran.136-144-185-207.plesk.page\/de\/wp-json\/wp\/v2\/users\/936"}],"replies":[{"embeddable":true,"href":"https:\/\/naughty-curran.136-144-185-207.plesk.page\/de\/wp-json\/wp\/v2\/comments?post=105621"}],"version-history":[{"count":5,"href":"https:\/\/naughty-curran.136-144-185-207.plesk.page\/de\/wp-json\/wp\/v2\/pages\/105621\/revisions"}],"predecessor-version":[{"id":149773,"href":"https:\/\/naughty-curran.136-144-185-207.plesk.page\/de\/wp-json\/wp\/v2\/pages\/105621\/revisions\/149773"}],"wp:attachment":[{"href":"https:\/\/naughty-curran.136-144-185-207.plesk.page\/de\/wp-json\/wp\/v2\/media?parent=105621"}],"curies":[{"name":"wp","href":"https:\/\/api.w.org\/{rel}","templated":true}]}}