{"id":29866,"date":"2020-10-20T11:08:47","date_gmt":"2020-10-20T09:08:47","guid":{"rendered":"https:\/\/depagterinterieurs.nl\/wohninspiration\/"},"modified":"2024-05-15T09:20:35","modified_gmt":"2024-05-15T08:20:35","slug":"wohninspiration","status":"publish","type":"page","link":"https:\/\/naughty-curran.136-144-185-207.plesk.page\/de\/wohninspiration\/","title":{"rendered":"Wohninspiration"},"content":{"rendered":"<h2>WOHNINSPIRATION<\/h2>\n<p>Auf dieser Seite ver\u00f6ffentlichen wir regelm\u00e4\u00dfig inspirierende Videos von R\u00e4umen in unseren L\u00e4den. Lassen Sie sich hier inspirieren!<\/p>\n<h6>Wohninspiration 13<\/h6>\n<p>\t\t<iframe loading=\"lazy\" title=\"Wooninspiratie 13 - De Pagter Interieurs\" width=\"500\" height=\"281\" src=\"https:\/\/www.youtube.com\/embed\/P02m8XxbOxk?feature=oembed\" frameborder=\"0\" allow=\"accelerometer; autoplay; clipboard-write; encrypted-media; gyroscope; picture-in-picture; web-share\" referrerpolicy=\"strict-origin-when-cross-origin\" allowfullscreen><\/iframe>\t\t<\/p>\n<h6>Wohninspiration 12<\/h6>\n<p>\t\t<iframe loading=\"lazy\" title=\"Wooninspiratie 12 - De Pagter Interieurs\" width=\"500\" height=\"281\" src=\"https:\/\/www.youtube.com\/embed\/mAeDEnCtsBI?feature=oembed\" frameborder=\"0\" allow=\"accelerometer; autoplay; clipboard-write; encrypted-media; gyroscope; picture-in-picture; web-share\" referrerpolicy=\"strict-origin-when-cross-origin\" allowfullscreen><\/iframe>\t\t<\/p>\n<h6>Wohninspiration 11<\/h6>\n<p>\t\t<iframe loading=\"lazy\" title=\"Wooninspiratie 11 - De Pagter Interieurs\" width=\"500\" height=\"281\" src=\"https:\/\/www.youtube.com\/embed\/eKTOwoxh2e4?feature=oembed\" frameborder=\"0\" allow=\"accelerometer; autoplay; clipboard-write; encrypted-media; gyroscope; picture-in-picture; web-share\" referrerpolicy=\"strict-origin-when-cross-origin\" allowfullscreen><\/iframe>\t\t<\/p>\n<h6>Wohninspiration 10<\/h6>\n<p>\t\t<iframe loading=\"lazy\" title=\"Wooninspiratie 10 - De Pagter Interieurs\" width=\"500\" height=\"281\" src=\"https:\/\/www.youtube.com\/embed\/mylVZAxWn1M?feature=oembed\" frameborder=\"0\" allow=\"accelerometer; autoplay; clipboard-write; encrypted-media; gyroscope; picture-in-picture; web-share\" referrerpolicy=\"strict-origin-when-cross-origin\" allowfullscreen><\/iframe>\t\t<\/p>\n<h6>Wohninspiration 9<\/h6>\n<p>\t\t<iframe loading=\"lazy\" title=\"Wooninspiratie 9 - De Pagter Interieurs\" width=\"500\" height=\"281\" src=\"https:\/\/www.youtube.com\/embed\/WZ3qS9_I0Ds?feature=oembed\" frameborder=\"0\" allow=\"accelerometer; autoplay; clipboard-write; encrypted-media; gyroscope; picture-in-picture; web-share\" referrerpolicy=\"strict-origin-when-cross-origin\" allowfullscreen><\/iframe>\t\t<\/p>\n<h6>Wohninspiration 8<\/h6>\n<p>\t\t<iframe loading=\"lazy\" title=\"Wooninspiratie 8 - De Pagter Interieurs\" width=\"500\" height=\"281\" src=\"https:\/\/www.youtube.com\/embed\/hzo0NZZxTSo?feature=oembed\" frameborder=\"0\" allow=\"accelerometer; autoplay; clipboard-write; encrypted-media; gyroscope; picture-in-picture; web-share\" referrerpolicy=\"strict-origin-when-cross-origin\" allowfullscreen><\/iframe>\t\t<\/p>\n<h6>Wohninspiration 7<\/h6>\n<p>\t\t<iframe loading=\"lazy\" title=\"Wooninspiratie 7 - De Pagter Interieurs\" width=\"500\" height=\"281\" src=\"https:\/\/www.youtube.com\/embed\/72rPP8nSXP0?feature=oembed\" frameborder=\"0\" allow=\"accelerometer; autoplay; clipboard-write; encrypted-media; gyroscope; picture-in-picture; web-share\" referrerpolicy=\"strict-origin-when-cross-origin\" allowfullscreen><\/iframe>\t\t<\/p>\n<h6>Wohninspiration 6<\/h6>\n<p>\t\t<iframe loading=\"lazy\" title=\"Wooninspiratie 6 - De Pagter Interieurs\" width=\"500\" height=\"281\" src=\"https:\/\/www.youtube.com\/embed\/bqiONWwr9HI?feature=oembed\" frameborder=\"0\" allow=\"accelerometer; autoplay; clipboard-write; encrypted-media; gyroscope; picture-in-picture; web-share\" referrerpolicy=\"strict-origin-when-cross-origin\" allowfullscreen><\/iframe>\t\t<\/p>\n<h6>Wohninspiration 5<\/h6>\n<p>\t\t<iframe loading=\"lazy\" title=\"Wooninspiratie 5 - De Pagter Interieurs\" width=\"500\" height=\"281\" src=\"https:\/\/www.youtube.com\/embed\/nUVFXwPAXLo?feature=oembed\" frameborder=\"0\" allow=\"accelerometer; autoplay; clipboard-write; encrypted-media; gyroscope; picture-in-picture; web-share\" referrerpolicy=\"strict-origin-when-cross-origin\" allowfullscreen><\/iframe>\t\t<\/p>\n<h6>Wohninspiration 4<\/h6>\n<p>\t\t<iframe loading=\"lazy\" title=\"Wooninspiratie 4 - De Pagter Interieurs\" width=\"500\" height=\"281\" src=\"https:\/\/www.youtube.com\/embed\/ztr5kWJTRHA?feature=oembed\" frameborder=\"0\" allow=\"accelerometer; autoplay; clipboard-write; encrypted-media; gyroscope; picture-in-picture; web-share\" referrerpolicy=\"strict-origin-when-cross-origin\" allowfullscreen><\/iframe>\t\t<\/p>\n<h6>Wohninspiration 3<\/h6>\n<p>\t\t<iframe loading=\"lazy\" title=\"Wooninspiratie 3 - De Pagter Interieurs\" width=\"500\" height=\"281\" src=\"https:\/\/www.youtube.com\/embed\/bV2HX-cJTYI?feature=oembed\" frameborder=\"0\" allow=\"accelerometer; autoplay; clipboard-write; encrypted-media; gyroscope; picture-in-picture; web-share\" referrerpolicy=\"strict-origin-when-cross-origin\" allowfullscreen><\/iframe>\t\t<\/p>\n<h6>Wohninspiration 2<\/h6>\n<p>\t\t<iframe loading=\"lazy\" title=\"Wooninspiratie 2 - De Pagter Interieurs\" width=\"500\" height=\"281\" src=\"https:\/\/www.youtube.com\/embed\/GNA3K5EOw8I?feature=oembed\" frameborder=\"0\" allow=\"accelerometer; autoplay; clipboard-write; encrypted-media; gyroscope; picture-in-picture; web-share\" referrerpolicy=\"strict-origin-when-cross-origin\" allowfullscreen><\/iframe>\t\t<\/p>\n<h6>Wohninspiration 1<\/h6>\n<p>\t\t<iframe loading=\"lazy\" title=\"Wooninspiratie 1 - De Pagter Interieurs\" width=\"500\" height=\"281\" src=\"https:\/\/www.youtube.com\/embed\/Oq46vhnpbcQ?feature=oembed\" frameborder=\"0\" allow=\"accelerometer; autoplay; clipboard-write; encrypted-media; gyroscope; picture-in-picture; web-share\" referrerpolicy=\"strict-origin-when-cross-origin\" allowfullscreen><\/iframe>\t\t<\/p>\n<h2>Mehr Inspiration f\u00fcr Ihr Zuhause? Schauen Sie sich eines unserer sozialen Medien an!<\/h2>\n<style>\/*! elementor - v3.21.0 - 08-05-2024 *\/\n.elementor-widget-social-icons.elementor-grid-0 .elementor-widget-container,.elementor-widget-social-icons.elementor-grid-mobile-0 .elementor-widget-container,.elementor-widget-social-icons.elementor-grid-tablet-0 .elementor-widget-container{line-height:1;font-size:0}.elementor-widget-social-icons:not(.elementor-grid-0):not(.elementor-grid-tablet-0):not(.elementor-grid-mobile-0) .elementor-grid{display:inline-grid}.elementor-widget-social-icons .elementor-grid{grid-column-gap:var(--grid-column-gap,5px);grid-row-gap:var(--grid-row-gap,5px);grid-template-columns:var(--grid-template-columns);justify-content:var(--justify-content,center);justify-items:var(--justify-content,center)}.elementor-icon.elementor-social-icon{font-size:var(--icon-size,25px);line-height:var(--icon-size,25px);width:calc(var(--icon-size, 25px) + 2 * var(--icon-padding, .5em));height:calc(var(--icon-size, 25px) + 2 * var(--icon-padding, .5em))}.elementor-social-icon{--e-social-icon-icon-color:#fff;display:inline-flex;background-color:#69727d;align-items:center;justify-content:center;text-align:center;cursor:pointer}.elementor-social-icon i{color:var(--e-social-icon-icon-color)}.elementor-social-icon svg{fill:var(--e-social-icon-icon-color)}.elementor-social-icon:last-child{margin:0}.elementor-social-icon:hover{opacity:.9;color:#fff}.elementor-social-icon-android{background-color:#a4c639}.elementor-social-icon-apple{background-color:#999}.elementor-social-icon-behance{background-color:#1769ff}.elementor-social-icon-bitbucket{background-color:#205081}.elementor-social-icon-codepen{background-color:#000}.elementor-social-icon-delicious{background-color:#39f}.elementor-social-icon-deviantart{background-color:#05cc47}.elementor-social-icon-digg{background-color:#005be2}.elementor-social-icon-dribbble{background-color:#ea4c89}.elementor-social-icon-elementor{background-color:#d30c5c}.elementor-social-icon-envelope{background-color:#ea4335}.elementor-social-icon-facebook,.elementor-social-icon-facebook-f{background-color:#3b5998}.elementor-social-icon-flickr{background-color:#0063dc}.elementor-social-icon-foursquare{background-color:#2d5be3}.elementor-social-icon-free-code-camp,.elementor-social-icon-freecodecamp{background-color:#006400}.elementor-social-icon-github{background-color:#333}.elementor-social-icon-gitlab{background-color:#e24329}.elementor-social-icon-globe{background-color:#69727d}.elementor-social-icon-google-plus,.elementor-social-icon-google-plus-g{background-color:#dd4b39}.elementor-social-icon-houzz{background-color:#7ac142}.elementor-social-icon-instagram{background-color:#262626}.elementor-social-icon-jsfiddle{background-color:#487aa2}.elementor-social-icon-link{background-color:#818a91}.elementor-social-icon-linkedin,.elementor-social-icon-linkedin-in{background-color:#0077b5}.elementor-social-icon-medium{background-color:#00ab6b}.elementor-social-icon-meetup{background-color:#ec1c40}.elementor-social-icon-mixcloud{background-color:#273a4b}.elementor-social-icon-odnoklassniki{background-color:#f4731c}.elementor-social-icon-pinterest{background-color:#bd081c}.elementor-social-icon-product-hunt{background-color:#da552f}.elementor-social-icon-reddit{background-color:#ff4500}.elementor-social-icon-rss{background-color:#f26522}.elementor-social-icon-shopping-cart{background-color:#4caf50}.elementor-social-icon-skype{background-color:#00aff0}.elementor-social-icon-slideshare{background-color:#0077b5}.elementor-social-icon-snapchat{background-color:#fffc00}.elementor-social-icon-soundcloud{background-color:#f80}.elementor-social-icon-spotify{background-color:#2ebd59}.elementor-social-icon-stack-overflow{background-color:#fe7a15}.elementor-social-icon-steam{background-color:#00adee}.elementor-social-icon-stumbleupon{background-color:#eb4924}.elementor-social-icon-telegram{background-color:#2ca5e0}.elementor-social-icon-threads{background-color:#000}.elementor-social-icon-thumb-tack{background-color:#1aa1d8}.elementor-social-icon-tripadvisor{background-color:#589442}.elementor-social-icon-tumblr{background-color:#35465c}.elementor-social-icon-twitch{background-color:#6441a5}.elementor-social-icon-twitter{background-color:#1da1f2}.elementor-social-icon-viber{background-color:#665cac}.elementor-social-icon-vimeo{background-color:#1ab7ea}.elementor-social-icon-vk{background-color:#45668e}.elementor-social-icon-weibo{background-color:#dd2430}.elementor-social-icon-weixin{background-color:#31a918}.elementor-social-icon-whatsapp{background-color:#25d366}.elementor-social-icon-wordpress{background-color:#21759b}.elementor-social-icon-x-twitter{background-color:#000}.elementor-social-icon-xing{background-color:#026466}.elementor-social-icon-yelp{background-color:#af0606}.elementor-social-icon-youtube{background-color:#cd201f}.elementor-social-icon-500px{background-color:#0099e5}.elementor-shape-rounded .elementor-icon.elementor-social-icon{border-radius:10%}.elementor-shape-circle .elementor-icon.elementor-social-icon{border-radius:50%}<\/style>\n<p>\t\t\t\t\t<a href=\"https:\/\/www.facebook.com\/depagterinterieurs\/\" target=\"_blank\" rel=\"noopener\"><br \/>\n\t\t\t\t\t\tFacebook<br \/>\n\t\t\t\t\t\t<svg viewBox=\"0 0 512 512\" xmlns=\"http:\/\/www.w3.org\/2000\/svg\"><path d=\"M504 256C504 119 393 8 256 8S8 119 8 256c0 123.78 90.69 226.38 209.25 245V327.69h-63V256h63v-54.64c0-62.15 37-96.48 93.67-96.48 27.14 0 55.52 4.84 55.52 4.84v61h-31.28c-30.8 0-40.41 19.12-40.41 38.73V256h68.78l-11 71.69h-57.78V501C413.31 482.38 504 379.78 504 256z\"><\/path><\/svg>\t\t\t\t\t<\/a><br \/>\n\t\t\t\t\t<a href=\"https:\/\/www.youtube.com\/channel\/UCqy44RDAwsAm4GTAnvuMvhQ\" target=\"_blank\" rel=\"noopener\"><br \/>\n\t\t\t\t\t\tYoutube<br \/>\n\t\t\t\t\t\t<svg viewBox=\"0 0 576 512\" xmlns=\"http:\/\/www.w3.org\/2000\/svg\"><path d=\"M549.655 124.083c-6.281-23.65-24.787-42.276-48.284-48.597C458.781 64 288 64 288 64S117.22 64 74.629 75.486c-23.497 6.322-42.003 24.947-48.284 48.597-11.412 42.867-11.412 132.305-11.412 132.305s0 89.438 11.412 132.305c6.281 23.65 24.787 41.5 48.284 47.821C117.22 448 288 448 288 448s170.78 0 213.371-11.486c23.497-6.321 42.003-24.171 48.284-47.821 11.412-42.867 11.412-132.305 11.412-132.305s0-89.438-11.412-132.305zm-317.51 213.508V175.185l142.739 81.205-142.739 81.201z\"><\/path><\/svg>\t\t\t\t\t<\/a><br \/>\n\t\t\t\t\t<a href=\"https:\/\/www.instagram.com\/depagterinterieurs\/\" target=\"_blank\" rel=\"noopener\"><br \/>\n\t\t\t\t\t\tInstagram<br \/>\n\t\t\t\t\t\t<svg viewBox=\"0 0 448 512\" xmlns=\"http:\/\/www.w3.org\/2000\/svg\"><path d=\"M224.1 141c-63.6 0-114.9 51.3-114.9 114.9s51.3 114.9 114.9 114.9S339 319.5 339 255.9 287.7 141 224.1 141zm0 189.6c-41.1 0-74.7-33.5-74.7-74.7s33.5-74.7 74.7-74.7 74.7 33.5 74.7 74.7-33.6 74.7-74.7 74.7zm146.4-194.3c0 14.9-12 26.8-26.8 26.8-14.9 0-26.8-12-26.8-26.8s12-26.8 26.8-26.8 26.8 12 26.8 26.8zm76.1 27.2c-1.7-35.9-9.9-67.7-36.2-93.9-26.2-26.2-58-34.4-93.9-36.2-37-2.1-147.9-2.1-184.9 0-35.8 1.7-67.6 9.9-93.9 36.1s-34.4 58-36.2 93.9c-2.1 37-2.1 147.9 0 184.9 1.7 35.9 9.9 67.7 36.2 93.9s58 34.4 93.9 36.2c37 2.1 147.9 2.1 184.9 0 35.9-1.7 67.7-9.9 93.9-36.2 26.2-26.2 34.4-58 36.2-93.9 2.1-37 2.1-147.8 0-184.8zM398.8 388c-7.8 19.6-22.9 34.7-42.6 42.6-29.5 11.7-99.5 9-132.1 9s-102.7 2.6-132.1-9c-19.6-7.8-34.7-22.9-42.6-42.6-11.7-29.5-9-99.5-9-132.1s-2.6-102.7 9-132.1c7.8-19.6 22.9-34.7 42.6-42.6 29.5-11.7 99.5-9 132.1-9s102.7-2.6 132.1 9c19.6 7.8 34.7 22.9 42.6 42.6 11.7 29.5 9 99.5 9 132.1s2.7 102.7-9 132.1z\"><\/path><\/svg>\t\t\t\t\t<\/a><\/p>\n<style>\/*! elementor - v3.21.0 - 08-05-2024 *\/\n.elementor-column .elementor-spacer-inner{height:var(--spacer-size)}.e-con{--container-widget-width:100%}.e-con-inner>.elementor-widget-spacer,.e-con>.elementor-widget-spacer{width:var(--container-widget-width,var(--spacer-size));--align-self:var(--container-widget-align-self,initial);--flex-shrink:0}.e-con-inner>.elementor-widget-spacer>.elementor-widget-container,.e-con>.elementor-widget-spacer>.elementor-widget-container{height:100%;width:100%}.e-con-inner>.elementor-widget-spacer>.elementor-widget-container>.elementor-spacer,.e-con>.elementor-widget-spacer>.elementor-widget-container>.elementor-spacer{height:100%}.e-con-inner>.elementor-widget-spacer>.elementor-widget-container>.elementor-spacer>.elementor-spacer-inner,.e-con>.elementor-widget-spacer>.elementor-widget-container>.elementor-spacer>.elementor-spacer-inner{height:var(--container-widget-height,var(--spacer-size))}.e-con-inner>.elementor-widget-spacer.elementor-widget-empty,.e-con>.elementor-widget-spacer.elementor-widget-empty{position:relative;min-height:22px;min-width:22px}.e-con-inner>.elementor-widget-spacer.elementor-widget-empty .elementor-widget-empty-icon,.e-con>.elementor-widget-spacer.elementor-widget-empty .elementor-widget-empty-icon{position:absolute;top:0;bottom:0;left:0;right:0;margin:auto;padding:0;width:22px;height:22px}<\/style>\n","protected":false},"excerpt":{"rendered":"<p>WOHNINSPIRATION Auf dieser Seite ver\u00f6ffentlichen wir regelm\u00e4\u00dfig inspirierende Videos von R\u00e4umen in unseren L\u00e4den. Lassen Sie sich hier inspirieren! Wohninspiration 13 Wohninspiration 12 Wohninspiration 11 Wohninspiration 10 Wohninspiration 9 Wohninspiration 8 Wohninspiration 7 Wohninspiration 6 Wohninspiration 5 Wohninspiration 4 Wohninspiration 3 Wohninspiration 2 Wohninspiration 1 Mehr Inspiration f\u00fcr Ihr Zuhause? Schauen Sie sich eines unserer [&hellip;]<\/p>\n","protected":false},"author":1,"featured_media":29899,"parent":0,"menu_order":0,"comment_status":"closed","ping_status":"closed","template":"","meta":{"_monsterinsights_skip_tracking":false,"_monsterinsights_sitenote_active":false,"_monsterinsights_sitenote_note":"","_monsterinsights_sitenote_category":0,"footnotes":"","_wp_rev_ctl_limit":""},"class_list":["post-29866","page","type-page","status-publish","has-post-thumbnail","hentry"],"yoast_head":"<!-- This site is optimized with the Yoast SEO plugin v25.8 - https:\/\/yoast.com\/wordpress\/plugins\/seo\/ -->\n<title>Wohninspiration - De Pagter Interieurs<\/title>\n<meta name=\"robots\" content=\"noindex, follow, max-snippet:-1, max-image-preview:large, max-video-preview:-1\" \/>\n<meta property=\"og:locale\" content=\"de_DE\" \/>\n<meta property=\"og:type\" content=\"article\" \/>\n<meta property=\"og:title\" content=\"Wohninspiration - De Pagter Interieurs\" \/>\n<meta property=\"og:description\" content=\"WOHNINSPIRATION Auf dieser Seite ver\u00f6ffentlichen wir regelm\u00e4\u00dfig inspirierende Videos von R\u00e4umen in unseren L\u00e4den. Lassen Sie sich hier inspirieren! Wohninspiration 13 Wohninspiration 12 Wohninspiration 11 Wohninspiration 10 Wohninspiration 9 Wohninspiration 8 Wohninspiration 7 Wohninspiration 6 Wohninspiration 5 Wohninspiration 4 Wohninspiration 3 Wohninspiration 2 Wohninspiration 1 Mehr Inspiration f\u00fcr Ihr Zuhause? Schauen Sie sich eines unserer [&hellip;]\" \/>\n<meta property=\"og:url\" content=\"https:\/\/naughty-curran.136-144-185-207.plesk.page\/de\/wohninspiration\/\" \/>\n<meta property=\"og:site_name\" content=\"De Pagter Interieurs\" \/>\n<meta property=\"article:publisher\" content=\"https:\/\/www.facebook.com\/depagterinterieurs\/\" \/>\n<meta property=\"article:modified_time\" content=\"2024-05-15T08:20:35+00:00\" \/>\n<meta property=\"og:image\" content=\"https:\/\/naughty-curran.136-144-185-207.plesk.page\/wp-content\/uploads\/2020\/10\/Screenshot_1.jpg\" \/>\n\t<meta property=\"og:image:width\" content=\"1919\" \/>\n\t<meta property=\"og:image:height\" content=\"1079\" \/>\n\t<meta property=\"og:image:type\" content=\"image\/jpeg\" \/>\n<meta name=\"twitter:card\" content=\"summary_large_image\" \/>\n<meta name=\"twitter:label1\" content=\"Est. reading time\" \/>\n\t<meta name=\"twitter:data1\" content=\"1 minute\" \/>\n<script type=\"application\/ld+json\" class=\"yoast-schema-graph\">{\"@context\":\"https:\/\/schema.org\",\"@graph\":[{\"@type\":\"WebPage\",\"@id\":\"https:\/\/naughty-curran.136-144-185-207.plesk.page\/de\/wohninspiration\/\",\"url\":\"https:\/\/naughty-curran.136-144-185-207.plesk.page\/de\/wohninspiration\/\",\"name\":\"Wohninspiration - De Pagter Interieurs\",\"isPartOf\":{\"@id\":\"https:\/\/naughty-curran.136-144-185-207.plesk.page\/de\/#website\"},\"primaryImageOfPage\":{\"@id\":\"https:\/\/naughty-curran.136-144-185-207.plesk.page\/de\/wohninspiration\/#primaryimage\"},\"image\":{\"@id\":\"https:\/\/naughty-curran.136-144-185-207.plesk.page\/de\/wohninspiration\/#primaryimage\"},\"thumbnailUrl\":\"https:\/\/naughty-curran.136-144-185-207.plesk.page\/wp-content\/uploads\/2020\/10\/Screenshot_1.jpg\",\"datePublished\":\"2020-10-20T09:08:47+00:00\",\"dateModified\":\"2024-05-15T08:20:35+00:00\",\"breadcrumb\":{\"@id\":\"https:\/\/naughty-curran.136-144-185-207.plesk.page\/de\/wohninspiration\/#breadcrumb\"},\"inLanguage\":\"de-DE\",\"potentialAction\":[{\"@type\":\"ReadAction\",\"target\":[\"https:\/\/naughty-curran.136-144-185-207.plesk.page\/de\/wohninspiration\/\"]}]},{\"@type\":\"ImageObject\",\"inLanguage\":\"de-DE\",\"@id\":\"https:\/\/naughty-curran.136-144-185-207.plesk.page\/de\/wohninspiration\/#primaryimage\",\"url\":\"https:\/\/naughty-curran.136-144-185-207.plesk.page\/wp-content\/uploads\/2020\/10\/Screenshot_1.jpg\",\"contentUrl\":\"https:\/\/naughty-curran.136-144-185-207.plesk.page\/wp-content\/uploads\/2020\/10\/Screenshot_1.jpg\",\"width\":1919,\"height\":1079},{\"@type\":\"BreadcrumbList\",\"@id\":\"https:\/\/naughty-curran.136-144-185-207.plesk.page\/de\/wohninspiration\/#breadcrumb\",\"itemListElement\":[{\"@type\":\"ListItem\",\"position\":1,\"name\":\"Home\",\"item\":\"https:\/\/naughty-curran.136-144-185-207.plesk.page\/de\/\"},{\"@type\":\"ListItem\",\"position\":2,\"name\":\"Wohninspiration\"}]},{\"@type\":\"WebSite\",\"@id\":\"https:\/\/naughty-curran.136-144-185-207.plesk.page\/de\/#website\",\"url\":\"https:\/\/naughty-curran.136-144-185-207.plesk.page\/de\/\",\"name\":\"De Pagter Interieurs\",\"description\":\"M\u00f6belgesch\u00e4fte in Middelburg - Domburg - Veere\",\"potentialAction\":[{\"@type\":\"SearchAction\",\"target\":{\"@type\":\"EntryPoint\",\"urlTemplate\":\"https:\/\/naughty-curran.136-144-185-207.plesk.page\/de\/?s={search_term_string}\"},\"query-input\":{\"@type\":\"PropertyValueSpecification\",\"valueRequired\":true,\"valueName\":\"search_term_string\"}}],\"inLanguage\":\"de-DE\"}]}<\/script>\n<!-- \/ Yoast SEO plugin. -->","yoast_head_json":{"title":"Wohninspiration - De Pagter Interieurs","robots":{"index":"noindex","follow":"follow","max-snippet":"max-snippet:-1","max-image-preview":"max-image-preview:large","max-video-preview":"max-video-preview:-1"},"og_locale":"de_DE","og_type":"article","og_title":"Wohninspiration - De Pagter Interieurs","og_description":"WOHNINSPIRATION Auf dieser Seite ver\u00f6ffentlichen wir regelm\u00e4\u00dfig inspirierende Videos von R\u00e4umen in unseren L\u00e4den. Lassen Sie sich hier inspirieren! Wohninspiration 13 Wohninspiration 12 Wohninspiration 11 Wohninspiration 10 Wohninspiration 9 Wohninspiration 8 Wohninspiration 7 Wohninspiration 6 Wohninspiration 5 Wohninspiration 4 Wohninspiration 3 Wohninspiration 2 Wohninspiration 1 Mehr Inspiration f\u00fcr Ihr Zuhause? Schauen Sie sich eines unserer [&hellip;]","og_url":"https:\/\/naughty-curran.136-144-185-207.plesk.page\/de\/wohninspiration\/","og_site_name":"De Pagter Interieurs","article_publisher":"https:\/\/www.facebook.com\/depagterinterieurs\/","article_modified_time":"2024-05-15T08:20:35+00:00","og_image":[{"width":1919,"height":1079,"url":"https:\/\/naughty-curran.136-144-185-207.plesk.page\/wp-content\/uploads\/2020\/10\/Screenshot_1.jpg","type":"image\/jpeg"}],"twitter_card":"summary_large_image","twitter_misc":{"Est. reading time":"1 minute"},"schema":{"@context":"https:\/\/schema.org","@graph":[{"@type":"WebPage","@id":"https:\/\/naughty-curran.136-144-185-207.plesk.page\/de\/wohninspiration\/","url":"https:\/\/naughty-curran.136-144-185-207.plesk.page\/de\/wohninspiration\/","name":"Wohninspiration - De Pagter Interieurs","isPartOf":{"@id":"https:\/\/naughty-curran.136-144-185-207.plesk.page\/de\/#website"},"primaryImageOfPage":{"@id":"https:\/\/naughty-curran.136-144-185-207.plesk.page\/de\/wohninspiration\/#primaryimage"},"image":{"@id":"https:\/\/naughty-curran.136-144-185-207.plesk.page\/de\/wohninspiration\/#primaryimage"},"thumbnailUrl":"https:\/\/naughty-curran.136-144-185-207.plesk.page\/wp-content\/uploads\/2020\/10\/Screenshot_1.jpg","datePublished":"2020-10-20T09:08:47+00:00","dateModified":"2024-05-15T08:20:35+00:00","breadcrumb":{"@id":"https:\/\/naughty-curran.136-144-185-207.plesk.page\/de\/wohninspiration\/#breadcrumb"},"inLanguage":"de-DE","potentialAction":[{"@type":"ReadAction","target":["https:\/\/naughty-curran.136-144-185-207.plesk.page\/de\/wohninspiration\/"]}]},{"@type":"ImageObject","inLanguage":"de-DE","@id":"https:\/\/naughty-curran.136-144-185-207.plesk.page\/de\/wohninspiration\/#primaryimage","url":"https:\/\/naughty-curran.136-144-185-207.plesk.page\/wp-content\/uploads\/2020\/10\/Screenshot_1.jpg","contentUrl":"https:\/\/naughty-curran.136-144-185-207.plesk.page\/wp-content\/uploads\/2020\/10\/Screenshot_1.jpg","width":1919,"height":1079},{"@type":"BreadcrumbList","@id":"https:\/\/naughty-curran.136-144-185-207.plesk.page\/de\/wohninspiration\/#breadcrumb","itemListElement":[{"@type":"ListItem","position":1,"name":"Home","item":"https:\/\/naughty-curran.136-144-185-207.plesk.page\/de\/"},{"@type":"ListItem","position":2,"name":"Wohninspiration"}]},{"@type":"WebSite","@id":"https:\/\/naughty-curran.136-144-185-207.plesk.page\/de\/#website","url":"https:\/\/naughty-curran.136-144-185-207.plesk.page\/de\/","name":"De Pagter Interieurs","description":"M\u00f6belgesch\u00e4fte in Middelburg - Domburg - Veere","potentialAction":[{"@type":"SearchAction","target":{"@type":"EntryPoint","urlTemplate":"https:\/\/naughty-curran.136-144-185-207.plesk.page\/de\/?s={search_term_string}"},"query-input":{"@type":"PropertyValueSpecification","valueRequired":true,"valueName":"search_term_string"}}],"inLanguage":"de-DE"}]}},"_links":{"self":[{"href":"https:\/\/naughty-curran.136-144-185-207.plesk.page\/de\/wp-json\/wp\/v2\/pages\/29866","targetHints":{"allow":["GET"]}}],"collection":[{"href":"https:\/\/naughty-curran.136-144-185-207.plesk.page\/de\/wp-json\/wp\/v2\/pages"}],"about":[{"href":"https:\/\/naughty-curran.136-144-185-207.plesk.page\/de\/wp-json\/wp\/v2\/types\/page"}],"author":[{"embeddable":true,"href":"https:\/\/naughty-curran.136-144-185-207.plesk.page\/de\/wp-json\/wp\/v2\/users\/1"}],"replies":[{"embeddable":true,"href":"https:\/\/naughty-curran.136-144-185-207.plesk.page\/de\/wp-json\/wp\/v2\/comments?post=29866"}],"version-history":[{"count":5,"href":"https:\/\/naughty-curran.136-144-185-207.plesk.page\/de\/wp-json\/wp\/v2\/pages\/29866\/revisions"}],"predecessor-version":[{"id":106251,"href":"https:\/\/naughty-curran.136-144-185-207.plesk.page\/de\/wp-json\/wp\/v2\/pages\/29866\/revisions\/106251"}],"wp:featuredmedia":[{"embeddable":true,"href":"https:\/\/naughty-curran.136-144-185-207.plesk.page\/de\/wp-json\/wp\/v2\/media\/29899"}],"wp:attachment":[{"href":"https:\/\/naughty-curran.136-144-185-207.plesk.page\/de\/wp-json\/wp\/v2\/media?parent=29866"}],"curies":[{"name":"wp","href":"https:\/\/api.w.org\/{rel}","templated":true}]}}