{"id":874,"date":"2019-03-05T18:58:23","date_gmt":"2019-03-05T18:58:23","guid":{"rendered":"http:\/\/antiekhandeldepagter.nl\/kontakt\/"},"modified":"2025-04-28T13:48:58","modified_gmt":"2025-04-28T12:48:58","slug":"kontakt","status":"publish","type":"page","link":"https:\/\/naughty-curran.136-144-185-207.plesk.page\/de\/kontakt\/","title":{"rendered":"Kontakt"},"content":{"rendered":"<h2>UNSERE GESCH\u00c4FTE<\/h2>\n<h3>Middelburg<\/h3>\n<p>\t\t\t\t\t\t\t\t\t\t\t\t\t\t\t<img loading=\"lazy\" decoding=\"async\" width=\"615\" height=\"410\" src=\"https:\/\/naughty-curran.136-144-185-207.plesk.page\/wp-content\/uploads\/2019\/06\/Middelburg-resize.jpg\" alt=\"\" \/>\t\t\t\t\t\t\t\t\t\t\t\t\t\t\t<\/p>\n<p>\u00d6FFNUNGSZEITEN<\/p>\n<p>Montag bis Freitag<\/p>\n<p>Samstag<\/p>\n<p>Sonntag<\/p>\n<p>09.00 &#8211; 17.30 Uhr<\/p>\n<p>09.00 &#8211; 17.00 Uhr<\/p>\n<p>13.00 &#8211; 17.00 Uhr<\/p>\n<p>Segeersstraat 8, Middelburg <i><\/i> <br \/>+31 118 634 133<br \/><a href=\"mailto:info@depagterinterieurs.nl\">info@depagterinterieurs.nl<\/a><\/p>\n<h3>Veere<\/h3>\n<p>\t\t\t\t\t\t\t\t\t\t\t\t\t\t\t<img loading=\"lazy\" decoding=\"async\" width=\"613\" height=\"410\" src=\"https:\/\/naughty-curran.136-144-185-207.plesk.page\/wp-content\/uploads\/2019\/06\/Veere-resize.jpg\" alt=\"\" \/>\t\t\t\t\t\t\t\t\t\t\t\t\t\t\t<\/p>\n<p>\u00d6FFNUNGSZEITEN<\/p>\n<p>Montag bis Freitag<\/p>\n<p>Samstag<\/p>\n<p>Sonntag<\/p>\n<p>10.00 &#8211; 17.30 Uhr<\/p>\n<p>10.00 &#8211; 17.00 Uhr<\/p>\n<p>11.00 &#8211; 17.00 Uhr<\/p>\n<p>Kaai 53, Veere<br \/>+31 118 501 854<br \/><a href=\"mailto:info@depagterinterieurs.nl\">info@depagterinterieurs.nl<\/a><\/p>\n<h3>Domburg<\/h3>\n<p>\t\t\t\t\t\t\t\t\t\t\t\t\t\t\t<img loading=\"lazy\" decoding=\"async\" width=\"613\" height=\"410\" src=\"https:\/\/naughty-curran.136-144-185-207.plesk.page\/wp-content\/uploads\/2019\/06\/Domburg-resize.jpg\" alt=\"\" \/>\t\t\t\t\t\t\t\t\t\t\t\t\t\t\t<\/p>\n<p>\u00d6FFNUNGSZEITEN<\/p>\n<p>Montag bis Freitag<\/p>\n<p>Samstag<\/p>\n<p>Sonntag<\/p>\n<p>10.00 &#8211; 17.30 Uhr<\/p>\n<p>10.00 &#8211; 17.00 Uhr<\/p>\n<p>11.00 &#8211; 17.00 Uhr<\/p>\n<p>Markt 1, Domburg<br \/>+31 118 581 120<br \/><a href=\"mailto:info@depagterinterieurs.nl\">info@depagterinterieurs.nl<\/a><\/p>\n<h2><strong data-start=\"66\" data-end=\"77\">Bitte beachten Sie:<\/strong> Die \u00d6ffnungszeiten an Feiertagen oder an besonderen Tagen k\u00f6nnen variieren. Die aktuellen \u00d6ffnungszeiten finden Sie bei Google. <\/h2>\n<h3>FILM VON UNSEREM GESCH\u00c4FTE <\/h3>\n<p>MIDDELBURG<\/p>\n<p>https:\/\/youtu.be\/QYc46f0YAsk<\/p>\n<p>VEERE<\/p>\n<p>https:\/\/youtu.be\/x7sLjyASM0o\t\t<\/p>\n<h3>\u00dcBER UNS <\/h3>\n<h2>DE PAGTER INTERIEURS<\/h2>\n<p>De Pagter Interieurs hat drei charakteristische M\u00f6belgesch\u00e4fte in Zeeland.<\/p>\n<p>MIDDELBURG<br \/>Unser Hauptsitz befindet sich direkt im Zentrum von Middelburg. Durch die Verkettung der mehreren Geb\u00e4ude entsteht eine Verkaufsfl\u00e4che von 3000 m\u00b2 mit 2 Eing\u00e4ngen. Sie k\u00f6nnen in den ansprechend eingerichteten R\u00e4umen und R\u00e4umen spazieren.<\/p>\n<p>VEERE<br \/>Im malerischen Veere haben wir ein Gesch\u00e4ft am gem\u00fctlichen Yachthafen. Die M\u00f6bel und die vielen Wohnaccessoires kommen in dem \u00fcberraschenden Interieur besonders gut zur Geltung.<\/p>\n<p>DOMBURG<br \/>Im traditionell modischen Domburg haben wir Zugang zum alten Rathaus auf dem Markt. Das monumentale und charakteristische Geb\u00e4ude mit 2 Etagen in Kombination mit der Sammlung von M\u00f6beln und Dekorationen strahlt Atmosph\u00e4re und Faszination aus.<\/p>\n<p>GRO\u00dfHANDEL<br \/>Von der Niederlassung in Middelburg aus beliefern wir den Einzelhandel der Einrichtungsbranche. W\u00e4hrend der \u00d6ffnungszeiten sind Sie nach Absprache herzlich willkommen.<\/p>\n<p>WEBSITE<br \/>Auf unserer Website finden Sie nur einen Teil unserer umfangreichen Kollektion. Nat\u00fcrlich versuchen wir, die Website auf dem neuesten Stand zu halten, aber es ist m\u00f6glich, dass ein Artikel ausverkauft ist und weiterhin aufgef\u00fchrt wird. Es ist auch m\u00f6glich, dass sich ein Artikel in einer anderen Farbe oder Version auf der Website befindet als in den Gesch\u00e4ften angezeigt wird. Es ist m\u00f6glich, dass ein Objekt aus der permanenten Sammlung vor\u00fcbergehend nicht verf\u00fcgbar ist. Wenn Sie an einem auf der Website gezeigten Artikel interessiert sind und diesen ansehen m\u00f6chten, empfehlen wir Ihnen, sich zuerst an unser Gesch\u00e4ft in Middelburg zu wenden. Es kann auch vorkommen, dass sich der Artikel in einem der anderen Gesch\u00e4fte befindet.<\/p>\n<p>Wenn Sie als Besucher unsere Website betrachten, werden Ihnen die Preise inklusive 21% MwSt. angezeigt.<br \/>Wenn Sie als Kunde angemeldet sind, werden die Preise ohne Mehrwertsteuer angezeigt.<\/p>\n<p>EPISODE<br \/>Unser hauseigener Lieferservice liefert Ihnen Ihre gekauften M\u00f6bel nach Terminvereinbarung nach Hause.<\/p>\n<p>Lieferungen nach ganz Europa sind mit m\u00f6glich ein anerkannter M\u00f6beltransporter.<\/p>\n<p>Lieferungen au\u00dferhalb Europas sind nach Absprache m\u00f6glich.<\/p>\n<h3>UNTERNEHMENSINFORMATIONEN<\/h3>\n<p>De Pagter Interieurs b.v.<br \/>Segeersstraat 8<br \/>4331 JN Middelburg<\/p>\n<p>E-Mail: info@depagterinterieurs.nl<br \/>Tel.: +31 118 634 133<\/p>\n<p>Handelskammer Middelburg Nr. 22049481<br \/>USt-IdNr. NL815963324B01<br \/>IBAN: NL02 INGB 0658 1015 28<br \/>BIC: INGBNL2A <\/p>\n<p>Unsere allgemeinen Verkaufs- und Lieferbedingungen gelten f\u00fcr alle unsere Angebote und Vereinbarungen, wie sie bei der Handelskammer in Middelburg hinterlegt sind, Hinterlegungsnr. 22049481.<\/p>\n","protected":false},"excerpt":{"rendered":"<p>UNSERE GESCH\u00c4FTE Middelburg \u00d6FFNUNGSZEITEN Montag bis Freitag Samstag Sonntag 09.00 &#8211; 17.30 Uhr 09.00 &#8211; 17.00 Uhr 13.00 &#8211; 17.00 Uhr Segeersstraat 8, Middelburg +31 118 634 133info@depagterinterieurs.nl Veere \u00d6FFNUNGSZEITEN Montag bis Freitag Samstag Sonntag 10.00 &#8211; 17.30 Uhr 10.00 &#8211; 17.00 Uhr 11.00 &#8211; 17.00 Uhr Kaai 53, Veere+31 118 501 854info@depagterinterieurs.nl Domburg \u00d6FFNUNGSZEITEN [&hellip;]<\/p>\n","protected":false},"author":1,"featured_media":0,"parent":0,"menu_order":0,"comment_status":"closed","ping_status":"closed","template":"","meta":{"_monsterinsights_skip_tracking":false,"_monsterinsights_sitenote_active":false,"_monsterinsights_sitenote_note":"","_monsterinsights_sitenote_category":0,"footnotes":"","_wp_rev_ctl_limit":""},"class_list":["post-874","page","type-page","status-publish","hentry"],"yoast_head":"<!-- This site is optimized with the Yoast SEO plugin v25.8 - https:\/\/yoast.com\/wordpress\/plugins\/seo\/ -->\n<title>De Pagter Interieurs - Kontakt<\/title>\n<meta name=\"description\" content=\"Hier finden Sie alle Informationen zu unseren Filialen. Wir befinden uns in Middelburg, Domburg und Veere und sind 7 Tage die Woche ge\u00f6ffnet.\" \/>\n<meta name=\"robots\" content=\"noindex, follow, max-snippet:-1, max-image-preview:large, max-video-preview:-1\" \/>\n<meta property=\"og:locale\" content=\"de_DE\" \/>\n<meta property=\"og:type\" content=\"article\" \/>\n<meta property=\"og:title\" content=\"De Pagter Interieurs - Kontakt\" \/>\n<meta property=\"og:description\" content=\"Hier finden Sie alle Informationen zu unseren Filialen. Wir befinden uns in Middelburg, Domburg und Veere und sind 7 Tage die Woche ge\u00f6ffnet.\" \/>\n<meta property=\"og:url\" content=\"https:\/\/naughty-curran.136-144-185-207.plesk.page\/de\/kontakt\/\" \/>\n<meta property=\"og:site_name\" content=\"De Pagter Interieurs\" \/>\n<meta property=\"article:publisher\" content=\"https:\/\/www.facebook.com\/depagterinterieurs\/\" \/>\n<meta property=\"article:modified_time\" content=\"2025-04-28T12:48:58+00:00\" \/>\n<meta property=\"og:image\" content=\"https:\/\/naughty-curran.136-144-185-207.plesk.page\/wp-content\/uploads\/2019\/06\/Middelburg-resize.jpg\" \/>\n<meta name=\"twitter:card\" content=\"summary_large_image\" \/>\n<meta name=\"twitter:label1\" content=\"Est. reading time\" \/>\n\t<meta name=\"twitter:data1\" content=\"4 minutes\" \/>\n<script type=\"application\/ld+json\" class=\"yoast-schema-graph\">{\"@context\":\"https:\/\/schema.org\",\"@graph\":[{\"@type\":\"WebPage\",\"@id\":\"https:\/\/naughty-curran.136-144-185-207.plesk.page\/de\/kontakt\/\",\"url\":\"https:\/\/naughty-curran.136-144-185-207.plesk.page\/de\/kontakt\/\",\"name\":\"De Pagter Interieurs - Kontakt\",\"isPartOf\":{\"@id\":\"https:\/\/naughty-curran.136-144-185-207.plesk.page\/de\/#website\"},\"primaryImageOfPage\":{\"@id\":\"https:\/\/naughty-curran.136-144-185-207.plesk.page\/de\/kontakt\/#primaryimage\"},\"image\":{\"@id\":\"https:\/\/naughty-curran.136-144-185-207.plesk.page\/de\/kontakt\/#primaryimage\"},\"thumbnailUrl\":\"https:\/\/naughty-curran.136-144-185-207.plesk.page\/wp-content\/uploads\/2019\/06\/Middelburg-resize.jpg\",\"datePublished\":\"2019-03-05T18:58:23+00:00\",\"dateModified\":\"2025-04-28T12:48:58+00:00\",\"description\":\"Hier finden Sie alle Informationen zu unseren Filialen. Wir befinden uns in Middelburg, Domburg und Veere und sind 7 Tage die Woche ge\u00f6ffnet.\",\"breadcrumb\":{\"@id\":\"https:\/\/naughty-curran.136-144-185-207.plesk.page\/de\/kontakt\/#breadcrumb\"},\"inLanguage\":\"de-DE\",\"potentialAction\":[{\"@type\":\"ReadAction\",\"target\":[\"https:\/\/naughty-curran.136-144-185-207.plesk.page\/de\/kontakt\/\"]}]},{\"@type\":\"ImageObject\",\"inLanguage\":\"de-DE\",\"@id\":\"https:\/\/naughty-curran.136-144-185-207.plesk.page\/de\/kontakt\/#primaryimage\",\"url\":\"https:\/\/naughty-curran.136-144-185-207.plesk.page\/wp-content\/uploads\/2019\/06\/Middelburg-resize.jpg\",\"contentUrl\":\"https:\/\/naughty-curran.136-144-185-207.plesk.page\/wp-content\/uploads\/2019\/06\/Middelburg-resize.jpg\"},{\"@type\":\"BreadcrumbList\",\"@id\":\"https:\/\/naughty-curran.136-144-185-207.plesk.page\/de\/kontakt\/#breadcrumb\",\"itemListElement\":[{\"@type\":\"ListItem\",\"position\":1,\"name\":\"Home\",\"item\":\"https:\/\/naughty-curran.136-144-185-207.plesk.page\/de\/\"},{\"@type\":\"ListItem\",\"position\":2,\"name\":\"Kontakt\"}]},{\"@type\":\"WebSite\",\"@id\":\"https:\/\/naughty-curran.136-144-185-207.plesk.page\/de\/#website\",\"url\":\"https:\/\/naughty-curran.136-144-185-207.plesk.page\/de\/\",\"name\":\"De Pagter Interieurs\",\"description\":\"M\u00f6belgesch\u00e4fte in Middelburg - Domburg - Veere\",\"potentialAction\":[{\"@type\":\"SearchAction\",\"target\":{\"@type\":\"EntryPoint\",\"urlTemplate\":\"https:\/\/naughty-curran.136-144-185-207.plesk.page\/de\/?s={search_term_string}\"},\"query-input\":{\"@type\":\"PropertyValueSpecification\",\"valueRequired\":true,\"valueName\":\"search_term_string\"}}],\"inLanguage\":\"de-DE\"}]}<\/script>\n<!-- \/ Yoast SEO plugin. -->","yoast_head_json":{"title":"De Pagter Interieurs - Kontakt","description":"Hier finden Sie alle Informationen zu unseren Filialen. Wir befinden uns in Middelburg, Domburg und Veere und sind 7 Tage die Woche ge\u00f6ffnet.","robots":{"index":"noindex","follow":"follow","max-snippet":"max-snippet:-1","max-image-preview":"max-image-preview:large","max-video-preview":"max-video-preview:-1"},"og_locale":"de_DE","og_type":"article","og_title":"De Pagter Interieurs - Kontakt","og_description":"Hier finden Sie alle Informationen zu unseren Filialen. Wir befinden uns in Middelburg, Domburg und Veere und sind 7 Tage die Woche ge\u00f6ffnet.","og_url":"https:\/\/naughty-curran.136-144-185-207.plesk.page\/de\/kontakt\/","og_site_name":"De Pagter Interieurs","article_publisher":"https:\/\/www.facebook.com\/depagterinterieurs\/","article_modified_time":"2025-04-28T12:48:58+00:00","og_image":[{"url":"https:\/\/naughty-curran.136-144-185-207.plesk.page\/wp-content\/uploads\/2019\/06\/Middelburg-resize.jpg","type":"","width":"","height":""}],"twitter_card":"summary_large_image","twitter_misc":{"Est. reading time":"4 minutes"},"schema":{"@context":"https:\/\/schema.org","@graph":[{"@type":"WebPage","@id":"https:\/\/naughty-curran.136-144-185-207.plesk.page\/de\/kontakt\/","url":"https:\/\/naughty-curran.136-144-185-207.plesk.page\/de\/kontakt\/","name":"De Pagter Interieurs - Kontakt","isPartOf":{"@id":"https:\/\/naughty-curran.136-144-185-207.plesk.page\/de\/#website"},"primaryImageOfPage":{"@id":"https:\/\/naughty-curran.136-144-185-207.plesk.page\/de\/kontakt\/#primaryimage"},"image":{"@id":"https:\/\/naughty-curran.136-144-185-207.plesk.page\/de\/kontakt\/#primaryimage"},"thumbnailUrl":"https:\/\/naughty-curran.136-144-185-207.plesk.page\/wp-content\/uploads\/2019\/06\/Middelburg-resize.jpg","datePublished":"2019-03-05T18:58:23+00:00","dateModified":"2025-04-28T12:48:58+00:00","description":"Hier finden Sie alle Informationen zu unseren Filialen. Wir befinden uns in Middelburg, Domburg und Veere und sind 7 Tage die Woche ge\u00f6ffnet.","breadcrumb":{"@id":"https:\/\/naughty-curran.136-144-185-207.plesk.page\/de\/kontakt\/#breadcrumb"},"inLanguage":"de-DE","potentialAction":[{"@type":"ReadAction","target":["https:\/\/naughty-curran.136-144-185-207.plesk.page\/de\/kontakt\/"]}]},{"@type":"ImageObject","inLanguage":"de-DE","@id":"https:\/\/naughty-curran.136-144-185-207.plesk.page\/de\/kontakt\/#primaryimage","url":"https:\/\/naughty-curran.136-144-185-207.plesk.page\/wp-content\/uploads\/2019\/06\/Middelburg-resize.jpg","contentUrl":"https:\/\/naughty-curran.136-144-185-207.plesk.page\/wp-content\/uploads\/2019\/06\/Middelburg-resize.jpg"},{"@type":"BreadcrumbList","@id":"https:\/\/naughty-curran.136-144-185-207.plesk.page\/de\/kontakt\/#breadcrumb","itemListElement":[{"@type":"ListItem","position":1,"name":"Home","item":"https:\/\/naughty-curran.136-144-185-207.plesk.page\/de\/"},{"@type":"ListItem","position":2,"name":"Kontakt"}]},{"@type":"WebSite","@id":"https:\/\/naughty-curran.136-144-185-207.plesk.page\/de\/#website","url":"https:\/\/naughty-curran.136-144-185-207.plesk.page\/de\/","name":"De Pagter Interieurs","description":"M\u00f6belgesch\u00e4fte in Middelburg - Domburg - Veere","potentialAction":[{"@type":"SearchAction","target":{"@type":"EntryPoint","urlTemplate":"https:\/\/naughty-curran.136-144-185-207.plesk.page\/de\/?s={search_term_string}"},"query-input":{"@type":"PropertyValueSpecification","valueRequired":true,"valueName":"search_term_string"}}],"inLanguage":"de-DE"}]}},"_links":{"self":[{"href":"https:\/\/naughty-curran.136-144-185-207.plesk.page\/de\/wp-json\/wp\/v2\/pages\/874","targetHints":{"allow":["GET"]}}],"collection":[{"href":"https:\/\/naughty-curran.136-144-185-207.plesk.page\/de\/wp-json\/wp\/v2\/pages"}],"about":[{"href":"https:\/\/naughty-curran.136-144-185-207.plesk.page\/de\/wp-json\/wp\/v2\/types\/page"}],"author":[{"embeddable":true,"href":"https:\/\/naughty-curran.136-144-185-207.plesk.page\/de\/wp-json\/wp\/v2\/users\/1"}],"replies":[{"embeddable":true,"href":"https:\/\/naughty-curran.136-144-185-207.plesk.page\/de\/wp-json\/wp\/v2\/comments?post=874"}],"version-history":[{"count":5,"href":"https:\/\/naughty-curran.136-144-185-207.plesk.page\/de\/wp-json\/wp\/v2\/pages\/874\/revisions"}],"predecessor-version":[{"id":152549,"href":"https:\/\/naughty-curran.136-144-185-207.plesk.page\/de\/wp-json\/wp\/v2\/pages\/874\/revisions\/152549"}],"wp:attachment":[{"href":"https:\/\/naughty-curran.136-144-185-207.plesk.page\/de\/wp-json\/wp\/v2\/media?parent=874"}],"curies":[{"name":"wp","href":"https:\/\/api.w.org\/{rel}","templated":true}]}}