{"id":876,"date":"2019-03-05T19:05:42","date_gmt":"2019-03-05T19:05:42","guid":{"rendered":"http:\/\/antiekhandeldepagter.nl\/homepagina-de\/"},"modified":"2024-06-18T18:40:52","modified_gmt":"2024-06-18T17:40:52","slug":"homepagina-de","status":"publish","type":"page","link":"https:\/\/naughty-curran.136-144-185-207.plesk.page\/de\/","title":{"rendered":"Home"},"content":{"rendered":"<p>7 DAGEN PER WEEK GEOPEND<br \/>\n\t\t\t\t\t\t\t\t\t\t\t\t\t\t\t\t\t\tPERSOONLIJK ADVIES<br \/>\n\t\t\t\t\t\t\t\t\t\t\t\t\t\t\t\t\t\tBEZORGING WERELDWIJD<\/p>\n<p><strong>7 TAGE<\/strong> DIE WOCHE GE\u00d6FFNET<\/p>\n<p><strong>PERS\u00d6NLICHE<\/strong> BERATUNG<\/p>\n<p><strong>WELTWEITE<\/strong> LIEFERUNG<\/p>\n<\/p>\n<p><strong>DER GESCH\u00c4FT F\u00dcR IHRE L\u00c4NDLICHE, ROBUSTE UND LUXURI\u00d6SE M\u00d6BEL.<\/strong><\/p>\n<\/p>\n<h3>Kollektion anzeigen<\/h3>\n<p>\t\t\t<a href=\"https:\/\/naughty-curran.136-144-185-207.plesk.page\/collectie\"><br \/>\n\t\t\t\t\t\t\t\t\tALLES ZEIGEN<br \/>\n\t\t\t\t\t<\/a><br \/>\n\t\t\t\t\t\t\t\t\t\t\t\t\t\t<a href=\"https:\/\/naughty-curran.136-144-185-207.plesk.page\/product-categorie\/kasten-dressoirs\/\"><br \/>\n\t\t\t\t\t\t\t<img loading=\"lazy\" decoding=\"async\" width=\"480\" height=\"480\" src=\"https:\/\/naughty-curran.136-144-185-207.plesk.page\/wp-content\/uploads\/2022\/11\/DSCF30320-Small.jpg\" alt=\"\" srcset=\"https:\/\/naughty-curran.136-144-185-207.plesk.page\/wp-content\/uploads\/2022\/11\/DSCF30320-Small.jpg 480w, https:\/\/naughty-curran.136-144-185-207.plesk.page\/wp-content\/uploads\/2022\/11\/DSCF30320-Small-300x300.jpg 300w, https:\/\/naughty-curran.136-144-185-207.plesk.page\/wp-content\/uploads\/2022\/11\/DSCF30320-Small-150x150.jpg 150w, https:\/\/naughty-curran.136-144-185-207.plesk.page\/wp-content\/uploads\/2022\/11\/DSCF30320-Small-400x400.jpg 400w, https:\/\/naughty-curran.136-144-185-207.plesk.page\/wp-content\/uploads\/2022\/11\/DSCF30320-Small-100x100.jpg 100w, https:\/\/naughty-curran.136-144-185-207.plesk.page\/wp-content\/uploads\/2022\/11\/DSCF30320-Small-64x64.jpg 64w\" sizes=\"auto, (max-width: 480px) 100vw, 480px\" \/>\t\t\t\t\t\t\t\t<\/a><\/p>\n<p>SCHR\u00c4NKE \/ SIDEBOARDS<\/p>\n<p>\t\t\t\t\t\t\t\t\t\t\t\t\t\t<a href=\"https:\/\/naughty-curran.136-144-185-207.plesk.page\/product-categorie\/woonaccessoires\/\"><br \/>\n\t\t\t\t\t\t\t<img loading=\"lazy\" decoding=\"async\" width=\"300\" height=\"300\" src=\"https:\/\/naughty-curran.136-144-185-207.plesk.page\/wp-content\/uploads\/2021\/02\/Homepagecat2.jpg\" alt=\"\" srcset=\"https:\/\/naughty-curran.136-144-185-207.plesk.page\/wp-content\/uploads\/2021\/02\/Homepagecat2.jpg 300w, https:\/\/naughty-curran.136-144-185-207.plesk.page\/wp-content\/uploads\/2021\/02\/Homepagecat2-100x100.jpg 100w, https:\/\/naughty-curran.136-144-185-207.plesk.page\/wp-content\/uploads\/2021\/02\/Homepagecat2-64x64.jpg 64w\" sizes=\"auto, (max-width: 300px) 100vw, 300px\" \/>\t\t\t\t\t\t\t\t<\/a><\/p>\n<p>WOHNACCESSOIRES<\/p>\n<p>\t\t\t\t\t\t\t\t\t\t\t\t\t\t<a href=\"https:\/\/naughty-curran.136-144-185-207.plesk.page\/product-categorie\/banken-fauteuils\/\"><br \/>\n\t\t\t\t\t\t\t<img loading=\"lazy\" decoding=\"async\" width=\"480\" height=\"480\" src=\"https:\/\/naughty-curran.136-144-185-207.plesk.page\/wp-content\/uploads\/2022\/11\/4-nv-Small.jpg\" alt=\"\" srcset=\"https:\/\/naughty-curran.136-144-185-207.plesk.page\/wp-content\/uploads\/2022\/11\/4-nv-Small.jpg 480w, https:\/\/naughty-curran.136-144-185-207.plesk.page\/wp-content\/uploads\/2022\/11\/4-nv-Small-300x300.jpg 300w, https:\/\/naughty-curran.136-144-185-207.plesk.page\/wp-content\/uploads\/2022\/11\/4-nv-Small-150x150.jpg 150w, https:\/\/naughty-curran.136-144-185-207.plesk.page\/wp-content\/uploads\/2022\/11\/4-nv-Small-400x400.jpg 400w, https:\/\/naughty-curran.136-144-185-207.plesk.page\/wp-content\/uploads\/2022\/11\/4-nv-Small-100x100.jpg 100w, https:\/\/naughty-curran.136-144-185-207.plesk.page\/wp-content\/uploads\/2022\/11\/4-nv-Small-64x64.jpg 64w\" sizes=\"auto, (max-width: 480px) 100vw, 480px\" \/>\t\t\t\t\t\t\t\t<\/a><\/p>\n<p>SOFAS \/ SESSEL<\/p>\n<p>\t\t\t\t\t\t\t\t\t\t\t\t\t\t<a href=\"https:\/\/naughty-curran.136-144-185-207.plesk.page\/product-categorie\/tafels\/\"><br \/>\n\t\t\t\t\t\t\t<img loading=\"lazy\" decoding=\"async\" width=\"480\" height=\"480\" src=\"https:\/\/naughty-curran.136-144-185-207.plesk.page\/wp-content\/uploads\/2022\/11\/Hompage-foto-cat-Small.jpg\" alt=\"\" srcset=\"https:\/\/naughty-curran.136-144-185-207.plesk.page\/wp-content\/uploads\/2022\/11\/Hompage-foto-cat-Small.jpg 480w, https:\/\/naughty-curran.136-144-185-207.plesk.page\/wp-content\/uploads\/2022\/11\/Hompage-foto-cat-Small-300x300.jpg 300w, https:\/\/naughty-curran.136-144-185-207.plesk.page\/wp-content\/uploads\/2022\/11\/Hompage-foto-cat-Small-150x150.jpg 150w, https:\/\/naughty-curran.136-144-185-207.plesk.page\/wp-content\/uploads\/2022\/11\/Hompage-foto-cat-Small-400x400.jpg 400w, https:\/\/naughty-curran.136-144-185-207.plesk.page\/wp-content\/uploads\/2022\/11\/Hompage-foto-cat-Small-100x100.jpg 100w, https:\/\/naughty-curran.136-144-185-207.plesk.page\/wp-content\/uploads\/2022\/11\/Hompage-foto-cat-Small-64x64.jpg 64w\" sizes=\"auto, (max-width: 480px) 100vw, 480px\" \/>\t\t\t\t\t\t\t\t<\/a><\/p>\n<p>TISCHE<\/p>\n<p>\t\t\t\t\t\t\t\t\t\t\t\t\t\t<a href=\"https:\/\/naughty-curran.136-144-185-207.plesk.page\/product-categorie\/kasten-dressoirs\/\"><br \/>\n\t\t\t\t\t\t\t<img loading=\"lazy\" decoding=\"async\" width=\"480\" height=\"480\" src=\"https:\/\/naughty-curran.136-144-185-207.plesk.page\/wp-content\/uploads\/2022\/11\/DSCF3047000-Small.jpg\" alt=\"\" srcset=\"https:\/\/naughty-curran.136-144-185-207.plesk.page\/wp-content\/uploads\/2022\/11\/DSCF3047000-Small.jpg 480w, https:\/\/naughty-curran.136-144-185-207.plesk.page\/wp-content\/uploads\/2022\/11\/DSCF3047000-Small-300x300.jpg 300w, https:\/\/naughty-curran.136-144-185-207.plesk.page\/wp-content\/uploads\/2022\/11\/DSCF3047000-Small-150x150.jpg 150w, https:\/\/naughty-curran.136-144-185-207.plesk.page\/wp-content\/uploads\/2022\/11\/DSCF3047000-Small-400x400.jpg 400w, https:\/\/naughty-curran.136-144-185-207.plesk.page\/wp-content\/uploads\/2022\/11\/DSCF3047000-Small-100x100.jpg 100w, https:\/\/naughty-curran.136-144-185-207.plesk.page\/wp-content\/uploads\/2022\/11\/DSCF3047000-Small-64x64.jpg 64w\" sizes=\"auto, (max-width: 480px) 100vw, 480px\" \/>\t\t\t\t\t\t\t\t<\/a><\/p>\n<p>SCHR\u00c4NKE \/ SIDEBOARDS<\/p>\n<p>\t\t\t\t\t\t\t\t\t\t\t\t\t\t<a href=\"https:\/\/naughty-curran.136-144-185-207.plesk.page\/product-categorie\/woonaccessoires\/\"><br \/>\n\t\t\t\t\t\t\t<img loading=\"lazy\" decoding=\"async\" width=\"480\" height=\"480\" src=\"https:\/\/naughty-curran.136-144-185-207.plesk.page\/wp-content\/uploads\/2022\/11\/Cat-woonaccesoirres-Small.jpg\" alt=\"\" srcset=\"https:\/\/naughty-curran.136-144-185-207.plesk.page\/wp-content\/uploads\/2022\/11\/Cat-woonaccesoirres-Small.jpg 480w, https:\/\/naughty-curran.136-144-185-207.plesk.page\/wp-content\/uploads\/2022\/11\/Cat-woonaccesoirres-Small-300x300.jpg 300w, https:\/\/naughty-curran.136-144-185-207.plesk.page\/wp-content\/uploads\/2022\/11\/Cat-woonaccesoirres-Small-150x150.jpg 150w, https:\/\/naughty-curran.136-144-185-207.plesk.page\/wp-content\/uploads\/2022\/11\/Cat-woonaccesoirres-Small-400x400.jpg 400w, https:\/\/naughty-curran.136-144-185-207.plesk.page\/wp-content\/uploads\/2022\/11\/Cat-woonaccesoirres-Small-100x100.jpg 100w, https:\/\/naughty-curran.136-144-185-207.plesk.page\/wp-content\/uploads\/2022\/11\/Cat-woonaccesoirres-Small-64x64.jpg 64w\" sizes=\"auto, (max-width: 480px) 100vw, 480px\" \/>\t\t\t\t\t\t\t\t<\/a><\/p>\n<p>WOHNACCESSOIRES<\/p>\n<p>\t\t\t\t\t\t\t\t\t\t\t\t\t\t<a href=\"https:\/\/naughty-curran.136-144-185-207.plesk.page\/product-categorie\/banken-fauteuils\/\"><br \/>\n\t\t\t\t\t\t\t<img loading=\"lazy\" decoding=\"async\" width=\"480\" height=\"480\" src=\"https:\/\/naughty-curran.136-144-185-207.plesk.page\/wp-content\/uploads\/2022\/11\/4-nv-Small.jpg\" alt=\"\" srcset=\"https:\/\/naughty-curran.136-144-185-207.plesk.page\/wp-content\/uploads\/2022\/11\/4-nv-Small.jpg 480w, https:\/\/naughty-curran.136-144-185-207.plesk.page\/wp-content\/uploads\/2022\/11\/4-nv-Small-300x300.jpg 300w, https:\/\/naughty-curran.136-144-185-207.plesk.page\/wp-content\/uploads\/2022\/11\/4-nv-Small-150x150.jpg 150w, https:\/\/naughty-curran.136-144-185-207.plesk.page\/wp-content\/uploads\/2022\/11\/4-nv-Small-400x400.jpg 400w, https:\/\/naughty-curran.136-144-185-207.plesk.page\/wp-content\/uploads\/2022\/11\/4-nv-Small-100x100.jpg 100w, https:\/\/naughty-curran.136-144-185-207.plesk.page\/wp-content\/uploads\/2022\/11\/4-nv-Small-64x64.jpg 64w\" sizes=\"auto, (max-width: 480px) 100vw, 480px\" \/>\t\t\t\t\t\t\t\t<\/a><\/p>\n<p>SOFAS \/ SESSEL<\/p>\n<p>\t\t\t\t\t\t\t\t\t\t\t\t\t\t<a href=\"https:\/\/naughty-curran.136-144-185-207.plesk.page\/product-categorie\/tafels\/\"><br \/>\n\t\t\t\t\t\t\t<img loading=\"lazy\" decoding=\"async\" width=\"480\" height=\"480\" src=\"https:\/\/naughty-curran.136-144-185-207.plesk.page\/wp-content\/uploads\/2022\/11\/Tafel-cat-Small.jpg\" alt=\"\" srcset=\"https:\/\/naughty-curran.136-144-185-207.plesk.page\/wp-content\/uploads\/2022\/11\/Tafel-cat-Small.jpg 480w, https:\/\/naughty-curran.136-144-185-207.plesk.page\/wp-content\/uploads\/2022\/11\/Tafel-cat-Small-300x300.jpg 300w, https:\/\/naughty-curran.136-144-185-207.plesk.page\/wp-content\/uploads\/2022\/11\/Tafel-cat-Small-150x150.jpg 150w, https:\/\/naughty-curran.136-144-185-207.plesk.page\/wp-content\/uploads\/2022\/11\/Tafel-cat-Small-400x400.jpg 400w, https:\/\/naughty-curran.136-144-185-207.plesk.page\/wp-content\/uploads\/2022\/11\/Tafel-cat-Small-100x100.jpg 100w, https:\/\/naughty-curran.136-144-185-207.plesk.page\/wp-content\/uploads\/2022\/11\/Tafel-cat-Small-64x64.jpg 64w\" sizes=\"auto, (max-width: 480px) 100vw, 480px\" \/>\t\t\t\t\t\t\t\t<\/a><\/p>\n<p>TISCHE<\/p>\n<h3>KOLLEKTION<\/h3>\n<h3>Neugierig auf unsere Kollektion?<\/h3>\n<p>\t\t\t<a href=\"https:\/\/naughty-curran.136-144-185-207.plesk.page\/de\/kategorien\/\"><br \/>\n\t\t\t\t\t\t\t\t\tKategorien<br \/>\n\t\t\t\t\t<\/a><br \/>\n\t\t\t<a href=\"https:\/\/naughty-curran.136-144-185-207.plesk.page\/collectie\"><br \/>\n\t\t\t\t\t\t\t\t\tALLES ZEIGEN<br \/>\n\t\t\t\t\t<\/a><\/p>\n<h2><font color=\"#242424\" face=\"Open Sans, sans-serif\">FOLGEN SIE UNS AUF<\/font><\/h2>\n<p>\t\t\t<a href=\"http:\/\/www.facebook.com\/depagterinterieurs\"><br \/>\n\t\t\t\t<svg aria-hidden=\"true\" viewBox=\"0 0 512 512\" xmlns=\"http:\/\/www.w3.org\/2000\/svg\"><path d=\"M504 256C504 119 393 8 256 8S8 119 8 256c0 123.78 90.69 226.38 209.25 245V327.69h-63V256h63v-54.64c0-62.15 37-96.48 93.67-96.48 27.14 0 55.52 4.84 55.52 4.84v61h-31.28c-30.8 0-40.41 19.12-40.41 38.73V256h68.78l-11 71.69h-57.78V501C413.31 482.38 504 379.78 504 256z\"><\/path><\/svg><br \/>\n\t\t\t\t\t\t\t\t\tAuf Facebook (Englisch)<br \/>\n\t\t\t\t\t<\/a><br \/>\n\t\t\t<a href=\"https:\/\/www.instagram.com\/depagterinterieurs\/\"><br \/>\n\t\t\t\t<svg aria-hidden=\"true\" viewBox=\"0 0 448 512\" xmlns=\"http:\/\/www.w3.org\/2000\/svg\"><path d=\"M224.1 141c-63.6 0-114.9 51.3-114.9 114.9s51.3 114.9 114.9 114.9S339 319.5 339 255.9 287.7 141 224.1 141zm0 189.6c-41.1 0-74.7-33.5-74.7-74.7s33.5-74.7 74.7-74.7 74.7 33.5 74.7 74.7-33.6 74.7-74.7 74.7zm146.4-194.3c0 14.9-12 26.8-26.8 26.8-14.9 0-26.8-12-26.8-26.8s12-26.8 26.8-26.8 26.8 12 26.8 26.8zm76.1 27.2c-1.7-35.9-9.9-67.7-36.2-93.9-26.2-26.2-58-34.4-93.9-36.2-37-2.1-147.9-2.1-184.9 0-35.8 1.7-67.6 9.9-93.9 36.1s-34.4 58-36.2 93.9c-2.1 37-2.1 147.9 0 184.9 1.7 35.9 9.9 67.7 36.2 93.9s58 34.4 93.9 36.2c37 2.1 147.9 2.1 184.9 0 35.9-1.7 67.7-9.9 93.9-36.2 26.2-26.2 34.4-58 36.2-93.9 2.1-37 2.1-147.8 0-184.8zM398.8 388c-7.8 19.6-22.9 34.7-42.6 42.6-29.5 11.7-99.5 9-132.1 9s-102.7 2.6-132.1-9c-19.6-7.8-34.7-22.9-42.6-42.6-11.7-29.5-9-99.5-9-132.1s-2.6-102.7 9-132.1c7.8-19.6 22.9-34.7 42.6-42.6 29.5-11.7 99.5-9 132.1-9s102.7-2.6 132.1 9c19.6 7.8 34.7 22.9 42.6 42.6 11.7 29.5 9 99.5 9 132.1s2.7 102.7-9 132.1z\"><\/path><\/svg><br \/>\n\t\t\t\t\t\t\t\t\tAuf Instagram<br \/>\n\t\t\t\t\t<\/a><\/p>\n<p>UNSERE GESCH\u00c4FTE<\/p>\n<h3>Middelburg<\/h3>\n<p>\t\t\t\t\t\t\t\t\t\t\t\t\t<img loading=\"lazy\" decoding=\"async\" width=\"615\" height=\"410\" src=\"https:\/\/naughty-curran.136-144-185-207.plesk.page\/wp-content\/uploads\/2019\/06\/Middelburg-resize.jpg\" alt=\"\" \/>\t\t\t\t\t\t\t\t\t\t\t\t\t<\/p>\n<p>\u00d6FFNUNGSZEITEN<\/p>\n<p>Montag bis Freitag<\/p>\n<p>Samstag<\/p>\n<p>Sonntag<\/p>\n<p>09.00 &#8211; 17.30 Uhr<\/p>\n<p>09.00 &#8211; 17.00 Uhr<\/p>\n<p>13.00 &#8211; 17.00 Uhr<\/p>\n<p><a href=\"https:\/\/www.google.com\/maps\/place\/De+Pagter+Interieurs\/@51.4982443,3.6129406,17z\/data=!4m6!3m5!1s0x47c490d9170004ad:0x822913c6509d6c70!8m2!3d51.4982443!4d3.6151293!16s%2Fg%2F1tx8scy7?coh=164777&amp;entry=tt\">Segeersstraat 8, Middelburg<\/a> <i><\/i> <br \/>+31 118 634 133<br \/><a href=\"mailto:info@depagterinterieurs.nl\">info@depagterinterieurs.nl<\/a><\/p>\n<h3>Veere<\/h3>\n<p>\t\t\t\t\t\t\t\t\t\t\t\t\t<img loading=\"lazy\" decoding=\"async\" width=\"613\" height=\"410\" src=\"https:\/\/naughty-curran.136-144-185-207.plesk.page\/wp-content\/uploads\/2019\/06\/Veere-resize.jpg\" alt=\"\" \/>\t\t\t\t\t\t\t\t\t\t\t\t\t<\/p>\n<p>\u00d6FFNUNGSZEITEN<\/p>\n<p>Dienstag bis Freitag<\/p>\n<p>Samstag<\/p>\n<p>Sonntag<\/p>\n<p>10.00 &#8211; 17.30 Uhr<\/p>\n<p>10.00 &#8211; 17.00 Uhr<\/p>\n<p>11.00 &#8211; 17.00 Uhr<\/p>\n<p><a href=\"https:\/\/goo.gl\/maps\/SD4X92EdoKRmvFt89\">Kaai 53, Veere<\/a><br \/>+31 118 501 854<br \/><a href=\"mailto:info@depagterinterieurs.nl\">info@depagterinterieurs.nl<\/a><\/p>\n<h3>Domburg<\/h3>\n<p>\t\t\t\t\t\t\t\t\t\t\t\t\t<img loading=\"lazy\" decoding=\"async\" width=\"613\" height=\"410\" src=\"https:\/\/naughty-curran.136-144-185-207.plesk.page\/wp-content\/uploads\/2019\/06\/Domburg-resize.jpg\" alt=\"\" \/>\t\t\t\t\t\t\t\t\t\t\t\t\t<\/p>\n<p>\u00d6FFNUNGSZEITEN<\/p>\n<p>Montag bis Freitag<\/p>\n<p>Samstag<\/p>\n<p>Sonntag<\/p>\n<p>10.00 &#8211; 17.30 Uhr<\/p>\n<p>10.00 &#8211; 17.00 Uhr<\/p>\n<p>11.00 &#8211; 17.00 Uhr<\/p>\n<p><a href=\"https:\/\/goo.gl\/maps\/6d5fDsQQHPiu2epj9\">Markt 1, Domburg<\/a><br \/>+31 118 581 120<br \/><a href=\"mailto:info@depagterinterieurs.nl\">info@depagterinterieurs.nl<\/a><\/p>\n","protected":false},"excerpt":{"rendered":"<p>7 DAGEN PER WEEK GEOPEND PERSOONLIJK ADVIES BEZORGING WERELDWIJD 7 TAGE DIE WOCHE GE\u00d6FFNET PERS\u00d6NLICHE BERATUNG WELTWEITE LIEFERUNG DER GESCH\u00c4FT F\u00dcR IHRE L\u00c4NDLICHE, ROBUSTE UND LUXURI\u00d6SE M\u00d6BEL. Kollektion anzeigen ALLES ZEIGEN SCHR\u00c4NKE \/ SIDEBOARDS WOHNACCESSOIRES SOFAS \/ SESSEL TISCHE SCHR\u00c4NKE \/ SIDEBOARDS WOHNACCESSOIRES SOFAS \/ SESSEL TISCHE KOLLEKTION Neugierig auf unsere Kollektion? Kategorien ALLES ZEIGEN [&hellip;]<\/p>\n","protected":false},"author":1,"featured_media":0,"parent":0,"menu_order":0,"comment_status":"closed","ping_status":"closed","template":"","meta":{"_monsterinsights_skip_tracking":false,"_monsterinsights_sitenote_active":false,"_monsterinsights_sitenote_note":"","_monsterinsights_sitenote_category":0,"footnotes":"","_wp_rev_ctl_limit":""},"class_list":["post-876","page","type-page","status-publish","hentry"],"yoast_head":"<!-- This site is optimized with the Yoast SEO plugin v25.8 - https:\/\/yoast.com\/wordpress\/plugins\/seo\/ -->\n<title>De Pagter Interieurs - M\u00f6belgesch\u00e4fte in Middelburg - Domburg - Veere<\/title>\n<meta name=\"description\" content=\"De Pagter Interieurs, M\u00f6belgesch\u00e4fte in Middelburg, Domburg und Veere. Gro\u00dfe Auswahl an robusten, l\u00e4ndlichen, rustikalen und luxuri\u00f6sen M\u00f6beln.\" \/>\n<meta name=\"robots\" content=\"noindex, follow, max-snippet:-1, max-image-preview:large, max-video-preview:-1\" \/>\n<meta property=\"og:locale\" content=\"de_DE\" \/>\n<meta property=\"og:type\" content=\"article\" \/>\n<meta property=\"og:title\" content=\"De Pagter Interieurs - M\u00f6belgesch\u00e4fte in Middelburg - Domburg - Veere\" \/>\n<meta property=\"og:description\" content=\"De Pagter Interieurs, M\u00f6belgesch\u00e4fte in Middelburg, Domburg und Veere. Gro\u00dfe Auswahl an robusten, l\u00e4ndlichen, rustikalen und luxuri\u00f6sen M\u00f6beln.\" \/>\n<meta property=\"og:url\" content=\"https:\/\/naughty-curran.136-144-185-207.plesk.page\/de\/\" \/>\n<meta property=\"og:site_name\" content=\"De Pagter Interieurs\" \/>\n<meta property=\"article:publisher\" content=\"https:\/\/www.facebook.com\/depagterinterieurs\/\" \/>\n<meta property=\"article:modified_time\" content=\"2024-06-18T17:40:52+00:00\" \/>\n<meta property=\"og:image\" content=\"https:\/\/naughty-curran.136-144-185-207.plesk.page\/wp-content\/uploads\/2022\/11\/DSCF30320-Small.jpg\" \/>\n<meta name=\"twitter:card\" content=\"summary_large_image\" \/>\n<meta name=\"twitter:label1\" content=\"Est. reading time\" \/>\n\t<meta name=\"twitter:data1\" content=\"3 minutes\" \/>\n<script type=\"application\/ld+json\" class=\"yoast-schema-graph\">{\"@context\":\"https:\/\/schema.org\",\"@graph\":[{\"@type\":\"WebPage\",\"@id\":\"https:\/\/naughty-curran.136-144-185-207.plesk.page\/de\/\",\"url\":\"https:\/\/naughty-curran.136-144-185-207.plesk.page\/de\/\",\"name\":\"De Pagter Interieurs - M\u00f6belgesch\u00e4fte in Middelburg - Domburg - Veere\",\"isPartOf\":{\"@id\":\"https:\/\/naughty-curran.136-144-185-207.plesk.page\/de\/#website\"},\"primaryImageOfPage\":{\"@id\":\"https:\/\/naughty-curran.136-144-185-207.plesk.page\/de\/#primaryimage\"},\"image\":{\"@id\":\"https:\/\/naughty-curran.136-144-185-207.plesk.page\/de\/#primaryimage\"},\"thumbnailUrl\":\"https:\/\/naughty-curran.136-144-185-207.plesk.page\/wp-content\/uploads\/2022\/11\/DSCF30320-Small.jpg\",\"datePublished\":\"2019-03-05T19:05:42+00:00\",\"dateModified\":\"2024-06-18T17:40:52+00:00\",\"description\":\"De Pagter Interieurs, M\u00f6belgesch\u00e4fte in Middelburg, Domburg und Veere. Gro\u00dfe Auswahl an robusten, l\u00e4ndlichen, rustikalen und luxuri\u00f6sen M\u00f6beln.\",\"breadcrumb\":{\"@id\":\"https:\/\/naughty-curran.136-144-185-207.plesk.page\/de\/#breadcrumb\"},\"inLanguage\":\"de-DE\",\"potentialAction\":[{\"@type\":\"ReadAction\",\"target\":[\"https:\/\/naughty-curran.136-144-185-207.plesk.page\/de\/\"]}]},{\"@type\":\"ImageObject\",\"inLanguage\":\"de-DE\",\"@id\":\"https:\/\/naughty-curran.136-144-185-207.plesk.page\/de\/#primaryimage\",\"url\":\"https:\/\/naughty-curran.136-144-185-207.plesk.page\/wp-content\/uploads\/2022\/11\/DSCF30320-Small.jpg\",\"contentUrl\":\"https:\/\/naughty-curran.136-144-185-207.plesk.page\/wp-content\/uploads\/2022\/11\/DSCF30320-Small.jpg\"},{\"@type\":\"BreadcrumbList\",\"@id\":\"https:\/\/naughty-curran.136-144-185-207.plesk.page\/de\/#breadcrumb\",\"itemListElement\":[{\"@type\":\"ListItem\",\"position\":1,\"name\":\"Home\",\"item\":\"https:\/\/naughty-curran.136-144-185-207.plesk.page\/de\/\"},{\"@type\":\"ListItem\",\"position\":2,\"name\":\"Home\"}]},{\"@type\":\"WebSite\",\"@id\":\"https:\/\/naughty-curran.136-144-185-207.plesk.page\/de\/#website\",\"url\":\"https:\/\/naughty-curran.136-144-185-207.plesk.page\/de\/\",\"name\":\"De Pagter Interieurs\",\"description\":\"M\u00f6belgesch\u00e4fte in Middelburg - Domburg - Veere\",\"potentialAction\":[{\"@type\":\"SearchAction\",\"target\":{\"@type\":\"EntryPoint\",\"urlTemplate\":\"https:\/\/naughty-curran.136-144-185-207.plesk.page\/de\/?s={search_term_string}\"},\"query-input\":{\"@type\":\"PropertyValueSpecification\",\"valueRequired\":true,\"valueName\":\"search_term_string\"}}],\"inLanguage\":\"de-DE\"}]}<\/script>\n<!-- \/ Yoast SEO plugin. -->","yoast_head_json":{"title":"De Pagter Interieurs - M\u00f6belgesch\u00e4fte in Middelburg - Domburg - Veere","description":"De Pagter Interieurs, M\u00f6belgesch\u00e4fte in Middelburg, Domburg und Veere. Gro\u00dfe Auswahl an robusten, l\u00e4ndlichen, rustikalen und luxuri\u00f6sen M\u00f6beln.","robots":{"index":"noindex","follow":"follow","max-snippet":"max-snippet:-1","max-image-preview":"max-image-preview:large","max-video-preview":"max-video-preview:-1"},"og_locale":"de_DE","og_type":"article","og_title":"De Pagter Interieurs - M\u00f6belgesch\u00e4fte in Middelburg - Domburg - Veere","og_description":"De Pagter Interieurs, M\u00f6belgesch\u00e4fte in Middelburg, Domburg und Veere. Gro\u00dfe Auswahl an robusten, l\u00e4ndlichen, rustikalen und luxuri\u00f6sen M\u00f6beln.","og_url":"https:\/\/naughty-curran.136-144-185-207.plesk.page\/de\/","og_site_name":"De Pagter Interieurs","article_publisher":"https:\/\/www.facebook.com\/depagterinterieurs\/","article_modified_time":"2024-06-18T17:40:52+00:00","og_image":[{"url":"https:\/\/naughty-curran.136-144-185-207.plesk.page\/wp-content\/uploads\/2022\/11\/DSCF30320-Small.jpg","type":"","width":"","height":""}],"twitter_card":"summary_large_image","twitter_misc":{"Est. reading time":"3 minutes"},"schema":{"@context":"https:\/\/schema.org","@graph":[{"@type":"WebPage","@id":"https:\/\/naughty-curran.136-144-185-207.plesk.page\/de\/","url":"https:\/\/naughty-curran.136-144-185-207.plesk.page\/de\/","name":"De Pagter Interieurs - M\u00f6belgesch\u00e4fte in Middelburg - Domburg - Veere","isPartOf":{"@id":"https:\/\/naughty-curran.136-144-185-207.plesk.page\/de\/#website"},"primaryImageOfPage":{"@id":"https:\/\/naughty-curran.136-144-185-207.plesk.page\/de\/#primaryimage"},"image":{"@id":"https:\/\/naughty-curran.136-144-185-207.plesk.page\/de\/#primaryimage"},"thumbnailUrl":"https:\/\/naughty-curran.136-144-185-207.plesk.page\/wp-content\/uploads\/2022\/11\/DSCF30320-Small.jpg","datePublished":"2019-03-05T19:05:42+00:00","dateModified":"2024-06-18T17:40:52+00:00","description":"De Pagter Interieurs, M\u00f6belgesch\u00e4fte in Middelburg, Domburg und Veere. Gro\u00dfe Auswahl an robusten, l\u00e4ndlichen, rustikalen und luxuri\u00f6sen M\u00f6beln.","breadcrumb":{"@id":"https:\/\/naughty-curran.136-144-185-207.plesk.page\/de\/#breadcrumb"},"inLanguage":"de-DE","potentialAction":[{"@type":"ReadAction","target":["https:\/\/naughty-curran.136-144-185-207.plesk.page\/de\/"]}]},{"@type":"ImageObject","inLanguage":"de-DE","@id":"https:\/\/naughty-curran.136-144-185-207.plesk.page\/de\/#primaryimage","url":"https:\/\/naughty-curran.136-144-185-207.plesk.page\/wp-content\/uploads\/2022\/11\/DSCF30320-Small.jpg","contentUrl":"https:\/\/naughty-curran.136-144-185-207.plesk.page\/wp-content\/uploads\/2022\/11\/DSCF30320-Small.jpg"},{"@type":"BreadcrumbList","@id":"https:\/\/naughty-curran.136-144-185-207.plesk.page\/de\/#breadcrumb","itemListElement":[{"@type":"ListItem","position":1,"name":"Home","item":"https:\/\/naughty-curran.136-144-185-207.plesk.page\/de\/"},{"@type":"ListItem","position":2,"name":"Home"}]},{"@type":"WebSite","@id":"https:\/\/naughty-curran.136-144-185-207.plesk.page\/de\/#website","url":"https:\/\/naughty-curran.136-144-185-207.plesk.page\/de\/","name":"De Pagter Interieurs","description":"M\u00f6belgesch\u00e4fte in Middelburg - Domburg - Veere","potentialAction":[{"@type":"SearchAction","target":{"@type":"EntryPoint","urlTemplate":"https:\/\/naughty-curran.136-144-185-207.plesk.page\/de\/?s={search_term_string}"},"query-input":{"@type":"PropertyValueSpecification","valueRequired":true,"valueName":"search_term_string"}}],"inLanguage":"de-DE"}]}},"_links":{"self":[{"href":"https:\/\/naughty-curran.136-144-185-207.plesk.page\/de\/wp-json\/wp\/v2\/pages\/876","targetHints":{"allow":["GET"]}}],"collection":[{"href":"https:\/\/naughty-curran.136-144-185-207.plesk.page\/de\/wp-json\/wp\/v2\/pages"}],"about":[{"href":"https:\/\/naughty-curran.136-144-185-207.plesk.page\/de\/wp-json\/wp\/v2\/types\/page"}],"author":[{"embeddable":true,"href":"https:\/\/naughty-curran.136-144-185-207.plesk.page\/de\/wp-json\/wp\/v2\/users\/1"}],"replies":[{"embeddable":true,"href":"https:\/\/naughty-curran.136-144-185-207.plesk.page\/de\/wp-json\/wp\/v2\/comments?post=876"}],"version-history":[{"count":5,"href":"https:\/\/naughty-curran.136-144-185-207.plesk.page\/de\/wp-json\/wp\/v2\/pages\/876\/revisions"}],"predecessor-version":[{"id":115439,"href":"https:\/\/naughty-curran.136-144-185-207.plesk.page\/de\/wp-json\/wp\/v2\/pages\/876\/revisions\/115439"}],"wp:attachment":[{"href":"https:\/\/naughty-curran.136-144-185-207.plesk.page\/de\/wp-json\/wp\/v2\/media?parent=876"}],"curies":[{"name":"wp","href":"https:\/\/api.w.org\/{rel}","templated":true}]}}