{"id":881,"date":"2019-03-05T19:07:30","date_gmt":"2019-03-05T19:07:30","guid":{"rendered":"http:\/\/antiekhandeldepagter.nl\/uber-uns\/"},"modified":"2023-04-12T15:26:57","modified_gmt":"2023-04-12T14:26:57","slug":"uber-uns","status":"publish","type":"page","link":"https:\/\/naughty-curran.136-144-185-207.plesk.page\/de\/uber-uns\/","title":{"rendered":"\u00dcber Uns"},"content":{"rendered":"<h2><strong>DE PAGTER INTERIEURS<\/strong><\/h2>\n<p>De Pagter Interieurs hat drei charakteristische M\u00f6belgesch\u00e4fte in Zeeland.<\/p>\n<p><strong>MIDDELBURG<\/strong><br \/>Unser Hauptsitz befindet sich direkt im Zentrum von Middelburg. Die Verkettung der mehreren Geb\u00e4ude f\u00fchrt zu einer Verkaufsfl\u00e4che von 3000 m\u00b2 mit 2 Eing\u00e4ngen. Sie k\u00f6nnen in den attraktiv eingerichteten Zimmern und R\u00e4umen herumwandern.<\/p>\n<p><strong>VEERE<\/strong><br \/>Im malerischen Veere haben wir ein Gesch\u00e4ft in der gem\u00fctlichen Marina. Die M\u00f6bel und die vielen Wohnaccessoires kommen im \u00fcberraschenden Interieur besonders gut zur Geltung.<\/p>\n<p><strong>DOMBURG<\/strong><br \/>In Domburg, traditionell banal, haben wir Zugang zum alten Rathaus am Markt. Das monumentale und charakteristische Geb\u00e4ude mit 2 Etagen in Kombination mit der Sammlung von M\u00f6beln und Dekorationen strahlt Atmosph\u00e4re und Faszination aus.<\/p>\n<p><strong>GROSSHANDEL<\/strong><br \/>Wir beliefern Einzelh\u00e4ndler aus der Niederlassung in Middelburg. W\u00e4hrend der \u00d6ffnungszeiten sind Sie herzlich willkommen, auch nach Vereinbarung.<\/p>\n<p><strong>WEBSITE<\/strong><br \/>Auf unserer Website gibt es nur einen Teil unserer umfangreichen Sammlung. Wir versuchen nat\u00fcrlich, die Website auf dem neuesten Stand zu halten, aber es ist m\u00f6glich, dass ein Artikel ausverkauft oder erw\u00e4hnt wurde. Es ist auch m\u00f6glich, dass sich ein Artikel in einer anderen Farbe oder Version auf der Website befindet als in den Gesch\u00e4ften. M\u00f6glicherweise ist ein Objekt aus der permanenten Sammlung vor\u00fcbergehend nicht verf\u00fcgbar. Wenn Sie an einem auf der Website gezeigten Artikel interessiert sind und ihn sich ansehen m\u00f6chten, empfehlen wir Ihnen, sich zuerst an unser Gesch\u00e4ft in Middelburg zu wenden. Es kann auch vorkommen, dass sich der Artikel in einem der anderen Gesch\u00e4fte befindet.<\/p>\n<p>Alle auf unserer Website genannten Verbraucherpreise enthalten 21% Mehrwertsteuer.<\/p>\n<h2>UNTERNEHMENSDATEN<\/h2>\n<p>De Pagter Interieurs b.v.<br \/>Segeersstraat 8<br \/>4331 JN\u00a0 Middelburg<\/p>\n<p>Email: info@depagterinterieurs.nl<br \/>Tel: +31 118 634 133<\/p>\n<p>K.v.K. Middelburg nr. 22049481<br \/>BTW nr. NL815963324B01<br \/>IBAN: NL02 INGB 0658 1015 28<br \/>BIC: INGBNL2A<\/p>\n<p>Unsere allgemeinen Verkaufs- und Lieferbedingungen gelten f\u00fcr alle unsere Angebote und Vereinbarungen, die bei der Handelskammer in Middelburg unter der Hinterlegungsnummer eingereicht wurden. 22049481.<\/p>\n","protected":false},"excerpt":{"rendered":"<p>DE PAGTER INTERIEURS De Pagter Interieurs hat drei charakteristische M\u00f6belgesch\u00e4fte in Zeeland. MIDDELBURGUnser Hauptsitz befindet sich direkt im Zentrum von Middelburg. Die Verkettung der mehreren Geb\u00e4ude f\u00fchrt zu einer Verkaufsfl\u00e4che von 3000 m\u00b2 mit 2 Eing\u00e4ngen. Sie k\u00f6nnen in den attraktiv eingerichteten Zimmern und R\u00e4umen herumwandern. VEEREIm malerischen Veere haben wir ein Gesch\u00e4ft in der [&hellip;]<\/p>\n","protected":false},"author":1,"featured_media":0,"parent":0,"menu_order":0,"comment_status":"closed","ping_status":"closed","template":"","meta":{"_monsterinsights_skip_tracking":false,"_monsterinsights_sitenote_active":false,"_monsterinsights_sitenote_note":"","_monsterinsights_sitenote_category":0,"footnotes":"","_wp_rev_ctl_limit":""},"class_list":["post-881","page","type-page","status-publish","hentry"],"yoast_head":"<!-- This site is optimized with the Yoast SEO plugin v25.8 - https:\/\/yoast.com\/wordpress\/plugins\/seo\/ -->\n<title>De Pagter Interieurs - \u00dcber Uns<\/title>\n<meta name=\"description\" content=\"De Pagter Interieurs hat drei charakteristische M\u00f6belh\u00e4user in Zeeland. Sehen Sie sich hier unsere Kontaktdaten an!\" \/>\n<meta name=\"robots\" content=\"noindex, follow, max-snippet:-1, max-image-preview:large, max-video-preview:-1\" \/>\n<meta property=\"og:locale\" content=\"de_DE\" \/>\n<meta property=\"og:type\" content=\"article\" \/>\n<meta property=\"og:title\" content=\"De Pagter Interieurs - \u00dcber Uns\" \/>\n<meta property=\"og:description\" content=\"De Pagter Interieurs hat drei charakteristische M\u00f6belh\u00e4user in Zeeland. Sehen Sie sich hier unsere Kontaktdaten an!\" \/>\n<meta property=\"og:url\" content=\"https:\/\/naughty-curran.136-144-185-207.plesk.page\/de\/uber-uns\/\" \/>\n<meta property=\"og:site_name\" content=\"De Pagter Interieurs\" \/>\n<meta property=\"article:publisher\" content=\"https:\/\/www.facebook.com\/depagterinterieurs\/\" \/>\n<meta property=\"article:modified_time\" content=\"2023-04-12T14:26:57+00:00\" \/>\n<meta name=\"twitter:card\" content=\"summary_large_image\" \/>\n<meta name=\"twitter:label1\" content=\"Est. reading time\" \/>\n\t<meta name=\"twitter:data1\" content=\"2 minutes\" \/>\n<script type=\"application\/ld+json\" class=\"yoast-schema-graph\">{\"@context\":\"https:\/\/schema.org\",\"@graph\":[{\"@type\":\"WebPage\",\"@id\":\"https:\/\/naughty-curran.136-144-185-207.plesk.page\/de\/uber-uns\/\",\"url\":\"https:\/\/naughty-curran.136-144-185-207.plesk.page\/de\/uber-uns\/\",\"name\":\"De Pagter Interieurs - \u00dcber Uns\",\"isPartOf\":{\"@id\":\"https:\/\/naughty-curran.136-144-185-207.plesk.page\/de\/#website\"},\"datePublished\":\"2019-03-05T19:07:30+00:00\",\"dateModified\":\"2023-04-12T14:26:57+00:00\",\"description\":\"De Pagter Interieurs hat drei charakteristische M\u00f6belh\u00e4user in Zeeland. Sehen Sie sich hier unsere Kontaktdaten an!\",\"breadcrumb\":{\"@id\":\"https:\/\/naughty-curran.136-144-185-207.plesk.page\/de\/uber-uns\/#breadcrumb\"},\"inLanguage\":\"de-DE\",\"potentialAction\":[{\"@type\":\"ReadAction\",\"target\":[\"https:\/\/naughty-curran.136-144-185-207.plesk.page\/de\/uber-uns\/\"]}]},{\"@type\":\"BreadcrumbList\",\"@id\":\"https:\/\/naughty-curran.136-144-185-207.plesk.page\/de\/uber-uns\/#breadcrumb\",\"itemListElement\":[{\"@type\":\"ListItem\",\"position\":1,\"name\":\"Home\",\"item\":\"https:\/\/naughty-curran.136-144-185-207.plesk.page\/de\/\"},{\"@type\":\"ListItem\",\"position\":2,\"name\":\"\u00dcber Uns\"}]},{\"@type\":\"WebSite\",\"@id\":\"https:\/\/naughty-curran.136-144-185-207.plesk.page\/de\/#website\",\"url\":\"https:\/\/naughty-curran.136-144-185-207.plesk.page\/de\/\",\"name\":\"De Pagter Interieurs\",\"description\":\"M\u00f6belgesch\u00e4fte in Middelburg - Domburg - Veere\",\"potentialAction\":[{\"@type\":\"SearchAction\",\"target\":{\"@type\":\"EntryPoint\",\"urlTemplate\":\"https:\/\/naughty-curran.136-144-185-207.plesk.page\/de\/?s={search_term_string}\"},\"query-input\":{\"@type\":\"PropertyValueSpecification\",\"valueRequired\":true,\"valueName\":\"search_term_string\"}}],\"inLanguage\":\"de-DE\"}]}<\/script>\n<!-- \/ Yoast SEO plugin. -->","yoast_head_json":{"title":"De Pagter Interieurs - \u00dcber Uns","description":"De Pagter Interieurs hat drei charakteristische M\u00f6belh\u00e4user in Zeeland. Sehen Sie sich hier unsere Kontaktdaten an!","robots":{"index":"noindex","follow":"follow","max-snippet":"max-snippet:-1","max-image-preview":"max-image-preview:large","max-video-preview":"max-video-preview:-1"},"og_locale":"de_DE","og_type":"article","og_title":"De Pagter Interieurs - \u00dcber Uns","og_description":"De Pagter Interieurs hat drei charakteristische M\u00f6belh\u00e4user in Zeeland. Sehen Sie sich hier unsere Kontaktdaten an!","og_url":"https:\/\/naughty-curran.136-144-185-207.plesk.page\/de\/uber-uns\/","og_site_name":"De Pagter Interieurs","article_publisher":"https:\/\/www.facebook.com\/depagterinterieurs\/","article_modified_time":"2023-04-12T14:26:57+00:00","twitter_card":"summary_large_image","twitter_misc":{"Est. reading time":"2 minutes"},"schema":{"@context":"https:\/\/schema.org","@graph":[{"@type":"WebPage","@id":"https:\/\/naughty-curran.136-144-185-207.plesk.page\/de\/uber-uns\/","url":"https:\/\/naughty-curran.136-144-185-207.plesk.page\/de\/uber-uns\/","name":"De Pagter Interieurs - \u00dcber Uns","isPartOf":{"@id":"https:\/\/naughty-curran.136-144-185-207.plesk.page\/de\/#website"},"datePublished":"2019-03-05T19:07:30+00:00","dateModified":"2023-04-12T14:26:57+00:00","description":"De Pagter Interieurs hat drei charakteristische M\u00f6belh\u00e4user in Zeeland. Sehen Sie sich hier unsere Kontaktdaten an!","breadcrumb":{"@id":"https:\/\/naughty-curran.136-144-185-207.plesk.page\/de\/uber-uns\/#breadcrumb"},"inLanguage":"de-DE","potentialAction":[{"@type":"ReadAction","target":["https:\/\/naughty-curran.136-144-185-207.plesk.page\/de\/uber-uns\/"]}]},{"@type":"BreadcrumbList","@id":"https:\/\/naughty-curran.136-144-185-207.plesk.page\/de\/uber-uns\/#breadcrumb","itemListElement":[{"@type":"ListItem","position":1,"name":"Home","item":"https:\/\/naughty-curran.136-144-185-207.plesk.page\/de\/"},{"@type":"ListItem","position":2,"name":"\u00dcber Uns"}]},{"@type":"WebSite","@id":"https:\/\/naughty-curran.136-144-185-207.plesk.page\/de\/#website","url":"https:\/\/naughty-curran.136-144-185-207.plesk.page\/de\/","name":"De Pagter Interieurs","description":"M\u00f6belgesch\u00e4fte in Middelburg - Domburg - Veere","potentialAction":[{"@type":"SearchAction","target":{"@type":"EntryPoint","urlTemplate":"https:\/\/naughty-curran.136-144-185-207.plesk.page\/de\/?s={search_term_string}"},"query-input":{"@type":"PropertyValueSpecification","valueRequired":true,"valueName":"search_term_string"}}],"inLanguage":"de-DE"}]}},"_links":{"self":[{"href":"https:\/\/naughty-curran.136-144-185-207.plesk.page\/de\/wp-json\/wp\/v2\/pages\/881","targetHints":{"allow":["GET"]}}],"collection":[{"href":"https:\/\/naughty-curran.136-144-185-207.plesk.page\/de\/wp-json\/wp\/v2\/pages"}],"about":[{"href":"https:\/\/naughty-curran.136-144-185-207.plesk.page\/de\/wp-json\/wp\/v2\/types\/page"}],"author":[{"embeddable":true,"href":"https:\/\/naughty-curran.136-144-185-207.plesk.page\/de\/wp-json\/wp\/v2\/users\/1"}],"replies":[{"embeddable":true,"href":"https:\/\/naughty-curran.136-144-185-207.plesk.page\/de\/wp-json\/wp\/v2\/comments?post=881"}],"version-history":[{"count":5,"href":"https:\/\/naughty-curran.136-144-185-207.plesk.page\/de\/wp-json\/wp\/v2\/pages\/881\/revisions"}],"predecessor-version":[{"id":77836,"href":"https:\/\/naughty-curran.136-144-185-207.plesk.page\/de\/wp-json\/wp\/v2\/pages\/881\/revisions\/77836"}],"wp:attachment":[{"href":"https:\/\/naughty-curran.136-144-185-207.plesk.page\/de\/wp-json\/wp\/v2\/media?parent=881"}],"curies":[{"name":"wp","href":"https:\/\/api.w.org\/{rel}","templated":true}]}}