{"id":101825,"date":"2024-04-11T13:07:11","date_gmt":"2024-04-12T12:49:07","guid":{"rendered":"https:\/\/depagterinterieurs.nl\/collectie\/unkategorisiert\/teppich-cendre-mart-visser\/"},"modified":"2024-04-12T13:49:07","modified_gmt":"2024-04-12T12:49:07","slug":"teppich-cendre-mart-visser","status":"publish","type":"product","link":"https:\/\/naughty-curran.136-144-185-207.plesk.page\/de\/collectie\/marke\/karpi-de\/teppich-cendre-mart-visser\/","title":{"rendered":"Teppich Cendre &#8211; Mart Visser"},"content":{"rendered":"","protected":false},"excerpt":{"rendered":"<p>Dieser auff\u00e4llige Teppich ist ein Spiegelbild der k\u00fcnstlerischen Vision von Mart Visser.<\/p>\n<p>Dieses Design strahlt Eleganz und Originalit\u00e4t aus, mit wundersch\u00f6nen Farbkombinationen und kr\u00e4ftigen Mustern, die in jedem Raum ein Hingucker sind.<\/p>\n<p>Von weichen und luxuri\u00f6sen Garnen bis hin zu langlebigen Konstruktionen ist dieser Teppich daf\u00fcr gemacht, ein Leben lang zu halten und Ihr Zuhause zu versch\u00f6nern.<\/p>\n<p>Dieser Teppich ist <strong>nicht<\/strong> als Ma\u00dfanfertigung erh\u00e4ltlich.<\/p>\n","protected":false},"featured_media":101442,"template":"","meta":{"_monsterinsights_skip_tracking":false,"_monsterinsights_sitenote_active":false,"_monsterinsights_sitenote_note":"","_monsterinsights_sitenote_category":0},"product_brand":[],"product_cat":[545,399,225],"product_tag":[],"class_list":{"0":"post-101825","1":"product","2":"type-product","3":"status-publish","4":"has-post-thumbnail","6":"product_cat-karpi-de","7":"product_cat-marke","8":"product_cat-teppiche","10":"first","11":"instock","12":"shipping-taxable","13":"purchasable","14":"product-type-variable"},"yoast_head":"<!-- This site is optimized with the Yoast SEO plugin v25.8 - https:\/\/yoast.com\/wordpress\/plugins\/seo\/ -->\n<title>Teppich Cendre - Mart Visser - De Pagter Interieurs<\/title>\n<meta name=\"description\" content=\"Dieser auff\u00e4llige Teppich ist ein Spiegelbild der k\u00fcnstlerischen Vision von Mart Visser. Dieses Design strahlt Eleganz und Originalit\u00e4t aus, mit wundersch\u00f6nen Farbkombinationen und kr\u00e4ftigen Mustern, die in jedem Raum ein Hingucker sind. Von weichen und luxuri\u00f6sen Garnen bis hin zu langlebigen Konstruktionen ist dieser Teppich daf\u00fcr gemacht, ein Leben lang zu halten und Ihr Zuhause zu versch\u00f6nern.\" \/>\n<meta name=\"robots\" content=\"noindex, follow, max-snippet:-1, max-image-preview:large, max-video-preview:-1\" \/>\n<meta property=\"og:locale\" content=\"de_DE\" \/>\n<meta property=\"og:type\" content=\"article\" \/>\n<meta property=\"og:title\" content=\"Teppich Cendre - Mart Visser - De Pagter Interieurs\" \/>\n<meta property=\"og:description\" content=\"Dieser auff\u00e4llige Teppich ist ein Spiegelbild der k\u00fcnstlerischen Vision von Mart Visser. Dieses Design strahlt Eleganz und Originalit\u00e4t aus, mit wundersch\u00f6nen Farbkombinationen und kr\u00e4ftigen Mustern, die in jedem Raum ein Hingucker sind. Von weichen und luxuri\u00f6sen Garnen bis hin zu langlebigen Konstruktionen ist dieser Teppich daf\u00fcr gemacht, ein Leben lang zu halten und Ihr Zuhause zu versch\u00f6nern.\" \/>\n<meta property=\"og:url\" content=\"https:\/\/naughty-curran.136-144-185-207.plesk.page\/de\/collectie\/marke\/karpi-de\/teppich-cendre-mart-visser\/\" \/>\n<meta property=\"og:site_name\" content=\"De Pagter Interieurs\" \/>\n<meta property=\"article:publisher\" content=\"https:\/\/www.facebook.com\/depagterinterieurs\/\" \/>\n<meta property=\"og:image\" content=\"https:\/\/naughty-curran.136-144-185-207.plesk.page\/wp-content\/uploads\/2024\/04\/mart-visser-vintage-teppich-cendre-21-grau-5_700x.jpg\" \/>\n\t<meta property=\"og:image:width\" content=\"700\" \/>\n\t<meta property=\"og:image:height\" content=\"466\" \/>\n\t<meta property=\"og:image:type\" content=\"image\/jpeg\" \/>\n<meta name=\"twitter:card\" content=\"summary_large_image\" \/>\n<script type=\"application\/ld+json\" class=\"yoast-schema-graph\">{\"@context\":\"https:\/\/schema.org\",\"@graph\":[{\"@type\":\"WebPage\",\"@id\":\"https:\/\/naughty-curran.136-144-185-207.plesk.page\/de\/collectie\/marke\/karpi-de\/teppich-cendre-mart-visser\/\",\"url\":\"https:\/\/naughty-curran.136-144-185-207.plesk.page\/de\/collectie\/marke\/karpi-de\/teppich-cendre-mart-visser\/\",\"name\":\"Teppich Cendre - Mart Visser - De Pagter Interieurs\",\"isPartOf\":{\"@id\":\"https:\/\/naughty-curran.136-144-185-207.plesk.page\/de\/#website\"},\"primaryImageOfPage\":{\"@id\":\"https:\/\/naughty-curran.136-144-185-207.plesk.page\/de\/collectie\/marke\/karpi-de\/teppich-cendre-mart-visser\/#primaryimage\"},\"image\":{\"@id\":\"https:\/\/naughty-curran.136-144-185-207.plesk.page\/de\/collectie\/marke\/karpi-de\/teppich-cendre-mart-visser\/#primaryimage\"},\"thumbnailUrl\":\"https:\/\/naughty-curran.136-144-185-207.plesk.page\/wp-content\/uploads\/2024\/04\/mart-visser-vintage-teppich-cendre-21-grau-5_700x.jpg\",\"datePublished\":\"2024-04-12T12:49:07+00:00\",\"description\":\"Dieser auff\u00e4llige Teppich ist ein Spiegelbild der k\u00fcnstlerischen Vision von Mart Visser. Dieses Design strahlt Eleganz und Originalit\u00e4t aus, mit wundersch\u00f6nen Farbkombinationen und kr\u00e4ftigen Mustern, die in jedem Raum ein Hingucker sind. Von weichen und luxuri\u00f6sen Garnen bis hin zu langlebigen Konstruktionen ist dieser Teppich daf\u00fcr gemacht, ein Leben lang zu halten und Ihr Zuhause zu versch\u00f6nern.\",\"breadcrumb\":{\"@id\":\"https:\/\/naughty-curran.136-144-185-207.plesk.page\/de\/collectie\/marke\/karpi-de\/teppich-cendre-mart-visser\/#breadcrumb\"},\"inLanguage\":\"de-DE\",\"potentialAction\":[{\"@type\":\"ReadAction\",\"target\":[\"https:\/\/naughty-curran.136-144-185-207.plesk.page\/de\/collectie\/marke\/karpi-de\/teppich-cendre-mart-visser\/\"]}]},{\"@type\":\"ImageObject\",\"inLanguage\":\"de-DE\",\"@id\":\"https:\/\/naughty-curran.136-144-185-207.plesk.page\/de\/collectie\/marke\/karpi-de\/teppich-cendre-mart-visser\/#primaryimage\",\"url\":\"https:\/\/naughty-curran.136-144-185-207.plesk.page\/wp-content\/uploads\/2024\/04\/mart-visser-vintage-teppich-cendre-21-grau-5_700x.jpg\",\"contentUrl\":\"https:\/\/naughty-curran.136-144-185-207.plesk.page\/wp-content\/uploads\/2024\/04\/mart-visser-vintage-teppich-cendre-21-grau-5_700x.jpg\",\"width\":700,\"height\":466},{\"@type\":\"BreadcrumbList\",\"@id\":\"https:\/\/naughty-curran.136-144-185-207.plesk.page\/de\/collectie\/marke\/karpi-de\/teppich-cendre-mart-visser\/#breadcrumb\",\"itemListElement\":[{\"@type\":\"ListItem\",\"position\":1,\"name\":\"Home\",\"item\":\"https:\/\/naughty-curran.136-144-185-207.plesk.page\/de\/\"},{\"@type\":\"ListItem\",\"position\":2,\"name\":\"Kollektion\",\"item\":\"https:\/\/naughty-curran.136-144-185-207.plesk.page\/de\/kollektion\/\"},{\"@type\":\"ListItem\",\"position\":3,\"name\":\"Teppich Cendre &#8211; Mart Visser\"}]},{\"@type\":\"WebSite\",\"@id\":\"https:\/\/naughty-curran.136-144-185-207.plesk.page\/de\/#website\",\"url\":\"https:\/\/naughty-curran.136-144-185-207.plesk.page\/de\/\",\"name\":\"De Pagter Interieurs\",\"description\":\"M\u00f6belgesch\u00e4fte in Middelburg - Domburg - Veere\",\"potentialAction\":[{\"@type\":\"SearchAction\",\"target\":{\"@type\":\"EntryPoint\",\"urlTemplate\":\"https:\/\/naughty-curran.136-144-185-207.plesk.page\/de\/?s={search_term_string}\"},\"query-input\":{\"@type\":\"PropertyValueSpecification\",\"valueRequired\":true,\"valueName\":\"search_term_string\"}}],\"inLanguage\":\"de-DE\"}]}<\/script>\n<!-- \/ Yoast SEO plugin. -->","yoast_head_json":{"title":"Teppich Cendre - Mart Visser - De Pagter Interieurs","description":"Dieser auff\u00e4llige Teppich ist ein Spiegelbild der k\u00fcnstlerischen Vision von Mart Visser. Dieses Design strahlt Eleganz und Originalit\u00e4t aus, mit wundersch\u00f6nen Farbkombinationen und kr\u00e4ftigen Mustern, die in jedem Raum ein Hingucker sind. Von weichen und luxuri\u00f6sen Garnen bis hin zu langlebigen Konstruktionen ist dieser Teppich daf\u00fcr gemacht, ein Leben lang zu halten und Ihr Zuhause zu versch\u00f6nern.","robots":{"index":"noindex","follow":"follow","max-snippet":"max-snippet:-1","max-image-preview":"max-image-preview:large","max-video-preview":"max-video-preview:-1"},"og_locale":"de_DE","og_type":"article","og_title":"Teppich Cendre - Mart Visser - De Pagter Interieurs","og_description":"Dieser auff\u00e4llige Teppich ist ein Spiegelbild der k\u00fcnstlerischen Vision von Mart Visser. Dieses Design strahlt Eleganz und Originalit\u00e4t aus, mit wundersch\u00f6nen Farbkombinationen und kr\u00e4ftigen Mustern, die in jedem Raum ein Hingucker sind. Von weichen und luxuri\u00f6sen Garnen bis hin zu langlebigen Konstruktionen ist dieser Teppich daf\u00fcr gemacht, ein Leben lang zu halten und Ihr Zuhause zu versch\u00f6nern.","og_url":"https:\/\/naughty-curran.136-144-185-207.plesk.page\/de\/collectie\/marke\/karpi-de\/teppich-cendre-mart-visser\/","og_site_name":"De Pagter Interieurs","article_publisher":"https:\/\/www.facebook.com\/depagterinterieurs\/","og_image":[{"width":700,"height":466,"url":"https:\/\/naughty-curran.136-144-185-207.plesk.page\/wp-content\/uploads\/2024\/04\/mart-visser-vintage-teppich-cendre-21-grau-5_700x.jpg","type":"image\/jpeg"}],"twitter_card":"summary_large_image","schema":{"@context":"https:\/\/schema.org","@graph":[{"@type":"WebPage","@id":"https:\/\/naughty-curran.136-144-185-207.plesk.page\/de\/collectie\/marke\/karpi-de\/teppich-cendre-mart-visser\/","url":"https:\/\/naughty-curran.136-144-185-207.plesk.page\/de\/collectie\/marke\/karpi-de\/teppich-cendre-mart-visser\/","name":"Teppich Cendre - Mart Visser - De Pagter Interieurs","isPartOf":{"@id":"https:\/\/naughty-curran.136-144-185-207.plesk.page\/de\/#website"},"primaryImageOfPage":{"@id":"https:\/\/naughty-curran.136-144-185-207.plesk.page\/de\/collectie\/marke\/karpi-de\/teppich-cendre-mart-visser\/#primaryimage"},"image":{"@id":"https:\/\/naughty-curran.136-144-185-207.plesk.page\/de\/collectie\/marke\/karpi-de\/teppich-cendre-mart-visser\/#primaryimage"},"thumbnailUrl":"https:\/\/naughty-curran.136-144-185-207.plesk.page\/wp-content\/uploads\/2024\/04\/mart-visser-vintage-teppich-cendre-21-grau-5_700x.jpg","datePublished":"2024-04-12T12:49:07+00:00","description":"Dieser auff\u00e4llige Teppich ist ein Spiegelbild der k\u00fcnstlerischen Vision von Mart Visser. Dieses Design strahlt Eleganz und Originalit\u00e4t aus, mit wundersch\u00f6nen Farbkombinationen und kr\u00e4ftigen Mustern, die in jedem Raum ein Hingucker sind. Von weichen und luxuri\u00f6sen Garnen bis hin zu langlebigen Konstruktionen ist dieser Teppich daf\u00fcr gemacht, ein Leben lang zu halten und Ihr Zuhause zu versch\u00f6nern.","breadcrumb":{"@id":"https:\/\/naughty-curran.136-144-185-207.plesk.page\/de\/collectie\/marke\/karpi-de\/teppich-cendre-mart-visser\/#breadcrumb"},"inLanguage":"de-DE","potentialAction":[{"@type":"ReadAction","target":["https:\/\/naughty-curran.136-144-185-207.plesk.page\/de\/collectie\/marke\/karpi-de\/teppich-cendre-mart-visser\/"]}]},{"@type":"ImageObject","inLanguage":"de-DE","@id":"https:\/\/naughty-curran.136-144-185-207.plesk.page\/de\/collectie\/marke\/karpi-de\/teppich-cendre-mart-visser\/#primaryimage","url":"https:\/\/naughty-curran.136-144-185-207.plesk.page\/wp-content\/uploads\/2024\/04\/mart-visser-vintage-teppich-cendre-21-grau-5_700x.jpg","contentUrl":"https:\/\/naughty-curran.136-144-185-207.plesk.page\/wp-content\/uploads\/2024\/04\/mart-visser-vintage-teppich-cendre-21-grau-5_700x.jpg","width":700,"height":466},{"@type":"BreadcrumbList","@id":"https:\/\/naughty-curran.136-144-185-207.plesk.page\/de\/collectie\/marke\/karpi-de\/teppich-cendre-mart-visser\/#breadcrumb","itemListElement":[{"@type":"ListItem","position":1,"name":"Home","item":"https:\/\/naughty-curran.136-144-185-207.plesk.page\/de\/"},{"@type":"ListItem","position":2,"name":"Kollektion","item":"https:\/\/naughty-curran.136-144-185-207.plesk.page\/de\/kollektion\/"},{"@type":"ListItem","position":3,"name":"Teppich Cendre &#8211; Mart Visser"}]},{"@type":"WebSite","@id":"https:\/\/naughty-curran.136-144-185-207.plesk.page\/de\/#website","url":"https:\/\/naughty-curran.136-144-185-207.plesk.page\/de\/","name":"De Pagter Interieurs","description":"M\u00f6belgesch\u00e4fte in Middelburg - Domburg - Veere","potentialAction":[{"@type":"SearchAction","target":{"@type":"EntryPoint","urlTemplate":"https:\/\/naughty-curran.136-144-185-207.plesk.page\/de\/?s={search_term_string}"},"query-input":{"@type":"PropertyValueSpecification","valueRequired":true,"valueName":"search_term_string"}}],"inLanguage":"de-DE"}]}},"_links":{"self":[{"href":"https:\/\/naughty-curran.136-144-185-207.plesk.page\/de\/wp-json\/wp\/v2\/product\/101825","targetHints":{"allow":["GET"]}}],"collection":[{"href":"https:\/\/naughty-curran.136-144-185-207.plesk.page\/de\/wp-json\/wp\/v2\/product"}],"about":[{"href":"https:\/\/naughty-curran.136-144-185-207.plesk.page\/de\/wp-json\/wp\/v2\/types\/product"}],"wp:featuredmedia":[{"embeddable":true,"href":"https:\/\/naughty-curran.136-144-185-207.plesk.page\/de\/wp-json\/wp\/v2\/media\/101442"}],"wp:attachment":[{"href":"https:\/\/naughty-curran.136-144-185-207.plesk.page\/de\/wp-json\/wp\/v2\/media?parent=101825"}],"wp:term":[{"taxonomy":"product_brand","embeddable":true,"href":"https:\/\/naughty-curran.136-144-185-207.plesk.page\/de\/wp-json\/wp\/v2\/product_brand?post=101825"},{"taxonomy":"product_cat","embeddable":true,"href":"https:\/\/naughty-curran.136-144-185-207.plesk.page\/de\/wp-json\/wp\/v2\/product_cat?post=101825"},{"taxonomy":"product_tag","embeddable":true,"href":"https:\/\/naughty-curran.136-144-185-207.plesk.page\/de\/wp-json\/wp\/v2\/product_tag?post=101825"}],"curies":[{"name":"wp","href":"https:\/\/api.w.org\/{rel}","templated":true}]}}