{"id":103610,"date":"2024-04-24T10:37:41","date_gmt":"2024-04-24T12:17:53","guid":{"rendered":"https:\/\/depagterinterieurs.nl\/collectie\/unkategorisiert\/relaxsessel-tom\/"},"modified":"2024-04-24T13:17:53","modified_gmt":"2024-04-24T12:17:53","slug":"relaxsessel-tom","status":"publish","type":"product","link":"https:\/\/naughty-curran.136-144-185-207.plesk.page\/de\/collectie\/marke\/ds-meubel\/relaxsessel-tom\/","title":{"rendered":"Relaxsessel Tom"},"content":{"rendered":"","protected":false},"excerpt":{"rendered":"<p>Luxussessel Tom mit elektrisch verstellbarer Fu\u00dfst\u00fctze und R\u00fcckenlehne, die mit Touch-Tasten bedient werden k\u00f6nnen.<\/p>\n<p>Aus Leder: Kenia \u2013 Braun.<\/p>\n<p>Inklusive eingebauter Batterie, Lendenkissen, Au\u00dfenn\u00e4hten und Sternfu\u00df. Der Preis gilt f\u00fcr das abgebildete Modell.<\/p>\n<p><a href=\"https:\/\/naughty-curran.136-144-185-207.plesk.page\/wp-content\/uploads\/2022\/05\/TOM-NL-BE-1-5-2022.pdf\"><strong>Hier<\/strong><\/a> k\u00f6nnen Sie alle Optionen anzeigen.<\/p>\n<p>Dieser Relaxsessel befindet sich in unserem Showroom in Domburg.<\/p>\n","protected":false},"featured_media":102649,"template":"","meta":{"_monsterinsights_skip_tracking":false,"_monsterinsights_sitenote_active":false,"_monsterinsights_sitenote_note":"","_monsterinsights_sitenote_category":0},"product_brand":[],"product_cat":[402,399,379,90],"product_tag":[],"class_list":{"0":"post-103610","1":"product","2":"type-product","3":"status-publish","4":"has-post-thumbnail","6":"product_cat-ds-meubel","7":"product_cat-marke","8":"product_cat-relaxsessel","9":"product_cat-sofas-sessel","11":"first","12":"instock","13":"shipping-taxable","14":"purchasable","15":"product-type-simple"},"yoast_head":"<!-- This site is optimized with the Yoast SEO plugin v25.8 - https:\/\/yoast.com\/wordpress\/plugins\/seo\/ -->\n<title>Relaxsessel Tom - De Pagter Interieurs<\/title>\n<meta name=\"description\" content=\"Luxussessel Tom mit elektrisch verstellbarer Fu\u00dfst\u00fctze und R\u00fcckenlehne, die mit Touch-Tasten bedient werden k\u00f6nnen. Aus Leder: Kenia \u2013 Braun. Inklusive eingebauter Batterie, Lendenkissen, Au\u00dfenn\u00e4hten und Sternfu\u00df. Der Preis gilt f\u00fcr das abgebildete Modell. Hier k\u00f6nnen Sie alle Optionen anzeigen. Dieser Relaxsessel befindet sich in unserem Showroom in Domburg.\" \/>\n<meta name=\"robots\" content=\"noindex, follow, max-snippet:-1, max-image-preview:large, max-video-preview:-1\" \/>\n<meta property=\"og:locale\" content=\"de_DE\" \/>\n<meta property=\"og:type\" content=\"article\" \/>\n<meta property=\"og:title\" content=\"Relaxsessel Tom - De Pagter Interieurs\" \/>\n<meta property=\"og:description\" content=\"Luxussessel Tom mit elektrisch verstellbarer Fu\u00dfst\u00fctze und R\u00fcckenlehne, die mit Touch-Tasten bedient werden k\u00f6nnen. Aus Leder: Kenia \u2013 Braun. Inklusive eingebauter Batterie, Lendenkissen, Au\u00dfenn\u00e4hten und Sternfu\u00df. Der Preis gilt f\u00fcr das abgebildete Modell. Hier k\u00f6nnen Sie alle Optionen anzeigen. Dieser Relaxsessel befindet sich in unserem Showroom in Domburg.\" \/>\n<meta property=\"og:url\" content=\"https:\/\/naughty-curran.136-144-185-207.plesk.page\/de\/collectie\/marke\/ds-meubel\/relaxsessel-tom\/\" \/>\n<meta property=\"og:site_name\" content=\"De Pagter Interieurs\" \/>\n<meta property=\"article:publisher\" content=\"https:\/\/www.facebook.com\/depagterinterieurs\/\" \/>\n<meta property=\"og:image\" content=\"https:\/\/naughty-curran.136-144-185-207.plesk.page\/wp-content\/uploads\/2024\/04\/IMG_5168-scaled.jpeg\" \/>\n\t<meta property=\"og:image:width\" content=\"2560\" \/>\n\t<meta property=\"og:image:height\" content=\"1920\" \/>\n\t<meta property=\"og:image:type\" content=\"image\/jpeg\" \/>\n<meta name=\"twitter:card\" content=\"summary_large_image\" \/>\n<script type=\"application\/ld+json\" class=\"yoast-schema-graph\">{\"@context\":\"https:\/\/schema.org\",\"@graph\":[{\"@type\":\"WebPage\",\"@id\":\"https:\/\/naughty-curran.136-144-185-207.plesk.page\/de\/collectie\/marke\/ds-meubel\/relaxsessel-tom\/\",\"url\":\"https:\/\/naughty-curran.136-144-185-207.plesk.page\/de\/collectie\/marke\/ds-meubel\/relaxsessel-tom\/\",\"name\":\"Relaxsessel Tom - De Pagter Interieurs\",\"isPartOf\":{\"@id\":\"https:\/\/naughty-curran.136-144-185-207.plesk.page\/de\/#website\"},\"primaryImageOfPage\":{\"@id\":\"https:\/\/naughty-curran.136-144-185-207.plesk.page\/de\/collectie\/marke\/ds-meubel\/relaxsessel-tom\/#primaryimage\"},\"image\":{\"@id\":\"https:\/\/naughty-curran.136-144-185-207.plesk.page\/de\/collectie\/marke\/ds-meubel\/relaxsessel-tom\/#primaryimage\"},\"thumbnailUrl\":\"https:\/\/naughty-curran.136-144-185-207.plesk.page\/wp-content\/uploads\/2024\/04\/IMG_5168-scaled.jpeg\",\"datePublished\":\"2024-04-24T12:17:53+00:00\",\"description\":\"Luxussessel Tom mit elektrisch verstellbarer Fu\u00dfst\u00fctze und R\u00fcckenlehne, die mit Touch-Tasten bedient werden k\u00f6nnen. Aus Leder: Kenia \u2013 Braun. Inklusive eingebauter Batterie, Lendenkissen, Au\u00dfenn\u00e4hten und Sternfu\u00df. Der Preis gilt f\u00fcr das abgebildete Modell. Hier k\u00f6nnen Sie alle Optionen anzeigen. Dieser Relaxsessel befindet sich in unserem Showroom in Domburg.\",\"breadcrumb\":{\"@id\":\"https:\/\/naughty-curran.136-144-185-207.plesk.page\/de\/collectie\/marke\/ds-meubel\/relaxsessel-tom\/#breadcrumb\"},\"inLanguage\":\"de-DE\",\"potentialAction\":[{\"@type\":\"ReadAction\",\"target\":[\"https:\/\/naughty-curran.136-144-185-207.plesk.page\/de\/collectie\/marke\/ds-meubel\/relaxsessel-tom\/\"]}]},{\"@type\":\"ImageObject\",\"inLanguage\":\"de-DE\",\"@id\":\"https:\/\/naughty-curran.136-144-185-207.plesk.page\/de\/collectie\/marke\/ds-meubel\/relaxsessel-tom\/#primaryimage\",\"url\":\"https:\/\/naughty-curran.136-144-185-207.plesk.page\/wp-content\/uploads\/2024\/04\/IMG_5168-scaled.jpeg\",\"contentUrl\":\"https:\/\/naughty-curran.136-144-185-207.plesk.page\/wp-content\/uploads\/2024\/04\/IMG_5168-scaled.jpeg\",\"width\":2560,\"height\":1920},{\"@type\":\"BreadcrumbList\",\"@id\":\"https:\/\/naughty-curran.136-144-185-207.plesk.page\/de\/collectie\/marke\/ds-meubel\/relaxsessel-tom\/#breadcrumb\",\"itemListElement\":[{\"@type\":\"ListItem\",\"position\":1,\"name\":\"Home\",\"item\":\"https:\/\/naughty-curran.136-144-185-207.plesk.page\/de\/\"},{\"@type\":\"ListItem\",\"position\":2,\"name\":\"Kollektion\",\"item\":\"https:\/\/naughty-curran.136-144-185-207.plesk.page\/de\/kollektion\/\"},{\"@type\":\"ListItem\",\"position\":3,\"name\":\"Relaxsessel Tom\"}]},{\"@type\":\"WebSite\",\"@id\":\"https:\/\/naughty-curran.136-144-185-207.plesk.page\/de\/#website\",\"url\":\"https:\/\/naughty-curran.136-144-185-207.plesk.page\/de\/\",\"name\":\"De Pagter Interieurs\",\"description\":\"M\u00f6belgesch\u00e4fte in Middelburg - Domburg - Veere\",\"potentialAction\":[{\"@type\":\"SearchAction\",\"target\":{\"@type\":\"EntryPoint\",\"urlTemplate\":\"https:\/\/naughty-curran.136-144-185-207.plesk.page\/de\/?s={search_term_string}\"},\"query-input\":{\"@type\":\"PropertyValueSpecification\",\"valueRequired\":true,\"valueName\":\"search_term_string\"}}],\"inLanguage\":\"de-DE\"}]}<\/script>\n<!-- \/ Yoast SEO plugin. -->","yoast_head_json":{"title":"Relaxsessel Tom - De Pagter Interieurs","description":"Luxussessel Tom mit elektrisch verstellbarer Fu\u00dfst\u00fctze und R\u00fcckenlehne, die mit Touch-Tasten bedient werden k\u00f6nnen. Aus Leder: Kenia \u2013 Braun. Inklusive eingebauter Batterie, Lendenkissen, Au\u00dfenn\u00e4hten und Sternfu\u00df. Der Preis gilt f\u00fcr das abgebildete Modell. Hier k\u00f6nnen Sie alle Optionen anzeigen. Dieser Relaxsessel befindet sich in unserem Showroom in Domburg.","robots":{"index":"noindex","follow":"follow","max-snippet":"max-snippet:-1","max-image-preview":"max-image-preview:large","max-video-preview":"max-video-preview:-1"},"og_locale":"de_DE","og_type":"article","og_title":"Relaxsessel Tom - De Pagter Interieurs","og_description":"Luxussessel Tom mit elektrisch verstellbarer Fu\u00dfst\u00fctze und R\u00fcckenlehne, die mit Touch-Tasten bedient werden k\u00f6nnen. Aus Leder: Kenia \u2013 Braun. Inklusive eingebauter Batterie, Lendenkissen, Au\u00dfenn\u00e4hten und Sternfu\u00df. Der Preis gilt f\u00fcr das abgebildete Modell. Hier k\u00f6nnen Sie alle Optionen anzeigen. Dieser Relaxsessel befindet sich in unserem Showroom in Domburg.","og_url":"https:\/\/naughty-curran.136-144-185-207.plesk.page\/de\/collectie\/marke\/ds-meubel\/relaxsessel-tom\/","og_site_name":"De Pagter Interieurs","article_publisher":"https:\/\/www.facebook.com\/depagterinterieurs\/","og_image":[{"width":2560,"height":1920,"url":"https:\/\/naughty-curran.136-144-185-207.plesk.page\/wp-content\/uploads\/2024\/04\/IMG_5168-scaled.jpeg","type":"image\/jpeg"}],"twitter_card":"summary_large_image","schema":{"@context":"https:\/\/schema.org","@graph":[{"@type":"WebPage","@id":"https:\/\/naughty-curran.136-144-185-207.plesk.page\/de\/collectie\/marke\/ds-meubel\/relaxsessel-tom\/","url":"https:\/\/naughty-curran.136-144-185-207.plesk.page\/de\/collectie\/marke\/ds-meubel\/relaxsessel-tom\/","name":"Relaxsessel Tom - De Pagter Interieurs","isPartOf":{"@id":"https:\/\/naughty-curran.136-144-185-207.plesk.page\/de\/#website"},"primaryImageOfPage":{"@id":"https:\/\/naughty-curran.136-144-185-207.plesk.page\/de\/collectie\/marke\/ds-meubel\/relaxsessel-tom\/#primaryimage"},"image":{"@id":"https:\/\/naughty-curran.136-144-185-207.plesk.page\/de\/collectie\/marke\/ds-meubel\/relaxsessel-tom\/#primaryimage"},"thumbnailUrl":"https:\/\/naughty-curran.136-144-185-207.plesk.page\/wp-content\/uploads\/2024\/04\/IMG_5168-scaled.jpeg","datePublished":"2024-04-24T12:17:53+00:00","description":"Luxussessel Tom mit elektrisch verstellbarer Fu\u00dfst\u00fctze und R\u00fcckenlehne, die mit Touch-Tasten bedient werden k\u00f6nnen. Aus Leder: Kenia \u2013 Braun. Inklusive eingebauter Batterie, Lendenkissen, Au\u00dfenn\u00e4hten und Sternfu\u00df. Der Preis gilt f\u00fcr das abgebildete Modell. Hier k\u00f6nnen Sie alle Optionen anzeigen. Dieser Relaxsessel befindet sich in unserem Showroom in Domburg.","breadcrumb":{"@id":"https:\/\/naughty-curran.136-144-185-207.plesk.page\/de\/collectie\/marke\/ds-meubel\/relaxsessel-tom\/#breadcrumb"},"inLanguage":"de-DE","potentialAction":[{"@type":"ReadAction","target":["https:\/\/naughty-curran.136-144-185-207.plesk.page\/de\/collectie\/marke\/ds-meubel\/relaxsessel-tom\/"]}]},{"@type":"ImageObject","inLanguage":"de-DE","@id":"https:\/\/naughty-curran.136-144-185-207.plesk.page\/de\/collectie\/marke\/ds-meubel\/relaxsessel-tom\/#primaryimage","url":"https:\/\/naughty-curran.136-144-185-207.plesk.page\/wp-content\/uploads\/2024\/04\/IMG_5168-scaled.jpeg","contentUrl":"https:\/\/naughty-curran.136-144-185-207.plesk.page\/wp-content\/uploads\/2024\/04\/IMG_5168-scaled.jpeg","width":2560,"height":1920},{"@type":"BreadcrumbList","@id":"https:\/\/naughty-curran.136-144-185-207.plesk.page\/de\/collectie\/marke\/ds-meubel\/relaxsessel-tom\/#breadcrumb","itemListElement":[{"@type":"ListItem","position":1,"name":"Home","item":"https:\/\/naughty-curran.136-144-185-207.plesk.page\/de\/"},{"@type":"ListItem","position":2,"name":"Kollektion","item":"https:\/\/naughty-curran.136-144-185-207.plesk.page\/de\/kollektion\/"},{"@type":"ListItem","position":3,"name":"Relaxsessel Tom"}]},{"@type":"WebSite","@id":"https:\/\/naughty-curran.136-144-185-207.plesk.page\/de\/#website","url":"https:\/\/naughty-curran.136-144-185-207.plesk.page\/de\/","name":"De Pagter Interieurs","description":"M\u00f6belgesch\u00e4fte in Middelburg - Domburg - Veere","potentialAction":[{"@type":"SearchAction","target":{"@type":"EntryPoint","urlTemplate":"https:\/\/naughty-curran.136-144-185-207.plesk.page\/de\/?s={search_term_string}"},"query-input":{"@type":"PropertyValueSpecification","valueRequired":true,"valueName":"search_term_string"}}],"inLanguage":"de-DE"}]}},"_links":{"self":[{"href":"https:\/\/naughty-curran.136-144-185-207.plesk.page\/de\/wp-json\/wp\/v2\/product\/103610","targetHints":{"allow":["GET"]}}],"collection":[{"href":"https:\/\/naughty-curran.136-144-185-207.plesk.page\/de\/wp-json\/wp\/v2\/product"}],"about":[{"href":"https:\/\/naughty-curran.136-144-185-207.plesk.page\/de\/wp-json\/wp\/v2\/types\/product"}],"wp:featuredmedia":[{"embeddable":true,"href":"https:\/\/naughty-curran.136-144-185-207.plesk.page\/de\/wp-json\/wp\/v2\/media\/102649"}],"wp:attachment":[{"href":"https:\/\/naughty-curran.136-144-185-207.plesk.page\/de\/wp-json\/wp\/v2\/media?parent=103610"}],"wp:term":[{"taxonomy":"product_brand","embeddable":true,"href":"https:\/\/naughty-curran.136-144-185-207.plesk.page\/de\/wp-json\/wp\/v2\/product_brand?post=103610"},{"taxonomy":"product_cat","embeddable":true,"href":"https:\/\/naughty-curran.136-144-185-207.plesk.page\/de\/wp-json\/wp\/v2\/product_cat?post=103610"},{"taxonomy":"product_tag","embeddable":true,"href":"https:\/\/naughty-curran.136-144-185-207.plesk.page\/de\/wp-json\/wp\/v2\/product_tag?post=103610"}],"curies":[{"name":"wp","href":"https:\/\/api.w.org\/{rel}","templated":true}]}}