{"id":105583,"date":"2024-05-13T14:56:13","date_gmt":"2024-05-13T14:01:18","guid":{"rendered":"https:\/\/depagterinterieurs.nl\/collectie\/unkategorisiert\/gartentisch-teakholz\/"},"modified":"2024-05-13T15:40:05","modified_gmt":"2024-05-13T14:40:05","slug":"gartentisch-teakholz","status":"publish","type":"product","link":"https:\/\/naughty-curran.136-144-185-207.plesk.page\/de\/collectie\/marke\/de-pagter-interieurs\/gartentisch-teakholz\/","title":{"rendered":"Gartentisch Teakholz"},"content":{"rendered":"","protected":false},"excerpt":{"rendered":"<p>Gartentisch aus Teakholz, in 240x100cm.<\/p>\n<p>Auch in anderen Gr\u00f6\u00dfen erh\u00e4ltlich.<\/p>\n<p>Klicken Sie <a href=\"https:\/\/naughty-curran.136-144-185-207.plesk.page\/wp-content\/uploads\/2024\/05\/PRIJSLIJST-BUITEN-TAFELS-TEAK-2021.pdf\">hier<\/a> f\u00fcr die M\u00f6glichkeiten.<\/p>\n","protected":false},"featured_media":121289,"template":"","meta":{"_monsterinsights_skip_tracking":false,"_monsterinsights_sitenote_active":false,"_monsterinsights_sitenote_note":"","_monsterinsights_sitenote_category":0},"product_brand":[],"product_cat":[409,372,399,1035,99],"product_tag":[],"class_list":{"0":"post-105583","1":"product","2":"type-product","3":"status-publish","4":"has-post-thumbnail","6":"product_cat-de-pagter-interieurs","7":"product_cat-esstische","8":"product_cat-marke","9":"product_cat-gartenmoebel","10":"product_cat-tische","12":"first","13":"instock","14":"shipping-taxable","15":"purchasable","16":"product-type-simple"},"yoast_head":"<!-- This site is optimized with the Yoast SEO plugin v25.8 - https:\/\/yoast.com\/wordpress\/plugins\/seo\/ -->\n<title>Gartentisch Teakholz - De Pagter Interieurs<\/title>\n<meta name=\"description\" content=\"Gartentisch aus Teakholz, in 240x100cm. Auch in anderen Gr\u00f6\u00dfen erh\u00e4ltlich. Klicken Sie hier f\u00fcr die M\u00f6glichkeiten.\" \/>\n<meta name=\"robots\" content=\"noindex, follow, max-snippet:-1, max-image-preview:large, max-video-preview:-1\" \/>\n<meta property=\"og:locale\" content=\"de_DE\" \/>\n<meta property=\"og:type\" content=\"article\" \/>\n<meta property=\"og:title\" content=\"Gartentisch Teakholz - De Pagter Interieurs\" \/>\n<meta property=\"og:description\" content=\"Gartentisch aus Teakholz, in 240x100cm. Auch in anderen Gr\u00f6\u00dfen erh\u00e4ltlich. Klicken Sie hier f\u00fcr die M\u00f6glichkeiten.\" \/>\n<meta property=\"og:url\" content=\"https:\/\/naughty-curran.136-144-185-207.plesk.page\/de\/collectie\/marke\/de-pagter-interieurs\/gartentisch-teakholz\/\" \/>\n<meta property=\"og:site_name\" content=\"De Pagter Interieurs\" \/>\n<meta property=\"article:publisher\" content=\"https:\/\/www.facebook.com\/depagterinterieurs\/\" \/>\n<meta property=\"article:modified_time\" content=\"2024-05-13T14:40:05+00:00\" \/>\n<meta property=\"og:image\" content=\"https:\/\/naughty-curran.136-144-185-207.plesk.page\/wp-content\/uploads\/2024\/08\/Insta-post-18-07.jpg\" \/>\n\t<meta property=\"og:image:width\" content=\"768\" \/>\n\t<meta property=\"og:image:height\" content=\"768\" \/>\n\t<meta property=\"og:image:type\" content=\"image\/jpeg\" \/>\n<meta name=\"twitter:card\" content=\"summary_large_image\" \/>\n<script type=\"application\/ld+json\" class=\"yoast-schema-graph\">{\"@context\":\"https:\/\/schema.org\",\"@graph\":[{\"@type\":\"WebPage\",\"@id\":\"https:\/\/naughty-curran.136-144-185-207.plesk.page\/de\/collectie\/marke\/de-pagter-interieurs\/gartentisch-teakholz\/\",\"url\":\"https:\/\/naughty-curran.136-144-185-207.plesk.page\/de\/collectie\/marke\/de-pagter-interieurs\/gartentisch-teakholz\/\",\"name\":\"Gartentisch Teakholz - De Pagter Interieurs\",\"isPartOf\":{\"@id\":\"https:\/\/naughty-curran.136-144-185-207.plesk.page\/de\/#website\"},\"primaryImageOfPage\":{\"@id\":\"https:\/\/naughty-curran.136-144-185-207.plesk.page\/de\/collectie\/marke\/de-pagter-interieurs\/gartentisch-teakholz\/#primaryimage\"},\"image\":{\"@id\":\"https:\/\/naughty-curran.136-144-185-207.plesk.page\/de\/collectie\/marke\/de-pagter-interieurs\/gartentisch-teakholz\/#primaryimage\"},\"thumbnailUrl\":\"https:\/\/naughty-curran.136-144-185-207.plesk.page\/wp-content\/uploads\/2024\/08\/Insta-post-18-07.jpg\",\"datePublished\":\"2024-05-13T14:01:18+00:00\",\"dateModified\":\"2024-05-13T14:40:05+00:00\",\"description\":\"Gartentisch aus Teakholz, in 240x100cm. Auch in anderen Gr\u00f6\u00dfen erh\u00e4ltlich. Klicken Sie hier f\u00fcr die M\u00f6glichkeiten.\",\"breadcrumb\":{\"@id\":\"https:\/\/naughty-curran.136-144-185-207.plesk.page\/de\/collectie\/marke\/de-pagter-interieurs\/gartentisch-teakholz\/#breadcrumb\"},\"inLanguage\":\"de-DE\",\"potentialAction\":[{\"@type\":\"ReadAction\",\"target\":[\"https:\/\/naughty-curran.136-144-185-207.plesk.page\/de\/collectie\/marke\/de-pagter-interieurs\/gartentisch-teakholz\/\"]}]},{\"@type\":\"ImageObject\",\"inLanguage\":\"de-DE\",\"@id\":\"https:\/\/naughty-curran.136-144-185-207.plesk.page\/de\/collectie\/marke\/de-pagter-interieurs\/gartentisch-teakholz\/#primaryimage\",\"url\":\"https:\/\/naughty-curran.136-144-185-207.plesk.page\/wp-content\/uploads\/2024\/08\/Insta-post-18-07.jpg\",\"contentUrl\":\"https:\/\/naughty-curran.136-144-185-207.plesk.page\/wp-content\/uploads\/2024\/08\/Insta-post-18-07.jpg\",\"width\":768,\"height\":768},{\"@type\":\"BreadcrumbList\",\"@id\":\"https:\/\/naughty-curran.136-144-185-207.plesk.page\/de\/collectie\/marke\/de-pagter-interieurs\/gartentisch-teakholz\/#breadcrumb\",\"itemListElement\":[{\"@type\":\"ListItem\",\"position\":1,\"name\":\"Home\",\"item\":\"https:\/\/naughty-curran.136-144-185-207.plesk.page\/de\/\"},{\"@type\":\"ListItem\",\"position\":2,\"name\":\"Kollektion\",\"item\":\"https:\/\/naughty-curran.136-144-185-207.plesk.page\/de\/kollektion\/\"},{\"@type\":\"ListItem\",\"position\":3,\"name\":\"Gartentisch Teakholz\"}]},{\"@type\":\"WebSite\",\"@id\":\"https:\/\/naughty-curran.136-144-185-207.plesk.page\/de\/#website\",\"url\":\"https:\/\/naughty-curran.136-144-185-207.plesk.page\/de\/\",\"name\":\"De Pagter Interieurs\",\"description\":\"M\u00f6belgesch\u00e4fte in Middelburg - Domburg - Veere\",\"potentialAction\":[{\"@type\":\"SearchAction\",\"target\":{\"@type\":\"EntryPoint\",\"urlTemplate\":\"https:\/\/naughty-curran.136-144-185-207.plesk.page\/de\/?s={search_term_string}\"},\"query-input\":{\"@type\":\"PropertyValueSpecification\",\"valueRequired\":true,\"valueName\":\"search_term_string\"}}],\"inLanguage\":\"de-DE\"}]}<\/script>\n<!-- \/ Yoast SEO plugin. -->","yoast_head_json":{"title":"Gartentisch Teakholz - De Pagter Interieurs","description":"Gartentisch aus Teakholz, in 240x100cm. Auch in anderen Gr\u00f6\u00dfen erh\u00e4ltlich. Klicken Sie hier f\u00fcr die M\u00f6glichkeiten.","robots":{"index":"noindex","follow":"follow","max-snippet":"max-snippet:-1","max-image-preview":"max-image-preview:large","max-video-preview":"max-video-preview:-1"},"og_locale":"de_DE","og_type":"article","og_title":"Gartentisch Teakholz - De Pagter Interieurs","og_description":"Gartentisch aus Teakholz, in 240x100cm. Auch in anderen Gr\u00f6\u00dfen erh\u00e4ltlich. Klicken Sie hier f\u00fcr die M\u00f6glichkeiten.","og_url":"https:\/\/naughty-curran.136-144-185-207.plesk.page\/de\/collectie\/marke\/de-pagter-interieurs\/gartentisch-teakholz\/","og_site_name":"De Pagter Interieurs","article_publisher":"https:\/\/www.facebook.com\/depagterinterieurs\/","article_modified_time":"2024-05-13T14:40:05+00:00","og_image":[{"width":768,"height":768,"url":"https:\/\/naughty-curran.136-144-185-207.plesk.page\/wp-content\/uploads\/2024\/08\/Insta-post-18-07.jpg","type":"image\/jpeg"}],"twitter_card":"summary_large_image","schema":{"@context":"https:\/\/schema.org","@graph":[{"@type":"WebPage","@id":"https:\/\/naughty-curran.136-144-185-207.plesk.page\/de\/collectie\/marke\/de-pagter-interieurs\/gartentisch-teakholz\/","url":"https:\/\/naughty-curran.136-144-185-207.plesk.page\/de\/collectie\/marke\/de-pagter-interieurs\/gartentisch-teakholz\/","name":"Gartentisch Teakholz - De Pagter Interieurs","isPartOf":{"@id":"https:\/\/naughty-curran.136-144-185-207.plesk.page\/de\/#website"},"primaryImageOfPage":{"@id":"https:\/\/naughty-curran.136-144-185-207.plesk.page\/de\/collectie\/marke\/de-pagter-interieurs\/gartentisch-teakholz\/#primaryimage"},"image":{"@id":"https:\/\/naughty-curran.136-144-185-207.plesk.page\/de\/collectie\/marke\/de-pagter-interieurs\/gartentisch-teakholz\/#primaryimage"},"thumbnailUrl":"https:\/\/naughty-curran.136-144-185-207.plesk.page\/wp-content\/uploads\/2024\/08\/Insta-post-18-07.jpg","datePublished":"2024-05-13T14:01:18+00:00","dateModified":"2024-05-13T14:40:05+00:00","description":"Gartentisch aus Teakholz, in 240x100cm. Auch in anderen Gr\u00f6\u00dfen erh\u00e4ltlich. Klicken Sie hier f\u00fcr die M\u00f6glichkeiten.","breadcrumb":{"@id":"https:\/\/naughty-curran.136-144-185-207.plesk.page\/de\/collectie\/marke\/de-pagter-interieurs\/gartentisch-teakholz\/#breadcrumb"},"inLanguage":"de-DE","potentialAction":[{"@type":"ReadAction","target":["https:\/\/naughty-curran.136-144-185-207.plesk.page\/de\/collectie\/marke\/de-pagter-interieurs\/gartentisch-teakholz\/"]}]},{"@type":"ImageObject","inLanguage":"de-DE","@id":"https:\/\/naughty-curran.136-144-185-207.plesk.page\/de\/collectie\/marke\/de-pagter-interieurs\/gartentisch-teakholz\/#primaryimage","url":"https:\/\/naughty-curran.136-144-185-207.plesk.page\/wp-content\/uploads\/2024\/08\/Insta-post-18-07.jpg","contentUrl":"https:\/\/naughty-curran.136-144-185-207.plesk.page\/wp-content\/uploads\/2024\/08\/Insta-post-18-07.jpg","width":768,"height":768},{"@type":"BreadcrumbList","@id":"https:\/\/naughty-curran.136-144-185-207.plesk.page\/de\/collectie\/marke\/de-pagter-interieurs\/gartentisch-teakholz\/#breadcrumb","itemListElement":[{"@type":"ListItem","position":1,"name":"Home","item":"https:\/\/naughty-curran.136-144-185-207.plesk.page\/de\/"},{"@type":"ListItem","position":2,"name":"Kollektion","item":"https:\/\/naughty-curran.136-144-185-207.plesk.page\/de\/kollektion\/"},{"@type":"ListItem","position":3,"name":"Gartentisch Teakholz"}]},{"@type":"WebSite","@id":"https:\/\/naughty-curran.136-144-185-207.plesk.page\/de\/#website","url":"https:\/\/naughty-curran.136-144-185-207.plesk.page\/de\/","name":"De Pagter Interieurs","description":"M\u00f6belgesch\u00e4fte in Middelburg - Domburg - Veere","potentialAction":[{"@type":"SearchAction","target":{"@type":"EntryPoint","urlTemplate":"https:\/\/naughty-curran.136-144-185-207.plesk.page\/de\/?s={search_term_string}"},"query-input":{"@type":"PropertyValueSpecification","valueRequired":true,"valueName":"search_term_string"}}],"inLanguage":"de-DE"}]}},"_links":{"self":[{"href":"https:\/\/naughty-curran.136-144-185-207.plesk.page\/de\/wp-json\/wp\/v2\/product\/105583","targetHints":{"allow":["GET"]}}],"collection":[{"href":"https:\/\/naughty-curran.136-144-185-207.plesk.page\/de\/wp-json\/wp\/v2\/product"}],"about":[{"href":"https:\/\/naughty-curran.136-144-185-207.plesk.page\/de\/wp-json\/wp\/v2\/types\/product"}],"wp:featuredmedia":[{"embeddable":true,"href":"https:\/\/naughty-curran.136-144-185-207.plesk.page\/de\/wp-json\/wp\/v2\/media\/121289"}],"wp:attachment":[{"href":"https:\/\/naughty-curran.136-144-185-207.plesk.page\/de\/wp-json\/wp\/v2\/media?parent=105583"}],"wp:term":[{"taxonomy":"product_brand","embeddable":true,"href":"https:\/\/naughty-curran.136-144-185-207.plesk.page\/de\/wp-json\/wp\/v2\/product_brand?post=105583"},{"taxonomy":"product_cat","embeddable":true,"href":"https:\/\/naughty-curran.136-144-185-207.plesk.page\/de\/wp-json\/wp\/v2\/product_cat?post=105583"},{"taxonomy":"product_tag","embeddable":true,"href":"https:\/\/naughty-curran.136-144-185-207.plesk.page\/de\/wp-json\/wp\/v2\/product_tag?post=105583"}],"curies":[{"name":"wp","href":"https:\/\/api.w.org\/{rel}","templated":true}]}}