{"id":122695,"date":"2024-08-10T14:18:55","date_gmt":"2024-08-10T13:47:13","guid":{"rendered":"https:\/\/depagterinterieurs.nl\/collectie\/unkategorisiert\/cushion-silk-exotic\/"},"modified":"2024-08-10T14:47:13","modified_gmt":"2024-08-10T13:47:13","slug":"cushion-silk-exotic","status":"publish","type":"product","link":"https:\/\/naughty-curran.136-144-185-207.plesk.page\/de\/collectie\/marke\/marke-eichholtz-zeeland\/cushion-silk-exotic\/","title":{"rendered":"CUSHION SILK EXOTIC&#x2122;"},"content":{"rendered":"","protected":false},"excerpt":{"rendered":"<p>Hergestellt in Italien, mit majest\u00e4tischen Dschungelkreaturen und \u00fcppiger tropischer Flora, f\u00fchlt sich dieses luxuri\u00f6se, exotische gro\u00dfe 70 cm gro\u00dfe Kissen wirklich dekadent an. Der goldene Plein-Schriftzug und die Verzierung runden den Look ab.<\/p>\n","protected":false},"featured_media":122672,"template":"","meta":{"_monsterinsights_skip_tracking":false,"_monsterinsights_sitenote_active":false,"_monsterinsights_sitenote_note":"","_monsterinsights_sitenote_category":0},"product_brand":[],"product_cat":[398,399,361,102,271],"product_tag":[],"class_list":{"0":"post-122695","1":"product","2":"type-product","3":"status-publish","4":"has-post-thumbnail","6":"product_cat-marke-eichholtz-zeeland","7":"product_cat-marke","8":"product_cat-philipp-plein-x-eichholtz","9":"product_cat-wohnaccesssoires","10":"product_cat-angebot","12":"first","13":"instock","14":"sale","15":"shipping-taxable","16":"purchasable","17":"product-type-simple"},"yoast_head":"<!-- This site is optimized with the Yoast SEO plugin v25.8 - https:\/\/yoast.com\/wordpress\/plugins\/seo\/ -->\n<title>CUSHION SILK EXOTIC&#x2122; - De Pagter Interieurs<\/title>\n<meta name=\"description\" content=\"Hergestellt in Italien, mit majest\u00e4tischen Dschungelkreaturen und \u00fcppiger tropischer Flora, f\u00fchlt sich dieses luxuri\u00f6se, exotische gro\u00dfe 70 cm gro\u00dfe Kissen wirklich dekadent an. Der goldene Plein-Schriftzug und die Verzierung runden den Look ab.\" \/>\n<meta name=\"robots\" content=\"noindex, follow, max-snippet:-1, max-image-preview:large, max-video-preview:-1\" \/>\n<meta property=\"og:locale\" content=\"de_DE\" \/>\n<meta property=\"og:type\" content=\"article\" \/>\n<meta property=\"og:title\" content=\"CUSHION SILK EXOTIC&#x2122; - De Pagter Interieurs\" \/>\n<meta property=\"og:description\" content=\"Hergestellt in Italien, mit majest\u00e4tischen Dschungelkreaturen und \u00fcppiger tropischer Flora, f\u00fchlt sich dieses luxuri\u00f6se, exotische gro\u00dfe 70 cm gro\u00dfe Kissen wirklich dekadent an. Der goldene Plein-Schriftzug und die Verzierung runden den Look ab.\" \/>\n<meta property=\"og:url\" content=\"https:\/\/naughty-curran.136-144-185-207.plesk.page\/de\/collectie\/marke\/marke-eichholtz-zeeland\/cushion-silk-exotic\/\" \/>\n<meta property=\"og:site_name\" content=\"De Pagter Interieurs\" \/>\n<meta property=\"article:publisher\" content=\"https:\/\/www.facebook.com\/depagterinterieurs\/\" \/>\n<meta property=\"og:image\" content=\"https:\/\/naughty-curran.136-144-185-207.plesk.page\/wp-content\/uploads\/2024\/08\/CUSHION-SILK-EXOTIC.jpg\" \/>\n\t<meta property=\"og:image:width\" content=\"768\" \/>\n\t<meta property=\"og:image:height\" content=\"978\" \/>\n\t<meta property=\"og:image:type\" content=\"image\/jpeg\" \/>\n<meta name=\"twitter:card\" content=\"summary_large_image\" \/>\n<script type=\"application\/ld+json\" class=\"yoast-schema-graph\">{\"@context\":\"https:\/\/schema.org\",\"@graph\":[{\"@type\":\"WebPage\",\"@id\":\"https:\/\/naughty-curran.136-144-185-207.plesk.page\/de\/collectie\/marke\/marke-eichholtz-zeeland\/cushion-silk-exotic\/\",\"url\":\"https:\/\/naughty-curran.136-144-185-207.plesk.page\/de\/collectie\/marke\/marke-eichholtz-zeeland\/cushion-silk-exotic\/\",\"name\":\"CUSHION SILK EXOTIC&#x2122; - De Pagter Interieurs\",\"isPartOf\":{\"@id\":\"https:\/\/naughty-curran.136-144-185-207.plesk.page\/de\/#website\"},\"primaryImageOfPage\":{\"@id\":\"https:\/\/naughty-curran.136-144-185-207.plesk.page\/de\/collectie\/marke\/marke-eichholtz-zeeland\/cushion-silk-exotic\/#primaryimage\"},\"image\":{\"@id\":\"https:\/\/naughty-curran.136-144-185-207.plesk.page\/de\/collectie\/marke\/marke-eichholtz-zeeland\/cushion-silk-exotic\/#primaryimage\"},\"thumbnailUrl\":\"https:\/\/naughty-curran.136-144-185-207.plesk.page\/wp-content\/uploads\/2024\/08\/CUSHION-SILK-EXOTIC.jpg\",\"datePublished\":\"2024-08-10T13:47:13+00:00\",\"description\":\"Hergestellt in Italien, mit majest\u00e4tischen Dschungelkreaturen und \u00fcppiger tropischer Flora, f\u00fchlt sich dieses luxuri\u00f6se, exotische gro\u00dfe 70 cm gro\u00dfe Kissen wirklich dekadent an. Der goldene Plein-Schriftzug und die Verzierung runden den Look ab.\",\"breadcrumb\":{\"@id\":\"https:\/\/naughty-curran.136-144-185-207.plesk.page\/de\/collectie\/marke\/marke-eichholtz-zeeland\/cushion-silk-exotic\/#breadcrumb\"},\"inLanguage\":\"de-DE\",\"potentialAction\":[{\"@type\":\"ReadAction\",\"target\":[\"https:\/\/naughty-curran.136-144-185-207.plesk.page\/de\/collectie\/marke\/marke-eichholtz-zeeland\/cushion-silk-exotic\/\"]}]},{\"@type\":\"ImageObject\",\"inLanguage\":\"de-DE\",\"@id\":\"https:\/\/naughty-curran.136-144-185-207.plesk.page\/de\/collectie\/marke\/marke-eichholtz-zeeland\/cushion-silk-exotic\/#primaryimage\",\"url\":\"https:\/\/naughty-curran.136-144-185-207.plesk.page\/wp-content\/uploads\/2024\/08\/CUSHION-SILK-EXOTIC.jpg\",\"contentUrl\":\"https:\/\/naughty-curran.136-144-185-207.plesk.page\/wp-content\/uploads\/2024\/08\/CUSHION-SILK-EXOTIC.jpg\",\"width\":768,\"height\":978},{\"@type\":\"BreadcrumbList\",\"@id\":\"https:\/\/naughty-curran.136-144-185-207.plesk.page\/de\/collectie\/marke\/marke-eichholtz-zeeland\/cushion-silk-exotic\/#breadcrumb\",\"itemListElement\":[{\"@type\":\"ListItem\",\"position\":1,\"name\":\"Home\",\"item\":\"https:\/\/naughty-curran.136-144-185-207.plesk.page\/de\/\"},{\"@type\":\"ListItem\",\"position\":2,\"name\":\"Kollektion\",\"item\":\"https:\/\/naughty-curran.136-144-185-207.plesk.page\/de\/kollektion\/\"},{\"@type\":\"ListItem\",\"position\":3,\"name\":\"CUSHION SILK EXOTIC&#x2122;\"}]},{\"@type\":\"WebSite\",\"@id\":\"https:\/\/naughty-curran.136-144-185-207.plesk.page\/de\/#website\",\"url\":\"https:\/\/naughty-curran.136-144-185-207.plesk.page\/de\/\",\"name\":\"De Pagter Interieurs\",\"description\":\"M\u00f6belgesch\u00e4fte in Middelburg - Domburg - Veere\",\"potentialAction\":[{\"@type\":\"SearchAction\",\"target\":{\"@type\":\"EntryPoint\",\"urlTemplate\":\"https:\/\/naughty-curran.136-144-185-207.plesk.page\/de\/?s={search_term_string}\"},\"query-input\":{\"@type\":\"PropertyValueSpecification\",\"valueRequired\":true,\"valueName\":\"search_term_string\"}}],\"inLanguage\":\"de-DE\"}]}<\/script>\n<!-- \/ Yoast SEO plugin. -->","yoast_head_json":{"title":"CUSHION SILK EXOTIC&#x2122; - De Pagter Interieurs","description":"Hergestellt in Italien, mit majest\u00e4tischen Dschungelkreaturen und \u00fcppiger tropischer Flora, f\u00fchlt sich dieses luxuri\u00f6se, exotische gro\u00dfe 70 cm gro\u00dfe Kissen wirklich dekadent an. Der goldene Plein-Schriftzug und die Verzierung runden den Look ab.","robots":{"index":"noindex","follow":"follow","max-snippet":"max-snippet:-1","max-image-preview":"max-image-preview:large","max-video-preview":"max-video-preview:-1"},"og_locale":"de_DE","og_type":"article","og_title":"CUSHION SILK EXOTIC&#x2122; - De Pagter Interieurs","og_description":"Hergestellt in Italien, mit majest\u00e4tischen Dschungelkreaturen und \u00fcppiger tropischer Flora, f\u00fchlt sich dieses luxuri\u00f6se, exotische gro\u00dfe 70 cm gro\u00dfe Kissen wirklich dekadent an. Der goldene Plein-Schriftzug und die Verzierung runden den Look ab.","og_url":"https:\/\/naughty-curran.136-144-185-207.plesk.page\/de\/collectie\/marke\/marke-eichholtz-zeeland\/cushion-silk-exotic\/","og_site_name":"De Pagter Interieurs","article_publisher":"https:\/\/www.facebook.com\/depagterinterieurs\/","og_image":[{"width":768,"height":978,"url":"https:\/\/naughty-curran.136-144-185-207.plesk.page\/wp-content\/uploads\/2024\/08\/CUSHION-SILK-EXOTIC.jpg","type":"image\/jpeg"}],"twitter_card":"summary_large_image","schema":{"@context":"https:\/\/schema.org","@graph":[{"@type":"WebPage","@id":"https:\/\/naughty-curran.136-144-185-207.plesk.page\/de\/collectie\/marke\/marke-eichholtz-zeeland\/cushion-silk-exotic\/","url":"https:\/\/naughty-curran.136-144-185-207.plesk.page\/de\/collectie\/marke\/marke-eichholtz-zeeland\/cushion-silk-exotic\/","name":"CUSHION SILK EXOTIC&#x2122; - De Pagter Interieurs","isPartOf":{"@id":"https:\/\/naughty-curran.136-144-185-207.plesk.page\/de\/#website"},"primaryImageOfPage":{"@id":"https:\/\/naughty-curran.136-144-185-207.plesk.page\/de\/collectie\/marke\/marke-eichholtz-zeeland\/cushion-silk-exotic\/#primaryimage"},"image":{"@id":"https:\/\/naughty-curran.136-144-185-207.plesk.page\/de\/collectie\/marke\/marke-eichholtz-zeeland\/cushion-silk-exotic\/#primaryimage"},"thumbnailUrl":"https:\/\/naughty-curran.136-144-185-207.plesk.page\/wp-content\/uploads\/2024\/08\/CUSHION-SILK-EXOTIC.jpg","datePublished":"2024-08-10T13:47:13+00:00","description":"Hergestellt in Italien, mit majest\u00e4tischen Dschungelkreaturen und \u00fcppiger tropischer Flora, f\u00fchlt sich dieses luxuri\u00f6se, exotische gro\u00dfe 70 cm gro\u00dfe Kissen wirklich dekadent an. Der goldene Plein-Schriftzug und die Verzierung runden den Look ab.","breadcrumb":{"@id":"https:\/\/naughty-curran.136-144-185-207.plesk.page\/de\/collectie\/marke\/marke-eichholtz-zeeland\/cushion-silk-exotic\/#breadcrumb"},"inLanguage":"de-DE","potentialAction":[{"@type":"ReadAction","target":["https:\/\/naughty-curran.136-144-185-207.plesk.page\/de\/collectie\/marke\/marke-eichholtz-zeeland\/cushion-silk-exotic\/"]}]},{"@type":"ImageObject","inLanguage":"de-DE","@id":"https:\/\/naughty-curran.136-144-185-207.plesk.page\/de\/collectie\/marke\/marke-eichholtz-zeeland\/cushion-silk-exotic\/#primaryimage","url":"https:\/\/naughty-curran.136-144-185-207.plesk.page\/wp-content\/uploads\/2024\/08\/CUSHION-SILK-EXOTIC.jpg","contentUrl":"https:\/\/naughty-curran.136-144-185-207.plesk.page\/wp-content\/uploads\/2024\/08\/CUSHION-SILK-EXOTIC.jpg","width":768,"height":978},{"@type":"BreadcrumbList","@id":"https:\/\/naughty-curran.136-144-185-207.plesk.page\/de\/collectie\/marke\/marke-eichholtz-zeeland\/cushion-silk-exotic\/#breadcrumb","itemListElement":[{"@type":"ListItem","position":1,"name":"Home","item":"https:\/\/naughty-curran.136-144-185-207.plesk.page\/de\/"},{"@type":"ListItem","position":2,"name":"Kollektion","item":"https:\/\/naughty-curran.136-144-185-207.plesk.page\/de\/kollektion\/"},{"@type":"ListItem","position":3,"name":"CUSHION SILK EXOTIC&#x2122;"}]},{"@type":"WebSite","@id":"https:\/\/naughty-curran.136-144-185-207.plesk.page\/de\/#website","url":"https:\/\/naughty-curran.136-144-185-207.plesk.page\/de\/","name":"De Pagter Interieurs","description":"M\u00f6belgesch\u00e4fte in Middelburg - Domburg - Veere","potentialAction":[{"@type":"SearchAction","target":{"@type":"EntryPoint","urlTemplate":"https:\/\/naughty-curran.136-144-185-207.plesk.page\/de\/?s={search_term_string}"},"query-input":{"@type":"PropertyValueSpecification","valueRequired":true,"valueName":"search_term_string"}}],"inLanguage":"de-DE"}]}},"_links":{"self":[{"href":"https:\/\/naughty-curran.136-144-185-207.plesk.page\/de\/wp-json\/wp\/v2\/product\/122695","targetHints":{"allow":["GET"]}}],"collection":[{"href":"https:\/\/naughty-curran.136-144-185-207.plesk.page\/de\/wp-json\/wp\/v2\/product"}],"about":[{"href":"https:\/\/naughty-curran.136-144-185-207.plesk.page\/de\/wp-json\/wp\/v2\/types\/product"}],"wp:featuredmedia":[{"embeddable":true,"href":"https:\/\/naughty-curran.136-144-185-207.plesk.page\/de\/wp-json\/wp\/v2\/media\/122672"}],"wp:attachment":[{"href":"https:\/\/naughty-curran.136-144-185-207.plesk.page\/de\/wp-json\/wp\/v2\/media?parent=122695"}],"wp:term":[{"taxonomy":"product_brand","embeddable":true,"href":"https:\/\/naughty-curran.136-144-185-207.plesk.page\/de\/wp-json\/wp\/v2\/product_brand?post=122695"},{"taxonomy":"product_cat","embeddable":true,"href":"https:\/\/naughty-curran.136-144-185-207.plesk.page\/de\/wp-json\/wp\/v2\/product_cat?post=122695"},{"taxonomy":"product_tag","embeddable":true,"href":"https:\/\/naughty-curran.136-144-185-207.plesk.page\/de\/wp-json\/wp\/v2\/product_tag?post=122695"}],"curies":[{"name":"wp","href":"https:\/\/api.w.org\/{rel}","templated":true}]}}