{"id":124440,"date":"2024-09-02T11:27:30","date_gmt":"2024-09-02T10:34:23","guid":{"rendered":"https:\/\/depagterinterieurs.nl\/collectie\/unkategorisiert\/sofa-icon\/"},"modified":"2024-09-02T11:34:23","modified_gmt":"2024-09-02T10:34:23","slug":"sofa-icon","status":"publish","type":"product","link":"https:\/\/naughty-curran.136-144-185-207.plesk.page\/de\/collectie\/marke\/marke-eichholtz-zeeland\/sofa-icon\/","title":{"rendered":"Sofa Icon&#x2122;"},"content":{"rendered":"","protected":false},"excerpt":{"rendered":"<p>Die geschwungene, organische Form des Sofas Icon hat eine sch\u00f6ne Fluidit\u00e4t und in den H\u00e4nden von Philipp Plein ist es mit seiner wei\u00dfen, lasergeschnittenen Samtpolsterung mit Logo sofort frisch und originell.<br \/>\nDas Aufblitzen des antiken Messings auf dem Sockel verspr\u00fcht Faszination. <\/p>\n","protected":false},"featured_media":124313,"template":"","meta":{"_monsterinsights_skip_tracking":false,"_monsterinsights_sitenote_active":false,"_monsterinsights_sitenote_note":"","_monsterinsights_sitenote_category":0},"product_brand":[],"product_cat":[398,399,361,367,90,271],"product_tag":[],"class_list":{"0":"post-124440","1":"product","2":"type-product","3":"status-publish","4":"has-post-thumbnail","6":"product_cat-marke-eichholtz-zeeland","7":"product_cat-marke","8":"product_cat-philipp-plein-x-eichholtz","9":"product_cat-sofas-de","10":"product_cat-sofas-sessel","11":"product_cat-angebot","13":"first","14":"instock","15":"sale","16":"shipping-taxable","17":"purchasable","18":"product-type-simple"},"yoast_head":"<!-- This site is optimized with the Yoast SEO plugin v25.8 - https:\/\/yoast.com\/wordpress\/plugins\/seo\/ -->\n<title>Sofa Icon&#x2122; - De Pagter Interieurs<\/title>\n<meta name=\"description\" content=\"Die geschwungene, organische Form des Sofas Icon hat eine sch\u00f6ne Fluidit\u00e4t und in den H\u00e4nden von Philipp Plein ist es mit seiner wei\u00dfen, lasergeschnittenen Samtpolsterung mit Logo sofort frisch und originell. Das Aufblitzen des antiken Messings auf dem Sockel verspr\u00fcht Faszination.\" \/>\n<meta name=\"robots\" content=\"noindex, follow, max-snippet:-1, max-image-preview:large, max-video-preview:-1\" \/>\n<meta property=\"og:locale\" content=\"de_DE\" \/>\n<meta property=\"og:type\" content=\"article\" \/>\n<meta property=\"og:title\" content=\"Sofa Icon&#x2122; - De Pagter Interieurs\" \/>\n<meta property=\"og:description\" content=\"Die geschwungene, organische Form des Sofas Icon hat eine sch\u00f6ne Fluidit\u00e4t und in den H\u00e4nden von Philipp Plein ist es mit seiner wei\u00dfen, lasergeschnittenen Samtpolsterung mit Logo sofort frisch und originell. Das Aufblitzen des antiken Messings auf dem Sockel verspr\u00fcht Faszination.\" \/>\n<meta property=\"og:url\" content=\"https:\/\/naughty-curran.136-144-185-207.plesk.page\/de\/collectie\/marke\/marke-eichholtz-zeeland\/sofa-icon\/\" \/>\n<meta property=\"og:site_name\" content=\"De Pagter Interieurs\" \/>\n<meta property=\"article:publisher\" content=\"https:\/\/www.facebook.com\/depagterinterieurs\/\" \/>\n<meta property=\"og:image\" content=\"https:\/\/naughty-curran.136-144-185-207.plesk.page\/wp-content\/uploads\/2024\/09\/Naamloos.png\" \/>\n\t<meta property=\"og:image:width\" content=\"936\" \/>\n\t<meta property=\"og:image:height\" content=\"936\" \/>\n\t<meta property=\"og:image:type\" content=\"image\/png\" \/>\n<meta name=\"twitter:card\" content=\"summary_large_image\" \/>\n<script type=\"application\/ld+json\" class=\"yoast-schema-graph\">{\"@context\":\"https:\/\/schema.org\",\"@graph\":[{\"@type\":\"WebPage\",\"@id\":\"https:\/\/naughty-curran.136-144-185-207.plesk.page\/de\/collectie\/marke\/marke-eichholtz-zeeland\/sofa-icon\/\",\"url\":\"https:\/\/naughty-curran.136-144-185-207.plesk.page\/de\/collectie\/marke\/marke-eichholtz-zeeland\/sofa-icon\/\",\"name\":\"Sofa Icon&#x2122; - De Pagter Interieurs\",\"isPartOf\":{\"@id\":\"https:\/\/naughty-curran.136-144-185-207.plesk.page\/de\/#website\"},\"primaryImageOfPage\":{\"@id\":\"https:\/\/naughty-curran.136-144-185-207.plesk.page\/de\/collectie\/marke\/marke-eichholtz-zeeland\/sofa-icon\/#primaryimage\"},\"image\":{\"@id\":\"https:\/\/naughty-curran.136-144-185-207.plesk.page\/de\/collectie\/marke\/marke-eichholtz-zeeland\/sofa-icon\/#primaryimage\"},\"thumbnailUrl\":\"https:\/\/naughty-curran.136-144-185-207.plesk.page\/wp-content\/uploads\/2024\/09\/Naamloos.png\",\"datePublished\":\"2024-09-02T10:34:23+00:00\",\"description\":\"Die geschwungene, organische Form des Sofas Icon hat eine sch\u00f6ne Fluidit\u00e4t und in den H\u00e4nden von Philipp Plein ist es mit seiner wei\u00dfen, lasergeschnittenen Samtpolsterung mit Logo sofort frisch und originell. Das Aufblitzen des antiken Messings auf dem Sockel verspr\u00fcht Faszination.\",\"breadcrumb\":{\"@id\":\"https:\/\/naughty-curran.136-144-185-207.plesk.page\/de\/collectie\/marke\/marke-eichholtz-zeeland\/sofa-icon\/#breadcrumb\"},\"inLanguage\":\"de-DE\",\"potentialAction\":[{\"@type\":\"ReadAction\",\"target\":[\"https:\/\/naughty-curran.136-144-185-207.plesk.page\/de\/collectie\/marke\/marke-eichholtz-zeeland\/sofa-icon\/\"]}]},{\"@type\":\"ImageObject\",\"inLanguage\":\"de-DE\",\"@id\":\"https:\/\/naughty-curran.136-144-185-207.plesk.page\/de\/collectie\/marke\/marke-eichholtz-zeeland\/sofa-icon\/#primaryimage\",\"url\":\"https:\/\/naughty-curran.136-144-185-207.plesk.page\/wp-content\/uploads\/2024\/09\/Naamloos.png\",\"contentUrl\":\"https:\/\/naughty-curran.136-144-185-207.plesk.page\/wp-content\/uploads\/2024\/09\/Naamloos.png\",\"width\":936,\"height\":936},{\"@type\":\"BreadcrumbList\",\"@id\":\"https:\/\/naughty-curran.136-144-185-207.plesk.page\/de\/collectie\/marke\/marke-eichholtz-zeeland\/sofa-icon\/#breadcrumb\",\"itemListElement\":[{\"@type\":\"ListItem\",\"position\":1,\"name\":\"Home\",\"item\":\"https:\/\/naughty-curran.136-144-185-207.plesk.page\/de\/\"},{\"@type\":\"ListItem\",\"position\":2,\"name\":\"Kollektion\",\"item\":\"https:\/\/naughty-curran.136-144-185-207.plesk.page\/de\/kollektion\/\"},{\"@type\":\"ListItem\",\"position\":3,\"name\":\"Sofa Icon&#x2122;\"}]},{\"@type\":\"WebSite\",\"@id\":\"https:\/\/naughty-curran.136-144-185-207.plesk.page\/de\/#website\",\"url\":\"https:\/\/naughty-curran.136-144-185-207.plesk.page\/de\/\",\"name\":\"De Pagter Interieurs\",\"description\":\"M\u00f6belgesch\u00e4fte in Middelburg - Domburg - Veere\",\"potentialAction\":[{\"@type\":\"SearchAction\",\"target\":{\"@type\":\"EntryPoint\",\"urlTemplate\":\"https:\/\/naughty-curran.136-144-185-207.plesk.page\/de\/?s={search_term_string}\"},\"query-input\":{\"@type\":\"PropertyValueSpecification\",\"valueRequired\":true,\"valueName\":\"search_term_string\"}}],\"inLanguage\":\"de-DE\"}]}<\/script>\n<!-- \/ Yoast SEO plugin. -->","yoast_head_json":{"title":"Sofa Icon&#x2122; - De Pagter Interieurs","description":"Die geschwungene, organische Form des Sofas Icon hat eine sch\u00f6ne Fluidit\u00e4t und in den H\u00e4nden von Philipp Plein ist es mit seiner wei\u00dfen, lasergeschnittenen Samtpolsterung mit Logo sofort frisch und originell. Das Aufblitzen des antiken Messings auf dem Sockel verspr\u00fcht Faszination.","robots":{"index":"noindex","follow":"follow","max-snippet":"max-snippet:-1","max-image-preview":"max-image-preview:large","max-video-preview":"max-video-preview:-1"},"og_locale":"de_DE","og_type":"article","og_title":"Sofa Icon&#x2122; - De Pagter Interieurs","og_description":"Die geschwungene, organische Form des Sofas Icon hat eine sch\u00f6ne Fluidit\u00e4t und in den H\u00e4nden von Philipp Plein ist es mit seiner wei\u00dfen, lasergeschnittenen Samtpolsterung mit Logo sofort frisch und originell. Das Aufblitzen des antiken Messings auf dem Sockel verspr\u00fcht Faszination.","og_url":"https:\/\/naughty-curran.136-144-185-207.plesk.page\/de\/collectie\/marke\/marke-eichholtz-zeeland\/sofa-icon\/","og_site_name":"De Pagter Interieurs","article_publisher":"https:\/\/www.facebook.com\/depagterinterieurs\/","og_image":[{"width":936,"height":936,"url":"https:\/\/naughty-curran.136-144-185-207.plesk.page\/wp-content\/uploads\/2024\/09\/Naamloos.png","type":"image\/png"}],"twitter_card":"summary_large_image","schema":{"@context":"https:\/\/schema.org","@graph":[{"@type":"WebPage","@id":"https:\/\/naughty-curran.136-144-185-207.plesk.page\/de\/collectie\/marke\/marke-eichholtz-zeeland\/sofa-icon\/","url":"https:\/\/naughty-curran.136-144-185-207.plesk.page\/de\/collectie\/marke\/marke-eichholtz-zeeland\/sofa-icon\/","name":"Sofa Icon&#x2122; - De Pagter Interieurs","isPartOf":{"@id":"https:\/\/naughty-curran.136-144-185-207.plesk.page\/de\/#website"},"primaryImageOfPage":{"@id":"https:\/\/naughty-curran.136-144-185-207.plesk.page\/de\/collectie\/marke\/marke-eichholtz-zeeland\/sofa-icon\/#primaryimage"},"image":{"@id":"https:\/\/naughty-curran.136-144-185-207.plesk.page\/de\/collectie\/marke\/marke-eichholtz-zeeland\/sofa-icon\/#primaryimage"},"thumbnailUrl":"https:\/\/naughty-curran.136-144-185-207.plesk.page\/wp-content\/uploads\/2024\/09\/Naamloos.png","datePublished":"2024-09-02T10:34:23+00:00","description":"Die geschwungene, organische Form des Sofas Icon hat eine sch\u00f6ne Fluidit\u00e4t und in den H\u00e4nden von Philipp Plein ist es mit seiner wei\u00dfen, lasergeschnittenen Samtpolsterung mit Logo sofort frisch und originell. Das Aufblitzen des antiken Messings auf dem Sockel verspr\u00fcht Faszination.","breadcrumb":{"@id":"https:\/\/naughty-curran.136-144-185-207.plesk.page\/de\/collectie\/marke\/marke-eichholtz-zeeland\/sofa-icon\/#breadcrumb"},"inLanguage":"de-DE","potentialAction":[{"@type":"ReadAction","target":["https:\/\/naughty-curran.136-144-185-207.plesk.page\/de\/collectie\/marke\/marke-eichholtz-zeeland\/sofa-icon\/"]}]},{"@type":"ImageObject","inLanguage":"de-DE","@id":"https:\/\/naughty-curran.136-144-185-207.plesk.page\/de\/collectie\/marke\/marke-eichholtz-zeeland\/sofa-icon\/#primaryimage","url":"https:\/\/naughty-curran.136-144-185-207.plesk.page\/wp-content\/uploads\/2024\/09\/Naamloos.png","contentUrl":"https:\/\/naughty-curran.136-144-185-207.plesk.page\/wp-content\/uploads\/2024\/09\/Naamloos.png","width":936,"height":936},{"@type":"BreadcrumbList","@id":"https:\/\/naughty-curran.136-144-185-207.plesk.page\/de\/collectie\/marke\/marke-eichholtz-zeeland\/sofa-icon\/#breadcrumb","itemListElement":[{"@type":"ListItem","position":1,"name":"Home","item":"https:\/\/naughty-curran.136-144-185-207.plesk.page\/de\/"},{"@type":"ListItem","position":2,"name":"Kollektion","item":"https:\/\/naughty-curran.136-144-185-207.plesk.page\/de\/kollektion\/"},{"@type":"ListItem","position":3,"name":"Sofa Icon&#x2122;"}]},{"@type":"WebSite","@id":"https:\/\/naughty-curran.136-144-185-207.plesk.page\/de\/#website","url":"https:\/\/naughty-curran.136-144-185-207.plesk.page\/de\/","name":"De Pagter Interieurs","description":"M\u00f6belgesch\u00e4fte in Middelburg - Domburg - Veere","potentialAction":[{"@type":"SearchAction","target":{"@type":"EntryPoint","urlTemplate":"https:\/\/naughty-curran.136-144-185-207.plesk.page\/de\/?s={search_term_string}"},"query-input":{"@type":"PropertyValueSpecification","valueRequired":true,"valueName":"search_term_string"}}],"inLanguage":"de-DE"}]}},"_links":{"self":[{"href":"https:\/\/naughty-curran.136-144-185-207.plesk.page\/de\/wp-json\/wp\/v2\/product\/124440","targetHints":{"allow":["GET"]}}],"collection":[{"href":"https:\/\/naughty-curran.136-144-185-207.plesk.page\/de\/wp-json\/wp\/v2\/product"}],"about":[{"href":"https:\/\/naughty-curran.136-144-185-207.plesk.page\/de\/wp-json\/wp\/v2\/types\/product"}],"wp:featuredmedia":[{"embeddable":true,"href":"https:\/\/naughty-curran.136-144-185-207.plesk.page\/de\/wp-json\/wp\/v2\/media\/124313"}],"wp:attachment":[{"href":"https:\/\/naughty-curran.136-144-185-207.plesk.page\/de\/wp-json\/wp\/v2\/media?parent=124440"}],"wp:term":[{"taxonomy":"product_brand","embeddable":true,"href":"https:\/\/naughty-curran.136-144-185-207.plesk.page\/de\/wp-json\/wp\/v2\/product_brand?post=124440"},{"taxonomy":"product_cat","embeddable":true,"href":"https:\/\/naughty-curran.136-144-185-207.plesk.page\/de\/wp-json\/wp\/v2\/product_cat?post=124440"},{"taxonomy":"product_tag","embeddable":true,"href":"https:\/\/naughty-curran.136-144-185-207.plesk.page\/de\/wp-json\/wp\/v2\/product_tag?post=124440"}],"curies":[{"name":"wp","href":"https:\/\/api.w.org\/{rel}","templated":true}]}}