{"id":167073,"date":"2025-09-15T12:43:08","date_gmt":"2025-09-15T11:43:08","guid":{"rendered":"https:\/\/depagterinterieurs.nl\/collectie\/uncategorized\/couchtisch-modena-rund\/"},"modified":"2025-09-15T16:26:06","modified_gmt":"2025-09-15T15:26:06","slug":"couchtisch-modena-rund","status":"publish","type":"product","link":"https:\/\/naughty-curran.136-144-185-207.plesk.page\/de\/collectie\/marke\/eppic-de\/couchtisch-modena-rund\/","title":{"rendered":"Couchtisch Modena Rund"},"content":{"rendered":"","protected":false},"excerpt":{"rendered":"<p>Der Couchtisch Modena ist aus Eichenholz gefertigt, in der Farbe Forrest und in der Form: Rund 90CM &amp; Rund 70CM.<br \/>\nDie Tischplatte wird von einem Metallbein &#8216;Crowle&#8217; in Schwarz<\/p>\n<p>getragen. Der Preis gilt f\u00fcr den Couchtisch von 90CM.<br \/>\n<strong>Der 70CM Couchtisch kostet 450 Euro. <\/strong><\/p>\n<p>Sehen Sie <a href=\"https:\/\/naughty-curran.136-144-185-207.plesk.page\/wp-content\/uploads\/2025\/09\/EEPIC-Salontafels-1.pdf\"><strong>sich hier<\/strong><\/a> alle M\u00f6glichkeiten f\u00fcr die Couchtische an.<\/p>\n","protected":false},"featured_media":166895,"template":"","meta":{"_monsterinsights_skip_tracking":false,"_monsterinsights_sitenote_active":false,"_monsterinsights_sitenote_note":"","_monsterinsights_sitenote_category":0},"product_brand":[],"product_cat":[399,1290,101,342],"product_tag":[],"class_list":{"0":"post-167073","1":"product","2":"type-product","3":"status-publish","4":"has-post-thumbnail","6":"product_cat-marke","7":"product_cat-eppic-de","8":"product_cat-wand-und-couchtische","9":"product_cat-couchtische","11":"first","12":"instock","13":"shipping-taxable","14":"purchasable","15":"product-type-simple"},"yoast_head":"<!-- This site is optimized with the Yoast SEO plugin v25.8 - https:\/\/yoast.com\/wordpress\/plugins\/seo\/ -->\n<title>Couchtisch Modena Rund - De Pagter Interieurs<\/title>\n<meta name=\"description\" content=\"Der Couchtisch Modena ist aus Eichenholz gefertigt, in der Farbe Forrest und in der Form: Rund 90CM &amp; Rund 70CM. Die Tischplatte wird von einem Metallbein &#039;Crowle&#039; in Schwarz getragen. Der Preis gilt f\u00fcr den Couchtisch von 90CM. Der 70CM Couchtisch kostet 450 Euro. Sehen Sie sich hier alle M\u00f6glichkeiten f\u00fcr die Couchtische an.\" \/>\n<meta name=\"robots\" content=\"noindex, follow, max-snippet:-1, max-image-preview:large, max-video-preview:-1\" \/>\n<meta property=\"og:locale\" content=\"de_DE\" \/>\n<meta property=\"og:type\" content=\"article\" \/>\n<meta property=\"og:title\" content=\"Couchtisch Modena Rund - De Pagter Interieurs\" \/>\n<meta property=\"og:description\" content=\"Der Couchtisch Modena ist aus Eichenholz gefertigt, in der Farbe Forrest und in der Form: Rund 90CM &amp; Rund 70CM. Die Tischplatte wird von einem Metallbein &#039;Crowle&#039; in Schwarz getragen. Der Preis gilt f\u00fcr den Couchtisch von 90CM. Der 70CM Couchtisch kostet 450 Euro. Sehen Sie sich hier alle M\u00f6glichkeiten f\u00fcr die Couchtische an.\" \/>\n<meta property=\"og:url\" content=\"https:\/\/naughty-curran.136-144-185-207.plesk.page\/de\/collectie\/marke\/eppic-de\/couchtisch-modena-rund\/\" \/>\n<meta property=\"og:site_name\" content=\"De Pagter Interieurs\" \/>\n<meta property=\"article:publisher\" content=\"https:\/\/www.facebook.com\/depagterinterieurs\/\" \/>\n<meta property=\"article:modified_time\" content=\"2025-09-15T15:26:06+00:00\" \/>\n<meta property=\"og:image\" content=\"https:\/\/naughty-curran.136-144-185-207.plesk.page\/wp-content\/uploads\/2025\/09\/IMG_9591.jpg\" \/>\n\t<meta property=\"og:image:width\" content=\"1024\" \/>\n\t<meta property=\"og:image:height\" content=\"768\" \/>\n\t<meta property=\"og:image:type\" content=\"image\/jpeg\" \/>\n<meta name=\"twitter:card\" content=\"summary_large_image\" \/>\n<script type=\"application\/ld+json\" class=\"yoast-schema-graph\">{\"@context\":\"https:\/\/schema.org\",\"@graph\":[{\"@type\":\"WebPage\",\"@id\":\"https:\/\/naughty-curran.136-144-185-207.plesk.page\/de\/collectie\/marke\/eppic-de\/couchtisch-modena-rund\/\",\"url\":\"https:\/\/naughty-curran.136-144-185-207.plesk.page\/de\/collectie\/marke\/eppic-de\/couchtisch-modena-rund\/\",\"name\":\"Couchtisch Modena Rund - De Pagter Interieurs\",\"isPartOf\":{\"@id\":\"https:\/\/naughty-curran.136-144-185-207.plesk.page\/de\/#website\"},\"primaryImageOfPage\":{\"@id\":\"https:\/\/naughty-curran.136-144-185-207.plesk.page\/de\/collectie\/marke\/eppic-de\/couchtisch-modena-rund\/#primaryimage\"},\"image\":{\"@id\":\"https:\/\/naughty-curran.136-144-185-207.plesk.page\/de\/collectie\/marke\/eppic-de\/couchtisch-modena-rund\/#primaryimage\"},\"thumbnailUrl\":\"https:\/\/naughty-curran.136-144-185-207.plesk.page\/wp-content\/uploads\/2025\/09\/IMG_9591.jpg\",\"datePublished\":\"2025-09-15T11:43:08+00:00\",\"dateModified\":\"2025-09-15T15:26:06+00:00\",\"description\":\"Der Couchtisch Modena ist aus Eichenholz gefertigt, in der Farbe Forrest und in der Form: Rund 90CM & Rund 70CM. Die Tischplatte wird von einem Metallbein 'Crowle' in Schwarz getragen. Der Preis gilt f\u00fcr den Couchtisch von 90CM. Der 70CM Couchtisch kostet 450 Euro. Sehen Sie sich hier alle M\u00f6glichkeiten f\u00fcr die Couchtische an.\",\"breadcrumb\":{\"@id\":\"https:\/\/naughty-curran.136-144-185-207.plesk.page\/de\/collectie\/marke\/eppic-de\/couchtisch-modena-rund\/#breadcrumb\"},\"inLanguage\":\"de-DE\",\"potentialAction\":[{\"@type\":\"ReadAction\",\"target\":[\"https:\/\/naughty-curran.136-144-185-207.plesk.page\/de\/collectie\/marke\/eppic-de\/couchtisch-modena-rund\/\"]}]},{\"@type\":\"ImageObject\",\"inLanguage\":\"de-DE\",\"@id\":\"https:\/\/naughty-curran.136-144-185-207.plesk.page\/de\/collectie\/marke\/eppic-de\/couchtisch-modena-rund\/#primaryimage\",\"url\":\"https:\/\/naughty-curran.136-144-185-207.plesk.page\/wp-content\/uploads\/2025\/09\/IMG_9591.jpg\",\"contentUrl\":\"https:\/\/naughty-curran.136-144-185-207.plesk.page\/wp-content\/uploads\/2025\/09\/IMG_9591.jpg\",\"width\":1024,\"height\":768},{\"@type\":\"BreadcrumbList\",\"@id\":\"https:\/\/naughty-curran.136-144-185-207.plesk.page\/de\/collectie\/marke\/eppic-de\/couchtisch-modena-rund\/#breadcrumb\",\"itemListElement\":[{\"@type\":\"ListItem\",\"position\":1,\"name\":\"Home\",\"item\":\"https:\/\/naughty-curran.136-144-185-207.plesk.page\/de\/\"},{\"@type\":\"ListItem\",\"position\":2,\"name\":\"Kollektion\",\"item\":\"https:\/\/naughty-curran.136-144-185-207.plesk.page\/de\/kollektion\/\"},{\"@type\":\"ListItem\",\"position\":3,\"name\":\"Couchtisch Modena Rund\"}]},{\"@type\":\"WebSite\",\"@id\":\"https:\/\/naughty-curran.136-144-185-207.plesk.page\/de\/#website\",\"url\":\"https:\/\/naughty-curran.136-144-185-207.plesk.page\/de\/\",\"name\":\"De Pagter Interieurs\",\"description\":\"M\u00f6belgesch\u00e4fte in Middelburg - Domburg - Veere\",\"potentialAction\":[{\"@type\":\"SearchAction\",\"target\":{\"@type\":\"EntryPoint\",\"urlTemplate\":\"https:\/\/naughty-curran.136-144-185-207.plesk.page\/de\/?s={search_term_string}\"},\"query-input\":{\"@type\":\"PropertyValueSpecification\",\"valueRequired\":true,\"valueName\":\"search_term_string\"}}],\"inLanguage\":\"de-DE\"}]}<\/script>\n<!-- \/ Yoast SEO plugin. -->","yoast_head_json":{"title":"Couchtisch Modena Rund - De Pagter Interieurs","description":"Der Couchtisch Modena ist aus Eichenholz gefertigt, in der Farbe Forrest und in der Form: Rund 90CM & Rund 70CM. Die Tischplatte wird von einem Metallbein 'Crowle' in Schwarz getragen. Der Preis gilt f\u00fcr den Couchtisch von 90CM. Der 70CM Couchtisch kostet 450 Euro. Sehen Sie sich hier alle M\u00f6glichkeiten f\u00fcr die Couchtische an.","robots":{"index":"noindex","follow":"follow","max-snippet":"max-snippet:-1","max-image-preview":"max-image-preview:large","max-video-preview":"max-video-preview:-1"},"og_locale":"de_DE","og_type":"article","og_title":"Couchtisch Modena Rund - De Pagter Interieurs","og_description":"Der Couchtisch Modena ist aus Eichenholz gefertigt, in der Farbe Forrest und in der Form: Rund 90CM & Rund 70CM. Die Tischplatte wird von einem Metallbein 'Crowle' in Schwarz getragen. Der Preis gilt f\u00fcr den Couchtisch von 90CM. Der 70CM Couchtisch kostet 450 Euro. Sehen Sie sich hier alle M\u00f6glichkeiten f\u00fcr die Couchtische an.","og_url":"https:\/\/naughty-curran.136-144-185-207.plesk.page\/de\/collectie\/marke\/eppic-de\/couchtisch-modena-rund\/","og_site_name":"De Pagter Interieurs","article_publisher":"https:\/\/www.facebook.com\/depagterinterieurs\/","article_modified_time":"2025-09-15T15:26:06+00:00","og_image":[{"width":1024,"height":768,"url":"https:\/\/naughty-curran.136-144-185-207.plesk.page\/wp-content\/uploads\/2025\/09\/IMG_9591.jpg","type":"image\/jpeg"}],"twitter_card":"summary_large_image","schema":{"@context":"https:\/\/schema.org","@graph":[{"@type":"WebPage","@id":"https:\/\/naughty-curran.136-144-185-207.plesk.page\/de\/collectie\/marke\/eppic-de\/couchtisch-modena-rund\/","url":"https:\/\/naughty-curran.136-144-185-207.plesk.page\/de\/collectie\/marke\/eppic-de\/couchtisch-modena-rund\/","name":"Couchtisch Modena Rund - De Pagter Interieurs","isPartOf":{"@id":"https:\/\/naughty-curran.136-144-185-207.plesk.page\/de\/#website"},"primaryImageOfPage":{"@id":"https:\/\/naughty-curran.136-144-185-207.plesk.page\/de\/collectie\/marke\/eppic-de\/couchtisch-modena-rund\/#primaryimage"},"image":{"@id":"https:\/\/naughty-curran.136-144-185-207.plesk.page\/de\/collectie\/marke\/eppic-de\/couchtisch-modena-rund\/#primaryimage"},"thumbnailUrl":"https:\/\/naughty-curran.136-144-185-207.plesk.page\/wp-content\/uploads\/2025\/09\/IMG_9591.jpg","datePublished":"2025-09-15T11:43:08+00:00","dateModified":"2025-09-15T15:26:06+00:00","description":"Der Couchtisch Modena ist aus Eichenholz gefertigt, in der Farbe Forrest und in der Form: Rund 90CM & Rund 70CM. Die Tischplatte wird von einem Metallbein 'Crowle' in Schwarz getragen. Der Preis gilt f\u00fcr den Couchtisch von 90CM. Der 70CM Couchtisch kostet 450 Euro. Sehen Sie sich hier alle M\u00f6glichkeiten f\u00fcr die Couchtische an.","breadcrumb":{"@id":"https:\/\/naughty-curran.136-144-185-207.plesk.page\/de\/collectie\/marke\/eppic-de\/couchtisch-modena-rund\/#breadcrumb"},"inLanguage":"de-DE","potentialAction":[{"@type":"ReadAction","target":["https:\/\/naughty-curran.136-144-185-207.plesk.page\/de\/collectie\/marke\/eppic-de\/couchtisch-modena-rund\/"]}]},{"@type":"ImageObject","inLanguage":"de-DE","@id":"https:\/\/naughty-curran.136-144-185-207.plesk.page\/de\/collectie\/marke\/eppic-de\/couchtisch-modena-rund\/#primaryimage","url":"https:\/\/naughty-curran.136-144-185-207.plesk.page\/wp-content\/uploads\/2025\/09\/IMG_9591.jpg","contentUrl":"https:\/\/naughty-curran.136-144-185-207.plesk.page\/wp-content\/uploads\/2025\/09\/IMG_9591.jpg","width":1024,"height":768},{"@type":"BreadcrumbList","@id":"https:\/\/naughty-curran.136-144-185-207.plesk.page\/de\/collectie\/marke\/eppic-de\/couchtisch-modena-rund\/#breadcrumb","itemListElement":[{"@type":"ListItem","position":1,"name":"Home","item":"https:\/\/naughty-curran.136-144-185-207.plesk.page\/de\/"},{"@type":"ListItem","position":2,"name":"Kollektion","item":"https:\/\/naughty-curran.136-144-185-207.plesk.page\/de\/kollektion\/"},{"@type":"ListItem","position":3,"name":"Couchtisch Modena Rund"}]},{"@type":"WebSite","@id":"https:\/\/naughty-curran.136-144-185-207.plesk.page\/de\/#website","url":"https:\/\/naughty-curran.136-144-185-207.plesk.page\/de\/","name":"De Pagter Interieurs","description":"M\u00f6belgesch\u00e4fte in Middelburg - Domburg - Veere","potentialAction":[{"@type":"SearchAction","target":{"@type":"EntryPoint","urlTemplate":"https:\/\/naughty-curran.136-144-185-207.plesk.page\/de\/?s={search_term_string}"},"query-input":{"@type":"PropertyValueSpecification","valueRequired":true,"valueName":"search_term_string"}}],"inLanguage":"de-DE"}]}},"_links":{"self":[{"href":"https:\/\/naughty-curran.136-144-185-207.plesk.page\/de\/wp-json\/wp\/v2\/product\/167073","targetHints":{"allow":["GET"]}}],"collection":[{"href":"https:\/\/naughty-curran.136-144-185-207.plesk.page\/de\/wp-json\/wp\/v2\/product"}],"about":[{"href":"https:\/\/naughty-curran.136-144-185-207.plesk.page\/de\/wp-json\/wp\/v2\/types\/product"}],"wp:featuredmedia":[{"embeddable":true,"href":"https:\/\/naughty-curran.136-144-185-207.plesk.page\/de\/wp-json\/wp\/v2\/media\/166895"}],"wp:attachment":[{"href":"https:\/\/naughty-curran.136-144-185-207.plesk.page\/de\/wp-json\/wp\/v2\/media?parent=167073"}],"wp:term":[{"taxonomy":"product_brand","embeddable":true,"href":"https:\/\/naughty-curran.136-144-185-207.plesk.page\/de\/wp-json\/wp\/v2\/product_brand?post=167073"},{"taxonomy":"product_cat","embeddable":true,"href":"https:\/\/naughty-curran.136-144-185-207.plesk.page\/de\/wp-json\/wp\/v2\/product_cat?post=167073"},{"taxonomy":"product_tag","embeddable":true,"href":"https:\/\/naughty-curran.136-144-185-207.plesk.page\/de\/wp-json\/wp\/v2\/product_tag?post=167073"}],"curies":[{"name":"wp","href":"https:\/\/api.w.org\/{rel}","templated":true}]}}