{"id":60284,"date":"2022-01-29T09:27:56","date_gmt":"2022-01-29T08:29:07","guid":{"rendered":"https:\/\/depagterinterieurs.nl\/collectie\/unkategorisiert\/stuhl-cactus\/"},"modified":"2022-01-29T09:29:07","modified_gmt":"2022-01-29T08:29:07","slug":"stuhl-cactus","status":"publish","type":"product","link":"https:\/\/naughty-curran.136-144-185-207.plesk.page\/de\/collectie\/stuhle\/stuhl-cactus\/","title":{"rendered":"Stuhl Cactus"},"content":{"rendered":"","protected":false},"excerpt":{"rendered":"<p>Esszimmerstuhl Cactus, mit Armlehne. Aufgef\u00fchrt in Afrika &#8211; Walnuss.<\/p>\n<p>Armh\u00f6he: 69 cm.<\/p>\n<p>Der Preis gilt f\u00fcr das abgebildete Modell.<\/p>\n<p><a href=\"https:\/\/naughty-curran.136-144-185-207.plesk.page\/wp-content\/uploads\/2021\/06\/CACTUS-BACCHUS-MOCCA-NL-01-07-2021.pdf\"><strong>Hier<\/strong><\/a> k\u00f6nnen Sie alle Optionen anzeigen.<\/p>\n","protected":false},"featured_media":60270,"template":"","meta":{"_monsterinsights_skip_tracking":false,"_monsterinsights_sitenote_active":false,"_monsterinsights_sitenote_note":"","_monsterinsights_sitenote_category":0},"product_brand":[],"product_cat":[98],"product_tag":[],"class_list":{"0":"post-60284","1":"product","2":"type-product","3":"status-publish","4":"has-post-thumbnail","6":"product_cat-stuhle","8":"first","9":"instock","10":"shipping-taxable","11":"purchasable","12":"product-type-simple"},"yoast_head":"<!-- This site is optimized with the Yoast SEO plugin v25.8 - https:\/\/yoast.com\/wordpress\/plugins\/seo\/ -->\n<title>Stuhl Cactus - De Pagter Interieurs<\/title>\n<meta name=\"description\" content=\"Esszimmerstuhl Cactus, mit Armlehne. Aufgef\u00fchrt in Afrika - Walnuss. Armh\u00f6he: 69 cm. Hier k\u00f6nnen Sie alle Optionen anzeigen.\" \/>\n<meta name=\"robots\" content=\"noindex, follow, max-snippet:-1, max-image-preview:large, max-video-preview:-1\" \/>\n<meta property=\"og:locale\" content=\"de_DE\" \/>\n<meta property=\"og:type\" content=\"article\" \/>\n<meta property=\"og:title\" content=\"Stuhl Cactus - De Pagter Interieurs\" \/>\n<meta property=\"og:description\" content=\"Esszimmerstuhl Cactus, mit Armlehne. Aufgef\u00fchrt in Afrika - Walnuss. Armh\u00f6he: 69 cm. Hier k\u00f6nnen Sie alle Optionen anzeigen.\" \/>\n<meta property=\"og:url\" content=\"https:\/\/naughty-curran.136-144-185-207.plesk.page\/de\/collectie\/stuhle\/stuhl-cactus\/\" \/>\n<meta property=\"og:site_name\" content=\"De Pagter Interieurs\" \/>\n<meta property=\"article:publisher\" content=\"https:\/\/www.facebook.com\/depagterinterieurs\/\" \/>\n<meta property=\"og:image\" content=\"https:\/\/naughty-curran.136-144-185-207.plesk.page\/wp-content\/uploads\/2022\/01\/IMG_0268.jpg\" \/>\n\t<meta property=\"og:image:width\" content=\"1024\" \/>\n\t<meta property=\"og:image:height\" content=\"768\" \/>\n\t<meta property=\"og:image:type\" content=\"image\/jpeg\" \/>\n<meta name=\"twitter:card\" content=\"summary_large_image\" \/>\n<script type=\"application\/ld+json\" class=\"yoast-schema-graph\">{\"@context\":\"https:\/\/schema.org\",\"@graph\":[{\"@type\":\"WebPage\",\"@id\":\"https:\/\/naughty-curran.136-144-185-207.plesk.page\/de\/collectie\/stuhle\/stuhl-cactus\/\",\"url\":\"https:\/\/naughty-curran.136-144-185-207.plesk.page\/de\/collectie\/stuhle\/stuhl-cactus\/\",\"name\":\"Stuhl Cactus - De Pagter Interieurs\",\"isPartOf\":{\"@id\":\"https:\/\/naughty-curran.136-144-185-207.plesk.page\/de\/#website\"},\"primaryImageOfPage\":{\"@id\":\"https:\/\/naughty-curran.136-144-185-207.plesk.page\/de\/collectie\/stuhle\/stuhl-cactus\/#primaryimage\"},\"image\":{\"@id\":\"https:\/\/naughty-curran.136-144-185-207.plesk.page\/de\/collectie\/stuhle\/stuhl-cactus\/#primaryimage\"},\"thumbnailUrl\":\"https:\/\/naughty-curran.136-144-185-207.plesk.page\/wp-content\/uploads\/2022\/01\/IMG_0268.jpg\",\"datePublished\":\"2022-01-29T08:29:07+00:00\",\"description\":\"Esszimmerstuhl Cactus, mit Armlehne. Aufgef\u00fchrt in Afrika - Walnuss. Armh\u00f6he: 69 cm. Hier k\u00f6nnen Sie alle Optionen anzeigen.\",\"breadcrumb\":{\"@id\":\"https:\/\/naughty-curran.136-144-185-207.plesk.page\/de\/collectie\/stuhle\/stuhl-cactus\/#breadcrumb\"},\"inLanguage\":\"de-DE\",\"potentialAction\":[{\"@type\":\"ReadAction\",\"target\":[\"https:\/\/naughty-curran.136-144-185-207.plesk.page\/de\/collectie\/stuhle\/stuhl-cactus\/\"]}]},{\"@type\":\"ImageObject\",\"inLanguage\":\"de-DE\",\"@id\":\"https:\/\/naughty-curran.136-144-185-207.plesk.page\/de\/collectie\/stuhle\/stuhl-cactus\/#primaryimage\",\"url\":\"https:\/\/naughty-curran.136-144-185-207.plesk.page\/wp-content\/uploads\/2022\/01\/IMG_0268.jpg\",\"contentUrl\":\"https:\/\/naughty-curran.136-144-185-207.plesk.page\/wp-content\/uploads\/2022\/01\/IMG_0268.jpg\",\"width\":1024,\"height\":768},{\"@type\":\"BreadcrumbList\",\"@id\":\"https:\/\/naughty-curran.136-144-185-207.plesk.page\/de\/collectie\/stuhle\/stuhl-cactus\/#breadcrumb\",\"itemListElement\":[{\"@type\":\"ListItem\",\"position\":1,\"name\":\"Home\",\"item\":\"https:\/\/naughty-curran.136-144-185-207.plesk.page\/de\/\"},{\"@type\":\"ListItem\",\"position\":2,\"name\":\"Kollektion\",\"item\":\"https:\/\/naughty-curran.136-144-185-207.plesk.page\/de\/kollektion\/\"},{\"@type\":\"ListItem\",\"position\":3,\"name\":\"Stuhl Cactus\"}]},{\"@type\":\"WebSite\",\"@id\":\"https:\/\/naughty-curran.136-144-185-207.plesk.page\/de\/#website\",\"url\":\"https:\/\/naughty-curran.136-144-185-207.plesk.page\/de\/\",\"name\":\"De Pagter Interieurs\",\"description\":\"M\u00f6belgesch\u00e4fte in Middelburg - Domburg - Veere\",\"potentialAction\":[{\"@type\":\"SearchAction\",\"target\":{\"@type\":\"EntryPoint\",\"urlTemplate\":\"https:\/\/naughty-curran.136-144-185-207.plesk.page\/de\/?s={search_term_string}\"},\"query-input\":{\"@type\":\"PropertyValueSpecification\",\"valueRequired\":true,\"valueName\":\"search_term_string\"}}],\"inLanguage\":\"de-DE\"}]}<\/script>\n<!-- \/ Yoast SEO plugin. -->","yoast_head_json":{"title":"Stuhl Cactus - De Pagter Interieurs","description":"Esszimmerstuhl Cactus, mit Armlehne. Aufgef\u00fchrt in Afrika - Walnuss. Armh\u00f6he: 69 cm. Hier k\u00f6nnen Sie alle Optionen anzeigen.","robots":{"index":"noindex","follow":"follow","max-snippet":"max-snippet:-1","max-image-preview":"max-image-preview:large","max-video-preview":"max-video-preview:-1"},"og_locale":"de_DE","og_type":"article","og_title":"Stuhl Cactus - De Pagter Interieurs","og_description":"Esszimmerstuhl Cactus, mit Armlehne. Aufgef\u00fchrt in Afrika - Walnuss. Armh\u00f6he: 69 cm. Hier k\u00f6nnen Sie alle Optionen anzeigen.","og_url":"https:\/\/naughty-curran.136-144-185-207.plesk.page\/de\/collectie\/stuhle\/stuhl-cactus\/","og_site_name":"De Pagter Interieurs","article_publisher":"https:\/\/www.facebook.com\/depagterinterieurs\/","og_image":[{"width":1024,"height":768,"url":"https:\/\/naughty-curran.136-144-185-207.plesk.page\/wp-content\/uploads\/2022\/01\/IMG_0268.jpg","type":"image\/jpeg"}],"twitter_card":"summary_large_image","schema":{"@context":"https:\/\/schema.org","@graph":[{"@type":"WebPage","@id":"https:\/\/naughty-curran.136-144-185-207.plesk.page\/de\/collectie\/stuhle\/stuhl-cactus\/","url":"https:\/\/naughty-curran.136-144-185-207.plesk.page\/de\/collectie\/stuhle\/stuhl-cactus\/","name":"Stuhl Cactus - De Pagter Interieurs","isPartOf":{"@id":"https:\/\/naughty-curran.136-144-185-207.plesk.page\/de\/#website"},"primaryImageOfPage":{"@id":"https:\/\/naughty-curran.136-144-185-207.plesk.page\/de\/collectie\/stuhle\/stuhl-cactus\/#primaryimage"},"image":{"@id":"https:\/\/naughty-curran.136-144-185-207.plesk.page\/de\/collectie\/stuhle\/stuhl-cactus\/#primaryimage"},"thumbnailUrl":"https:\/\/naughty-curran.136-144-185-207.plesk.page\/wp-content\/uploads\/2022\/01\/IMG_0268.jpg","datePublished":"2022-01-29T08:29:07+00:00","description":"Esszimmerstuhl Cactus, mit Armlehne. Aufgef\u00fchrt in Afrika - Walnuss. Armh\u00f6he: 69 cm. Hier k\u00f6nnen Sie alle Optionen anzeigen.","breadcrumb":{"@id":"https:\/\/naughty-curran.136-144-185-207.plesk.page\/de\/collectie\/stuhle\/stuhl-cactus\/#breadcrumb"},"inLanguage":"de-DE","potentialAction":[{"@type":"ReadAction","target":["https:\/\/naughty-curran.136-144-185-207.plesk.page\/de\/collectie\/stuhle\/stuhl-cactus\/"]}]},{"@type":"ImageObject","inLanguage":"de-DE","@id":"https:\/\/naughty-curran.136-144-185-207.plesk.page\/de\/collectie\/stuhle\/stuhl-cactus\/#primaryimage","url":"https:\/\/naughty-curran.136-144-185-207.plesk.page\/wp-content\/uploads\/2022\/01\/IMG_0268.jpg","contentUrl":"https:\/\/naughty-curran.136-144-185-207.plesk.page\/wp-content\/uploads\/2022\/01\/IMG_0268.jpg","width":1024,"height":768},{"@type":"BreadcrumbList","@id":"https:\/\/naughty-curran.136-144-185-207.plesk.page\/de\/collectie\/stuhle\/stuhl-cactus\/#breadcrumb","itemListElement":[{"@type":"ListItem","position":1,"name":"Home","item":"https:\/\/naughty-curran.136-144-185-207.plesk.page\/de\/"},{"@type":"ListItem","position":2,"name":"Kollektion","item":"https:\/\/naughty-curran.136-144-185-207.plesk.page\/de\/kollektion\/"},{"@type":"ListItem","position":3,"name":"Stuhl Cactus"}]},{"@type":"WebSite","@id":"https:\/\/naughty-curran.136-144-185-207.plesk.page\/de\/#website","url":"https:\/\/naughty-curran.136-144-185-207.plesk.page\/de\/","name":"De Pagter Interieurs","description":"M\u00f6belgesch\u00e4fte in Middelburg - Domburg - Veere","potentialAction":[{"@type":"SearchAction","target":{"@type":"EntryPoint","urlTemplate":"https:\/\/naughty-curran.136-144-185-207.plesk.page\/de\/?s={search_term_string}"},"query-input":{"@type":"PropertyValueSpecification","valueRequired":true,"valueName":"search_term_string"}}],"inLanguage":"de-DE"}]}},"_links":{"self":[{"href":"https:\/\/naughty-curran.136-144-185-207.plesk.page\/de\/wp-json\/wp\/v2\/product\/60284","targetHints":{"allow":["GET"]}}],"collection":[{"href":"https:\/\/naughty-curran.136-144-185-207.plesk.page\/de\/wp-json\/wp\/v2\/product"}],"about":[{"href":"https:\/\/naughty-curran.136-144-185-207.plesk.page\/de\/wp-json\/wp\/v2\/types\/product"}],"wp:featuredmedia":[{"embeddable":true,"href":"https:\/\/naughty-curran.136-144-185-207.plesk.page\/de\/wp-json\/wp\/v2\/media\/60270"}],"wp:attachment":[{"href":"https:\/\/naughty-curran.136-144-185-207.plesk.page\/de\/wp-json\/wp\/v2\/media?parent=60284"}],"wp:term":[{"taxonomy":"product_brand","embeddable":true,"href":"https:\/\/naughty-curran.136-144-185-207.plesk.page\/de\/wp-json\/wp\/v2\/product_brand?post=60284"},{"taxonomy":"product_cat","embeddable":true,"href":"https:\/\/naughty-curran.136-144-185-207.plesk.page\/de\/wp-json\/wp\/v2\/product_cat?post=60284"},{"taxonomy":"product_tag","embeddable":true,"href":"https:\/\/naughty-curran.136-144-185-207.plesk.page\/de\/wp-json\/wp\/v2\/product_tag?post=60284"}],"curies":[{"name":"wp","href":"https:\/\/api.w.org\/{rel}","templated":true}]}}