{"id":94316,"date":"2024-02-13T17:09:56","date_gmt":"2024-02-13T18:23:09","guid":{"rendered":"https:\/\/depagterinterieurs.nl\/collectie\/unkategorisiert\/relaxsessel-indi-outdoor\/"},"modified":"2024-02-13T19:23:09","modified_gmt":"2024-02-13T18:23:09","slug":"relaxsessel-indi-outdoor","status":"publish","type":"product","link":"https:\/\/naughty-curran.136-144-185-207.plesk.page\/de\/collectie\/marke\/ds-meubel\/relaxsessel-indi-outdoor\/","title":{"rendered":"Relaxsessel Indi Outdoor"},"content":{"rendered":"","protected":false},"excerpt":{"rendered":"<p>Luxuri\u00f6ser Sessel mit elektrisch verstellbarer Fu\u00dfst\u00fctze und R\u00fcckenlehne, die mit Touch-Buttons bedient werden k\u00f6nnen.<\/p>\n<p>Lederbezug: Kenia \u2013 Taupe.<\/p>\n<p>Inklusive integriertem Akku, Leerlaufbuchse, 1-cm-Stift (Kontrast) und rundem Schwarzstift. Der Preis gilt f\u00fcr das abgebildete Modell.<\/p>\n<p><a href=\"https:\/\/naughty-curran.136-144-185-207.plesk.page\/wp-content\/uploads\/2023\/05\/INDI-NL-BE-15-5-2023.pdf\"><strong>Hier<\/strong><\/a> k\u00f6nnen Sie alle Optionen anzeigen.<\/p>\n","protected":false},"featured_media":94283,"template":"","meta":{"_monsterinsights_skip_tracking":false,"_monsterinsights_sitenote_active":false,"_monsterinsights_sitenote_note":"","_monsterinsights_sitenote_category":0},"product_brand":[],"product_cat":[402,399,379,90],"product_tag":[],"class_list":{"0":"post-94316","1":"product","2":"type-product","3":"status-publish","4":"has-post-thumbnail","6":"product_cat-ds-meubel","7":"product_cat-marke","8":"product_cat-relaxsessel","9":"product_cat-sofas-sessel","11":"first","12":"instock","13":"shipping-taxable","14":"purchasable","15":"product-type-simple"},"yoast_head":"<!-- This site is optimized with the Yoast SEO plugin v25.8 - https:\/\/yoast.com\/wordpress\/plugins\/seo\/ -->\n<title>Relaxsessel Indi Outdoor - De Pagter Interieurs<\/title>\n<meta name=\"description\" content=\"Luxuri\u00f6ser Sessel mit elektrisch verstellbarer Fu\u00dfst\u00fctze und R\u00fcckenlehne, die mit Touch-Buttons bedient werden k\u00f6nnen. Lederbezug: Kenia \u2013 Taupe. Inklusive integriertem Akku, Leerlaufbuchse, 1-cm-Stift (Kontrast) und rundem Schwarzstift. Der Preis bezieht sich auf das abgebildete Modell. Sehen Sie sich hier alle Optionen an.\" \/>\n<meta name=\"robots\" content=\"noindex, follow, max-snippet:-1, max-image-preview:large, max-video-preview:-1\" \/>\n<meta property=\"og:locale\" content=\"de_DE\" \/>\n<meta property=\"og:type\" content=\"article\" \/>\n<meta property=\"og:title\" content=\"Relaxsessel Indi Outdoor - De Pagter Interieurs\" \/>\n<meta property=\"og:description\" content=\"Luxuri\u00f6ser Sessel mit elektrisch verstellbarer Fu\u00dfst\u00fctze und R\u00fcckenlehne, die mit Touch-Buttons bedient werden k\u00f6nnen. Lederbezug: Kenia \u2013 Taupe. Inklusive integriertem Akku, Leerlaufbuchse, 1-cm-Stift (Kontrast) und rundem Schwarzstift. Der Preis bezieht sich auf das abgebildete Modell. Sehen Sie sich hier alle Optionen an.\" \/>\n<meta property=\"og:url\" content=\"https:\/\/naughty-curran.136-144-185-207.plesk.page\/de\/collectie\/marke\/ds-meubel\/relaxsessel-indi-outdoor\/\" \/>\n<meta property=\"og:site_name\" content=\"De Pagter Interieurs\" \/>\n<meta property=\"article:publisher\" content=\"https:\/\/www.facebook.com\/depagterinterieurs\/\" \/>\n<meta property=\"og:image\" content=\"https:\/\/naughty-curran.136-144-185-207.plesk.page\/wp-content\/uploads\/2024\/02\/Relaxfauteuil-Indi-3-e1707838267619.jpeg\" \/>\n\t<meta property=\"og:image:width\" content=\"1024\" \/>\n\t<meta property=\"og:image:height\" content=\"768\" \/>\n\t<meta property=\"og:image:type\" content=\"image\/jpeg\" \/>\n<meta name=\"twitter:card\" content=\"summary_large_image\" \/>\n<script type=\"application\/ld+json\" class=\"yoast-schema-graph\">{\"@context\":\"https:\/\/schema.org\",\"@graph\":[{\"@type\":\"WebPage\",\"@id\":\"https:\/\/naughty-curran.136-144-185-207.plesk.page\/de\/collectie\/marke\/ds-meubel\/relaxsessel-indi-outdoor\/\",\"url\":\"https:\/\/naughty-curran.136-144-185-207.plesk.page\/de\/collectie\/marke\/ds-meubel\/relaxsessel-indi-outdoor\/\",\"name\":\"Relaxsessel Indi Outdoor - De Pagter Interieurs\",\"isPartOf\":{\"@id\":\"https:\/\/naughty-curran.136-144-185-207.plesk.page\/de\/#website\"},\"primaryImageOfPage\":{\"@id\":\"https:\/\/naughty-curran.136-144-185-207.plesk.page\/de\/collectie\/marke\/ds-meubel\/relaxsessel-indi-outdoor\/#primaryimage\"},\"image\":{\"@id\":\"https:\/\/naughty-curran.136-144-185-207.plesk.page\/de\/collectie\/marke\/ds-meubel\/relaxsessel-indi-outdoor\/#primaryimage\"},\"thumbnailUrl\":\"https:\/\/naughty-curran.136-144-185-207.plesk.page\/wp-content\/uploads\/2024\/02\/Relaxfauteuil-Indi-3-e1707838267619.jpeg\",\"datePublished\":\"2024-02-13T18:23:09+00:00\",\"description\":\"Luxuri\u00f6ser Sessel mit elektrisch verstellbarer Fu\u00dfst\u00fctze und R\u00fcckenlehne, die mit Touch-Buttons bedient werden k\u00f6nnen. Lederbezug: Kenia \u2013 Taupe. Inklusive integriertem Akku, Leerlaufbuchse, 1-cm-Stift (Kontrast) und rundem Schwarzstift. Der Preis bezieht sich auf das abgebildete Modell. Sehen Sie sich hier alle Optionen an.\",\"breadcrumb\":{\"@id\":\"https:\/\/naughty-curran.136-144-185-207.plesk.page\/de\/collectie\/marke\/ds-meubel\/relaxsessel-indi-outdoor\/#breadcrumb\"},\"inLanguage\":\"de-DE\",\"potentialAction\":[{\"@type\":\"ReadAction\",\"target\":[\"https:\/\/naughty-curran.136-144-185-207.plesk.page\/de\/collectie\/marke\/ds-meubel\/relaxsessel-indi-outdoor\/\"]}]},{\"@type\":\"ImageObject\",\"inLanguage\":\"de-DE\",\"@id\":\"https:\/\/naughty-curran.136-144-185-207.plesk.page\/de\/collectie\/marke\/ds-meubel\/relaxsessel-indi-outdoor\/#primaryimage\",\"url\":\"https:\/\/naughty-curran.136-144-185-207.plesk.page\/wp-content\/uploads\/2024\/02\/Relaxfauteuil-Indi-3-e1707838267619.jpeg\",\"contentUrl\":\"https:\/\/naughty-curran.136-144-185-207.plesk.page\/wp-content\/uploads\/2024\/02\/Relaxfauteuil-Indi-3-e1707838267619.jpeg\",\"width\":1024,\"height\":768},{\"@type\":\"BreadcrumbList\",\"@id\":\"https:\/\/naughty-curran.136-144-185-207.plesk.page\/de\/collectie\/marke\/ds-meubel\/relaxsessel-indi-outdoor\/#breadcrumb\",\"itemListElement\":[{\"@type\":\"ListItem\",\"position\":1,\"name\":\"Home\",\"item\":\"https:\/\/naughty-curran.136-144-185-207.plesk.page\/de\/\"},{\"@type\":\"ListItem\",\"position\":2,\"name\":\"Kollektion\",\"item\":\"https:\/\/naughty-curran.136-144-185-207.plesk.page\/de\/kollektion\/\"},{\"@type\":\"ListItem\",\"position\":3,\"name\":\"Relaxsessel Indi Outdoor\"}]},{\"@type\":\"WebSite\",\"@id\":\"https:\/\/naughty-curran.136-144-185-207.plesk.page\/de\/#website\",\"url\":\"https:\/\/naughty-curran.136-144-185-207.plesk.page\/de\/\",\"name\":\"De Pagter Interieurs\",\"description\":\"M\u00f6belgesch\u00e4fte in Middelburg - Domburg - Veere\",\"potentialAction\":[{\"@type\":\"SearchAction\",\"target\":{\"@type\":\"EntryPoint\",\"urlTemplate\":\"https:\/\/naughty-curran.136-144-185-207.plesk.page\/de\/?s={search_term_string}\"},\"query-input\":{\"@type\":\"PropertyValueSpecification\",\"valueRequired\":true,\"valueName\":\"search_term_string\"}}],\"inLanguage\":\"de-DE\"}]}<\/script>\n<!-- \/ Yoast SEO plugin. -->","yoast_head_json":{"title":"Relaxsessel Indi Outdoor - De Pagter Interieurs","description":"Luxuri\u00f6ser Sessel mit elektrisch verstellbarer Fu\u00dfst\u00fctze und R\u00fcckenlehne, die mit Touch-Buttons bedient werden k\u00f6nnen. Lederbezug: Kenia \u2013 Taupe. Inklusive integriertem Akku, Leerlaufbuchse, 1-cm-Stift (Kontrast) und rundem Schwarzstift. Der Preis bezieht sich auf das abgebildete Modell. Sehen Sie sich hier alle Optionen an.","robots":{"index":"noindex","follow":"follow","max-snippet":"max-snippet:-1","max-image-preview":"max-image-preview:large","max-video-preview":"max-video-preview:-1"},"og_locale":"de_DE","og_type":"article","og_title":"Relaxsessel Indi Outdoor - De Pagter Interieurs","og_description":"Luxuri\u00f6ser Sessel mit elektrisch verstellbarer Fu\u00dfst\u00fctze und R\u00fcckenlehne, die mit Touch-Buttons bedient werden k\u00f6nnen. Lederbezug: Kenia \u2013 Taupe. Inklusive integriertem Akku, Leerlaufbuchse, 1-cm-Stift (Kontrast) und rundem Schwarzstift. Der Preis bezieht sich auf das abgebildete Modell. Sehen Sie sich hier alle Optionen an.","og_url":"https:\/\/naughty-curran.136-144-185-207.plesk.page\/de\/collectie\/marke\/ds-meubel\/relaxsessel-indi-outdoor\/","og_site_name":"De Pagter Interieurs","article_publisher":"https:\/\/www.facebook.com\/depagterinterieurs\/","og_image":[{"width":1024,"height":768,"url":"https:\/\/naughty-curran.136-144-185-207.plesk.page\/wp-content\/uploads\/2024\/02\/Relaxfauteuil-Indi-3-e1707838267619.jpeg","type":"image\/jpeg"}],"twitter_card":"summary_large_image","schema":{"@context":"https:\/\/schema.org","@graph":[{"@type":"WebPage","@id":"https:\/\/naughty-curran.136-144-185-207.plesk.page\/de\/collectie\/marke\/ds-meubel\/relaxsessel-indi-outdoor\/","url":"https:\/\/naughty-curran.136-144-185-207.plesk.page\/de\/collectie\/marke\/ds-meubel\/relaxsessel-indi-outdoor\/","name":"Relaxsessel Indi Outdoor - De Pagter Interieurs","isPartOf":{"@id":"https:\/\/naughty-curran.136-144-185-207.plesk.page\/de\/#website"},"primaryImageOfPage":{"@id":"https:\/\/naughty-curran.136-144-185-207.plesk.page\/de\/collectie\/marke\/ds-meubel\/relaxsessel-indi-outdoor\/#primaryimage"},"image":{"@id":"https:\/\/naughty-curran.136-144-185-207.plesk.page\/de\/collectie\/marke\/ds-meubel\/relaxsessel-indi-outdoor\/#primaryimage"},"thumbnailUrl":"https:\/\/naughty-curran.136-144-185-207.plesk.page\/wp-content\/uploads\/2024\/02\/Relaxfauteuil-Indi-3-e1707838267619.jpeg","datePublished":"2024-02-13T18:23:09+00:00","description":"Luxuri\u00f6ser Sessel mit elektrisch verstellbarer Fu\u00dfst\u00fctze und R\u00fcckenlehne, die mit Touch-Buttons bedient werden k\u00f6nnen. Lederbezug: Kenia \u2013 Taupe. Inklusive integriertem Akku, Leerlaufbuchse, 1-cm-Stift (Kontrast) und rundem Schwarzstift. Der Preis bezieht sich auf das abgebildete Modell. Sehen Sie sich hier alle Optionen an.","breadcrumb":{"@id":"https:\/\/naughty-curran.136-144-185-207.plesk.page\/de\/collectie\/marke\/ds-meubel\/relaxsessel-indi-outdoor\/#breadcrumb"},"inLanguage":"de-DE","potentialAction":[{"@type":"ReadAction","target":["https:\/\/naughty-curran.136-144-185-207.plesk.page\/de\/collectie\/marke\/ds-meubel\/relaxsessel-indi-outdoor\/"]}]},{"@type":"ImageObject","inLanguage":"de-DE","@id":"https:\/\/naughty-curran.136-144-185-207.plesk.page\/de\/collectie\/marke\/ds-meubel\/relaxsessel-indi-outdoor\/#primaryimage","url":"https:\/\/naughty-curran.136-144-185-207.plesk.page\/wp-content\/uploads\/2024\/02\/Relaxfauteuil-Indi-3-e1707838267619.jpeg","contentUrl":"https:\/\/naughty-curran.136-144-185-207.plesk.page\/wp-content\/uploads\/2024\/02\/Relaxfauteuil-Indi-3-e1707838267619.jpeg","width":1024,"height":768},{"@type":"BreadcrumbList","@id":"https:\/\/naughty-curran.136-144-185-207.plesk.page\/de\/collectie\/marke\/ds-meubel\/relaxsessel-indi-outdoor\/#breadcrumb","itemListElement":[{"@type":"ListItem","position":1,"name":"Home","item":"https:\/\/naughty-curran.136-144-185-207.plesk.page\/de\/"},{"@type":"ListItem","position":2,"name":"Kollektion","item":"https:\/\/naughty-curran.136-144-185-207.plesk.page\/de\/kollektion\/"},{"@type":"ListItem","position":3,"name":"Relaxsessel Indi Outdoor"}]},{"@type":"WebSite","@id":"https:\/\/naughty-curran.136-144-185-207.plesk.page\/de\/#website","url":"https:\/\/naughty-curran.136-144-185-207.plesk.page\/de\/","name":"De Pagter Interieurs","description":"M\u00f6belgesch\u00e4fte in Middelburg - Domburg - Veere","potentialAction":[{"@type":"SearchAction","target":{"@type":"EntryPoint","urlTemplate":"https:\/\/naughty-curran.136-144-185-207.plesk.page\/de\/?s={search_term_string}"},"query-input":{"@type":"PropertyValueSpecification","valueRequired":true,"valueName":"search_term_string"}}],"inLanguage":"de-DE"}]}},"_links":{"self":[{"href":"https:\/\/naughty-curran.136-144-185-207.plesk.page\/de\/wp-json\/wp\/v2\/product\/94316","targetHints":{"allow":["GET"]}}],"collection":[{"href":"https:\/\/naughty-curran.136-144-185-207.plesk.page\/de\/wp-json\/wp\/v2\/product"}],"about":[{"href":"https:\/\/naughty-curran.136-144-185-207.plesk.page\/de\/wp-json\/wp\/v2\/types\/product"}],"wp:featuredmedia":[{"embeddable":true,"href":"https:\/\/naughty-curran.136-144-185-207.plesk.page\/de\/wp-json\/wp\/v2\/media\/94283"}],"wp:attachment":[{"href":"https:\/\/naughty-curran.136-144-185-207.plesk.page\/de\/wp-json\/wp\/v2\/media?parent=94316"}],"wp:term":[{"taxonomy":"product_brand","embeddable":true,"href":"https:\/\/naughty-curran.136-144-185-207.plesk.page\/de\/wp-json\/wp\/v2\/product_brand?post=94316"},{"taxonomy":"product_cat","embeddable":true,"href":"https:\/\/naughty-curran.136-144-185-207.plesk.page\/de\/wp-json\/wp\/v2\/product_cat?post=94316"},{"taxonomy":"product_tag","embeddable":true,"href":"https:\/\/naughty-curran.136-144-185-207.plesk.page\/de\/wp-json\/wp\/v2\/product_tag?post=94316"}],"curies":[{"name":"wp","href":"https:\/\/api.w.org\/{rel}","templated":true}]}}