{"id":98420,"date":"2024-03-28T09:56:21","date_gmt":"2024-04-02T09:32:30","guid":{"rendered":"https:\/\/depagterinterieurs.nl\/collectie\/unkategorisiert\/teppich-beach-life\/"},"modified":"2024-04-02T10:32:40","modified_gmt":"2024-04-02T09:32:40","slug":"teppich-beach-life","status":"publish","type":"product","link":"https:\/\/naughty-curran.136-144-185-207.plesk.page\/de\/collectie\/teppiche\/teppich-beach-life\/","title":{"rendered":"Teppich Beach Life"},"content":{"rendered":"","protected":false},"excerpt":{"rendered":"<p>Unsere Beach Life-Teppiche der Marke Karpi bieten nicht nur ein luxuri\u00f6ses Aussehen, sondern auch eine bequeme und weiche Oberfl\u00e4che zum Gehen.<\/p>\n<p>Die hochwertige Wolle sorgt f\u00fcr eine isolierende Wirkung, sodass Sie an kalten Tagen ein warmes und gem\u00fctliches Zuhause genie\u00dfen k\u00f6nnen.<\/p>\n<p>&nbsp;<\/p>\n<p>Dieser Teppich ist auch als Ma\u00dfanfertigung erh\u00e4ltlich, der Preis betr\u00e4gt 145 \u20ac pro Quadratmeter.<\/p>\n","protected":false},"featured_media":97765,"template":"","meta":{"_monsterinsights_skip_tracking":false,"_monsterinsights_sitenote_active":false,"_monsterinsights_sitenote_note":"","_monsterinsights_sitenote_category":0},"product_brand":[],"product_cat":[225],"product_tag":[],"class_list":{"0":"post-98420","1":"product","2":"type-product","3":"status-publish","4":"has-post-thumbnail","6":"product_cat-teppiche","8":"first","9":"instock","10":"shipping-taxable","11":"purchasable","12":"product-type-variable","13":"has-default-attributes"},"yoast_head":"<!-- This site is optimized with the Yoast SEO plugin v25.8 - https:\/\/yoast.com\/wordpress\/plugins\/seo\/ -->\n<title>Teppich Beach Life - De Pagter Interieurs<\/title>\n<meta name=\"description\" content=\"Unsere Beach Life-Teppiche bieten nicht nur ein luxuri\u00f6ses Aussehen, sondern auch eine bequeme und weiche Oberfl\u00e4che zum Gehen. Die hochwertige Wolle sorgt f\u00fcr eine isolierende Wirkung, sodass Sie an kalten Tagen ein warmes und gem\u00fctliches Zuhause genie\u00dfen k\u00f6nnen. Wie Sie es von der Marke Karpi gewohnt sind.\" \/>\n<meta name=\"robots\" content=\"noindex, follow, max-snippet:-1, max-image-preview:large, max-video-preview:-1\" \/>\n<meta property=\"og:locale\" content=\"de_DE\" \/>\n<meta property=\"og:type\" content=\"article\" \/>\n<meta property=\"og:title\" content=\"Teppich Beach Life - De Pagter Interieurs\" \/>\n<meta property=\"og:description\" content=\"Unsere Beach Life-Teppiche bieten nicht nur ein luxuri\u00f6ses Aussehen, sondern auch eine bequeme und weiche Oberfl\u00e4che zum Gehen. Die hochwertige Wolle sorgt f\u00fcr eine isolierende Wirkung, sodass Sie an kalten Tagen ein warmes und gem\u00fctliches Zuhause genie\u00dfen k\u00f6nnen. Wie Sie es von der Marke Karpi gewohnt sind.\" \/>\n<meta property=\"og:url\" content=\"https:\/\/naughty-curran.136-144-185-207.plesk.page\/de\/collectie\/teppiche\/teppich-beach-life\/\" \/>\n<meta property=\"og:site_name\" content=\"De Pagter Interieurs\" \/>\n<meta property=\"article:publisher\" content=\"https:\/\/www.facebook.com\/depagterinterieurs\/\" \/>\n<meta property=\"article:modified_time\" content=\"2024-04-02T09:32:40+00:00\" \/>\n<meta property=\"og:image\" content=\"https:\/\/naughty-curran.136-144-185-207.plesk.page\/wp-content\/uploads\/2024\/03\/BEACH-LIFE-BANNER.webp\" \/>\n\t<meta property=\"og:image:width\" content=\"1300\" \/>\n\t<meta property=\"og:image:height\" content=\"868\" \/>\n\t<meta property=\"og:image:type\" content=\"image\/webp\" \/>\n<meta name=\"twitter:card\" content=\"summary_large_image\" \/>\n<script type=\"application\/ld+json\" class=\"yoast-schema-graph\">{\"@context\":\"https:\/\/schema.org\",\"@graph\":[{\"@type\":\"WebPage\",\"@id\":\"https:\/\/naughty-curran.136-144-185-207.plesk.page\/de\/collectie\/teppiche\/teppich-beach-life\/\",\"url\":\"https:\/\/naughty-curran.136-144-185-207.plesk.page\/de\/collectie\/teppiche\/teppich-beach-life\/\",\"name\":\"Teppich Beach Life - De Pagter Interieurs\",\"isPartOf\":{\"@id\":\"https:\/\/naughty-curran.136-144-185-207.plesk.page\/de\/#website\"},\"primaryImageOfPage\":{\"@id\":\"https:\/\/naughty-curran.136-144-185-207.plesk.page\/de\/collectie\/teppiche\/teppich-beach-life\/#primaryimage\"},\"image\":{\"@id\":\"https:\/\/naughty-curran.136-144-185-207.plesk.page\/de\/collectie\/teppiche\/teppich-beach-life\/#primaryimage\"},\"thumbnailUrl\":\"https:\/\/naughty-curran.136-144-185-207.plesk.page\/wp-content\/uploads\/2024\/03\/BEACH-LIFE-BANNER.webp\",\"datePublished\":\"2024-04-02T09:32:30+00:00\",\"dateModified\":\"2024-04-02T09:32:40+00:00\",\"description\":\"Unsere Beach Life-Teppiche bieten nicht nur ein luxuri\u00f6ses Aussehen, sondern auch eine bequeme und weiche Oberfl\u00e4che zum Gehen. Die hochwertige Wolle sorgt f\u00fcr eine isolierende Wirkung, sodass Sie an kalten Tagen ein warmes und gem\u00fctliches Zuhause genie\u00dfen k\u00f6nnen. Wie Sie es von der Marke Karpi gewohnt sind.\",\"breadcrumb\":{\"@id\":\"https:\/\/naughty-curran.136-144-185-207.plesk.page\/de\/collectie\/teppiche\/teppich-beach-life\/#breadcrumb\"},\"inLanguage\":\"de-DE\",\"potentialAction\":[{\"@type\":\"ReadAction\",\"target\":[\"https:\/\/naughty-curran.136-144-185-207.plesk.page\/de\/collectie\/teppiche\/teppich-beach-life\/\"]}]},{\"@type\":\"ImageObject\",\"inLanguage\":\"de-DE\",\"@id\":\"https:\/\/naughty-curran.136-144-185-207.plesk.page\/de\/collectie\/teppiche\/teppich-beach-life\/#primaryimage\",\"url\":\"https:\/\/naughty-curran.136-144-185-207.plesk.page\/wp-content\/uploads\/2024\/03\/BEACH-LIFE-BANNER.webp\",\"contentUrl\":\"https:\/\/naughty-curran.136-144-185-207.plesk.page\/wp-content\/uploads\/2024\/03\/BEACH-LIFE-BANNER.webp\",\"width\":1300,\"height\":868},{\"@type\":\"BreadcrumbList\",\"@id\":\"https:\/\/naughty-curran.136-144-185-207.plesk.page\/de\/collectie\/teppiche\/teppich-beach-life\/#breadcrumb\",\"itemListElement\":[{\"@type\":\"ListItem\",\"position\":1,\"name\":\"Home\",\"item\":\"https:\/\/naughty-curran.136-144-185-207.plesk.page\/de\/\"},{\"@type\":\"ListItem\",\"position\":2,\"name\":\"Kollektion\",\"item\":\"https:\/\/naughty-curran.136-144-185-207.plesk.page\/de\/kollektion\/\"},{\"@type\":\"ListItem\",\"position\":3,\"name\":\"Teppich Beach Life\"}]},{\"@type\":\"WebSite\",\"@id\":\"https:\/\/naughty-curran.136-144-185-207.plesk.page\/de\/#website\",\"url\":\"https:\/\/naughty-curran.136-144-185-207.plesk.page\/de\/\",\"name\":\"De Pagter Interieurs\",\"description\":\"M\u00f6belgesch\u00e4fte in Middelburg - Domburg - Veere\",\"potentialAction\":[{\"@type\":\"SearchAction\",\"target\":{\"@type\":\"EntryPoint\",\"urlTemplate\":\"https:\/\/naughty-curran.136-144-185-207.plesk.page\/de\/?s={search_term_string}\"},\"query-input\":{\"@type\":\"PropertyValueSpecification\",\"valueRequired\":true,\"valueName\":\"search_term_string\"}}],\"inLanguage\":\"de-DE\"}]}<\/script>\n<!-- \/ Yoast SEO plugin. -->","yoast_head_json":{"title":"Teppich Beach Life - De Pagter Interieurs","description":"Unsere Beach Life-Teppiche bieten nicht nur ein luxuri\u00f6ses Aussehen, sondern auch eine bequeme und weiche Oberfl\u00e4che zum Gehen. Die hochwertige Wolle sorgt f\u00fcr eine isolierende Wirkung, sodass Sie an kalten Tagen ein warmes und gem\u00fctliches Zuhause genie\u00dfen k\u00f6nnen. Wie Sie es von der Marke Karpi gewohnt sind.","robots":{"index":"noindex","follow":"follow","max-snippet":"max-snippet:-1","max-image-preview":"max-image-preview:large","max-video-preview":"max-video-preview:-1"},"og_locale":"de_DE","og_type":"article","og_title":"Teppich Beach Life - De Pagter Interieurs","og_description":"Unsere Beach Life-Teppiche bieten nicht nur ein luxuri\u00f6ses Aussehen, sondern auch eine bequeme und weiche Oberfl\u00e4che zum Gehen. Die hochwertige Wolle sorgt f\u00fcr eine isolierende Wirkung, sodass Sie an kalten Tagen ein warmes und gem\u00fctliches Zuhause genie\u00dfen k\u00f6nnen. Wie Sie es von der Marke Karpi gewohnt sind.","og_url":"https:\/\/naughty-curran.136-144-185-207.plesk.page\/de\/collectie\/teppiche\/teppich-beach-life\/","og_site_name":"De Pagter Interieurs","article_publisher":"https:\/\/www.facebook.com\/depagterinterieurs\/","article_modified_time":"2024-04-02T09:32:40+00:00","og_image":[{"width":1300,"height":868,"url":"https:\/\/naughty-curran.136-144-185-207.plesk.page\/wp-content\/uploads\/2024\/03\/BEACH-LIFE-BANNER.webp","type":"image\/webp"}],"twitter_card":"summary_large_image","schema":{"@context":"https:\/\/schema.org","@graph":[{"@type":"WebPage","@id":"https:\/\/naughty-curran.136-144-185-207.plesk.page\/de\/collectie\/teppiche\/teppich-beach-life\/","url":"https:\/\/naughty-curran.136-144-185-207.plesk.page\/de\/collectie\/teppiche\/teppich-beach-life\/","name":"Teppich Beach Life - De Pagter Interieurs","isPartOf":{"@id":"https:\/\/naughty-curran.136-144-185-207.plesk.page\/de\/#website"},"primaryImageOfPage":{"@id":"https:\/\/naughty-curran.136-144-185-207.plesk.page\/de\/collectie\/teppiche\/teppich-beach-life\/#primaryimage"},"image":{"@id":"https:\/\/naughty-curran.136-144-185-207.plesk.page\/de\/collectie\/teppiche\/teppich-beach-life\/#primaryimage"},"thumbnailUrl":"https:\/\/naughty-curran.136-144-185-207.plesk.page\/wp-content\/uploads\/2024\/03\/BEACH-LIFE-BANNER.webp","datePublished":"2024-04-02T09:32:30+00:00","dateModified":"2024-04-02T09:32:40+00:00","description":"Unsere Beach Life-Teppiche bieten nicht nur ein luxuri\u00f6ses Aussehen, sondern auch eine bequeme und weiche Oberfl\u00e4che zum Gehen. Die hochwertige Wolle sorgt f\u00fcr eine isolierende Wirkung, sodass Sie an kalten Tagen ein warmes und gem\u00fctliches Zuhause genie\u00dfen k\u00f6nnen. Wie Sie es von der Marke Karpi gewohnt sind.","breadcrumb":{"@id":"https:\/\/naughty-curran.136-144-185-207.plesk.page\/de\/collectie\/teppiche\/teppich-beach-life\/#breadcrumb"},"inLanguage":"de-DE","potentialAction":[{"@type":"ReadAction","target":["https:\/\/naughty-curran.136-144-185-207.plesk.page\/de\/collectie\/teppiche\/teppich-beach-life\/"]}]},{"@type":"ImageObject","inLanguage":"de-DE","@id":"https:\/\/naughty-curran.136-144-185-207.plesk.page\/de\/collectie\/teppiche\/teppich-beach-life\/#primaryimage","url":"https:\/\/naughty-curran.136-144-185-207.plesk.page\/wp-content\/uploads\/2024\/03\/BEACH-LIFE-BANNER.webp","contentUrl":"https:\/\/naughty-curran.136-144-185-207.plesk.page\/wp-content\/uploads\/2024\/03\/BEACH-LIFE-BANNER.webp","width":1300,"height":868},{"@type":"BreadcrumbList","@id":"https:\/\/naughty-curran.136-144-185-207.plesk.page\/de\/collectie\/teppiche\/teppich-beach-life\/#breadcrumb","itemListElement":[{"@type":"ListItem","position":1,"name":"Home","item":"https:\/\/naughty-curran.136-144-185-207.plesk.page\/de\/"},{"@type":"ListItem","position":2,"name":"Kollektion","item":"https:\/\/naughty-curran.136-144-185-207.plesk.page\/de\/kollektion\/"},{"@type":"ListItem","position":3,"name":"Teppich Beach Life"}]},{"@type":"WebSite","@id":"https:\/\/naughty-curran.136-144-185-207.plesk.page\/de\/#website","url":"https:\/\/naughty-curran.136-144-185-207.plesk.page\/de\/","name":"De Pagter Interieurs","description":"M\u00f6belgesch\u00e4fte in Middelburg - Domburg - Veere","potentialAction":[{"@type":"SearchAction","target":{"@type":"EntryPoint","urlTemplate":"https:\/\/naughty-curran.136-144-185-207.plesk.page\/de\/?s={search_term_string}"},"query-input":{"@type":"PropertyValueSpecification","valueRequired":true,"valueName":"search_term_string"}}],"inLanguage":"de-DE"}]}},"_links":{"self":[{"href":"https:\/\/naughty-curran.136-144-185-207.plesk.page\/de\/wp-json\/wp\/v2\/product\/98420","targetHints":{"allow":["GET"]}}],"collection":[{"href":"https:\/\/naughty-curran.136-144-185-207.plesk.page\/de\/wp-json\/wp\/v2\/product"}],"about":[{"href":"https:\/\/naughty-curran.136-144-185-207.plesk.page\/de\/wp-json\/wp\/v2\/types\/product"}],"wp:featuredmedia":[{"embeddable":true,"href":"https:\/\/naughty-curran.136-144-185-207.plesk.page\/de\/wp-json\/wp\/v2\/media\/97765"}],"wp:attachment":[{"href":"https:\/\/naughty-curran.136-144-185-207.plesk.page\/de\/wp-json\/wp\/v2\/media?parent=98420"}],"wp:term":[{"taxonomy":"product_brand","embeddable":true,"href":"https:\/\/naughty-curran.136-144-185-207.plesk.page\/de\/wp-json\/wp\/v2\/product_brand?post=98420"},{"taxonomy":"product_cat","embeddable":true,"href":"https:\/\/naughty-curran.136-144-185-207.plesk.page\/de\/wp-json\/wp\/v2\/product_cat?post=98420"},{"taxonomy":"product_tag","embeddable":true,"href":"https:\/\/naughty-curran.136-144-185-207.plesk.page\/de\/wp-json\/wp\/v2\/product_tag?post=98420"}],"curies":[{"name":"wp","href":"https:\/\/api.w.org\/{rel}","templated":true}]}}