{"id":98467,"date":"2024-03-28T13:41:44","date_gmt":"2024-04-02T09:36:45","guid":{"rendered":"https:\/\/depagterinterieurs.nl\/collectie\/unkategorisiert\/teppich-cisco\/"},"modified":"2024-04-02T10:36:45","modified_gmt":"2024-04-02T09:36:45","slug":"teppich-cisco","status":"publish","type":"product","link":"https:\/\/naughty-curran.136-144-185-207.plesk.page\/de\/collectie\/marke\/karpi-de\/teppich-cisco\/","title":{"rendered":"Teppich Cisco"},"content":{"rendered":"","protected":false},"excerpt":{"rendered":"<p>Der Cisco-Teppich der Marke Karpi ist komplett einfarbig.<\/p>\n<p>Aufgrund der Dichte und Dicke des Flors sieht es aus wie ein sch\u00f6ner dicker Teppich, der sich wie Baumwolle anf\u00fchlt. Die Andeutung im Flor verleiht dem Teppich Lebendigkeit.<\/p>\n<p>Die hochwertige Wolle sorgt f\u00fcr eine isolierende Wirkung, sodass Sie an kalten Tagen ein warmes und gem\u00fctliches Zuhause genie\u00dfen k\u00f6nnen.<\/p>\n<p>Dieser Teppich ist auch als Ma\u00dfanfertigung erh\u00e4ltlich, der Preis betr\u00e4gt 129 \u20ac pro Quadratmeter.<\/p>\n<p>&nbsp;<\/p>\n","protected":false},"featured_media":97914,"template":"","meta":{"_monsterinsights_skip_tracking":false,"_monsterinsights_sitenote_active":false,"_monsterinsights_sitenote_note":"","_monsterinsights_sitenote_category":0},"product_brand":[],"product_cat":[545,399,225],"product_tag":[],"class_list":{"0":"post-98467","1":"product","2":"type-product","3":"status-publish","4":"has-post-thumbnail","6":"product_cat-karpi-de","7":"product_cat-marke","8":"product_cat-teppiche","10":"first","11":"instock","12":"shipping-taxable","13":"purchasable","14":"product-type-variable"},"yoast_head":"<!-- This site is optimized with the Yoast SEO plugin v25.8 - https:\/\/yoast.com\/wordpress\/plugins\/seo\/ -->\n<title>Teppich Cisco - De Pagter Interieurs<\/title>\n<meta name=\"description\" content=\"Der Cisco-Teppich der Marke Karpi ist komplett einfarbig. Aufgrund der Dichte und Dicke des Flors sieht es aus wie ein sch\u00f6ner dicker Teppich, der sich wie Baumwolle anf\u00fchlt. Die Andeutung im Flor verleiht dem Teppich Lebendigkeit.\" \/>\n<meta name=\"robots\" content=\"noindex, follow, max-snippet:-1, max-image-preview:large, max-video-preview:-1\" \/>\n<meta property=\"og:locale\" content=\"de_DE\" \/>\n<meta property=\"og:type\" content=\"article\" \/>\n<meta property=\"og:title\" content=\"Teppich Cisco - De Pagter Interieurs\" \/>\n<meta property=\"og:description\" content=\"Der Cisco-Teppich der Marke Karpi ist komplett einfarbig. Aufgrund der Dichte und Dicke des Flors sieht es aus wie ein sch\u00f6ner dicker Teppich, der sich wie Baumwolle anf\u00fchlt. Die Andeutung im Flor verleiht dem Teppich Lebendigkeit.\" \/>\n<meta property=\"og:url\" content=\"https:\/\/naughty-curran.136-144-185-207.plesk.page\/de\/collectie\/marke\/karpi-de\/teppich-cisco\/\" \/>\n<meta property=\"og:site_name\" content=\"De Pagter Interieurs\" \/>\n<meta property=\"article:publisher\" content=\"https:\/\/www.facebook.com\/depagterinterieurs\/\" \/>\n<meta property=\"og:image\" content=\"https:\/\/naughty-curran.136-144-185-207.plesk.page\/wp-content\/uploads\/2024\/03\/Cisco_23-02_1800x1199.jpg\" \/>\n\t<meta property=\"og:image:width\" content=\"1799\" \/>\n\t<meta property=\"og:image:height\" content=\"1199\" \/>\n\t<meta property=\"og:image:type\" content=\"image\/jpeg\" \/>\n<meta name=\"twitter:card\" content=\"summary_large_image\" \/>\n<script type=\"application\/ld+json\" class=\"yoast-schema-graph\">{\"@context\":\"https:\/\/schema.org\",\"@graph\":[{\"@type\":\"WebPage\",\"@id\":\"https:\/\/naughty-curran.136-144-185-207.plesk.page\/de\/collectie\/marke\/karpi-de\/teppich-cisco\/\",\"url\":\"https:\/\/naughty-curran.136-144-185-207.plesk.page\/de\/collectie\/marke\/karpi-de\/teppich-cisco\/\",\"name\":\"Teppich Cisco - De Pagter Interieurs\",\"isPartOf\":{\"@id\":\"https:\/\/naughty-curran.136-144-185-207.plesk.page\/de\/#website\"},\"primaryImageOfPage\":{\"@id\":\"https:\/\/naughty-curran.136-144-185-207.plesk.page\/de\/collectie\/marke\/karpi-de\/teppich-cisco\/#primaryimage\"},\"image\":{\"@id\":\"https:\/\/naughty-curran.136-144-185-207.plesk.page\/de\/collectie\/marke\/karpi-de\/teppich-cisco\/#primaryimage\"},\"thumbnailUrl\":\"https:\/\/naughty-curran.136-144-185-207.plesk.page\/wp-content\/uploads\/2024\/03\/Cisco_23-02_1800x1199.jpg\",\"datePublished\":\"2024-04-02T09:36:45+00:00\",\"description\":\"Der Cisco-Teppich der Marke Karpi ist komplett einfarbig. Aufgrund der Dichte und Dicke des Flors sieht es aus wie ein sch\u00f6ner dicker Teppich, der sich wie Baumwolle anf\u00fchlt. Die Andeutung im Flor verleiht dem Teppich Lebendigkeit.\",\"breadcrumb\":{\"@id\":\"https:\/\/naughty-curran.136-144-185-207.plesk.page\/de\/collectie\/marke\/karpi-de\/teppich-cisco\/#breadcrumb\"},\"inLanguage\":\"de-DE\",\"potentialAction\":[{\"@type\":\"ReadAction\",\"target\":[\"https:\/\/naughty-curran.136-144-185-207.plesk.page\/de\/collectie\/marke\/karpi-de\/teppich-cisco\/\"]}]},{\"@type\":\"ImageObject\",\"inLanguage\":\"de-DE\",\"@id\":\"https:\/\/naughty-curran.136-144-185-207.plesk.page\/de\/collectie\/marke\/karpi-de\/teppich-cisco\/#primaryimage\",\"url\":\"https:\/\/naughty-curran.136-144-185-207.plesk.page\/wp-content\/uploads\/2024\/03\/Cisco_23-02_1800x1199.jpg\",\"contentUrl\":\"https:\/\/naughty-curran.136-144-185-207.plesk.page\/wp-content\/uploads\/2024\/03\/Cisco_23-02_1800x1199.jpg\",\"width\":1799,\"height\":1199},{\"@type\":\"BreadcrumbList\",\"@id\":\"https:\/\/naughty-curran.136-144-185-207.plesk.page\/de\/collectie\/marke\/karpi-de\/teppich-cisco\/#breadcrumb\",\"itemListElement\":[{\"@type\":\"ListItem\",\"position\":1,\"name\":\"Home\",\"item\":\"https:\/\/naughty-curran.136-144-185-207.plesk.page\/de\/\"},{\"@type\":\"ListItem\",\"position\":2,\"name\":\"Kollektion\",\"item\":\"https:\/\/naughty-curran.136-144-185-207.plesk.page\/de\/kollektion\/\"},{\"@type\":\"ListItem\",\"position\":3,\"name\":\"Teppich Cisco\"}]},{\"@type\":\"WebSite\",\"@id\":\"https:\/\/naughty-curran.136-144-185-207.plesk.page\/de\/#website\",\"url\":\"https:\/\/naughty-curran.136-144-185-207.plesk.page\/de\/\",\"name\":\"De Pagter Interieurs\",\"description\":\"M\u00f6belgesch\u00e4fte in Middelburg - Domburg - Veere\",\"potentialAction\":[{\"@type\":\"SearchAction\",\"target\":{\"@type\":\"EntryPoint\",\"urlTemplate\":\"https:\/\/naughty-curran.136-144-185-207.plesk.page\/de\/?s={search_term_string}\"},\"query-input\":{\"@type\":\"PropertyValueSpecification\",\"valueRequired\":true,\"valueName\":\"search_term_string\"}}],\"inLanguage\":\"de-DE\"}]}<\/script>\n<!-- \/ Yoast SEO plugin. -->","yoast_head_json":{"title":"Teppich Cisco - De Pagter Interieurs","description":"Der Cisco-Teppich der Marke Karpi ist komplett einfarbig. Aufgrund der Dichte und Dicke des Flors sieht es aus wie ein sch\u00f6ner dicker Teppich, der sich wie Baumwolle anf\u00fchlt. Die Andeutung im Flor verleiht dem Teppich Lebendigkeit.","robots":{"index":"noindex","follow":"follow","max-snippet":"max-snippet:-1","max-image-preview":"max-image-preview:large","max-video-preview":"max-video-preview:-1"},"og_locale":"de_DE","og_type":"article","og_title":"Teppich Cisco - De Pagter Interieurs","og_description":"Der Cisco-Teppich der Marke Karpi ist komplett einfarbig. Aufgrund der Dichte und Dicke des Flors sieht es aus wie ein sch\u00f6ner dicker Teppich, der sich wie Baumwolle anf\u00fchlt. Die Andeutung im Flor verleiht dem Teppich Lebendigkeit.","og_url":"https:\/\/naughty-curran.136-144-185-207.plesk.page\/de\/collectie\/marke\/karpi-de\/teppich-cisco\/","og_site_name":"De Pagter Interieurs","article_publisher":"https:\/\/www.facebook.com\/depagterinterieurs\/","og_image":[{"width":1799,"height":1199,"url":"https:\/\/naughty-curran.136-144-185-207.plesk.page\/wp-content\/uploads\/2024\/03\/Cisco_23-02_1800x1199.jpg","type":"image\/jpeg"}],"twitter_card":"summary_large_image","schema":{"@context":"https:\/\/schema.org","@graph":[{"@type":"WebPage","@id":"https:\/\/naughty-curran.136-144-185-207.plesk.page\/de\/collectie\/marke\/karpi-de\/teppich-cisco\/","url":"https:\/\/naughty-curran.136-144-185-207.plesk.page\/de\/collectie\/marke\/karpi-de\/teppich-cisco\/","name":"Teppich Cisco - De Pagter Interieurs","isPartOf":{"@id":"https:\/\/naughty-curran.136-144-185-207.plesk.page\/de\/#website"},"primaryImageOfPage":{"@id":"https:\/\/naughty-curran.136-144-185-207.plesk.page\/de\/collectie\/marke\/karpi-de\/teppich-cisco\/#primaryimage"},"image":{"@id":"https:\/\/naughty-curran.136-144-185-207.plesk.page\/de\/collectie\/marke\/karpi-de\/teppich-cisco\/#primaryimage"},"thumbnailUrl":"https:\/\/naughty-curran.136-144-185-207.plesk.page\/wp-content\/uploads\/2024\/03\/Cisco_23-02_1800x1199.jpg","datePublished":"2024-04-02T09:36:45+00:00","description":"Der Cisco-Teppich der Marke Karpi ist komplett einfarbig. Aufgrund der Dichte und Dicke des Flors sieht es aus wie ein sch\u00f6ner dicker Teppich, der sich wie Baumwolle anf\u00fchlt. Die Andeutung im Flor verleiht dem Teppich Lebendigkeit.","breadcrumb":{"@id":"https:\/\/naughty-curran.136-144-185-207.plesk.page\/de\/collectie\/marke\/karpi-de\/teppich-cisco\/#breadcrumb"},"inLanguage":"de-DE","potentialAction":[{"@type":"ReadAction","target":["https:\/\/naughty-curran.136-144-185-207.plesk.page\/de\/collectie\/marke\/karpi-de\/teppich-cisco\/"]}]},{"@type":"ImageObject","inLanguage":"de-DE","@id":"https:\/\/naughty-curran.136-144-185-207.plesk.page\/de\/collectie\/marke\/karpi-de\/teppich-cisco\/#primaryimage","url":"https:\/\/naughty-curran.136-144-185-207.plesk.page\/wp-content\/uploads\/2024\/03\/Cisco_23-02_1800x1199.jpg","contentUrl":"https:\/\/naughty-curran.136-144-185-207.plesk.page\/wp-content\/uploads\/2024\/03\/Cisco_23-02_1800x1199.jpg","width":1799,"height":1199},{"@type":"BreadcrumbList","@id":"https:\/\/naughty-curran.136-144-185-207.plesk.page\/de\/collectie\/marke\/karpi-de\/teppich-cisco\/#breadcrumb","itemListElement":[{"@type":"ListItem","position":1,"name":"Home","item":"https:\/\/naughty-curran.136-144-185-207.plesk.page\/de\/"},{"@type":"ListItem","position":2,"name":"Kollektion","item":"https:\/\/naughty-curran.136-144-185-207.plesk.page\/de\/kollektion\/"},{"@type":"ListItem","position":3,"name":"Teppich Cisco"}]},{"@type":"WebSite","@id":"https:\/\/naughty-curran.136-144-185-207.plesk.page\/de\/#website","url":"https:\/\/naughty-curran.136-144-185-207.plesk.page\/de\/","name":"De Pagter Interieurs","description":"M\u00f6belgesch\u00e4fte in Middelburg - Domburg - Veere","potentialAction":[{"@type":"SearchAction","target":{"@type":"EntryPoint","urlTemplate":"https:\/\/naughty-curran.136-144-185-207.plesk.page\/de\/?s={search_term_string}"},"query-input":{"@type":"PropertyValueSpecification","valueRequired":true,"valueName":"search_term_string"}}],"inLanguage":"de-DE"}]}},"_links":{"self":[{"href":"https:\/\/naughty-curran.136-144-185-207.plesk.page\/de\/wp-json\/wp\/v2\/product\/98467","targetHints":{"allow":["GET"]}}],"collection":[{"href":"https:\/\/naughty-curran.136-144-185-207.plesk.page\/de\/wp-json\/wp\/v2\/product"}],"about":[{"href":"https:\/\/naughty-curran.136-144-185-207.plesk.page\/de\/wp-json\/wp\/v2\/types\/product"}],"wp:featuredmedia":[{"embeddable":true,"href":"https:\/\/naughty-curran.136-144-185-207.plesk.page\/de\/wp-json\/wp\/v2\/media\/97914"}],"wp:attachment":[{"href":"https:\/\/naughty-curran.136-144-185-207.plesk.page\/de\/wp-json\/wp\/v2\/media?parent=98467"}],"wp:term":[{"taxonomy":"product_brand","embeddable":true,"href":"https:\/\/naughty-curran.136-144-185-207.plesk.page\/de\/wp-json\/wp\/v2\/product_brand?post=98467"},{"taxonomy":"product_cat","embeddable":true,"href":"https:\/\/naughty-curran.136-144-185-207.plesk.page\/de\/wp-json\/wp\/v2\/product_cat?post=98467"},{"taxonomy":"product_tag","embeddable":true,"href":"https:\/\/naughty-curran.136-144-185-207.plesk.page\/de\/wp-json\/wp\/v2\/product_tag?post=98467"}],"curies":[{"name":"wp","href":"https:\/\/api.w.org\/{rel}","templated":true}]}}