{"id":98504,"date":"2024-03-28T15:28:28","date_gmt":"2024-04-02T09:56:12","guid":{"rendered":"https:\/\/depagterinterieurs.nl\/collectie\/unkategorisiert\/geometrische-teppichkollektion\/"},"modified":"2024-04-02T10:56:12","modified_gmt":"2024-04-02T09:56:12","slug":"geometrische-teppichkollektion","status":"publish","type":"product","link":"https:\/\/naughty-curran.136-144-185-207.plesk.page\/de\/collectie\/marke\/karpi-de\/geometrische-teppichkollektion\/","title":{"rendered":"Geometrische Teppichkollektion"},"content":{"rendered":"","protected":false},"excerpt":{"rendered":"<p>Die Teppiche aus der \u201eGeometrischen Kollektion\u201c der Marke Karpi mit individuellen Formen f\u00fcr ein Statement-Set.<\/p>\n<p>Mit kraftvollen geometrischen Prinzipien, organischen Formen und leichten Materialien sind die Energie aus dem Raum und die Energie der Bewegung und Energie gut.<\/p>\n<p>Dieser Teppich ist <strong>nicht<\/strong> als Ma\u00dfanfertigung erh\u00e4ltlich.<\/p>\n","protected":false},"featured_media":98166,"template":"","meta":{"_monsterinsights_skip_tracking":false,"_monsterinsights_sitenote_active":false,"_monsterinsights_sitenote_note":"","_monsterinsights_sitenote_category":0},"product_brand":[],"product_cat":[545,399,225],"product_tag":[],"class_list":{"0":"post-98504","1":"product","2":"type-product","3":"status-publish","4":"has-post-thumbnail","6":"product_cat-karpi-de","7":"product_cat-marke","8":"product_cat-teppiche","10":"first","11":"instock","12":"shipping-taxable","13":"purchasable","14":"product-type-variable"},"yoast_head":"<!-- This site is optimized with the Yoast SEO plugin v25.8 - https:\/\/yoast.com\/wordpress\/plugins\/seo\/ -->\n<title>Geometrische Teppichkollektion - De Pagter Interieurs<\/title>\n<meta name=\"description\" content=\"Die Teppiche aus der \u201eGeometrischen Kollektion\u201c der Marke Karpi mit einzigartigen Formen sollen ein Statement setzen. Mit kr\u00e4ftigen geometrischen Mustern, organischen Formen und leuchtenden Farben verleiht dieser Teppich jedem Raum ein Gef\u00fchl von Bewegung und Energie. Dieser Teppich ist nicht als Ma\u00dfanfertigung erh\u00e4ltlich.\" \/>\n<meta name=\"robots\" content=\"noindex, follow, max-snippet:-1, max-image-preview:large, max-video-preview:-1\" \/>\n<meta property=\"og:locale\" content=\"de_DE\" \/>\n<meta property=\"og:type\" content=\"article\" \/>\n<meta property=\"og:title\" content=\"Geometrische Teppichkollektion - De Pagter Interieurs\" \/>\n<meta property=\"og:description\" content=\"Die Teppiche aus der \u201eGeometrischen Kollektion\u201c der Marke Karpi mit einzigartigen Formen sollen ein Statement setzen. Mit kr\u00e4ftigen geometrischen Mustern, organischen Formen und leuchtenden Farben verleiht dieser Teppich jedem Raum ein Gef\u00fchl von Bewegung und Energie. Dieser Teppich ist nicht als Ma\u00dfanfertigung erh\u00e4ltlich.\" \/>\n<meta property=\"og:url\" content=\"https:\/\/naughty-curran.136-144-185-207.plesk.page\/de\/collectie\/marke\/karpi-de\/geometrische-teppichkollektion\/\" \/>\n<meta property=\"og:site_name\" content=\"De Pagter Interieurs\" \/>\n<meta property=\"article:publisher\" content=\"https:\/\/www.facebook.com\/depagterinterieurs\/\" \/>\n<meta property=\"og:image\" content=\"https:\/\/naughty-curran.136-144-185-207.plesk.page\/wp-content\/uploads\/2024\/03\/VkozWtIg_1000x.jpg\" \/>\n\t<meta property=\"og:image:width\" content=\"1000\" \/>\n\t<meta property=\"og:image:height\" content=\"705\" \/>\n\t<meta property=\"og:image:type\" content=\"image\/jpeg\" \/>\n<meta name=\"twitter:card\" content=\"summary_large_image\" \/>\n<script type=\"application\/ld+json\" class=\"yoast-schema-graph\">{\"@context\":\"https:\/\/schema.org\",\"@graph\":[{\"@type\":\"WebPage\",\"@id\":\"https:\/\/naughty-curran.136-144-185-207.plesk.page\/de\/collectie\/marke\/karpi-de\/geometrische-teppichkollektion\/\",\"url\":\"https:\/\/naughty-curran.136-144-185-207.plesk.page\/de\/collectie\/marke\/karpi-de\/geometrische-teppichkollektion\/\",\"name\":\"Geometrische Teppichkollektion - De Pagter Interieurs\",\"isPartOf\":{\"@id\":\"https:\/\/naughty-curran.136-144-185-207.plesk.page\/de\/#website\"},\"primaryImageOfPage\":{\"@id\":\"https:\/\/naughty-curran.136-144-185-207.plesk.page\/de\/collectie\/marke\/karpi-de\/geometrische-teppichkollektion\/#primaryimage\"},\"image\":{\"@id\":\"https:\/\/naughty-curran.136-144-185-207.plesk.page\/de\/collectie\/marke\/karpi-de\/geometrische-teppichkollektion\/#primaryimage\"},\"thumbnailUrl\":\"https:\/\/naughty-curran.136-144-185-207.plesk.page\/wp-content\/uploads\/2024\/03\/VkozWtIg_1000x.jpg\",\"datePublished\":\"2024-04-02T09:56:12+00:00\",\"description\":\"Die Teppiche aus der \u201eGeometrischen Kollektion\u201c der Marke Karpi mit einzigartigen Formen sollen ein Statement setzen. Mit kr\u00e4ftigen geometrischen Mustern, organischen Formen und leuchtenden Farben verleiht dieser Teppich jedem Raum ein Gef\u00fchl von Bewegung und Energie. Dieser Teppich ist nicht als Ma\u00dfanfertigung erh\u00e4ltlich.\",\"breadcrumb\":{\"@id\":\"https:\/\/naughty-curran.136-144-185-207.plesk.page\/de\/collectie\/marke\/karpi-de\/geometrische-teppichkollektion\/#breadcrumb\"},\"inLanguage\":\"de-DE\",\"potentialAction\":[{\"@type\":\"ReadAction\",\"target\":[\"https:\/\/naughty-curran.136-144-185-207.plesk.page\/de\/collectie\/marke\/karpi-de\/geometrische-teppichkollektion\/\"]}]},{\"@type\":\"ImageObject\",\"inLanguage\":\"de-DE\",\"@id\":\"https:\/\/naughty-curran.136-144-185-207.plesk.page\/de\/collectie\/marke\/karpi-de\/geometrische-teppichkollektion\/#primaryimage\",\"url\":\"https:\/\/naughty-curran.136-144-185-207.plesk.page\/wp-content\/uploads\/2024\/03\/VkozWtIg_1000x.jpg\",\"contentUrl\":\"https:\/\/naughty-curran.136-144-185-207.plesk.page\/wp-content\/uploads\/2024\/03\/VkozWtIg_1000x.jpg\",\"width\":1000,\"height\":705},{\"@type\":\"BreadcrumbList\",\"@id\":\"https:\/\/naughty-curran.136-144-185-207.plesk.page\/de\/collectie\/marke\/karpi-de\/geometrische-teppichkollektion\/#breadcrumb\",\"itemListElement\":[{\"@type\":\"ListItem\",\"position\":1,\"name\":\"Home\",\"item\":\"https:\/\/naughty-curran.136-144-185-207.plesk.page\/de\/\"},{\"@type\":\"ListItem\",\"position\":2,\"name\":\"Kollektion\",\"item\":\"https:\/\/naughty-curran.136-144-185-207.plesk.page\/de\/kollektion\/\"},{\"@type\":\"ListItem\",\"position\":3,\"name\":\"Geometrische Teppichkollektion\"}]},{\"@type\":\"WebSite\",\"@id\":\"https:\/\/naughty-curran.136-144-185-207.plesk.page\/de\/#website\",\"url\":\"https:\/\/naughty-curran.136-144-185-207.plesk.page\/de\/\",\"name\":\"De Pagter Interieurs\",\"description\":\"M\u00f6belgesch\u00e4fte in Middelburg - Domburg - Veere\",\"potentialAction\":[{\"@type\":\"SearchAction\",\"target\":{\"@type\":\"EntryPoint\",\"urlTemplate\":\"https:\/\/naughty-curran.136-144-185-207.plesk.page\/de\/?s={search_term_string}\"},\"query-input\":{\"@type\":\"PropertyValueSpecification\",\"valueRequired\":true,\"valueName\":\"search_term_string\"}}],\"inLanguage\":\"de-DE\"}]}<\/script>\n<!-- \/ Yoast SEO plugin. -->","yoast_head_json":{"title":"Geometrische Teppichkollektion - De Pagter Interieurs","description":"Die Teppiche aus der \u201eGeometrischen Kollektion\u201c der Marke Karpi mit einzigartigen Formen sollen ein Statement setzen. Mit kr\u00e4ftigen geometrischen Mustern, organischen Formen und leuchtenden Farben verleiht dieser Teppich jedem Raum ein Gef\u00fchl von Bewegung und Energie. Dieser Teppich ist nicht als Ma\u00dfanfertigung erh\u00e4ltlich.","robots":{"index":"noindex","follow":"follow","max-snippet":"max-snippet:-1","max-image-preview":"max-image-preview:large","max-video-preview":"max-video-preview:-1"},"og_locale":"de_DE","og_type":"article","og_title":"Geometrische Teppichkollektion - De Pagter Interieurs","og_description":"Die Teppiche aus der \u201eGeometrischen Kollektion\u201c der Marke Karpi mit einzigartigen Formen sollen ein Statement setzen. Mit kr\u00e4ftigen geometrischen Mustern, organischen Formen und leuchtenden Farben verleiht dieser Teppich jedem Raum ein Gef\u00fchl von Bewegung und Energie. Dieser Teppich ist nicht als Ma\u00dfanfertigung erh\u00e4ltlich.","og_url":"https:\/\/naughty-curran.136-144-185-207.plesk.page\/de\/collectie\/marke\/karpi-de\/geometrische-teppichkollektion\/","og_site_name":"De Pagter Interieurs","article_publisher":"https:\/\/www.facebook.com\/depagterinterieurs\/","og_image":[{"width":1000,"height":705,"url":"https:\/\/naughty-curran.136-144-185-207.plesk.page\/wp-content\/uploads\/2024\/03\/VkozWtIg_1000x.jpg","type":"image\/jpeg"}],"twitter_card":"summary_large_image","schema":{"@context":"https:\/\/schema.org","@graph":[{"@type":"WebPage","@id":"https:\/\/naughty-curran.136-144-185-207.plesk.page\/de\/collectie\/marke\/karpi-de\/geometrische-teppichkollektion\/","url":"https:\/\/naughty-curran.136-144-185-207.plesk.page\/de\/collectie\/marke\/karpi-de\/geometrische-teppichkollektion\/","name":"Geometrische Teppichkollektion - De Pagter Interieurs","isPartOf":{"@id":"https:\/\/naughty-curran.136-144-185-207.plesk.page\/de\/#website"},"primaryImageOfPage":{"@id":"https:\/\/naughty-curran.136-144-185-207.plesk.page\/de\/collectie\/marke\/karpi-de\/geometrische-teppichkollektion\/#primaryimage"},"image":{"@id":"https:\/\/naughty-curran.136-144-185-207.plesk.page\/de\/collectie\/marke\/karpi-de\/geometrische-teppichkollektion\/#primaryimage"},"thumbnailUrl":"https:\/\/naughty-curran.136-144-185-207.plesk.page\/wp-content\/uploads\/2024\/03\/VkozWtIg_1000x.jpg","datePublished":"2024-04-02T09:56:12+00:00","description":"Die Teppiche aus der \u201eGeometrischen Kollektion\u201c der Marke Karpi mit einzigartigen Formen sollen ein Statement setzen. Mit kr\u00e4ftigen geometrischen Mustern, organischen Formen und leuchtenden Farben verleiht dieser Teppich jedem Raum ein Gef\u00fchl von Bewegung und Energie. Dieser Teppich ist nicht als Ma\u00dfanfertigung erh\u00e4ltlich.","breadcrumb":{"@id":"https:\/\/naughty-curran.136-144-185-207.plesk.page\/de\/collectie\/marke\/karpi-de\/geometrische-teppichkollektion\/#breadcrumb"},"inLanguage":"de-DE","potentialAction":[{"@type":"ReadAction","target":["https:\/\/naughty-curran.136-144-185-207.plesk.page\/de\/collectie\/marke\/karpi-de\/geometrische-teppichkollektion\/"]}]},{"@type":"ImageObject","inLanguage":"de-DE","@id":"https:\/\/naughty-curran.136-144-185-207.plesk.page\/de\/collectie\/marke\/karpi-de\/geometrische-teppichkollektion\/#primaryimage","url":"https:\/\/naughty-curran.136-144-185-207.plesk.page\/wp-content\/uploads\/2024\/03\/VkozWtIg_1000x.jpg","contentUrl":"https:\/\/naughty-curran.136-144-185-207.plesk.page\/wp-content\/uploads\/2024\/03\/VkozWtIg_1000x.jpg","width":1000,"height":705},{"@type":"BreadcrumbList","@id":"https:\/\/naughty-curran.136-144-185-207.plesk.page\/de\/collectie\/marke\/karpi-de\/geometrische-teppichkollektion\/#breadcrumb","itemListElement":[{"@type":"ListItem","position":1,"name":"Home","item":"https:\/\/naughty-curran.136-144-185-207.plesk.page\/de\/"},{"@type":"ListItem","position":2,"name":"Kollektion","item":"https:\/\/naughty-curran.136-144-185-207.plesk.page\/de\/kollektion\/"},{"@type":"ListItem","position":3,"name":"Geometrische Teppichkollektion"}]},{"@type":"WebSite","@id":"https:\/\/naughty-curran.136-144-185-207.plesk.page\/de\/#website","url":"https:\/\/naughty-curran.136-144-185-207.plesk.page\/de\/","name":"De Pagter Interieurs","description":"M\u00f6belgesch\u00e4fte in Middelburg - Domburg - Veere","potentialAction":[{"@type":"SearchAction","target":{"@type":"EntryPoint","urlTemplate":"https:\/\/naughty-curran.136-144-185-207.plesk.page\/de\/?s={search_term_string}"},"query-input":{"@type":"PropertyValueSpecification","valueRequired":true,"valueName":"search_term_string"}}],"inLanguage":"de-DE"}]}},"_links":{"self":[{"href":"https:\/\/naughty-curran.136-144-185-207.plesk.page\/de\/wp-json\/wp\/v2\/product\/98504","targetHints":{"allow":["GET"]}}],"collection":[{"href":"https:\/\/naughty-curran.136-144-185-207.plesk.page\/de\/wp-json\/wp\/v2\/product"}],"about":[{"href":"https:\/\/naughty-curran.136-144-185-207.plesk.page\/de\/wp-json\/wp\/v2\/types\/product"}],"wp:featuredmedia":[{"embeddable":true,"href":"https:\/\/naughty-curran.136-144-185-207.plesk.page\/de\/wp-json\/wp\/v2\/media\/98166"}],"wp:attachment":[{"href":"https:\/\/naughty-curran.136-144-185-207.plesk.page\/de\/wp-json\/wp\/v2\/media?parent=98504"}],"wp:term":[{"taxonomy":"product_brand","embeddable":true,"href":"https:\/\/naughty-curran.136-144-185-207.plesk.page\/de\/wp-json\/wp\/v2\/product_brand?post=98504"},{"taxonomy":"product_cat","embeddable":true,"href":"https:\/\/naughty-curran.136-144-185-207.plesk.page\/de\/wp-json\/wp\/v2\/product_cat?post=98504"},{"taxonomy":"product_tag","embeddable":true,"href":"https:\/\/naughty-curran.136-144-185-207.plesk.page\/de\/wp-json\/wp\/v2\/product_tag?post=98504"}],"curies":[{"name":"wp","href":"https:\/\/api.w.org\/{rel}","templated":true}]}}