{"id":153266,"date":"2025-05-05T19:30:11","date_gmt":"2025-05-05T18:52:17","guid":{"rendered":"https:\/\/depagterinterieurs.nl\/collectie\/uncategorized\/vitrine-savannah-teak\/"},"modified":"2025-05-05T19:52:17","modified_gmt":"2025-05-05T18:52:17","slug":"vitrine-savannah-teak","status":"publish","type":"product","link":"https:\/\/naughty-curran.136-144-185-207.plesk.page\/en\/collectie\/cabinets-sideboards\/display-cabinet\/vitrine-savannah-teak\/","title":{"rendered":"Vitrine Savannah Teak"},"content":{"rendered":"","protected":false},"excerpt":{"rendered":"<p>Vitrine &#8216;Savannah&#8217; aus Teakholz. Auch in anderen Gr\u00f6\u00dfen erh\u00e4ltlich, fragen Sie uns nach den M\u00f6glichkeiten.<\/p>\n","protected":false},"featured_media":100944,"template":"","meta":{"_monsterinsights_skip_tracking":false,"_monsterinsights_sitenote_active":false,"_monsterinsights_sitenote_note":"","_monsterinsights_sitenote_category":0},"product_brand":[],"product_cat":[358,68],"product_tag":[],"class_list":{"0":"post-153266","1":"product","2":"type-product","3":"status-publish","4":"has-post-thumbnail","6":"product_cat-display-cabinet","7":"product_cat-cabinets-sideboards","9":"first","10":"instock","11":"shipping-taxable","12":"purchasable","13":"product-type-simple"},"yoast_head":"<!-- This site is optimized with the Yoast SEO plugin v25.8 - https:\/\/yoast.com\/wordpress\/plugins\/seo\/ -->\n<title>Vitrine Savannah Teak - De Pagter Interieurs<\/title>\n<meta name=\"robots\" content=\"noindex, follow, max-snippet:-1, max-image-preview:large, max-video-preview:-1\" \/>\n<meta property=\"og:locale\" content=\"en_US\" \/>\n<meta property=\"og:type\" content=\"article\" \/>\n<meta property=\"og:title\" content=\"Vitrine Savannah Teak - De Pagter Interieurs\" \/>\n<meta property=\"og:description\" content=\"Vitrine &#039;Savannah&#039; aus Teakholz. Auch in anderen Gr\u00f6\u00dfen erh\u00e4ltlich, fragen Sie uns nach den M\u00f6glichkeiten.\" \/>\n<meta property=\"og:url\" content=\"https:\/\/naughty-curran.136-144-185-207.plesk.page\/en\/collectie\/cabinets-sideboards\/display-cabinet\/vitrine-savannah-teak\/\" \/>\n<meta property=\"og:site_name\" content=\"De Pagter Interieurs\" \/>\n<meta property=\"article:publisher\" content=\"https:\/\/www.facebook.com\/depagterinterieurs\/\" \/>\n<meta property=\"og:image\" content=\"https:\/\/naughty-curran.136-144-185-207.plesk.page\/wp-content\/uploads\/2024\/04\/IMG_4932.jpeg\" \/>\n\t<meta property=\"og:image:width\" content=\"1024\" \/>\n\t<meta property=\"og:image:height\" content=\"768\" \/>\n\t<meta property=\"og:image:type\" content=\"image\/jpeg\" \/>\n<meta name=\"twitter:card\" content=\"summary_large_image\" \/>\n<script type=\"application\/ld+json\" class=\"yoast-schema-graph\">{\"@context\":\"https:\/\/schema.org\",\"@graph\":[{\"@type\":\"WebPage\",\"@id\":\"https:\/\/naughty-curran.136-144-185-207.plesk.page\/en\/collectie\/cabinets-sideboards\/display-cabinet\/vitrine-savannah-teak\/\",\"url\":\"https:\/\/naughty-curran.136-144-185-207.plesk.page\/en\/collectie\/cabinets-sideboards\/display-cabinet\/vitrine-savannah-teak\/\",\"name\":\"Vitrine Savannah Teak - De Pagter Interieurs\",\"isPartOf\":{\"@id\":\"https:\/\/naughty-curran.136-144-185-207.plesk.page\/en\/#website\"},\"primaryImageOfPage\":{\"@id\":\"https:\/\/naughty-curran.136-144-185-207.plesk.page\/en\/collectie\/cabinets-sideboards\/display-cabinet\/vitrine-savannah-teak\/#primaryimage\"},\"image\":{\"@id\":\"https:\/\/naughty-curran.136-144-185-207.plesk.page\/en\/collectie\/cabinets-sideboards\/display-cabinet\/vitrine-savannah-teak\/#primaryimage\"},\"thumbnailUrl\":\"https:\/\/naughty-curran.136-144-185-207.plesk.page\/wp-content\/uploads\/2024\/04\/IMG_4932.jpeg\",\"datePublished\":\"2025-05-05T18:52:17+00:00\",\"breadcrumb\":{\"@id\":\"https:\/\/naughty-curran.136-144-185-207.plesk.page\/en\/collectie\/cabinets-sideboards\/display-cabinet\/vitrine-savannah-teak\/#breadcrumb\"},\"inLanguage\":\"en-US\",\"potentialAction\":[{\"@type\":\"ReadAction\",\"target\":[\"https:\/\/naughty-curran.136-144-185-207.plesk.page\/en\/collectie\/cabinets-sideboards\/display-cabinet\/vitrine-savannah-teak\/\"]}]},{\"@type\":\"ImageObject\",\"inLanguage\":\"en-US\",\"@id\":\"https:\/\/naughty-curran.136-144-185-207.plesk.page\/en\/collectie\/cabinets-sideboards\/display-cabinet\/vitrine-savannah-teak\/#primaryimage\",\"url\":\"https:\/\/naughty-curran.136-144-185-207.plesk.page\/wp-content\/uploads\/2024\/04\/IMG_4932.jpeg\",\"contentUrl\":\"https:\/\/naughty-curran.136-144-185-207.plesk.page\/wp-content\/uploads\/2024\/04\/IMG_4932.jpeg\",\"width\":1024,\"height\":768},{\"@type\":\"BreadcrumbList\",\"@id\":\"https:\/\/naughty-curran.136-144-185-207.plesk.page\/en\/collectie\/cabinets-sideboards\/display-cabinet\/vitrine-savannah-teak\/#breadcrumb\",\"itemListElement\":[{\"@type\":\"ListItem\",\"position\":1,\"name\":\"Home\",\"item\":\"https:\/\/naughty-curran.136-144-185-207.plesk.page\/en\/\"},{\"@type\":\"ListItem\",\"position\":2,\"name\":\"Collection\",\"item\":\"https:\/\/naughty-curran.136-144-185-207.plesk.page\/en\/collection\/\"},{\"@type\":\"ListItem\",\"position\":3,\"name\":\"Vitrine Savannah Teak\"}]},{\"@type\":\"WebSite\",\"@id\":\"https:\/\/naughty-curran.136-144-185-207.plesk.page\/en\/#website\",\"url\":\"https:\/\/naughty-curran.136-144-185-207.plesk.page\/en\/\",\"name\":\"De Pagter Interieurs\",\"description\":\"Furniture stores in Middelburg - Domburg - Veere\",\"potentialAction\":[{\"@type\":\"SearchAction\",\"target\":{\"@type\":\"EntryPoint\",\"urlTemplate\":\"https:\/\/naughty-curran.136-144-185-207.plesk.page\/en\/?s={search_term_string}\"},\"query-input\":{\"@type\":\"PropertyValueSpecification\",\"valueRequired\":true,\"valueName\":\"search_term_string\"}}],\"inLanguage\":\"en-US\"}]}<\/script>\n<!-- \/ Yoast SEO plugin. -->","yoast_head_json":{"title":"Vitrine Savannah Teak - De Pagter Interieurs","robots":{"index":"noindex","follow":"follow","max-snippet":"max-snippet:-1","max-image-preview":"max-image-preview:large","max-video-preview":"max-video-preview:-1"},"og_locale":"en_US","og_type":"article","og_title":"Vitrine Savannah Teak - De Pagter Interieurs","og_description":"Vitrine 'Savannah' aus Teakholz. Auch in anderen Gr\u00f6\u00dfen erh\u00e4ltlich, fragen Sie uns nach den M\u00f6glichkeiten.","og_url":"https:\/\/naughty-curran.136-144-185-207.plesk.page\/en\/collectie\/cabinets-sideboards\/display-cabinet\/vitrine-savannah-teak\/","og_site_name":"De Pagter Interieurs","article_publisher":"https:\/\/www.facebook.com\/depagterinterieurs\/","og_image":[{"width":1024,"height":768,"url":"https:\/\/naughty-curran.136-144-185-207.plesk.page\/wp-content\/uploads\/2024\/04\/IMG_4932.jpeg","type":"image\/jpeg"}],"twitter_card":"summary_large_image","schema":{"@context":"https:\/\/schema.org","@graph":[{"@type":"WebPage","@id":"https:\/\/naughty-curran.136-144-185-207.plesk.page\/en\/collectie\/cabinets-sideboards\/display-cabinet\/vitrine-savannah-teak\/","url":"https:\/\/naughty-curran.136-144-185-207.plesk.page\/en\/collectie\/cabinets-sideboards\/display-cabinet\/vitrine-savannah-teak\/","name":"Vitrine Savannah Teak - De Pagter Interieurs","isPartOf":{"@id":"https:\/\/naughty-curran.136-144-185-207.plesk.page\/en\/#website"},"primaryImageOfPage":{"@id":"https:\/\/naughty-curran.136-144-185-207.plesk.page\/en\/collectie\/cabinets-sideboards\/display-cabinet\/vitrine-savannah-teak\/#primaryimage"},"image":{"@id":"https:\/\/naughty-curran.136-144-185-207.plesk.page\/en\/collectie\/cabinets-sideboards\/display-cabinet\/vitrine-savannah-teak\/#primaryimage"},"thumbnailUrl":"https:\/\/naughty-curran.136-144-185-207.plesk.page\/wp-content\/uploads\/2024\/04\/IMG_4932.jpeg","datePublished":"2025-05-05T18:52:17+00:00","breadcrumb":{"@id":"https:\/\/naughty-curran.136-144-185-207.plesk.page\/en\/collectie\/cabinets-sideboards\/display-cabinet\/vitrine-savannah-teak\/#breadcrumb"},"inLanguage":"en-US","potentialAction":[{"@type":"ReadAction","target":["https:\/\/naughty-curran.136-144-185-207.plesk.page\/en\/collectie\/cabinets-sideboards\/display-cabinet\/vitrine-savannah-teak\/"]}]},{"@type":"ImageObject","inLanguage":"en-US","@id":"https:\/\/naughty-curran.136-144-185-207.plesk.page\/en\/collectie\/cabinets-sideboards\/display-cabinet\/vitrine-savannah-teak\/#primaryimage","url":"https:\/\/naughty-curran.136-144-185-207.plesk.page\/wp-content\/uploads\/2024\/04\/IMG_4932.jpeg","contentUrl":"https:\/\/naughty-curran.136-144-185-207.plesk.page\/wp-content\/uploads\/2024\/04\/IMG_4932.jpeg","width":1024,"height":768},{"@type":"BreadcrumbList","@id":"https:\/\/naughty-curran.136-144-185-207.plesk.page\/en\/collectie\/cabinets-sideboards\/display-cabinet\/vitrine-savannah-teak\/#breadcrumb","itemListElement":[{"@type":"ListItem","position":1,"name":"Home","item":"https:\/\/naughty-curran.136-144-185-207.plesk.page\/en\/"},{"@type":"ListItem","position":2,"name":"Collection","item":"https:\/\/naughty-curran.136-144-185-207.plesk.page\/en\/collection\/"},{"@type":"ListItem","position":3,"name":"Vitrine Savannah Teak"}]},{"@type":"WebSite","@id":"https:\/\/naughty-curran.136-144-185-207.plesk.page\/en\/#website","url":"https:\/\/naughty-curran.136-144-185-207.plesk.page\/en\/","name":"De Pagter Interieurs","description":"Furniture stores in Middelburg - Domburg - Veere","potentialAction":[{"@type":"SearchAction","target":{"@type":"EntryPoint","urlTemplate":"https:\/\/naughty-curran.136-144-185-207.plesk.page\/en\/?s={search_term_string}"},"query-input":{"@type":"PropertyValueSpecification","valueRequired":true,"valueName":"search_term_string"}}],"inLanguage":"en-US"}]}},"_links":{"self":[{"href":"https:\/\/naughty-curran.136-144-185-207.plesk.page\/en\/wp-json\/wp\/v2\/product\/153266","targetHints":{"allow":["GET"]}}],"collection":[{"href":"https:\/\/naughty-curran.136-144-185-207.plesk.page\/en\/wp-json\/wp\/v2\/product"}],"about":[{"href":"https:\/\/naughty-curran.136-144-185-207.plesk.page\/en\/wp-json\/wp\/v2\/types\/product"}],"wp:featuredmedia":[{"embeddable":true,"href":"https:\/\/naughty-curran.136-144-185-207.plesk.page\/en\/wp-json\/wp\/v2\/media\/100944"}],"wp:attachment":[{"href":"https:\/\/naughty-curran.136-144-185-207.plesk.page\/en\/wp-json\/wp\/v2\/media?parent=153266"}],"wp:term":[{"taxonomy":"product_brand","embeddable":true,"href":"https:\/\/naughty-curran.136-144-185-207.plesk.page\/en\/wp-json\/wp\/v2\/product_brand?post=153266"},{"taxonomy":"product_cat","embeddable":true,"href":"https:\/\/naughty-curran.136-144-185-207.plesk.page\/en\/wp-json\/wp\/v2\/product_cat?post=153266"},{"taxonomy":"product_tag","embeddable":true,"href":"https:\/\/naughty-curran.136-144-185-207.plesk.page\/en\/wp-json\/wp\/v2\/product_tag?post=153266"}],"curies":[{"name":"wp","href":"https:\/\/api.w.org\/{rel}","templated":true}]}}