{"id":105756,"date":"2024-05-14T11:03:26","date_gmt":"2024-05-14T10:03:26","guid":{"rendered":"https:\/\/depagterinterieurs.nl\/contact\/"},"modified":"2025-04-28T13:47:59","modified_gmt":"2025-04-28T12:47:59","slug":"contact","status":"publish","type":"page","link":"https:\/\/naughty-curran.136-144-185-207.plesk.page\/fr\/contact\/","title":{"rendered":"Contact"},"content":{"rendered":"<h2>NOS MAGASINS<\/h2>\n<h3>Middelburg<\/h3>\n<p>\t\t\t\t\t\t\t\t\t\t\t\t\t\t\t<img loading=\"lazy\" decoding=\"async\" width=\"615\" height=\"410\" src=\"https:\/\/naughty-curran.136-144-185-207.plesk.page\/wp-content\/uploads\/2019\/06\/Middelburg-resize.jpg\" alt=\"\" \/>\t\t\t\t\t\t\t\t\t\t\t\t\t\t\t<\/p>\n<p>HEURES D\u2019OUVERTURE<\/p>\n<p>Du lundi au vendredi<\/p>\n<p>Samedi<\/p>\n<p>Dimanche<\/p>\n<p>09h00 &#8211; 17h30<\/p>\n<p>09h00 &#8211; 17h00<\/p>\n<p>13h00 &#8211; 17h00<\/p>\n<p>Segeersstraat 8, Middelbourg <i><\/i> <br \/>+31 118 634 133<br \/><a href=\"mailto:info@depagterinterieurs.nl\">info@depagterinterieurs.nl<\/a><\/p>\n<h3>Veere, Pays-Bas<\/h3>\n<p>\t\t\t\t\t\t\t\t\t\t\t\t\t\t\t<img loading=\"lazy\" decoding=\"async\" width=\"613\" height=\"410\" src=\"https:\/\/naughty-curran.136-144-185-207.plesk.page\/wp-content\/uploads\/2019\/06\/Veere-resize.jpg\" alt=\"\" \/>\t\t\t\t\t\t\t\t\t\t\t\t\t\t\t<\/p>\n<p>HEURES D\u2019OUVERTURE<\/p>\n<p>Du lundi au vendredi<\/p>\n<p>Samedi<\/p>\n<p>Dimanche<\/p>\n<p>10 h 00 &#8211; 17 h 30<\/p>\n<p>10 h 00 &#8211; 17 h 00<\/p>\n<p>11 h 00 &#8211; 17 h 00<\/p>\n<p>Kaai 53, Veere<br \/>+31 118 501 854<br \/><a href=\"mailto:info@depagterinterieurs.nl\">info@depagterinterieurs.nl<\/a><\/p>\n<h3>Domburg, Pays-Bas<\/h3>\n<p>\t\t\t\t\t\t\t\t\t\t\t\t\t\t\t<img loading=\"lazy\" decoding=\"async\" width=\"613\" height=\"410\" src=\"https:\/\/naughty-curran.136-144-185-207.plesk.page\/wp-content\/uploads\/2019\/06\/Domburg-resize.jpg\" alt=\"\" \/>\t\t\t\t\t\t\t\t\t\t\t\t\t\t\t<\/p>\n<p>HEURES D\u2019OUVERTURE<\/p>\n<p>Du lundi au vendredi<\/p>\n<p>Samedi<\/p>\n<p>Dimanche<\/p>\n<p>10 h 00 &#8211; 17 h 30<\/p>\n<p>10 h 00 &#8211; 17 h 00<\/p>\n<p>11 h 00 &#8211; 17 h 00<\/p>\n<p>Markt 1, Domburg<br \/>+31 118 581 120<br \/><a href=\"mailto:info@depagterinterieurs.nl\">info@depagterinterieurs.nl<\/a><\/p>\n<h2><strong data-start=\"66\" data-end=\"77\">Veuillez noter :<\/strong> Les heures d\u2019ouverture pendant les jours f\u00e9ri\u00e9s ou les jours sp\u00e9ciaux peuvent varier. Pour conna\u00eetre les heures d\u2019ouverture actuelles, consultez Google. <\/h2>\n<h3>IMPRESSION DE LA BOUTIQUE  <\/h3>\n<p>MIDDELBURG<\/p>\n<p>https:\/\/youtu.be\/QYc46f0YAsk<\/p>\n<p>VEERE<\/p>\n<p>https:\/\/youtu.be\/x7sLjyASM0o\t\t<\/p>\n<h3>QUI SOMMES-NOUS <\/h3>\n<h2>De Pagter Interieurs<\/h2>\n<p>De Pagter Interieurs poss\u00e8de trois magasins d\u2019ameublement caract\u00e9ristiques en Z\u00e9lande, Pays-Bas.<\/p>\n<p>MIDDELBURG<br \/>Notre si\u00e8ge social est situ\u00e9 en plein centre de Middelbourg. La succession des diff\u00e9rents b\u00e2timents se traduit par une surface commerciale de 3000 m\u00b2, avec 2 entr\u00e9es. Vous pourrez vous perdre dans les chambres et les espaces joliment d\u00e9cor\u00e9s.<\/p>\n<p>VEERE<br \/>Dans la pittoresque Veere, nous avons une boutique dans la marina confortable. Dans l\u2019int\u00e9rieur surprenant, les meubles et les nombreux accessoires de la maison prennent tout leur sens.<\/p>\n<p>DOMBURG<br \/>Dans le quartier traditionnellement \u00e0 la mode de Domburg, nous avons acc\u00e8s \u00e0 l\u2019ancien h\u00f4tel de ville sur le Markt. Le b\u00e2timent monumental et caract\u00e9ristique de 2 \u00e9tages en combinaison avec la collection de meubles et de d\u00e9coration respire l\u2019atmosph\u00e8re et l\u2019allure.<\/p>\n<p>EN GROS<br \/>Depuis la succursale de Middelburg, nous fournissons des d\u00e9taillants dans le secteur de l\u2019ameublement. Vous \u00eates accueillis pendant les heures d\u2019ouverture, sur rendez-vous ou non.<\/p>\n<p>SITE INTERNET<br \/>Notre site web ne contient qu\u2019une partie de notre vaste collection. Bien s\u00fbr, nous essayons de maintenir le site Web \u00e0 jour, mais il est possible qu\u2019un article soit \u00e9puis\u00e9 et soit toujours r\u00e9pertori\u00e9. Il est \u00e9galement possible qu\u2019un article soit d\u2019une couleur ou d\u2019un design diff\u00e9rent sur le site de celui affich\u00e9 dans le(s) magasin(s). Il est possible qu\u2019un article de la collection permanente soit temporairement indisponible. Si vous \u00eates int\u00e9ress\u00e9 par un article pr\u00e9sent\u00e9 sur le site Web et que vous souhaitez venir le voir, nous vous recommandons de contacter d\u2019abord notre magasin de Middelbourg. Il est \u00e9galement possible que l\u2019article soit pr\u00e9sent dans l\u2019un des autres magasins.<\/p>\n<p>Lorsque vous consultez notre site Web en tant que visiteur, les prix incluant la TVA de 21&nbsp;% sont affich\u00e9s.<br \/>Lorsque vous \u00eates connect\u00e9 en tant que client, les prix sont indiqu\u00e9s hors TVA.<\/p>\n<p>\u00c9PISODE<br \/>Notre propre service de livraison livre les meubles que vous avez achet\u00e9s \u00e0 votre domicile, sur rendez-vous.<\/p>\n<p>Les livraisons dans toute l\u2019Europe sont possibles par l\u2019interm\u00e9diaire d\u2019un transporteur de meubles reconnu.<\/p>\n<p>En dehors de l\u2019Europe, les livraisons sont possibles en concertation.<\/p>\n<h3>INFORMATIONS SUR L\u2019ENTREPRISE<\/h3>\n<p>De Pagter Interieurs b.v.<br \/>Segeersstraat 8<br \/>4331 JN Middelbourg<\/p>\n<p>Courriel : info@depagterinterieurs.nl<br \/>T\u00e9l. : +31 118 634 133<\/p>\n<p>Chambre de Commerce de Middelbourg n\u00b0 22049481<br \/>N\u00b0 de TVA NL815963324B01<br \/>IBAN&nbsp;: NL02 INGB 0658 1015 28<br \/>BIC : INGBNL2A <\/p>\n<p>Nos conditions g\u00e9n\u00e9rales de vente et de livraison s\u2019appliquent \u00e0 tous nos devis et contrats, tels que d\u00e9pos\u00e9s aupr\u00e8s de la Chambre de commerce de Middelbourg, d\u00e9p\u00f4t n\u00b0. 22049481.<\/p>\n","protected":false},"excerpt":{"rendered":"<p>NOS MAGASINS Middelburg HEURES D\u2019OUVERTURE Du lundi au vendredi Samedi Dimanche 09h00 &#8211; 17h30 09h00 &#8211; 17h00 13h00 &#8211; 17h00 Segeersstraat 8, Middelbourg +31 118 634 133info@depagterinterieurs.nl Veere, Pays-Bas HEURES D\u2019OUVERTURE Du lundi au vendredi Samedi Dimanche 10 h 00 &#8211; 17 h 30 10 h 00 &#8211; 17 h 00 11 h 00 &#8211; [&hellip;]<\/p>\n","protected":false},"author":1,"featured_media":0,"parent":0,"menu_order":0,"comment_status":"closed","ping_status":"closed","template":"","meta":{"_monsterinsights_skip_tracking":false,"_monsterinsights_sitenote_active":false,"_monsterinsights_sitenote_note":"","_monsterinsights_sitenote_category":0,"footnotes":"","_wp_rev_ctl_limit":""},"class_list":["post-105756","page","type-page","status-publish","hentry"],"yoast_head":"<!-- This site is optimized with the Yoast SEO plugin v25.8 - https:\/\/yoast.com\/wordpress\/plugins\/seo\/ -->\n<title>De Pagter Interieurs Contact de -<\/title>\n<meta name=\"description\" content=\"Vous trouverez ici toutes les informations sur nos magasins. Nous sommes situ\u00e9s \u00e0 Middelburg, Domburg et Veere et sommes ouverts 7 jours sur 7.\" \/>\n<meta name=\"robots\" content=\"noindex, follow, max-snippet:-1, max-image-preview:large, max-video-preview:-1\" \/>\n<meta property=\"og:locale\" content=\"fr_FR\" \/>\n<meta property=\"og:type\" content=\"article\" \/>\n<meta property=\"og:title\" content=\"De Pagter Interieurs Contact de -\" \/>\n<meta property=\"og:description\" content=\"Vous trouverez ici toutes les informations sur nos magasins. Nous sommes situ\u00e9s \u00e0 Middelburg, Domburg et Veere et sommes ouverts 7 jours sur 7.\" \/>\n<meta property=\"og:url\" content=\"https:\/\/naughty-curran.136-144-185-207.plesk.page\/fr\/contact\/\" \/>\n<meta property=\"og:site_name\" content=\"De Pagter Interieurs\" \/>\n<meta property=\"article:publisher\" content=\"https:\/\/www.facebook.com\/depagterinterieurs\/\" \/>\n<meta property=\"article:modified_time\" content=\"2025-04-28T12:47:59+00:00\" \/>\n<meta property=\"og:image\" content=\"https:\/\/naughty-curran.136-144-185-207.plesk.page\/wp-content\/uploads\/2019\/06\/Middelburg-resize.jpg\" \/>\n<meta name=\"twitter:card\" content=\"summary_large_image\" \/>\n<meta name=\"twitter:label1\" content=\"Est. reading time\" \/>\n\t<meta name=\"twitter:data1\" content=\"3 minutes\" \/>\n<script type=\"application\/ld+json\" class=\"yoast-schema-graph\">{\"@context\":\"https:\/\/schema.org\",\"@graph\":[{\"@type\":\"WebPage\",\"@id\":\"https:\/\/naughty-curran.136-144-185-207.plesk.page\/fr\/contact\/\",\"url\":\"https:\/\/naughty-curran.136-144-185-207.plesk.page\/fr\/contact\/\",\"name\":\"De Pagter Interieurs Contact de -\",\"isPartOf\":{\"@id\":\"https:\/\/naughty-curran.136-144-185-207.plesk.page\/fr\/#website\"},\"primaryImageOfPage\":{\"@id\":\"https:\/\/naughty-curran.136-144-185-207.plesk.page\/fr\/contact\/#primaryimage\"},\"image\":{\"@id\":\"https:\/\/naughty-curran.136-144-185-207.plesk.page\/fr\/contact\/#primaryimage\"},\"thumbnailUrl\":\"https:\/\/naughty-curran.136-144-185-207.plesk.page\/wp-content\/uploads\/2019\/06\/Middelburg-resize.jpg\",\"datePublished\":\"2024-05-14T10:03:26+00:00\",\"dateModified\":\"2025-04-28T12:47:59+00:00\",\"description\":\"Vous trouverez ici toutes les informations sur nos magasins. Nous sommes situ\u00e9s \u00e0 Middelburg, Domburg et Veere et sommes ouverts 7 jours sur 7.\",\"breadcrumb\":{\"@id\":\"https:\/\/naughty-curran.136-144-185-207.plesk.page\/fr\/contact\/#breadcrumb\"},\"inLanguage\":\"fr-FR\",\"potentialAction\":[{\"@type\":\"ReadAction\",\"target\":[\"https:\/\/naughty-curran.136-144-185-207.plesk.page\/fr\/contact\/\"]}]},{\"@type\":\"ImageObject\",\"inLanguage\":\"fr-FR\",\"@id\":\"https:\/\/naughty-curran.136-144-185-207.plesk.page\/fr\/contact\/#primaryimage\",\"url\":\"https:\/\/naughty-curran.136-144-185-207.plesk.page\/wp-content\/uploads\/2019\/06\/Middelburg-resize.jpg\",\"contentUrl\":\"https:\/\/naughty-curran.136-144-185-207.plesk.page\/wp-content\/uploads\/2019\/06\/Middelburg-resize.jpg\"},{\"@type\":\"BreadcrumbList\",\"@id\":\"https:\/\/naughty-curran.136-144-185-207.plesk.page\/fr\/contact\/#breadcrumb\",\"itemListElement\":[{\"@type\":\"ListItem\",\"position\":1,\"name\":\"Home\",\"item\":\"https:\/\/naughty-curran.136-144-185-207.plesk.page\/fr\/\"},{\"@type\":\"ListItem\",\"position\":2,\"name\":\"Contact\"}]},{\"@type\":\"WebSite\",\"@id\":\"https:\/\/naughty-curran.136-144-185-207.plesk.page\/fr\/#website\",\"url\":\"https:\/\/naughty-curran.136-144-185-207.plesk.page\/fr\/\",\"name\":\"De Pagter Interieurs\",\"description\":\"Woonwinkels in Middelburg - Domburg - Veere\",\"potentialAction\":[{\"@type\":\"SearchAction\",\"target\":{\"@type\":\"EntryPoint\",\"urlTemplate\":\"https:\/\/naughty-curran.136-144-185-207.plesk.page\/fr\/?s={search_term_string}\"},\"query-input\":{\"@type\":\"PropertyValueSpecification\",\"valueRequired\":true,\"valueName\":\"search_term_string\"}}],\"inLanguage\":\"fr-FR\"}]}<\/script>\n<!-- \/ Yoast SEO plugin. -->","yoast_head_json":{"title":"De Pagter Interieurs Contact de -","description":"Vous trouverez ici toutes les informations sur nos magasins. Nous sommes situ\u00e9s \u00e0 Middelburg, Domburg et Veere et sommes ouverts 7 jours sur 7.","robots":{"index":"noindex","follow":"follow","max-snippet":"max-snippet:-1","max-image-preview":"max-image-preview:large","max-video-preview":"max-video-preview:-1"},"og_locale":"fr_FR","og_type":"article","og_title":"De Pagter Interieurs Contact de -","og_description":"Vous trouverez ici toutes les informations sur nos magasins. Nous sommes situ\u00e9s \u00e0 Middelburg, Domburg et Veere et sommes ouverts 7 jours sur 7.","og_url":"https:\/\/naughty-curran.136-144-185-207.plesk.page\/fr\/contact\/","og_site_name":"De Pagter Interieurs","article_publisher":"https:\/\/www.facebook.com\/depagterinterieurs\/","article_modified_time":"2025-04-28T12:47:59+00:00","og_image":[{"url":"https:\/\/naughty-curran.136-144-185-207.plesk.page\/wp-content\/uploads\/2019\/06\/Middelburg-resize.jpg","type":"","width":"","height":""}],"twitter_card":"summary_large_image","twitter_misc":{"Est. reading time":"3 minutes"},"schema":{"@context":"https:\/\/schema.org","@graph":[{"@type":"WebPage","@id":"https:\/\/naughty-curran.136-144-185-207.plesk.page\/fr\/contact\/","url":"https:\/\/naughty-curran.136-144-185-207.plesk.page\/fr\/contact\/","name":"De Pagter Interieurs Contact de -","isPartOf":{"@id":"https:\/\/naughty-curran.136-144-185-207.plesk.page\/fr\/#website"},"primaryImageOfPage":{"@id":"https:\/\/naughty-curran.136-144-185-207.plesk.page\/fr\/contact\/#primaryimage"},"image":{"@id":"https:\/\/naughty-curran.136-144-185-207.plesk.page\/fr\/contact\/#primaryimage"},"thumbnailUrl":"https:\/\/naughty-curran.136-144-185-207.plesk.page\/wp-content\/uploads\/2019\/06\/Middelburg-resize.jpg","datePublished":"2024-05-14T10:03:26+00:00","dateModified":"2025-04-28T12:47:59+00:00","description":"Vous trouverez ici toutes les informations sur nos magasins. Nous sommes situ\u00e9s \u00e0 Middelburg, Domburg et Veere et sommes ouverts 7 jours sur 7.","breadcrumb":{"@id":"https:\/\/naughty-curran.136-144-185-207.plesk.page\/fr\/contact\/#breadcrumb"},"inLanguage":"fr-FR","potentialAction":[{"@type":"ReadAction","target":["https:\/\/naughty-curran.136-144-185-207.plesk.page\/fr\/contact\/"]}]},{"@type":"ImageObject","inLanguage":"fr-FR","@id":"https:\/\/naughty-curran.136-144-185-207.plesk.page\/fr\/contact\/#primaryimage","url":"https:\/\/naughty-curran.136-144-185-207.plesk.page\/wp-content\/uploads\/2019\/06\/Middelburg-resize.jpg","contentUrl":"https:\/\/naughty-curran.136-144-185-207.plesk.page\/wp-content\/uploads\/2019\/06\/Middelburg-resize.jpg"},{"@type":"BreadcrumbList","@id":"https:\/\/naughty-curran.136-144-185-207.plesk.page\/fr\/contact\/#breadcrumb","itemListElement":[{"@type":"ListItem","position":1,"name":"Home","item":"https:\/\/naughty-curran.136-144-185-207.plesk.page\/fr\/"},{"@type":"ListItem","position":2,"name":"Contact"}]},{"@type":"WebSite","@id":"https:\/\/naughty-curran.136-144-185-207.plesk.page\/fr\/#website","url":"https:\/\/naughty-curran.136-144-185-207.plesk.page\/fr\/","name":"De Pagter Interieurs","description":"Woonwinkels in Middelburg - Domburg - Veere","potentialAction":[{"@type":"SearchAction","target":{"@type":"EntryPoint","urlTemplate":"https:\/\/naughty-curran.136-144-185-207.plesk.page\/fr\/?s={search_term_string}"},"query-input":{"@type":"PropertyValueSpecification","valueRequired":true,"valueName":"search_term_string"}}],"inLanguage":"fr-FR"}]}},"_links":{"self":[{"href":"https:\/\/naughty-curran.136-144-185-207.plesk.page\/fr\/wp-json\/wp\/v2\/pages\/105756","targetHints":{"allow":["GET"]}}],"collection":[{"href":"https:\/\/naughty-curran.136-144-185-207.plesk.page\/fr\/wp-json\/wp\/v2\/pages"}],"about":[{"href":"https:\/\/naughty-curran.136-144-185-207.plesk.page\/fr\/wp-json\/wp\/v2\/types\/page"}],"author":[{"embeddable":true,"href":"https:\/\/naughty-curran.136-144-185-207.plesk.page\/fr\/wp-json\/wp\/v2\/users\/1"}],"replies":[{"embeddable":true,"href":"https:\/\/naughty-curran.136-144-185-207.plesk.page\/fr\/wp-json\/wp\/v2\/comments?post=105756"}],"version-history":[{"count":2,"href":"https:\/\/naughty-curran.136-144-185-207.plesk.page\/fr\/wp-json\/wp\/v2\/pages\/105756\/revisions"}],"predecessor-version":[{"id":152548,"href":"https:\/\/naughty-curran.136-144-185-207.plesk.page\/fr\/wp-json\/wp\/v2\/pages\/105756\/revisions\/152548"}],"wp:attachment":[{"href":"https:\/\/naughty-curran.136-144-185-207.plesk.page\/fr\/wp-json\/wp\/v2\/media?parent=105756"}],"curies":[{"name":"wp","href":"https:\/\/api.w.org\/{rel}","templated":true}]}}