{"id":105778,"date":"2024-05-14T11:17:06","date_gmt":"2024-05-14T10:17:06","guid":{"rendered":"https:\/\/depagterinterieurs.nl\/nos-marques\/"},"modified":"2025-03-31T13:00:33","modified_gmt":"2025-03-31T12:00:33","slug":"nos-marques","status":"publish","type":"page","link":"https:\/\/naughty-curran.136-144-185-207.plesk.page\/fr\/nos-marques\/","title":{"rendered":"NOS MARQUES"},"content":{"rendered":"<h2>NOS MARQUES<\/h2>\n<p>Bienvenue sur notre page de marques exclusives, o\u00f9 nous pr\u00e9sentons un monde sophistiqu\u00e9 de design de meubles et d\u2019innovations int\u00e9rieures. D\u00e9couvrez une s\u00e9lection exquise de grandes marques qui symbolisent l\u2019\u00e9l\u00e9gance, le savoir-faire et l\u2019esth\u00e9tique intemporelle. <\/p>\n<p>Nous pouvons tout fournir des marques suivantes !<\/p>\n<p>Bienvenue sur notre page de marques exclusives, o\u00f9 nous pr\u00e9sentons un monde sophistiqu\u00e9 de design de meubles et d\u2019innovations int\u00e9rieures. D\u00e9couvrez une s\u00e9lection exquise de grandes marques qui symbolisent l\u2019\u00e9l\u00e9gance, le savoir-faire et l\u2019esth\u00e9tique intemporelle.&nbsp;<\/p>\n<p>Nous pouvons tout fournir des marques suivantes !<\/p>\n<div class=\"woocommerce columns-4\"><\/div>\n","protected":false},"excerpt":{"rendered":"<p>NOS MARQUES Bienvenue sur notre page de marques exclusives, o\u00f9 nous pr\u00e9sentons un monde sophistiqu\u00e9 de design de meubles et d\u2019innovations int\u00e9rieures. D\u00e9couvrez une s\u00e9lection exquise de grandes marques qui symbolisent l\u2019\u00e9l\u00e9gance, le savoir-faire et l\u2019esth\u00e9tique intemporelle. Nous pouvons tout fournir des marques suivantes ! Bienvenue sur notre page de marques exclusives, o\u00f9 nous pr\u00e9sentons [&hellip;]<\/p>\n","protected":false},"author":936,"featured_media":0,"parent":0,"menu_order":0,"comment_status":"closed","ping_status":"closed","template":"","meta":{"_monsterinsights_skip_tracking":false,"_monsterinsights_sitenote_active":false,"_monsterinsights_sitenote_note":"","_monsterinsights_sitenote_category":0,"footnotes":"","_wp_rev_ctl_limit":""},"class_list":["post-105778","page","type-page","status-publish","hentry"],"yoast_head":"<!-- This site is optimized with the Yoast SEO plugin v25.8 - https:\/\/yoast.com\/wordpress\/plugins\/seo\/ -->\n<title>NOS MARQUES - De Pagter Interieurs<\/title>\n<meta name=\"description\" content=\"Naviguez dans un monde de style et d\u2019innovation sur notre page de marques. D\u00e9couvrez une s\u00e9lection soigneusement s\u00e9lectionn\u00e9e de marques haut de gamme qui excellent en mati\u00e8re de qualit\u00e9, de design et de savoir-faire. Laissez-vous inspirer et enrichissez votre vie avec les marques embl\u00e9matiques qui \u00e9tablissent la norme. D\u00e9couvrez votre style parfait sur notre page de marque - o\u00f9 l\u2019excellence est \u00e0 la maison.\" \/>\n<meta name=\"robots\" content=\"noindex, follow, max-snippet:-1, max-image-preview:large, max-video-preview:-1\" \/>\n<meta property=\"og:locale\" content=\"fr_FR\" \/>\n<meta property=\"og:type\" content=\"article\" \/>\n<meta property=\"og:title\" content=\"NOS MARQUES - De Pagter Interieurs\" \/>\n<meta property=\"og:description\" content=\"Naviguez dans un monde de style et d\u2019innovation sur notre page de marques. D\u00e9couvrez une s\u00e9lection soigneusement s\u00e9lectionn\u00e9e de marques haut de gamme qui excellent en mati\u00e8re de qualit\u00e9, de design et de savoir-faire. Laissez-vous inspirer et enrichissez votre vie avec les marques embl\u00e9matiques qui \u00e9tablissent la norme. D\u00e9couvrez votre style parfait sur notre page de marque - o\u00f9 l\u2019excellence est \u00e0 la maison.\" \/>\n<meta property=\"og:url\" content=\"https:\/\/naughty-curran.136-144-185-207.plesk.page\/fr\/nos-marques\/\" \/>\n<meta property=\"og:site_name\" content=\"De Pagter Interieurs\" \/>\n<meta property=\"article:publisher\" content=\"https:\/\/www.facebook.com\/depagterinterieurs\/\" \/>\n<meta property=\"article:modified_time\" content=\"2025-03-31T12:00:33+00:00\" \/>\n<meta name=\"twitter:card\" content=\"summary_large_image\" \/>\n<meta name=\"twitter:label1\" content=\"Est. reading time\" \/>\n\t<meta name=\"twitter:data1\" content=\"4 minutes\" \/>\n<script type=\"application\/ld+json\" class=\"yoast-schema-graph\">{\"@context\":\"https:\/\/schema.org\",\"@graph\":[{\"@type\":\"WebPage\",\"@id\":\"https:\/\/naughty-curran.136-144-185-207.plesk.page\/fr\/nos-marques\/\",\"url\":\"https:\/\/naughty-curran.136-144-185-207.plesk.page\/fr\/nos-marques\/\",\"name\":\"NOS MARQUES - De Pagter Interieurs\",\"isPartOf\":{\"@id\":\"https:\/\/naughty-curran.136-144-185-207.plesk.page\/fr\/#website\"},\"datePublished\":\"2024-05-14T10:17:06+00:00\",\"dateModified\":\"2025-03-31T12:00:33+00:00\",\"description\":\"Naviguez dans un monde de style et d\u2019innovation sur notre page de marques. D\u00e9couvrez une s\u00e9lection soigneusement s\u00e9lectionn\u00e9e de marques haut de gamme qui excellent en mati\u00e8re de qualit\u00e9, de design et de savoir-faire. Laissez-vous inspirer et enrichissez votre vie avec les marques embl\u00e9matiques qui \u00e9tablissent la norme. D\u00e9couvrez votre style parfait sur notre page de marque - o\u00f9 l\u2019excellence est \u00e0 la maison.\",\"breadcrumb\":{\"@id\":\"https:\/\/naughty-curran.136-144-185-207.plesk.page\/fr\/nos-marques\/#breadcrumb\"},\"inLanguage\":\"fr-FR\",\"potentialAction\":[{\"@type\":\"ReadAction\",\"target\":[\"https:\/\/naughty-curran.136-144-185-207.plesk.page\/fr\/nos-marques\/\"]}]},{\"@type\":\"BreadcrumbList\",\"@id\":\"https:\/\/naughty-curran.136-144-185-207.plesk.page\/fr\/nos-marques\/#breadcrumb\",\"itemListElement\":[{\"@type\":\"ListItem\",\"position\":1,\"name\":\"Home\",\"item\":\"https:\/\/naughty-curran.136-144-185-207.plesk.page\/fr\/\"},{\"@type\":\"ListItem\",\"position\":2,\"name\":\"NOS MARQUES\"}]},{\"@type\":\"WebSite\",\"@id\":\"https:\/\/naughty-curran.136-144-185-207.plesk.page\/fr\/#website\",\"url\":\"https:\/\/naughty-curran.136-144-185-207.plesk.page\/fr\/\",\"name\":\"De Pagter Interieurs\",\"description\":\"Woonwinkels in Middelburg - Domburg - Veere\",\"potentialAction\":[{\"@type\":\"SearchAction\",\"target\":{\"@type\":\"EntryPoint\",\"urlTemplate\":\"https:\/\/naughty-curran.136-144-185-207.plesk.page\/fr\/?s={search_term_string}\"},\"query-input\":{\"@type\":\"PropertyValueSpecification\",\"valueRequired\":true,\"valueName\":\"search_term_string\"}}],\"inLanguage\":\"fr-FR\"}]}<\/script>\n<!-- \/ Yoast SEO plugin. -->","yoast_head_json":{"title":"NOS MARQUES - De Pagter Interieurs","description":"Naviguez dans un monde de style et d\u2019innovation sur notre page de marques. D\u00e9couvrez une s\u00e9lection soigneusement s\u00e9lectionn\u00e9e de marques haut de gamme qui excellent en mati\u00e8re de qualit\u00e9, de design et de savoir-faire. Laissez-vous inspirer et enrichissez votre vie avec les marques embl\u00e9matiques qui \u00e9tablissent la norme. D\u00e9couvrez votre style parfait sur notre page de marque - o\u00f9 l\u2019excellence est \u00e0 la maison.","robots":{"index":"noindex","follow":"follow","max-snippet":"max-snippet:-1","max-image-preview":"max-image-preview:large","max-video-preview":"max-video-preview:-1"},"og_locale":"fr_FR","og_type":"article","og_title":"NOS MARQUES - De Pagter Interieurs","og_description":"Naviguez dans un monde de style et d\u2019innovation sur notre page de marques. D\u00e9couvrez une s\u00e9lection soigneusement s\u00e9lectionn\u00e9e de marques haut de gamme qui excellent en mati\u00e8re de qualit\u00e9, de design et de savoir-faire. Laissez-vous inspirer et enrichissez votre vie avec les marques embl\u00e9matiques qui \u00e9tablissent la norme. D\u00e9couvrez votre style parfait sur notre page de marque - o\u00f9 l\u2019excellence est \u00e0 la maison.","og_url":"https:\/\/naughty-curran.136-144-185-207.plesk.page\/fr\/nos-marques\/","og_site_name":"De Pagter Interieurs","article_publisher":"https:\/\/www.facebook.com\/depagterinterieurs\/","article_modified_time":"2025-03-31T12:00:33+00:00","twitter_card":"summary_large_image","twitter_misc":{"Est. reading time":"4 minutes"},"schema":{"@context":"https:\/\/schema.org","@graph":[{"@type":"WebPage","@id":"https:\/\/naughty-curran.136-144-185-207.plesk.page\/fr\/nos-marques\/","url":"https:\/\/naughty-curran.136-144-185-207.plesk.page\/fr\/nos-marques\/","name":"NOS MARQUES - De Pagter Interieurs","isPartOf":{"@id":"https:\/\/naughty-curran.136-144-185-207.plesk.page\/fr\/#website"},"datePublished":"2024-05-14T10:17:06+00:00","dateModified":"2025-03-31T12:00:33+00:00","description":"Naviguez dans un monde de style et d\u2019innovation sur notre page de marques. D\u00e9couvrez une s\u00e9lection soigneusement s\u00e9lectionn\u00e9e de marques haut de gamme qui excellent en mati\u00e8re de qualit\u00e9, de design et de savoir-faire. Laissez-vous inspirer et enrichissez votre vie avec les marques embl\u00e9matiques qui \u00e9tablissent la norme. D\u00e9couvrez votre style parfait sur notre page de marque - o\u00f9 l\u2019excellence est \u00e0 la maison.","breadcrumb":{"@id":"https:\/\/naughty-curran.136-144-185-207.plesk.page\/fr\/nos-marques\/#breadcrumb"},"inLanguage":"fr-FR","potentialAction":[{"@type":"ReadAction","target":["https:\/\/naughty-curran.136-144-185-207.plesk.page\/fr\/nos-marques\/"]}]},{"@type":"BreadcrumbList","@id":"https:\/\/naughty-curran.136-144-185-207.plesk.page\/fr\/nos-marques\/#breadcrumb","itemListElement":[{"@type":"ListItem","position":1,"name":"Home","item":"https:\/\/naughty-curran.136-144-185-207.plesk.page\/fr\/"},{"@type":"ListItem","position":2,"name":"NOS MARQUES"}]},{"@type":"WebSite","@id":"https:\/\/naughty-curran.136-144-185-207.plesk.page\/fr\/#website","url":"https:\/\/naughty-curran.136-144-185-207.plesk.page\/fr\/","name":"De Pagter Interieurs","description":"Woonwinkels in Middelburg - Domburg - Veere","potentialAction":[{"@type":"SearchAction","target":{"@type":"EntryPoint","urlTemplate":"https:\/\/naughty-curran.136-144-185-207.plesk.page\/fr\/?s={search_term_string}"},"query-input":{"@type":"PropertyValueSpecification","valueRequired":true,"valueName":"search_term_string"}}],"inLanguage":"fr-FR"}]}},"_links":{"self":[{"href":"https:\/\/naughty-curran.136-144-185-207.plesk.page\/fr\/wp-json\/wp\/v2\/pages\/105778","targetHints":{"allow":["GET"]}}],"collection":[{"href":"https:\/\/naughty-curran.136-144-185-207.plesk.page\/fr\/wp-json\/wp\/v2\/pages"}],"about":[{"href":"https:\/\/naughty-curran.136-144-185-207.plesk.page\/fr\/wp-json\/wp\/v2\/types\/page"}],"author":[{"embeddable":true,"href":"https:\/\/naughty-curran.136-144-185-207.plesk.page\/fr\/wp-json\/wp\/v2\/users\/936"}],"replies":[{"embeddable":true,"href":"https:\/\/naughty-curran.136-144-185-207.plesk.page\/fr\/wp-json\/wp\/v2\/comments?post=105778"}],"version-history":[{"count":5,"href":"https:\/\/naughty-curran.136-144-185-207.plesk.page\/fr\/wp-json\/wp\/v2\/pages\/105778\/revisions"}],"predecessor-version":[{"id":149767,"href":"https:\/\/naughty-curran.136-144-185-207.plesk.page\/fr\/wp-json\/wp\/v2\/pages\/105778\/revisions\/149767"}],"wp:attachment":[{"href":"https:\/\/naughty-curran.136-144-185-207.plesk.page\/fr\/wp-json\/wp\/v2\/media?parent=105778"}],"curies":[{"name":"wp","href":"https:\/\/api.w.org\/{rel}","templated":true}]}}