{"id":105780,"date":"2024-05-14T11:18:50","date_gmt":"2024-05-14T10:18:50","guid":{"rendered":"https:\/\/depagterinterieurs.nl\/qui-sommes-nous\/"},"modified":"2024-05-14T11:18:51","modified_gmt":"2024-05-14T10:18:51","slug":"qui-sommes-nous","status":"publish","type":"page","link":"https:\/\/naughty-curran.136-144-185-207.plesk.page\/fr\/qui-sommes-nous\/","title":{"rendered":"Qui sommes-nous"},"content":{"rendered":"<h2><strong>De Pagter Interieurs<\/strong><\/h2>\n<p>De Pagter Interieurs poss\u00e8de trois magasins d\u2019ameublement caract\u00e9ristiques en Z\u00e9lande, Pays-Bas.<\/p>\n<p><strong>MIDDELBURG<br \/><\/strong>Notre magasin principal est situ\u00e9 en plein centre de Middelburg. La succession des diff\u00e9rents b\u00e2timents se traduit par une surface commerciale de 3000 m\u00b2, avec 2 entr\u00e9es. Vous pourrez vous perdre dans les chambres et les espaces joliment d\u00e9cor\u00e9s.<\/p>\n<p><strong>VEERE<br \/><\/strong>Dans la pittoresque Veere, nous avons une boutique dans la marina confortable. Dans l\u2019int\u00e9rieur surprenant, les meubles et les nombreux accessoires de la maison prennent tout leur sens.<\/p>\n<p><strong>DOMBURG,<br \/> Pays-Bas<\/strong>Dans le quartier traditionnellement \u00e0 la mode de Domburg, nous avons acc\u00e8s \u00e0 l\u2019ancien h\u00f4tel de ville sur le march\u00e9. Le b\u00e2timent monumental et caract\u00e9ristique de 2 \u00e9tages en combinaison avec la collection de meubles et de d\u00e9coration respire l\u2019atmosph\u00e8re et l\u2019allure.<\/p>\n<p><strong>GROSSISTE, B2B<br \/><\/strong>Depuis notre bureau de Middelburg, nous fournissons des d\u00e9taillants dans le secteur de l\u2019ameublement. Vous \u00eates accueillis pendant les heures d\u2019ouverture, sur rendez-vous ou non.<\/p>\n<p><strong>SITE INTERNET<br \/><\/strong>Notre site web ne contient qu\u2019une partie de notre vaste collection. Bien s\u00fbr, nous essayons de maintenir le site Web \u00e0 jour, mais il est possible qu\u2019un article soit \u00e9puis\u00e9 et soit toujours r\u00e9pertori\u00e9. Il est \u00e9galement possible qu\u2019un article soit d\u2019une couleur ou d\u2019un design diff\u00e9rent sur le site de celui affich\u00e9 dans le(s) magasin(s). Il est possible qu\u2019un article de la collection permanente soit temporairement indisponible. Si vous \u00eates int\u00e9ress\u00e9 par un article pr\u00e9sent\u00e9 sur le site Web et que vous souhaitez venir le voir, nous vous recommandons de contacter d\u2019abord notre magasin de Middelbourg. Il est \u00e9galement possible que l\u2019article soit pr\u00e9sent dans l\u2019un des autres magasins.<\/p>\n<\/p>\n<p>Tous les prix \u00e0 la consommation indiqu\u00e9s sur notre site Web incluent une TVA de 21%.<\/p>\n<h2>INFORMATIONS SUR L\u2019ENTREPRISE<\/h2>\n<p>De Pagter Interieurs b.v.<br \/>Segeersstraat 8<br \/>4331 JN Middelburg&nbsp;<\/p>\n<p>Courriel : info@depagterinterieurs.nl<br \/>T\u00e9l. : +31 118 634 133<\/p>\n<p>Chambre de commerce de Middelbourg n\u00b0 22049481<br \/>N\u00b0 de TVA NL815963324B01<br \/>IBAN : NL02 INGB 0658 1015 28<br \/>BIC : INGBNL2A<\/p>\n<p>Nos conditions g\u00e9n\u00e9rales de vente et de livraison s\u2019appliquent \u00e0 tous nos devis et contrats, tels que d\u00e9pos\u00e9s aupr\u00e8s de la Chambre de commerce de Middelbourg, d\u00e9p\u00f4t n\u00b0. 2204948<\/p>\n","protected":false},"excerpt":{"rendered":"<p>De Pagter Interieurs De Pagter Interieurs poss\u00e8de trois magasins d\u2019ameublement caract\u00e9ristiques en Z\u00e9lande, Pays-Bas. MIDDELBURGNotre magasin principal est situ\u00e9 en plein centre de Middelburg. La succession des diff\u00e9rents b\u00e2timents se traduit par une surface commerciale de 3000 m\u00b2, avec 2 entr\u00e9es. Vous pourrez vous perdre dans les chambres et les espaces joliment d\u00e9cor\u00e9s. VEEREDans la [&hellip;]<\/p>\n","protected":false},"author":1,"featured_media":0,"parent":0,"menu_order":0,"comment_status":"closed","ping_status":"closed","template":"","meta":{"_monsterinsights_skip_tracking":false,"_monsterinsights_sitenote_active":false,"_monsterinsights_sitenote_note":"","_monsterinsights_sitenote_category":0,"footnotes":"","_wp_rev_ctl_limit":""},"class_list":["post-105780","page","type-page","status-publish","hentry"],"yoast_head":"<!-- This site is optimized with the Yoast SEO plugin v25.8 - https:\/\/yoast.com\/wordpress\/plugins\/seo\/ -->\n<title>De Pagter Interieurs Qui sommes-nous de -<\/title>\n<meta name=\"description\" content=\"De Pagter Interieurs poss\u00e8de trois magasins d\u2019ameublement caract\u00e9ristiques en Z\u00e9lande, Pays-Bas. Consultez nos coordonn\u00e9es ici !\" \/>\n<meta name=\"robots\" content=\"noindex, follow, max-snippet:-1, max-image-preview:large, max-video-preview:-1\" \/>\n<meta property=\"og:locale\" content=\"fr_FR\" \/>\n<meta property=\"og:type\" content=\"article\" \/>\n<meta property=\"og:title\" content=\"De Pagter Interieurs Qui sommes-nous de -\" \/>\n<meta property=\"og:description\" content=\"De Pagter Interieurs poss\u00e8de trois magasins d\u2019ameublement caract\u00e9ristiques en Z\u00e9lande, Pays-Bas. Consultez nos coordonn\u00e9es ici !\" \/>\n<meta property=\"og:url\" content=\"https:\/\/naughty-curran.136-144-185-207.plesk.page\/fr\/qui-sommes-nous\/\" \/>\n<meta property=\"og:site_name\" content=\"De Pagter Interieurs\" \/>\n<meta property=\"article:publisher\" content=\"https:\/\/www.facebook.com\/depagterinterieurs\/\" \/>\n<meta property=\"article:modified_time\" content=\"2024-05-14T10:18:51+00:00\" \/>\n<meta name=\"twitter:card\" content=\"summary_large_image\" \/>\n<meta name=\"twitter:label1\" content=\"Est. reading time\" \/>\n\t<meta name=\"twitter:data1\" content=\"2 minutes\" \/>\n<script type=\"application\/ld+json\" class=\"yoast-schema-graph\">{\"@context\":\"https:\/\/schema.org\",\"@graph\":[{\"@type\":\"WebPage\",\"@id\":\"https:\/\/naughty-curran.136-144-185-207.plesk.page\/fr\/qui-sommes-nous\/\",\"url\":\"https:\/\/naughty-curran.136-144-185-207.plesk.page\/fr\/qui-sommes-nous\/\",\"name\":\"De Pagter Interieurs Qui sommes-nous de -\",\"isPartOf\":{\"@id\":\"https:\/\/naughty-curran.136-144-185-207.plesk.page\/fr\/#website\"},\"datePublished\":\"2024-05-14T10:18:50+00:00\",\"dateModified\":\"2024-05-14T10:18:51+00:00\",\"description\":\"De Pagter Interieurs poss\u00e8de trois magasins d\u2019ameublement caract\u00e9ristiques en Z\u00e9lande, Pays-Bas. Consultez nos coordonn\u00e9es ici !\",\"breadcrumb\":{\"@id\":\"https:\/\/naughty-curran.136-144-185-207.plesk.page\/fr\/qui-sommes-nous\/#breadcrumb\"},\"inLanguage\":\"fr-FR\",\"potentialAction\":[{\"@type\":\"ReadAction\",\"target\":[\"https:\/\/naughty-curran.136-144-185-207.plesk.page\/fr\/qui-sommes-nous\/\"]}]},{\"@type\":\"BreadcrumbList\",\"@id\":\"https:\/\/naughty-curran.136-144-185-207.plesk.page\/fr\/qui-sommes-nous\/#breadcrumb\",\"itemListElement\":[{\"@type\":\"ListItem\",\"position\":1,\"name\":\"Home\",\"item\":\"https:\/\/naughty-curran.136-144-185-207.plesk.page\/fr\/\"},{\"@type\":\"ListItem\",\"position\":2,\"name\":\"Qui sommes-nous\"}]},{\"@type\":\"WebSite\",\"@id\":\"https:\/\/naughty-curran.136-144-185-207.plesk.page\/fr\/#website\",\"url\":\"https:\/\/naughty-curran.136-144-185-207.plesk.page\/fr\/\",\"name\":\"De Pagter Interieurs\",\"description\":\"Woonwinkels in Middelburg - Domburg - Veere\",\"potentialAction\":[{\"@type\":\"SearchAction\",\"target\":{\"@type\":\"EntryPoint\",\"urlTemplate\":\"https:\/\/naughty-curran.136-144-185-207.plesk.page\/fr\/?s={search_term_string}\"},\"query-input\":{\"@type\":\"PropertyValueSpecification\",\"valueRequired\":true,\"valueName\":\"search_term_string\"}}],\"inLanguage\":\"fr-FR\"}]}<\/script>\n<!-- \/ Yoast SEO plugin. -->","yoast_head_json":{"title":"De Pagter Interieurs Qui sommes-nous de -","description":"De Pagter Interieurs poss\u00e8de trois magasins d\u2019ameublement caract\u00e9ristiques en Z\u00e9lande, Pays-Bas. Consultez nos coordonn\u00e9es ici !","robots":{"index":"noindex","follow":"follow","max-snippet":"max-snippet:-1","max-image-preview":"max-image-preview:large","max-video-preview":"max-video-preview:-1"},"og_locale":"fr_FR","og_type":"article","og_title":"De Pagter Interieurs Qui sommes-nous de -","og_description":"De Pagter Interieurs poss\u00e8de trois magasins d\u2019ameublement caract\u00e9ristiques en Z\u00e9lande, Pays-Bas. Consultez nos coordonn\u00e9es ici !","og_url":"https:\/\/naughty-curran.136-144-185-207.plesk.page\/fr\/qui-sommes-nous\/","og_site_name":"De Pagter Interieurs","article_publisher":"https:\/\/www.facebook.com\/depagterinterieurs\/","article_modified_time":"2024-05-14T10:18:51+00:00","twitter_card":"summary_large_image","twitter_misc":{"Est. reading time":"2 minutes"},"schema":{"@context":"https:\/\/schema.org","@graph":[{"@type":"WebPage","@id":"https:\/\/naughty-curran.136-144-185-207.plesk.page\/fr\/qui-sommes-nous\/","url":"https:\/\/naughty-curran.136-144-185-207.plesk.page\/fr\/qui-sommes-nous\/","name":"De Pagter Interieurs Qui sommes-nous de -","isPartOf":{"@id":"https:\/\/naughty-curran.136-144-185-207.plesk.page\/fr\/#website"},"datePublished":"2024-05-14T10:18:50+00:00","dateModified":"2024-05-14T10:18:51+00:00","description":"De Pagter Interieurs poss\u00e8de trois magasins d\u2019ameublement caract\u00e9ristiques en Z\u00e9lande, Pays-Bas. Consultez nos coordonn\u00e9es ici !","breadcrumb":{"@id":"https:\/\/naughty-curran.136-144-185-207.plesk.page\/fr\/qui-sommes-nous\/#breadcrumb"},"inLanguage":"fr-FR","potentialAction":[{"@type":"ReadAction","target":["https:\/\/naughty-curran.136-144-185-207.plesk.page\/fr\/qui-sommes-nous\/"]}]},{"@type":"BreadcrumbList","@id":"https:\/\/naughty-curran.136-144-185-207.plesk.page\/fr\/qui-sommes-nous\/#breadcrumb","itemListElement":[{"@type":"ListItem","position":1,"name":"Home","item":"https:\/\/naughty-curran.136-144-185-207.plesk.page\/fr\/"},{"@type":"ListItem","position":2,"name":"Qui sommes-nous"}]},{"@type":"WebSite","@id":"https:\/\/naughty-curran.136-144-185-207.plesk.page\/fr\/#website","url":"https:\/\/naughty-curran.136-144-185-207.plesk.page\/fr\/","name":"De Pagter Interieurs","description":"Woonwinkels in Middelburg - Domburg - Veere","potentialAction":[{"@type":"SearchAction","target":{"@type":"EntryPoint","urlTemplate":"https:\/\/naughty-curran.136-144-185-207.plesk.page\/fr\/?s={search_term_string}"},"query-input":{"@type":"PropertyValueSpecification","valueRequired":true,"valueName":"search_term_string"}}],"inLanguage":"fr-FR"}]}},"_links":{"self":[{"href":"https:\/\/naughty-curran.136-144-185-207.plesk.page\/fr\/wp-json\/wp\/v2\/pages\/105780","targetHints":{"allow":["GET"]}}],"collection":[{"href":"https:\/\/naughty-curran.136-144-185-207.plesk.page\/fr\/wp-json\/wp\/v2\/pages"}],"about":[{"href":"https:\/\/naughty-curran.136-144-185-207.plesk.page\/fr\/wp-json\/wp\/v2\/types\/page"}],"author":[{"embeddable":true,"href":"https:\/\/naughty-curran.136-144-185-207.plesk.page\/fr\/wp-json\/wp\/v2\/users\/1"}],"replies":[{"embeddable":true,"href":"https:\/\/naughty-curran.136-144-185-207.plesk.page\/fr\/wp-json\/wp\/v2\/comments?post=105780"}],"version-history":[{"count":1,"href":"https:\/\/naughty-curran.136-144-185-207.plesk.page\/fr\/wp-json\/wp\/v2\/pages\/105780\/revisions"}],"predecessor-version":[{"id":105781,"href":"https:\/\/naughty-curran.136-144-185-207.plesk.page\/fr\/wp-json\/wp\/v2\/pages\/105780\/revisions\/105781"}],"wp:attachment":[{"href":"https:\/\/naughty-curran.136-144-185-207.plesk.page\/fr\/wp-json\/wp\/v2\/media?parent=105780"}],"curies":[{"name":"wp","href":"https:\/\/api.w.org\/{rel}","templated":true}]}}