{"id":106252,"date":"2024-05-15T09:20:54","date_gmt":"2024-05-15T08:20:54","guid":{"rendered":"https:\/\/depagterinterieurs.nl\/inspiration-pour-la-maison\/"},"modified":"2024-05-15T09:20:59","modified_gmt":"2024-05-15T08:20:59","slug":"inspiration-pour-la-maison","status":"publish","type":"page","link":"https:\/\/naughty-curran.136-144-185-207.plesk.page\/fr\/inspiration-pour-la-maison\/","title":{"rendered":"Inspiration pour la maison"},"content":{"rendered":"<h2>INSPIRATION POUR LA MAISON<\/h2>\n<p>Sur cette page, nous publions r\u00e9guli\u00e8rement des vid\u00e9os d\u2019inspiration d\u2019espaces dans nos magasins. Laissez-vous inspirer ici !<\/p>\n<h6>Inspiration maison 13<\/h6>\n<p>\t\t<iframe loading=\"lazy\" title=\"Wooninspiratie 13 - De Pagter Interieurs\" width=\"500\" height=\"281\" src=\"https:\/\/www.youtube.com\/embed\/P02m8XxbOxk?feature=oembed\" frameborder=\"0\" allow=\"accelerometer; autoplay; clipboard-write; encrypted-media; gyroscope; picture-in-picture; web-share\" referrerpolicy=\"strict-origin-when-cross-origin\" allowfullscreen><\/iframe>\t\t<\/p>\n<h6>Inspiration maison 12<\/h6>\n<p>\t\t<iframe loading=\"lazy\" title=\"Wooninspiratie 12 - De Pagter Interieurs\" width=\"500\" height=\"281\" src=\"https:\/\/www.youtube.com\/embed\/mAeDEnCtsBI?feature=oembed\" frameborder=\"0\" allow=\"accelerometer; autoplay; clipboard-write; encrypted-media; gyroscope; picture-in-picture; web-share\" referrerpolicy=\"strict-origin-when-cross-origin\" allowfullscreen><\/iframe>\t\t<\/p>\n<h6>Inspiration maison 11<\/h6>\n<p>\t\t<iframe loading=\"lazy\" title=\"Wooninspiratie 11 - De Pagter Interieurs\" width=\"500\" height=\"281\" src=\"https:\/\/www.youtube.com\/embed\/eKTOwoxh2e4?feature=oembed\" frameborder=\"0\" allow=\"accelerometer; autoplay; clipboard-write; encrypted-media; gyroscope; picture-in-picture; web-share\" referrerpolicy=\"strict-origin-when-cross-origin\" allowfullscreen><\/iframe>\t\t<\/p>\n<h6>Inspiration pour la maison 10<\/h6>\n<p>\t\t<iframe loading=\"lazy\" title=\"Wooninspiratie 10 - De Pagter Interieurs\" width=\"500\" height=\"281\" src=\"https:\/\/www.youtube.com\/embed\/mylVZAxWn1M?feature=oembed\" frameborder=\"0\" allow=\"accelerometer; autoplay; clipboard-write; encrypted-media; gyroscope; picture-in-picture; web-share\" referrerpolicy=\"strict-origin-when-cross-origin\" allowfullscreen><\/iframe>\t\t<\/p>\n<h6>Inspiration pour la maison 9<\/h6>\n<p>\t\t<iframe loading=\"lazy\" title=\"Wooninspiratie 9 - De Pagter Interieurs\" width=\"500\" height=\"281\" src=\"https:\/\/www.youtube.com\/embed\/WZ3qS9_I0Ds?feature=oembed\" frameborder=\"0\" allow=\"accelerometer; autoplay; clipboard-write; encrypted-media; gyroscope; picture-in-picture; web-share\" referrerpolicy=\"strict-origin-when-cross-origin\" allowfullscreen><\/iframe>\t\t<\/p>\n<h6>Inspiration pour la maison 8<\/h6>\n<p>\t\t<iframe loading=\"lazy\" title=\"Wooninspiratie 8 - De Pagter Interieurs\" width=\"500\" height=\"281\" src=\"https:\/\/www.youtube.com\/embed\/hzo0NZZxTSo?feature=oembed\" frameborder=\"0\" allow=\"accelerometer; autoplay; clipboard-write; encrypted-media; gyroscope; picture-in-picture; web-share\" referrerpolicy=\"strict-origin-when-cross-origin\" allowfullscreen><\/iframe>\t\t<\/p>\n<h6>Inspiration maison 7<\/h6>\n<p>\t\t<iframe loading=\"lazy\" title=\"Wooninspiratie 7 - De Pagter Interieurs\" width=\"500\" height=\"281\" src=\"https:\/\/www.youtube.com\/embed\/72rPP8nSXP0?feature=oembed\" frameborder=\"0\" allow=\"accelerometer; autoplay; clipboard-write; encrypted-media; gyroscope; picture-in-picture; web-share\" referrerpolicy=\"strict-origin-when-cross-origin\" allowfullscreen><\/iframe>\t\t<\/p>\n<h6>Inspiration pour la maison 6<\/h6>\n<p>\t\t<iframe loading=\"lazy\" title=\"Wooninspiratie 6 - De Pagter Interieurs\" width=\"500\" height=\"281\" src=\"https:\/\/www.youtube.com\/embed\/bqiONWwr9HI?feature=oembed\" frameborder=\"0\" allow=\"accelerometer; autoplay; clipboard-write; encrypted-media; gyroscope; picture-in-picture; web-share\" referrerpolicy=\"strict-origin-when-cross-origin\" allowfullscreen><\/iframe>\t\t<\/p>\n<h6>Inspiration pour la maison 5<\/h6>\n<p>\t\thttps:\/\/youtu.be\/nUVFXwPAXLo\t\t<\/p>\n<h6>Inspiration pour la maison 4<\/h6>\n<p>\t\t<iframe loading=\"lazy\" title=\"Wooninspiratie 4 - De Pagter Interieurs\" width=\"500\" height=\"281\" src=\"https:\/\/www.youtube.com\/embed\/ztr5kWJTRHA?feature=oembed\" frameborder=\"0\" allow=\"accelerometer; autoplay; clipboard-write; encrypted-media; gyroscope; picture-in-picture; web-share\" referrerpolicy=\"strict-origin-when-cross-origin\" allowfullscreen><\/iframe>\t\t<\/p>\n<h6>Inspiration pour la maison 3<\/h6>\n<p>\t\t<iframe loading=\"lazy\" title=\"Wooninspiratie 3 - De Pagter Interieurs\" width=\"500\" height=\"281\" src=\"https:\/\/www.youtube.com\/embed\/bV2HX-cJTYI?feature=oembed\" frameborder=\"0\" allow=\"accelerometer; autoplay; clipboard-write; encrypted-media; gyroscope; picture-in-picture; web-share\" referrerpolicy=\"strict-origin-when-cross-origin\" allowfullscreen><\/iframe>\t\t<\/p>\n<h6>Inspiration pour la maison 2<\/h6>\n<p>\t\t<iframe loading=\"lazy\" title=\"Wooninspiratie 2 - De Pagter Interieurs\" width=\"500\" height=\"281\" src=\"https:\/\/www.youtube.com\/embed\/GNA3K5EOw8I?feature=oembed\" frameborder=\"0\" allow=\"accelerometer; autoplay; clipboard-write; encrypted-media; gyroscope; picture-in-picture; web-share\" referrerpolicy=\"strict-origin-when-cross-origin\" allowfullscreen><\/iframe>\t\t<\/p>\n<h6>Inspiration pour la maison 1<\/h6>\n<p>\t\t<iframe loading=\"lazy\" title=\"Wooninspiratie 1 - De Pagter Interieurs\" width=\"500\" height=\"281\" src=\"https:\/\/www.youtube.com\/embed\/Oq46vhnpbcQ?feature=oembed\" frameborder=\"0\" allow=\"accelerometer; autoplay; clipboard-write; encrypted-media; gyroscope; picture-in-picture; web-share\" referrerpolicy=\"strict-origin-when-cross-origin\" allowfullscreen><\/iframe>\t\t<\/p>\n<h2>Plus d\u2019inspiration pour la maison ? Consultez l\u2019un de nos m\u00e9dias sociaux !<\/h2>\n<p>\t\t\t\t\t<a href=\"https:\/\/www.facebook.com\/depagterinterieurs\/\" target=\"_blank\" rel=\"noopener\"><br \/>\n\t\t\t\t\t\tFacebook<br \/>\n\t\t\t\t\t\t<svg viewBox=\"0 0 512 512\" xmlns=\"http:\/\/www.w3.org\/2000\/svg\"><path d=\"M504 256C504 119 393 8 256 8S8 119 8 256c0 123.78 90.69 226.38 209.25 245V327.69h-63V256h63v-54.64c0-62.15 37-96.48 93.67-96.48 27.14 0 55.52 4.84 55.52 4.84v61h-31.28c-30.8 0-40.41 19.12-40.41 38.73V256h68.78l-11 71.69h-57.78V501C413.31 482.38 504 379.78 504 256z\"><\/path><\/svg>\t\t\t\t\t<\/a><br \/>\n\t\t\t\t\t<a href=\"https:\/\/www.youtube.com\/channel\/UCqy44RDAwsAm4GTAnvuMvhQ\" target=\"_blank\" rel=\"noopener\"><br \/>\n\t\t\t\t\t\tYoutube<br \/>\n\t\t\t\t\t\t<svg viewBox=\"0 0 576 512\" xmlns=\"http:\/\/www.w3.org\/2000\/svg\"><path d=\"M549.655 124.083c-6.281-23.65-24.787-42.276-48.284-48.597C458.781 64 288 64 288 64S117.22 64 74.629 75.486c-23.497 6.322-42.003 24.947-48.284 48.597-11.412 42.867-11.412 132.305-11.412 132.305s0 89.438 11.412 132.305c6.281 23.65 24.787 41.5 48.284 47.821C117.22 448 288 448 288 448s170.78 0 213.371-11.486c23.497-6.321 42.003-24.171 48.284-47.821 11.412-42.867 11.412-132.305 11.412-132.305s0-89.438-11.412-132.305zm-317.51 213.508V175.185l142.739 81.205-142.739 81.201z\"><\/path><\/svg>\t\t\t\t\t<\/a><br \/>\n\t\t\t\t\t<a href=\"https:\/\/www.instagram.com\/depagterinterieurs\/\" target=\"_blank\" rel=\"noopener\"><br \/>\n\t\t\t\t\t\tInstagram<br \/>\n\t\t\t\t\t\t<svg viewBox=\"0 0 448 512\" xmlns=\"http:\/\/www.w3.org\/2000\/svg\"><path d=\"M224.1 141c-63.6 0-114.9 51.3-114.9 114.9s51.3 114.9 114.9 114.9S339 319.5 339 255.9 287.7 141 224.1 141zm0 189.6c-41.1 0-74.7-33.5-74.7-74.7s33.5-74.7 74.7-74.7 74.7 33.5 74.7 74.7-33.6 74.7-74.7 74.7zm146.4-194.3c0 14.9-12 26.8-26.8 26.8-14.9 0-26.8-12-26.8-26.8s12-26.8 26.8-26.8 26.8 12 26.8 26.8zm76.1 27.2c-1.7-35.9-9.9-67.7-36.2-93.9-26.2-26.2-58-34.4-93.9-36.2-37-2.1-147.9-2.1-184.9 0-35.8 1.7-67.6 9.9-93.9 36.1s-34.4 58-36.2 93.9c-2.1 37-2.1 147.9 0 184.9 1.7 35.9 9.9 67.7 36.2 93.9s58 34.4 93.9 36.2c37 2.1 147.9 2.1 184.9 0 35.9-1.7 67.7-9.9 93.9-36.2 26.2-26.2 34.4-58 36.2-93.9 2.1-37 2.1-147.8 0-184.8zM398.8 388c-7.8 19.6-22.9 34.7-42.6 42.6-29.5 11.7-99.5 9-132.1 9s-102.7 2.6-132.1-9c-19.6-7.8-34.7-22.9-42.6-42.6-11.7-29.5-9-99.5-9-132.1s-2.6-102.7 9-132.1c7.8-19.6 22.9-34.7 42.6-42.6 29.5-11.7 99.5-9 132.1-9s102.7-2.6 132.1 9c19.6 7.8 34.7 22.9 42.6 42.6 11.7 29.5 9 99.5 9 132.1s2.7 102.7-9 132.1z\"><\/path><\/svg>\t\t\t\t\t<\/a><\/p>\n","protected":false},"excerpt":{"rendered":"<p>INSPIRATION POUR LA MAISON Sur cette page, nous publions r\u00e9guli\u00e8rement des vid\u00e9os d\u2019inspiration d\u2019espaces dans nos magasins. Laissez-vous inspirer ici ! Inspiration maison 13 Inspiration maison 12 Inspiration maison 11 Inspiration pour la maison 10 Inspiration pour la maison 9 Inspiration pour la maison 8 Inspiration maison 7 Inspiration pour la maison 6 Inspiration pour [&hellip;]<\/p>\n","protected":false},"author":1,"featured_media":106255,"parent":0,"menu_order":0,"comment_status":"closed","ping_status":"closed","template":"","meta":{"_monsterinsights_skip_tracking":false,"_monsterinsights_sitenote_active":false,"_monsterinsights_sitenote_note":"","_monsterinsights_sitenote_category":0,"footnotes":"","_wp_rev_ctl_limit":""},"class_list":["post-106252","page","type-page","status-publish","has-post-thumbnail","hentry"],"yoast_head":"<!-- This site is optimized with the Yoast SEO plugin v25.8 - https:\/\/yoast.com\/wordpress\/plugins\/seo\/ -->\n<title>Inspiration pour la maison - De Pagter Interieurs<\/title>\n<meta name=\"robots\" content=\"noindex, follow, max-snippet:-1, max-image-preview:large, max-video-preview:-1\" \/>\n<meta property=\"og:locale\" content=\"fr_FR\" \/>\n<meta property=\"og:type\" content=\"article\" \/>\n<meta property=\"og:title\" content=\"Inspiration pour la maison - De Pagter Interieurs\" \/>\n<meta property=\"og:description\" content=\"INSPIRATION POUR LA MAISON Sur cette page, nous publions r\u00e9guli\u00e8rement des vid\u00e9os d\u2019inspiration d\u2019espaces dans nos magasins. Laissez-vous inspirer ici ! Inspiration maison 13 Inspiration maison 12 Inspiration maison 11 Inspiration pour la maison 10 Inspiration pour la maison 9 Inspiration pour la maison 8 Inspiration maison 7 Inspiration pour la maison 6 Inspiration pour [&hellip;]\" \/>\n<meta property=\"og:url\" content=\"https:\/\/naughty-curran.136-144-185-207.plesk.page\/fr\/inspiration-pour-la-maison\/\" \/>\n<meta property=\"og:site_name\" content=\"De Pagter Interieurs\" \/>\n<meta property=\"article:publisher\" content=\"https:\/\/www.facebook.com\/depagterinterieurs\/\" \/>\n<meta property=\"article:modified_time\" content=\"2024-05-15T08:20:59+00:00\" \/>\n<meta property=\"og:image\" content=\"https:\/\/naughty-curran.136-144-185-207.plesk.page\/wp-content\/uploads\/2020\/10\/Screenshot_1.jpg\" \/>\n\t<meta property=\"og:image:width\" content=\"1919\" \/>\n\t<meta property=\"og:image:height\" content=\"1079\" \/>\n\t<meta property=\"og:image:type\" content=\"image\/jpeg\" \/>\n<meta name=\"twitter:card\" content=\"summary_large_image\" \/>\n<meta name=\"twitter:label1\" content=\"Est. reading time\" \/>\n\t<meta name=\"twitter:data1\" content=\"1 minute\" \/>\n<script type=\"application\/ld+json\" class=\"yoast-schema-graph\">{\"@context\":\"https:\/\/schema.org\",\"@graph\":[{\"@type\":\"WebPage\",\"@id\":\"https:\/\/naughty-curran.136-144-185-207.plesk.page\/fr\/inspiration-pour-la-maison\/\",\"url\":\"https:\/\/naughty-curran.136-144-185-207.plesk.page\/fr\/inspiration-pour-la-maison\/\",\"name\":\"Inspiration pour la maison - De Pagter Interieurs\",\"isPartOf\":{\"@id\":\"https:\/\/naughty-curran.136-144-185-207.plesk.page\/fr\/#website\"},\"primaryImageOfPage\":{\"@id\":\"https:\/\/naughty-curran.136-144-185-207.plesk.page\/fr\/inspiration-pour-la-maison\/#primaryimage\"},\"image\":{\"@id\":\"https:\/\/naughty-curran.136-144-185-207.plesk.page\/fr\/inspiration-pour-la-maison\/#primaryimage\"},\"thumbnailUrl\":\"https:\/\/naughty-curran.136-144-185-207.plesk.page\/wp-content\/uploads\/2020\/10\/Screenshot_1.jpg\",\"datePublished\":\"2024-05-15T08:20:54+00:00\",\"dateModified\":\"2024-05-15T08:20:59+00:00\",\"breadcrumb\":{\"@id\":\"https:\/\/naughty-curran.136-144-185-207.plesk.page\/fr\/inspiration-pour-la-maison\/#breadcrumb\"},\"inLanguage\":\"fr-FR\",\"potentialAction\":[{\"@type\":\"ReadAction\",\"target\":[\"https:\/\/naughty-curran.136-144-185-207.plesk.page\/fr\/inspiration-pour-la-maison\/\"]}]},{\"@type\":\"ImageObject\",\"inLanguage\":\"fr-FR\",\"@id\":\"https:\/\/naughty-curran.136-144-185-207.plesk.page\/fr\/inspiration-pour-la-maison\/#primaryimage\",\"url\":\"https:\/\/naughty-curran.136-144-185-207.plesk.page\/wp-content\/uploads\/2020\/10\/Screenshot_1.jpg\",\"contentUrl\":\"https:\/\/naughty-curran.136-144-185-207.plesk.page\/wp-content\/uploads\/2020\/10\/Screenshot_1.jpg\",\"width\":1919,\"height\":1079},{\"@type\":\"BreadcrumbList\",\"@id\":\"https:\/\/naughty-curran.136-144-185-207.plesk.page\/fr\/inspiration-pour-la-maison\/#breadcrumb\",\"itemListElement\":[{\"@type\":\"ListItem\",\"position\":1,\"name\":\"Home\",\"item\":\"https:\/\/naughty-curran.136-144-185-207.plesk.page\/fr\/\"},{\"@type\":\"ListItem\",\"position\":2,\"name\":\"Inspiration pour la maison\"}]},{\"@type\":\"WebSite\",\"@id\":\"https:\/\/naughty-curran.136-144-185-207.plesk.page\/fr\/#website\",\"url\":\"https:\/\/naughty-curran.136-144-185-207.plesk.page\/fr\/\",\"name\":\"De Pagter Interieurs\",\"description\":\"Woonwinkels in Middelburg - Domburg - Veere\",\"potentialAction\":[{\"@type\":\"SearchAction\",\"target\":{\"@type\":\"EntryPoint\",\"urlTemplate\":\"https:\/\/naughty-curran.136-144-185-207.plesk.page\/fr\/?s={search_term_string}\"},\"query-input\":{\"@type\":\"PropertyValueSpecification\",\"valueRequired\":true,\"valueName\":\"search_term_string\"}}],\"inLanguage\":\"fr-FR\"}]}<\/script>\n<!-- \/ Yoast SEO plugin. -->","yoast_head_json":{"title":"Inspiration pour la maison - De Pagter Interieurs","robots":{"index":"noindex","follow":"follow","max-snippet":"max-snippet:-1","max-image-preview":"max-image-preview:large","max-video-preview":"max-video-preview:-1"},"og_locale":"fr_FR","og_type":"article","og_title":"Inspiration pour la maison - De Pagter Interieurs","og_description":"INSPIRATION POUR LA MAISON Sur cette page, nous publions r\u00e9guli\u00e8rement des vid\u00e9os d\u2019inspiration d\u2019espaces dans nos magasins. Laissez-vous inspirer ici ! Inspiration maison 13 Inspiration maison 12 Inspiration maison 11 Inspiration pour la maison 10 Inspiration pour la maison 9 Inspiration pour la maison 8 Inspiration maison 7 Inspiration pour la maison 6 Inspiration pour [&hellip;]","og_url":"https:\/\/naughty-curran.136-144-185-207.plesk.page\/fr\/inspiration-pour-la-maison\/","og_site_name":"De Pagter Interieurs","article_publisher":"https:\/\/www.facebook.com\/depagterinterieurs\/","article_modified_time":"2024-05-15T08:20:59+00:00","og_image":[{"width":1919,"height":1079,"url":"https:\/\/naughty-curran.136-144-185-207.plesk.page\/wp-content\/uploads\/2020\/10\/Screenshot_1.jpg","type":"image\/jpeg"}],"twitter_card":"summary_large_image","twitter_misc":{"Est. reading time":"1 minute"},"schema":{"@context":"https:\/\/schema.org","@graph":[{"@type":"WebPage","@id":"https:\/\/naughty-curran.136-144-185-207.plesk.page\/fr\/inspiration-pour-la-maison\/","url":"https:\/\/naughty-curran.136-144-185-207.plesk.page\/fr\/inspiration-pour-la-maison\/","name":"Inspiration pour la maison - De Pagter Interieurs","isPartOf":{"@id":"https:\/\/naughty-curran.136-144-185-207.plesk.page\/fr\/#website"},"primaryImageOfPage":{"@id":"https:\/\/naughty-curran.136-144-185-207.plesk.page\/fr\/inspiration-pour-la-maison\/#primaryimage"},"image":{"@id":"https:\/\/naughty-curran.136-144-185-207.plesk.page\/fr\/inspiration-pour-la-maison\/#primaryimage"},"thumbnailUrl":"https:\/\/naughty-curran.136-144-185-207.plesk.page\/wp-content\/uploads\/2020\/10\/Screenshot_1.jpg","datePublished":"2024-05-15T08:20:54+00:00","dateModified":"2024-05-15T08:20:59+00:00","breadcrumb":{"@id":"https:\/\/naughty-curran.136-144-185-207.plesk.page\/fr\/inspiration-pour-la-maison\/#breadcrumb"},"inLanguage":"fr-FR","potentialAction":[{"@type":"ReadAction","target":["https:\/\/naughty-curran.136-144-185-207.plesk.page\/fr\/inspiration-pour-la-maison\/"]}]},{"@type":"ImageObject","inLanguage":"fr-FR","@id":"https:\/\/naughty-curran.136-144-185-207.plesk.page\/fr\/inspiration-pour-la-maison\/#primaryimage","url":"https:\/\/naughty-curran.136-144-185-207.plesk.page\/wp-content\/uploads\/2020\/10\/Screenshot_1.jpg","contentUrl":"https:\/\/naughty-curran.136-144-185-207.plesk.page\/wp-content\/uploads\/2020\/10\/Screenshot_1.jpg","width":1919,"height":1079},{"@type":"BreadcrumbList","@id":"https:\/\/naughty-curran.136-144-185-207.plesk.page\/fr\/inspiration-pour-la-maison\/#breadcrumb","itemListElement":[{"@type":"ListItem","position":1,"name":"Home","item":"https:\/\/naughty-curran.136-144-185-207.plesk.page\/fr\/"},{"@type":"ListItem","position":2,"name":"Inspiration pour la maison"}]},{"@type":"WebSite","@id":"https:\/\/naughty-curran.136-144-185-207.plesk.page\/fr\/#website","url":"https:\/\/naughty-curran.136-144-185-207.plesk.page\/fr\/","name":"De Pagter Interieurs","description":"Woonwinkels in Middelburg - Domburg - Veere","potentialAction":[{"@type":"SearchAction","target":{"@type":"EntryPoint","urlTemplate":"https:\/\/naughty-curran.136-144-185-207.plesk.page\/fr\/?s={search_term_string}"},"query-input":{"@type":"PropertyValueSpecification","valueRequired":true,"valueName":"search_term_string"}}],"inLanguage":"fr-FR"}]}},"_links":{"self":[{"href":"https:\/\/naughty-curran.136-144-185-207.plesk.page\/fr\/wp-json\/wp\/v2\/pages\/106252","targetHints":{"allow":["GET"]}}],"collection":[{"href":"https:\/\/naughty-curran.136-144-185-207.plesk.page\/fr\/wp-json\/wp\/v2\/pages"}],"about":[{"href":"https:\/\/naughty-curran.136-144-185-207.plesk.page\/fr\/wp-json\/wp\/v2\/types\/page"}],"author":[{"embeddable":true,"href":"https:\/\/naughty-curran.136-144-185-207.plesk.page\/fr\/wp-json\/wp\/v2\/users\/1"}],"replies":[{"embeddable":true,"href":"https:\/\/naughty-curran.136-144-185-207.plesk.page\/fr\/wp-json\/wp\/v2\/comments?post=106252"}],"version-history":[{"count":3,"href":"https:\/\/naughty-curran.136-144-185-207.plesk.page\/fr\/wp-json\/wp\/v2\/pages\/106252\/revisions"}],"predecessor-version":[{"id":106257,"href":"https:\/\/naughty-curran.136-144-185-207.plesk.page\/fr\/wp-json\/wp\/v2\/pages\/106252\/revisions\/106257"}],"wp:featuredmedia":[{"embeddable":true,"href":"https:\/\/naughty-curran.136-144-185-207.plesk.page\/fr\/wp-json\/wp\/v2\/media\/106255"}],"wp:attachment":[{"href":"https:\/\/naughty-curran.136-144-185-207.plesk.page\/fr\/wp-json\/wp\/v2\/media?parent=106252"}],"curies":[{"name":"wp","href":"https:\/\/api.w.org\/{rel}","templated":true}]}}