{"id":148491,"date":"2025-03-24T09:13:14","date_gmt":"2025-03-24T08:13:14","guid":{"rendered":"https:\/\/depagterinterieurs.nl\/parametres-daffichage-des-prix\/"},"modified":"2025-03-24T09:37:02","modified_gmt":"2025-03-24T08:37:02","slug":"parametres-daffichage-des-prix","status":"publish","type":"page","link":"https:\/\/naughty-curran.136-144-185-207.plesk.page\/fr\/parametres-daffichage-des-prix\/","title":{"rendered":"Param\u00e8tres d\u2019affichage des prix"},"content":{"rendered":"<h1>\n<h1 style=\"font-size: 36px; color: #2c3e50; margin-bottom: 16px; font-weight: 700;\">Param\u00e8tres d\u2019affichage des prix<\/h1>\n<p style=\"font-size: 18px; color: #6c757d; max-width: 700px; margin: 0 auto; line-height: 1.6;\">Personnalisez l\u2019affichage des prix des produits sur notre site Web lorsque vous \u00eates connect\u00e9 en tant que client grossiste.<\/p>\n<\/h1>\n<ul>\n<li>\n\t\t\t\t\t\t\t<svg aria-hidden=\"true\" viewBox=\"0 0 512 512\" xmlns=\"http:\/\/www.w3.org\/2000\/svg\"><path d=\"M507.73 109.1c-2.24-9.03-13.54-12.09-20.12-5.51l-74.36 74.36-67.88-11.31-11.31-67.88 74.36-74.36c6.62-6.62 3.43-17.9-5.66-20.16-47.38-11.74-99.55.91-136.58 37.93-39.64 39.64-50.55 97.1-34.05 147.2L18.74 402.76c-24.99 24.99-24.99 65.51 0 90.5 24.99 24.99 65.51 24.99 90.5 0l213.21-213.21c50.12 16.71 107.47 5.68 147.37-34.22 37.07-37.07 49.7-89.32 37.91-136.73zM64 472c-13.25 0-24-10.75-24-24 0-13.26 10.75-24 24-24s24 10.74 24 24c0 13.25-10.75 24-24 24z\"><\/path><\/svg><br \/>\n\t\t\t\t\t\t\t\t\t\tManuelle\n\t\t\t\t\t\t\t\t\t<\/li>\n<\/ul>\n<p><b>Comment utiliser cette fonctionnalit\u00e9 ?<\/b><\/p>\n<ol style=\"margin-top: 0cm;\" start=\"1\" type=\"1\">\n<li>Connectez-vous \u00e0 votre compte professionnel<\/li>\n<li>Allez dans \u00ab Mon compte \u00bb \u2192 \u00ab Affichage des prix \u00bb<\/li>\n<li>R\u00e9glez le commutateur de visibilit\u00e9 des prix sur le param\u00e8tre souhait\u00e9<\/li>\n<li>Cliquez sur \u00ab Enregistrer la pr\u00e9f\u00e9rence \u00bb pour appliquer vos modifications<\/li>\n<li>Consultez la boutique en ligne avec vos nouveaux param\u00e8tres d\u2019affichage des prix<\/li>\n<\/ol>\n<p style=\"color: #333333; font-family: Arial, sans-serif; font-size: medium;\">\n<h3 style=\"margin-top: 0px; font-family: Arial, sans-serif; color: #333333;\">Ce que vous verrez :<\/h3>\n<h4 style=\"text-align: center; margin-top: 0;\">Prix visibles<\/h4>\n<p>Produit A 225 \u20ac<br \/>\nProduit B 1.250 \u20ac<br \/>\nProduit C \u20ac22,50<\/p>\n<h4 style=\"text-align: center; margin-top: 0;\">Prix cach\u00e9s<\/h4>\n<p>Produit A &#8211;<br \/>\nProduit B &#8211;<br \/>\nProduit C &#8211;<br \/>\n\t\t<p class=\"text-center\">Vous devez \u00eatre connect\u00e9 en tant que client grossiste pour acc\u00e9der \u00e0 cette fonctionnalit\u00e9.<\/p>\t\t<\/p>\n<ul>\n<li>\n\t\t\t\t\t\t\t<svg aria-hidden=\"true\" viewBox=\"0 0 512 512\" xmlns=\"http:\/\/www.w3.org\/2000\/svg\"><path d=\"M256 8C119.043 8 8 119.083 8 256c0 136.997 111.043 248 248 248s248-111.003 248-248C504 119.083 392.957 8 256 8zm0 448c-110.532 0-200-89.431-200-200 0-110.495 89.472-200 200-200 110.491 0 200 89.471 200 200 0 110.53-89.431 200-200 200zm107.244-255.2c0 67.052-72.421 68.084-72.421 92.863V300c0 6.627-5.373 12-12 12h-45.647c-6.627 0-12-5.373-12-12v-8.659c0-35.745 27.1-50.034 47.579-61.516 17.561-9.845 28.324-16.541 28.324-29.579 0-17.246-21.999-28.693-39.784-28.693-23.189 0-33.894 10.977-48.942 29.969-4.057 5.12-11.46 6.071-16.666 2.124l-27.824-21.098c-5.107-3.872-6.251-11.066-2.644-16.363C184.846 131.491 214.94 112 261.794 112c49.071 0 101.45 38.304 101.45 88.8zM298 368c0 23.159-18.841 42-42 42s-42-18.841-42-42 18.841-42 42-42 42 18.841 42 42z\"><\/path><\/svg><br \/>\n\t\t\t\t\t\t\t\t\t\tFoire aux questions (FAQ)\n\t\t\t\t\t\t\t\t\t<\/li>\n<\/ul>\n<p>\t\t\t\t\t\t\t\t\t\t\t\t\t\t\t<svg viewBox=\"0 0 448 512\" xmlns=\"http:\/\/www.w3.org\/2000\/svg\"><path d=\"M416 208H272V64c0-17.67-14.33-32-32-32h-32c-17.67 0-32 14.33-32 32v144H32c-17.67 0-32 14.33-32 32v32c0 17.67 14.33 32 32 32h144v144c0 17.67 14.33 32 32 32h32c17.67 0 32-14.33 32-32V304h144c17.67 0 32-14.33 32-32v-32c0-17.67-14.33-32-32-32z\"><\/path><\/svg><br \/>\n\t\t\t\t\t\t\t\t<svg viewBox=\"0 0 448 512\" xmlns=\"http:\/\/www.w3.org\/2000\/svg\"><path d=\"M416 208H32c-17.67 0-32 14.33-32 32v32c0 17.67 14.33 32 32 32h384c17.67 0 32-14.33 32-32v-32c0-17.67-14.33-32-32-32z\"><\/path><\/svg><br \/>\n\t\t\t\t\t\t\t\t\t\t\t\t<a tabindex=\"0\">Pourquoi voudrais-je cacher les prix ?<\/a><\/p>\n<p>Certains clients pr\u00e9f\u00e8rent masquer les prix lorsqu\u2019ils partagent leur \u00e9cran avec les clients ou lors de pr\u00e9sentations.<\/p>\n<p>\t\t\t\t\t\t\t\t\t\t\t\t\t\t\t<svg viewBox=\"0 0 448 512\" xmlns=\"http:\/\/www.w3.org\/2000\/svg\"><path d=\"M416 208H272V64c0-17.67-14.33-32-32-32h-32c-17.67 0-32 14.33-32 32v144H32c-17.67 0-32 14.33-32 32v32c0 17.67 14.33 32 32 32h144v144c0 17.67 14.33 32 32 32h32c17.67 0 32-14.33 32-32V304h144c17.67 0 32-14.33 32-32v-32c0-17.67-14.33-32-32-32z\"><\/path><\/svg><br \/>\n\t\t\t\t\t\t\t\t<svg viewBox=\"0 0 448 512\" xmlns=\"http:\/\/www.w3.org\/2000\/svg\"><path d=\"M416 208H32c-17.67 0-32 14.33-32 32v32c0 17.67 14.33 32 32 32h384c17.67 0 32-14.33 32-32v-32c0-17.67-14.33-32-32-32z\"><\/path><\/svg><br \/>\n\t\t\t\t\t\t\t\t\t\t\t\t<a tabindex=\"0\">Cela affectera-t-il ma capacit\u00e9 \u00e0 passer des commandes ?<\/a><\/p>\n<p>Non. Vous pouvez toujours ajouter des produits \u00e0 votre panier et finaliser le paiement m\u00eame si les prix sont masqu\u00e9s. Les prix sont visibles lors des derni\u00e8res \u00e9tapes du paiement. Ou vous pouvez afficher \u00e0 nouveau les prix pour le prix par la suite.    <\/p>\n<p>\t\t\t\t\t\t\t\t\t\t\t\t\t\t\t<svg viewBox=\"0 0 448 512\" xmlns=\"http:\/\/www.w3.org\/2000\/svg\"><path d=\"M416 208H272V64c0-17.67-14.33-32-32-32h-32c-17.67 0-32 14.33-32 32v144H32c-17.67 0-32 14.33-32 32v32c0 17.67 14.33 32 32 32h144v144c0 17.67 14.33 32 32 32h32c17.67 0 32-14.33 32-32V304h144c17.67 0 32-14.33 32-32v-32c0-17.67-14.33-32-32-32z\"><\/path><\/svg><br \/>\n\t\t\t\t\t\t\t\t<svg viewBox=\"0 0 448 512\" xmlns=\"http:\/\/www.w3.org\/2000\/svg\"><path d=\"M416 208H32c-17.67 0-32 14.33-32 32v32c0 17.67 14.33 32 32 32h384c17.67 0 32-14.33 32-32v-32c0-17.67-14.33-32-32-32z\"><\/path><\/svg><br \/>\n\t\t\t\t\t\t\t\t\t\t\t\t<a tabindex=\"0\">Puis-je modifier ce param\u00e8tre \u00e0 tout moment ?<\/a><\/p>\n<p>Oui, vous pouvez \u00e0 tout moment basculer entre l\u2019affichage et le masquage des prix.<\/p>\n<p>\t\t\t\t\t\t\t\t\t\t\t\t\t\t\t<svg viewBox=\"0 0 448 512\" xmlns=\"http:\/\/www.w3.org\/2000\/svg\"><path d=\"M416 208H272V64c0-17.67-14.33-32-32-32h-32c-17.67 0-32 14.33-32 32v144H32c-17.67 0-32 14.33-32 32v32c0 17.67 14.33 32 32 32h144v144c0 17.67 14.33 32 32 32h32c17.67 0 32-14.33 32-32V304h144c17.67 0 32-14.33 32-32v-32c0-17.67-14.33-32-32-32z\"><\/path><\/svg><br \/>\n\t\t\t\t\t\t\t\t<svg viewBox=\"0 0 448 512\" xmlns=\"http:\/\/www.w3.org\/2000\/svg\"><path d=\"M416 208H32c-17.67 0-32 14.33-32 32v32c0 17.67 14.33 32 32 32h384c17.67 0 32-14.33 32-32v-32c0-17.67-14.33-32-32-32z\"><\/path><\/svg><br \/>\n\t\t\t\t\t\t\t\t\t\t\t\t<a tabindex=\"0\">Si je me d\u00e9connecte, ma pr\u00e9f\u00e9rence de prix a-t-elle disparu ?<\/a><\/p>\n<p>Non, si vous vous d\u00e9connectez, le site Web enregistrera votre dernier choix. Lorsque vous vous connectez, vous verrez votre dernier choix.  <\/p>\n","protected":false},"excerpt":{"rendered":"<p>Param\u00e8tres d\u2019affichage des prix Personnalisez l\u2019affichage des prix des produits sur notre site Web lorsque vous \u00eates connect\u00e9 en tant que client grossiste. Manuelle Comment utiliser cette fonctionnalit\u00e9 ? Connectez-vous \u00e0 votre compte professionnel Allez dans \u00ab Mon compte \u00bb \u2192 \u00ab Affichage des prix \u00bb R\u00e9glez le commutateur de visibilit\u00e9 des prix sur le [&hellip;]<\/p>\n","protected":false},"author":936,"featured_media":0,"parent":0,"menu_order":0,"comment_status":"closed","ping_status":"closed","template":"","meta":{"_monsterinsights_skip_tracking":false,"_monsterinsights_sitenote_active":false,"_monsterinsights_sitenote_note":"","_monsterinsights_sitenote_category":0,"footnotes":"","_wp_rev_ctl_limit":""},"class_list":["post-148491","page","type-page","status-publish","hentry"],"yoast_head":"<!-- This site is optimized with the Yoast SEO plugin v25.8 - https:\/\/yoast.com\/wordpress\/plugins\/seo\/ -->\n<title>Param\u00e8tres d\u2019affichage des prix - De Pagter Interieurs<\/title>\n<meta name=\"robots\" content=\"noindex, follow, max-snippet:-1, max-image-preview:large, max-video-preview:-1\" \/>\n<meta property=\"og:locale\" content=\"fr_FR\" \/>\n<meta property=\"og:type\" content=\"article\" \/>\n<meta property=\"og:title\" content=\"Param\u00e8tres d\u2019affichage des prix - De Pagter Interieurs\" \/>\n<meta property=\"og:description\" content=\"Param\u00e8tres d\u2019affichage des prix Personnalisez l\u2019affichage des prix des produits sur notre site Web lorsque vous \u00eates connect\u00e9 en tant que client grossiste. Manuelle Comment utiliser cette fonctionnalit\u00e9 ? Connectez-vous \u00e0 votre compte professionnel Allez dans \u00ab Mon compte \u00bb \u2192 \u00ab Affichage des prix \u00bb R\u00e9glez le commutateur de visibilit\u00e9 des prix sur le [&hellip;]\" \/>\n<meta property=\"og:url\" content=\"https:\/\/naughty-curran.136-144-185-207.plesk.page\/fr\/parametres-daffichage-des-prix\/\" \/>\n<meta property=\"og:site_name\" content=\"De Pagter Interieurs\" \/>\n<meta property=\"article:publisher\" content=\"https:\/\/www.facebook.com\/depagterinterieurs\/\" \/>\n<meta property=\"article:modified_time\" content=\"2025-03-24T08:37:02+00:00\" \/>\n<meta name=\"twitter:card\" content=\"summary_large_image\" \/>\n<meta name=\"twitter:label1\" content=\"Est. reading time\" \/>\n\t<meta name=\"twitter:data1\" content=\"1 minute\" \/>\n<script type=\"application\/ld+json\" class=\"yoast-schema-graph\">{\"@context\":\"https:\/\/schema.org\",\"@graph\":[{\"@type\":\"WebPage\",\"@id\":\"https:\/\/naughty-curran.136-144-185-207.plesk.page\/fr\/parametres-daffichage-des-prix\/\",\"url\":\"https:\/\/naughty-curran.136-144-185-207.plesk.page\/fr\/parametres-daffichage-des-prix\/\",\"name\":\"Param\u00e8tres d\u2019affichage des prix - De Pagter Interieurs\",\"isPartOf\":{\"@id\":\"https:\/\/naughty-curran.136-144-185-207.plesk.page\/fr\/#website\"},\"datePublished\":\"2025-03-24T08:13:14+00:00\",\"dateModified\":\"2025-03-24T08:37:02+00:00\",\"breadcrumb\":{\"@id\":\"https:\/\/naughty-curran.136-144-185-207.plesk.page\/fr\/parametres-daffichage-des-prix\/#breadcrumb\"},\"inLanguage\":\"fr-FR\",\"potentialAction\":[{\"@type\":\"ReadAction\",\"target\":[\"https:\/\/naughty-curran.136-144-185-207.plesk.page\/fr\/parametres-daffichage-des-prix\/\"]}]},{\"@type\":\"BreadcrumbList\",\"@id\":\"https:\/\/naughty-curran.136-144-185-207.plesk.page\/fr\/parametres-daffichage-des-prix\/#breadcrumb\",\"itemListElement\":[{\"@type\":\"ListItem\",\"position\":1,\"name\":\"Home\",\"item\":\"https:\/\/naughty-curran.136-144-185-207.plesk.page\/fr\/\"},{\"@type\":\"ListItem\",\"position\":2,\"name\":\"Param\u00e8tres d\u2019affichage des prix\"}]},{\"@type\":\"WebSite\",\"@id\":\"https:\/\/naughty-curran.136-144-185-207.plesk.page\/fr\/#website\",\"url\":\"https:\/\/naughty-curran.136-144-185-207.plesk.page\/fr\/\",\"name\":\"De Pagter Interieurs\",\"description\":\"Woonwinkels in Middelburg - Domburg - Veere\",\"potentialAction\":[{\"@type\":\"SearchAction\",\"target\":{\"@type\":\"EntryPoint\",\"urlTemplate\":\"https:\/\/naughty-curran.136-144-185-207.plesk.page\/fr\/?s={search_term_string}\"},\"query-input\":{\"@type\":\"PropertyValueSpecification\",\"valueRequired\":true,\"valueName\":\"search_term_string\"}}],\"inLanguage\":\"fr-FR\"}]}<\/script>\n<!-- \/ Yoast SEO plugin. -->","yoast_head_json":{"title":"Param\u00e8tres d\u2019affichage des prix - De Pagter Interieurs","robots":{"index":"noindex","follow":"follow","max-snippet":"max-snippet:-1","max-image-preview":"max-image-preview:large","max-video-preview":"max-video-preview:-1"},"og_locale":"fr_FR","og_type":"article","og_title":"Param\u00e8tres d\u2019affichage des prix - De Pagter Interieurs","og_description":"Param\u00e8tres d\u2019affichage des prix Personnalisez l\u2019affichage des prix des produits sur notre site Web lorsque vous \u00eates connect\u00e9 en tant que client grossiste. Manuelle Comment utiliser cette fonctionnalit\u00e9 ? Connectez-vous \u00e0 votre compte professionnel Allez dans \u00ab Mon compte \u00bb \u2192 \u00ab Affichage des prix \u00bb R\u00e9glez le commutateur de visibilit\u00e9 des prix sur le [&hellip;]","og_url":"https:\/\/naughty-curran.136-144-185-207.plesk.page\/fr\/parametres-daffichage-des-prix\/","og_site_name":"De Pagter Interieurs","article_publisher":"https:\/\/www.facebook.com\/depagterinterieurs\/","article_modified_time":"2025-03-24T08:37:02+00:00","twitter_card":"summary_large_image","twitter_misc":{"Est. reading time":"1 minute"},"schema":{"@context":"https:\/\/schema.org","@graph":[{"@type":"WebPage","@id":"https:\/\/naughty-curran.136-144-185-207.plesk.page\/fr\/parametres-daffichage-des-prix\/","url":"https:\/\/naughty-curran.136-144-185-207.plesk.page\/fr\/parametres-daffichage-des-prix\/","name":"Param\u00e8tres d\u2019affichage des prix - De Pagter Interieurs","isPartOf":{"@id":"https:\/\/naughty-curran.136-144-185-207.plesk.page\/fr\/#website"},"datePublished":"2025-03-24T08:13:14+00:00","dateModified":"2025-03-24T08:37:02+00:00","breadcrumb":{"@id":"https:\/\/naughty-curran.136-144-185-207.plesk.page\/fr\/parametres-daffichage-des-prix\/#breadcrumb"},"inLanguage":"fr-FR","potentialAction":[{"@type":"ReadAction","target":["https:\/\/naughty-curran.136-144-185-207.plesk.page\/fr\/parametres-daffichage-des-prix\/"]}]},{"@type":"BreadcrumbList","@id":"https:\/\/naughty-curran.136-144-185-207.plesk.page\/fr\/parametres-daffichage-des-prix\/#breadcrumb","itemListElement":[{"@type":"ListItem","position":1,"name":"Home","item":"https:\/\/naughty-curran.136-144-185-207.plesk.page\/fr\/"},{"@type":"ListItem","position":2,"name":"Param\u00e8tres d\u2019affichage des prix"}]},{"@type":"WebSite","@id":"https:\/\/naughty-curran.136-144-185-207.plesk.page\/fr\/#website","url":"https:\/\/naughty-curran.136-144-185-207.plesk.page\/fr\/","name":"De Pagter Interieurs","description":"Woonwinkels in Middelburg - Domburg - Veere","potentialAction":[{"@type":"SearchAction","target":{"@type":"EntryPoint","urlTemplate":"https:\/\/naughty-curran.136-144-185-207.plesk.page\/fr\/?s={search_term_string}"},"query-input":{"@type":"PropertyValueSpecification","valueRequired":true,"valueName":"search_term_string"}}],"inLanguage":"fr-FR"}]}},"_links":{"self":[{"href":"https:\/\/naughty-curran.136-144-185-207.plesk.page\/fr\/wp-json\/wp\/v2\/pages\/148491","targetHints":{"allow":["GET"]}}],"collection":[{"href":"https:\/\/naughty-curran.136-144-185-207.plesk.page\/fr\/wp-json\/wp\/v2\/pages"}],"about":[{"href":"https:\/\/naughty-curran.136-144-185-207.plesk.page\/fr\/wp-json\/wp\/v2\/types\/page"}],"author":[{"embeddable":true,"href":"https:\/\/naughty-curran.136-144-185-207.plesk.page\/fr\/wp-json\/wp\/v2\/users\/936"}],"replies":[{"embeddable":true,"href":"https:\/\/naughty-curran.136-144-185-207.plesk.page\/fr\/wp-json\/wp\/v2\/comments?post=148491"}],"version-history":[{"count":2,"href":"https:\/\/naughty-curran.136-144-185-207.plesk.page\/fr\/wp-json\/wp\/v2\/pages\/148491\/revisions"}],"predecessor-version":[{"id":148503,"href":"https:\/\/naughty-curran.136-144-185-207.plesk.page\/fr\/wp-json\/wp\/v2\/pages\/148491\/revisions\/148503"}],"wp:attachment":[{"href":"https:\/\/naughty-curran.136-144-185-207.plesk.page\/fr\/wp-json\/wp\/v2\/media?parent=148491"}],"curies":[{"name":"wp","href":"https:\/\/api.w.org\/{rel}","templated":true}]}}