{"id":107571,"date":"2021-12-20T11:55:09","date_gmt":"2024-05-21T14:52:08","guid":{"rendered":"https:\/\/depagterinterieurs.nl\/collectie\/non%20class\u00e9\/priscilla-de-e-dam-sur-acrylique\/"},"modified":"2025-07-28T08:58:21","modified_gmt":"2025-07-28T07:58:21","slug":"priscilla-de-e-dam-sur-acrylique","status":"publish","type":"product","link":"https:\/\/naughty-curran.136-144-185-207.plesk.page\/fr\/collectie\/decoration-murale\/priscilla-de-e-dam-sur-acrylique\/","title":{"rendered":"&#8216;Priscilla&#8217; de E. Dam Sur Acrylique"},"content":{"rendered":"","protected":false},"excerpt":{"rendered":"<p>Photo &#8216;Priscilla&#8217; du photographe Elmar Dam, repr\u00e9sent\u00e9e \u00e0 l\u2019acrylique.<\/p>\n<p><strong>Attention : disponible uniquement en ligne. Cette d\u00e9coration murale n\u2019est pas expos\u00e9e dans nos magasins.<\/strong><\/p>\n","protected":false},"featured_media":107572,"template":"","meta":{"_monsterinsights_skip_tracking":false,"_monsterinsights_sitenote_active":false,"_monsterinsights_sitenote_note":"","_monsterinsights_sitenote_category":0},"product_brand":[],"product_cat":[1070],"product_tag":[],"class_list":{"0":"post-107571","1":"product","2":"type-product","3":"status-publish","4":"has-post-thumbnail","6":"product_cat-decoration-murale","8":"first","9":"instock","10":"shipping-taxable","11":"purchasable","12":"product-type-simple"},"yoast_head":"<!-- This site is optimized with the Yoast SEO plugin v25.8 - https:\/\/yoast.com\/wordpress\/plugins\/seo\/ -->\n<title>&#039;Priscilla&#039; de E. Dam Sur Acrylique - De Pagter Interieurs<\/title>\n<meta name=\"description\" content=\"Photo &#039;Priscilla&#039; du photographe Elmar Dam, repr\u00e9sent\u00e9e \u00e0 l\u2019acrylique.\" \/>\n<meta name=\"robots\" content=\"noindex, follow, max-snippet:-1, max-image-preview:large, max-video-preview:-1\" \/>\n<meta property=\"og:locale\" content=\"fr_FR\" \/>\n<meta property=\"og:type\" content=\"article\" \/>\n<meta property=\"og:title\" content=\"&#039;Priscilla&#039; de E. Dam Sur Acrylique - De Pagter Interieurs\" \/>\n<meta property=\"og:description\" content=\"Photo &#039;Priscilla&#039; du photographe Elmar Dam, repr\u00e9sent\u00e9e \u00e0 l\u2019acrylique.\" \/>\n<meta property=\"og:url\" content=\"https:\/\/naughty-curran.136-144-185-207.plesk.page\/fr\/collectie\/decoration-murale\/priscilla-de-e-dam-sur-acrylique\/\" \/>\n<meta property=\"og:site_name\" content=\"De Pagter Interieurs\" \/>\n<meta property=\"article:publisher\" content=\"https:\/\/www.facebook.com\/depagterinterieurs\/\" \/>\n<meta property=\"article:modified_time\" content=\"2025-07-28T07:58:21+00:00\" \/>\n<meta property=\"og:image\" content=\"https:\/\/naughty-curran.136-144-185-207.plesk.page\/wp-content\/uploads\/2021\/12\/IMG_9480.jpeg\" \/>\n\t<meta property=\"og:image:width\" content=\"1024\" \/>\n\t<meta property=\"og:image:height\" content=\"768\" \/>\n\t<meta property=\"og:image:type\" content=\"image\/jpeg\" \/>\n<meta name=\"twitter:card\" content=\"summary_large_image\" \/>\n<script type=\"application\/ld+json\" class=\"yoast-schema-graph\">{\"@context\":\"https:\/\/schema.org\",\"@graph\":[{\"@type\":\"WebPage\",\"@id\":\"https:\/\/naughty-curran.136-144-185-207.plesk.page\/fr\/collectie\/decoration-murale\/priscilla-de-e-dam-sur-acrylique\/\",\"url\":\"https:\/\/naughty-curran.136-144-185-207.plesk.page\/fr\/collectie\/decoration-murale\/priscilla-de-e-dam-sur-acrylique\/\",\"name\":\"'Priscilla' de E. Dam Sur Acrylique - De Pagter Interieurs\",\"isPartOf\":{\"@id\":\"https:\/\/naughty-curran.136-144-185-207.plesk.page\/fr\/#website\"},\"primaryImageOfPage\":{\"@id\":\"https:\/\/naughty-curran.136-144-185-207.plesk.page\/fr\/collectie\/decoration-murale\/priscilla-de-e-dam-sur-acrylique\/#primaryimage\"},\"image\":{\"@id\":\"https:\/\/naughty-curran.136-144-185-207.plesk.page\/fr\/collectie\/decoration-murale\/priscilla-de-e-dam-sur-acrylique\/#primaryimage\"},\"thumbnailUrl\":\"https:\/\/naughty-curran.136-144-185-207.plesk.page\/wp-content\/uploads\/2021\/12\/IMG_9480.jpeg\",\"datePublished\":\"2024-05-21T14:52:08+00:00\",\"dateModified\":\"2025-07-28T07:58:21+00:00\",\"description\":\"Photo 'Priscilla' du photographe Elmar Dam, repr\u00e9sent\u00e9e \u00e0 l\u2019acrylique.\",\"breadcrumb\":{\"@id\":\"https:\/\/naughty-curran.136-144-185-207.plesk.page\/fr\/collectie\/decoration-murale\/priscilla-de-e-dam-sur-acrylique\/#breadcrumb\"},\"inLanguage\":\"fr-FR\",\"potentialAction\":[{\"@type\":\"ReadAction\",\"target\":[\"https:\/\/naughty-curran.136-144-185-207.plesk.page\/fr\/collectie\/decoration-murale\/priscilla-de-e-dam-sur-acrylique\/\"]}]},{\"@type\":\"ImageObject\",\"inLanguage\":\"fr-FR\",\"@id\":\"https:\/\/naughty-curran.136-144-185-207.plesk.page\/fr\/collectie\/decoration-murale\/priscilla-de-e-dam-sur-acrylique\/#primaryimage\",\"url\":\"https:\/\/naughty-curran.136-144-185-207.plesk.page\/wp-content\/uploads\/2021\/12\/IMG_9480.jpeg\",\"contentUrl\":\"https:\/\/naughty-curran.136-144-185-207.plesk.page\/wp-content\/uploads\/2021\/12\/IMG_9480.jpeg\",\"width\":1024,\"height\":768},{\"@type\":\"BreadcrumbList\",\"@id\":\"https:\/\/naughty-curran.136-144-185-207.plesk.page\/fr\/collectie\/decoration-murale\/priscilla-de-e-dam-sur-acrylique\/#breadcrumb\",\"itemListElement\":[{\"@type\":\"ListItem\",\"position\":1,\"name\":\"Home\",\"item\":\"https:\/\/naughty-curran.136-144-185-207.plesk.page\/fr\/\"},{\"@type\":\"ListItem\",\"position\":2,\"name\":\"Collection\",\"item\":\"https:\/\/naughty-curran.136-144-185-207.plesk.page\/fr\/collection\/\"},{\"@type\":\"ListItem\",\"position\":3,\"name\":\"&#8216;Priscilla&#8217; de E. Dam Sur Acrylique\"}]},{\"@type\":\"WebSite\",\"@id\":\"https:\/\/naughty-curran.136-144-185-207.plesk.page\/fr\/#website\",\"url\":\"https:\/\/naughty-curran.136-144-185-207.plesk.page\/fr\/\",\"name\":\"De Pagter Interieurs\",\"description\":\"Woonwinkels in Middelburg - Domburg - Veere\",\"potentialAction\":[{\"@type\":\"SearchAction\",\"target\":{\"@type\":\"EntryPoint\",\"urlTemplate\":\"https:\/\/naughty-curran.136-144-185-207.plesk.page\/fr\/?s={search_term_string}\"},\"query-input\":{\"@type\":\"PropertyValueSpecification\",\"valueRequired\":true,\"valueName\":\"search_term_string\"}}],\"inLanguage\":\"fr-FR\"}]}<\/script>\n<!-- \/ Yoast SEO plugin. -->","yoast_head_json":{"title":"'Priscilla' de E. Dam Sur Acrylique - De Pagter Interieurs","description":"Photo 'Priscilla' du photographe Elmar Dam, repr\u00e9sent\u00e9e \u00e0 l\u2019acrylique.","robots":{"index":"noindex","follow":"follow","max-snippet":"max-snippet:-1","max-image-preview":"max-image-preview:large","max-video-preview":"max-video-preview:-1"},"og_locale":"fr_FR","og_type":"article","og_title":"'Priscilla' de E. Dam Sur Acrylique - De Pagter Interieurs","og_description":"Photo 'Priscilla' du photographe Elmar Dam, repr\u00e9sent\u00e9e \u00e0 l\u2019acrylique.","og_url":"https:\/\/naughty-curran.136-144-185-207.plesk.page\/fr\/collectie\/decoration-murale\/priscilla-de-e-dam-sur-acrylique\/","og_site_name":"De Pagter Interieurs","article_publisher":"https:\/\/www.facebook.com\/depagterinterieurs\/","article_modified_time":"2025-07-28T07:58:21+00:00","og_image":[{"width":1024,"height":768,"url":"https:\/\/naughty-curran.136-144-185-207.plesk.page\/wp-content\/uploads\/2021\/12\/IMG_9480.jpeg","type":"image\/jpeg"}],"twitter_card":"summary_large_image","schema":{"@context":"https:\/\/schema.org","@graph":[{"@type":"WebPage","@id":"https:\/\/naughty-curran.136-144-185-207.plesk.page\/fr\/collectie\/decoration-murale\/priscilla-de-e-dam-sur-acrylique\/","url":"https:\/\/naughty-curran.136-144-185-207.plesk.page\/fr\/collectie\/decoration-murale\/priscilla-de-e-dam-sur-acrylique\/","name":"'Priscilla' de E. Dam Sur Acrylique - De Pagter Interieurs","isPartOf":{"@id":"https:\/\/naughty-curran.136-144-185-207.plesk.page\/fr\/#website"},"primaryImageOfPage":{"@id":"https:\/\/naughty-curran.136-144-185-207.plesk.page\/fr\/collectie\/decoration-murale\/priscilla-de-e-dam-sur-acrylique\/#primaryimage"},"image":{"@id":"https:\/\/naughty-curran.136-144-185-207.plesk.page\/fr\/collectie\/decoration-murale\/priscilla-de-e-dam-sur-acrylique\/#primaryimage"},"thumbnailUrl":"https:\/\/naughty-curran.136-144-185-207.plesk.page\/wp-content\/uploads\/2021\/12\/IMG_9480.jpeg","datePublished":"2024-05-21T14:52:08+00:00","dateModified":"2025-07-28T07:58:21+00:00","description":"Photo 'Priscilla' du photographe Elmar Dam, repr\u00e9sent\u00e9e \u00e0 l\u2019acrylique.","breadcrumb":{"@id":"https:\/\/naughty-curran.136-144-185-207.plesk.page\/fr\/collectie\/decoration-murale\/priscilla-de-e-dam-sur-acrylique\/#breadcrumb"},"inLanguage":"fr-FR","potentialAction":[{"@type":"ReadAction","target":["https:\/\/naughty-curran.136-144-185-207.plesk.page\/fr\/collectie\/decoration-murale\/priscilla-de-e-dam-sur-acrylique\/"]}]},{"@type":"ImageObject","inLanguage":"fr-FR","@id":"https:\/\/naughty-curran.136-144-185-207.plesk.page\/fr\/collectie\/decoration-murale\/priscilla-de-e-dam-sur-acrylique\/#primaryimage","url":"https:\/\/naughty-curran.136-144-185-207.plesk.page\/wp-content\/uploads\/2021\/12\/IMG_9480.jpeg","contentUrl":"https:\/\/naughty-curran.136-144-185-207.plesk.page\/wp-content\/uploads\/2021\/12\/IMG_9480.jpeg","width":1024,"height":768},{"@type":"BreadcrumbList","@id":"https:\/\/naughty-curran.136-144-185-207.plesk.page\/fr\/collectie\/decoration-murale\/priscilla-de-e-dam-sur-acrylique\/#breadcrumb","itemListElement":[{"@type":"ListItem","position":1,"name":"Home","item":"https:\/\/naughty-curran.136-144-185-207.plesk.page\/fr\/"},{"@type":"ListItem","position":2,"name":"Collection","item":"https:\/\/naughty-curran.136-144-185-207.plesk.page\/fr\/collection\/"},{"@type":"ListItem","position":3,"name":"&#8216;Priscilla&#8217; de E. Dam Sur Acrylique"}]},{"@type":"WebSite","@id":"https:\/\/naughty-curran.136-144-185-207.plesk.page\/fr\/#website","url":"https:\/\/naughty-curran.136-144-185-207.plesk.page\/fr\/","name":"De Pagter Interieurs","description":"Woonwinkels in Middelburg - Domburg - Veere","potentialAction":[{"@type":"SearchAction","target":{"@type":"EntryPoint","urlTemplate":"https:\/\/naughty-curran.136-144-185-207.plesk.page\/fr\/?s={search_term_string}"},"query-input":{"@type":"PropertyValueSpecification","valueRequired":true,"valueName":"search_term_string"}}],"inLanguage":"fr-FR"}]}},"_links":{"self":[{"href":"https:\/\/naughty-curran.136-144-185-207.plesk.page\/fr\/wp-json\/wp\/v2\/product\/107571","targetHints":{"allow":["GET"]}}],"collection":[{"href":"https:\/\/naughty-curran.136-144-185-207.plesk.page\/fr\/wp-json\/wp\/v2\/product"}],"about":[{"href":"https:\/\/naughty-curran.136-144-185-207.plesk.page\/fr\/wp-json\/wp\/v2\/types\/product"}],"wp:featuredmedia":[{"embeddable":true,"href":"https:\/\/naughty-curran.136-144-185-207.plesk.page\/fr\/wp-json\/wp\/v2\/media\/107572"}],"wp:attachment":[{"href":"https:\/\/naughty-curran.136-144-185-207.plesk.page\/fr\/wp-json\/wp\/v2\/media?parent=107571"}],"wp:term":[{"taxonomy":"product_brand","embeddable":true,"href":"https:\/\/naughty-curran.136-144-185-207.plesk.page\/fr\/wp-json\/wp\/v2\/product_brand?post=107571"},{"taxonomy":"product_cat","embeddable":true,"href":"https:\/\/naughty-curran.136-144-185-207.plesk.page\/fr\/wp-json\/wp\/v2\/product_cat?post=107571"},{"taxonomy":"product_tag","embeddable":true,"href":"https:\/\/naughty-curran.136-144-185-207.plesk.page\/fr\/wp-json\/wp\/v2\/product_tag?post=107571"}],"curies":[{"name":"wp","href":"https:\/\/api.w.org\/{rel}","templated":true}]}}