{"id":107692,"date":"2022-01-21T15:31:21","date_gmt":"2022-01-21T14:31:21","guid":{"rendered":"https:\/\/depagterinterieurs.nl\/collectie\/niet-gecategoriseerd\/armoire-laquee-bleu-effile\/"},"modified":"2024-05-22T08:24:11","modified_gmt":"2024-05-22T07:24:11","slug":"armoire-laquee-bleu-effile","status":"publish","type":"product","link":"https:\/\/naughty-curran.136-144-185-207.plesk.page\/fr\/collectie\/armoires-commodes\/armoires-de-rangement\/armoire-laquee-bleu-effile\/","title":{"rendered":"Armoire laqu\u00e9e Bleu effil\u00e9"},"content":{"rendered":"","protected":false},"excerpt":{"rendered":"<p>Meuble effil\u00e9 laqu\u00e9 bleu avec 2 portes. L\u2019armoire dispose de 2 tiroirs et de 4 \u00e9tag\u00e8res amovibles.<\/p>\n","protected":false},"featured_media":107693,"template":"","meta":{"_monsterinsights_skip_tracking":false,"_monsterinsights_sitenote_active":false,"_monsterinsights_sitenote_note":"","_monsterinsights_sitenote_category":0},"product_brand":[],"product_cat":[1072,1042,1050,1053,1049,1060],"product_tag":[],"class_list":{"0":"post-107692","1":"product","2":"type-product","3":"status-publish","4":"has-post-thumbnail","6":"product_cat-de-pagter-interieurs-fr","7":"product_cat-marques","8":"product_cat-armoires-commodes","9":"product_cat-armoires-de-rangement","10":"product_cat-meubles-laques","11":"product_cat-promo","13":"first","14":"instock","15":"sale","16":"shipping-taxable","17":"purchasable","18":"product-type-simple"},"yoast_head":"<!-- This site is optimized with the Yoast SEO plugin v25.8 - https:\/\/yoast.com\/wordpress\/plugins\/seo\/ -->\n<title>Armoire laqu\u00e9e Bleu effil\u00e9 - De Pagter Interieurs<\/title>\n<meta name=\"description\" content=\"Meuble effil\u00e9 laqu\u00e9 bleu avec 2 portes. L\u2019armoire dispose de 2 tiroirs et de 4 \u00e9tag\u00e8res amovibles.\" \/>\n<meta name=\"robots\" content=\"noindex, follow, max-snippet:-1, max-image-preview:large, max-video-preview:-1\" \/>\n<meta property=\"og:locale\" content=\"fr_FR\" \/>\n<meta property=\"og:type\" content=\"article\" \/>\n<meta property=\"og:title\" content=\"Armoire laqu\u00e9e Bleu effil\u00e9 - De Pagter Interieurs\" \/>\n<meta property=\"og:description\" content=\"Meuble effil\u00e9 laqu\u00e9 bleu avec 2 portes. L\u2019armoire dispose de 2 tiroirs et de 4 \u00e9tag\u00e8res amovibles.\" \/>\n<meta property=\"og:url\" content=\"https:\/\/naughty-curran.136-144-185-207.plesk.page\/fr\/collectie\/armoires-commodes\/armoires-de-rangement\/armoire-laquee-bleu-effile\/\" \/>\n<meta property=\"og:site_name\" content=\"De Pagter Interieurs\" \/>\n<meta property=\"article:publisher\" content=\"https:\/\/www.facebook.com\/depagterinterieurs\/\" \/>\n<meta property=\"article:modified_time\" content=\"2024-05-22T07:24:11+00:00\" \/>\n<meta property=\"og:image\" content=\"https:\/\/naughty-curran.136-144-185-207.plesk.page\/wp-content\/uploads\/2022\/01\/IMG_0070.jpeg\" \/>\n\t<meta property=\"og:image:width\" content=\"1024\" \/>\n\t<meta property=\"og:image:height\" content=\"768\" \/>\n\t<meta property=\"og:image:type\" content=\"image\/jpeg\" \/>\n<meta name=\"twitter:card\" content=\"summary_large_image\" \/>\n<script type=\"application\/ld+json\" class=\"yoast-schema-graph\">{\"@context\":\"https:\/\/schema.org\",\"@graph\":[{\"@type\":\"WebPage\",\"@id\":\"https:\/\/naughty-curran.136-144-185-207.plesk.page\/fr\/collectie\/armoires-commodes\/armoires-de-rangement\/armoire-laquee-bleu-effile\/\",\"url\":\"https:\/\/naughty-curran.136-144-185-207.plesk.page\/fr\/collectie\/armoires-commodes\/armoires-de-rangement\/armoire-laquee-bleu-effile\/\",\"name\":\"Armoire laqu\u00e9e Bleu effil\u00e9 - De Pagter Interieurs\",\"isPartOf\":{\"@id\":\"https:\/\/naughty-curran.136-144-185-207.plesk.page\/fr\/#website\"},\"primaryImageOfPage\":{\"@id\":\"https:\/\/naughty-curran.136-144-185-207.plesk.page\/fr\/collectie\/armoires-commodes\/armoires-de-rangement\/armoire-laquee-bleu-effile\/#primaryimage\"},\"image\":{\"@id\":\"https:\/\/naughty-curran.136-144-185-207.plesk.page\/fr\/collectie\/armoires-commodes\/armoires-de-rangement\/armoire-laquee-bleu-effile\/#primaryimage\"},\"thumbnailUrl\":\"https:\/\/naughty-curran.136-144-185-207.plesk.page\/wp-content\/uploads\/2022\/01\/IMG_0070.jpeg\",\"datePublished\":\"2022-01-21T14:31:21+00:00\",\"dateModified\":\"2024-05-22T07:24:11+00:00\",\"description\":\"Meuble effil\u00e9 laqu\u00e9 bleu avec 2 portes. L\u2019armoire dispose de 2 tiroirs et de 4 \u00e9tag\u00e8res amovibles.\",\"breadcrumb\":{\"@id\":\"https:\/\/naughty-curran.136-144-185-207.plesk.page\/fr\/collectie\/armoires-commodes\/armoires-de-rangement\/armoire-laquee-bleu-effile\/#breadcrumb\"},\"inLanguage\":\"fr-FR\",\"potentialAction\":[{\"@type\":\"ReadAction\",\"target\":[\"https:\/\/naughty-curran.136-144-185-207.plesk.page\/fr\/collectie\/armoires-commodes\/armoires-de-rangement\/armoire-laquee-bleu-effile\/\"]}]},{\"@type\":\"ImageObject\",\"inLanguage\":\"fr-FR\",\"@id\":\"https:\/\/naughty-curran.136-144-185-207.plesk.page\/fr\/collectie\/armoires-commodes\/armoires-de-rangement\/armoire-laquee-bleu-effile\/#primaryimage\",\"url\":\"https:\/\/naughty-curran.136-144-185-207.plesk.page\/wp-content\/uploads\/2022\/01\/IMG_0070.jpeg\",\"contentUrl\":\"https:\/\/naughty-curran.136-144-185-207.plesk.page\/wp-content\/uploads\/2022\/01\/IMG_0070.jpeg\",\"width\":1024,\"height\":768},{\"@type\":\"BreadcrumbList\",\"@id\":\"https:\/\/naughty-curran.136-144-185-207.plesk.page\/fr\/collectie\/armoires-commodes\/armoires-de-rangement\/armoire-laquee-bleu-effile\/#breadcrumb\",\"itemListElement\":[{\"@type\":\"ListItem\",\"position\":1,\"name\":\"Home\",\"item\":\"https:\/\/naughty-curran.136-144-185-207.plesk.page\/fr\/\"},{\"@type\":\"ListItem\",\"position\":2,\"name\":\"Collection\",\"item\":\"https:\/\/naughty-curran.136-144-185-207.plesk.page\/fr\/collection\/\"},{\"@type\":\"ListItem\",\"position\":3,\"name\":\"Armoire laqu\u00e9e Bleu effil\u00e9\"}]},{\"@type\":\"WebSite\",\"@id\":\"https:\/\/naughty-curran.136-144-185-207.plesk.page\/fr\/#website\",\"url\":\"https:\/\/naughty-curran.136-144-185-207.plesk.page\/fr\/\",\"name\":\"De Pagter Interieurs\",\"description\":\"Woonwinkels in Middelburg - Domburg - Veere\",\"potentialAction\":[{\"@type\":\"SearchAction\",\"target\":{\"@type\":\"EntryPoint\",\"urlTemplate\":\"https:\/\/naughty-curran.136-144-185-207.plesk.page\/fr\/?s={search_term_string}\"},\"query-input\":{\"@type\":\"PropertyValueSpecification\",\"valueRequired\":true,\"valueName\":\"search_term_string\"}}],\"inLanguage\":\"fr-FR\"}]}<\/script>\n<!-- \/ Yoast SEO plugin. -->","yoast_head_json":{"title":"Armoire laqu\u00e9e Bleu effil\u00e9 - De Pagter Interieurs","description":"Meuble effil\u00e9 laqu\u00e9 bleu avec 2 portes. L\u2019armoire dispose de 2 tiroirs et de 4 \u00e9tag\u00e8res amovibles.","robots":{"index":"noindex","follow":"follow","max-snippet":"max-snippet:-1","max-image-preview":"max-image-preview:large","max-video-preview":"max-video-preview:-1"},"og_locale":"fr_FR","og_type":"article","og_title":"Armoire laqu\u00e9e Bleu effil\u00e9 - De Pagter Interieurs","og_description":"Meuble effil\u00e9 laqu\u00e9 bleu avec 2 portes. L\u2019armoire dispose de 2 tiroirs et de 4 \u00e9tag\u00e8res amovibles.","og_url":"https:\/\/naughty-curran.136-144-185-207.plesk.page\/fr\/collectie\/armoires-commodes\/armoires-de-rangement\/armoire-laquee-bleu-effile\/","og_site_name":"De Pagter Interieurs","article_publisher":"https:\/\/www.facebook.com\/depagterinterieurs\/","article_modified_time":"2024-05-22T07:24:11+00:00","og_image":[{"width":1024,"height":768,"url":"https:\/\/naughty-curran.136-144-185-207.plesk.page\/wp-content\/uploads\/2022\/01\/IMG_0070.jpeg","type":"image\/jpeg"}],"twitter_card":"summary_large_image","schema":{"@context":"https:\/\/schema.org","@graph":[{"@type":"WebPage","@id":"https:\/\/naughty-curran.136-144-185-207.plesk.page\/fr\/collectie\/armoires-commodes\/armoires-de-rangement\/armoire-laquee-bleu-effile\/","url":"https:\/\/naughty-curran.136-144-185-207.plesk.page\/fr\/collectie\/armoires-commodes\/armoires-de-rangement\/armoire-laquee-bleu-effile\/","name":"Armoire laqu\u00e9e Bleu effil\u00e9 - De Pagter Interieurs","isPartOf":{"@id":"https:\/\/naughty-curran.136-144-185-207.plesk.page\/fr\/#website"},"primaryImageOfPage":{"@id":"https:\/\/naughty-curran.136-144-185-207.plesk.page\/fr\/collectie\/armoires-commodes\/armoires-de-rangement\/armoire-laquee-bleu-effile\/#primaryimage"},"image":{"@id":"https:\/\/naughty-curran.136-144-185-207.plesk.page\/fr\/collectie\/armoires-commodes\/armoires-de-rangement\/armoire-laquee-bleu-effile\/#primaryimage"},"thumbnailUrl":"https:\/\/naughty-curran.136-144-185-207.plesk.page\/wp-content\/uploads\/2022\/01\/IMG_0070.jpeg","datePublished":"2022-01-21T14:31:21+00:00","dateModified":"2024-05-22T07:24:11+00:00","description":"Meuble effil\u00e9 laqu\u00e9 bleu avec 2 portes. L\u2019armoire dispose de 2 tiroirs et de 4 \u00e9tag\u00e8res amovibles.","breadcrumb":{"@id":"https:\/\/naughty-curran.136-144-185-207.plesk.page\/fr\/collectie\/armoires-commodes\/armoires-de-rangement\/armoire-laquee-bleu-effile\/#breadcrumb"},"inLanguage":"fr-FR","potentialAction":[{"@type":"ReadAction","target":["https:\/\/naughty-curran.136-144-185-207.plesk.page\/fr\/collectie\/armoires-commodes\/armoires-de-rangement\/armoire-laquee-bleu-effile\/"]}]},{"@type":"ImageObject","inLanguage":"fr-FR","@id":"https:\/\/naughty-curran.136-144-185-207.plesk.page\/fr\/collectie\/armoires-commodes\/armoires-de-rangement\/armoire-laquee-bleu-effile\/#primaryimage","url":"https:\/\/naughty-curran.136-144-185-207.plesk.page\/wp-content\/uploads\/2022\/01\/IMG_0070.jpeg","contentUrl":"https:\/\/naughty-curran.136-144-185-207.plesk.page\/wp-content\/uploads\/2022\/01\/IMG_0070.jpeg","width":1024,"height":768},{"@type":"BreadcrumbList","@id":"https:\/\/naughty-curran.136-144-185-207.plesk.page\/fr\/collectie\/armoires-commodes\/armoires-de-rangement\/armoire-laquee-bleu-effile\/#breadcrumb","itemListElement":[{"@type":"ListItem","position":1,"name":"Home","item":"https:\/\/naughty-curran.136-144-185-207.plesk.page\/fr\/"},{"@type":"ListItem","position":2,"name":"Collection","item":"https:\/\/naughty-curran.136-144-185-207.plesk.page\/fr\/collection\/"},{"@type":"ListItem","position":3,"name":"Armoire laqu\u00e9e Bleu effil\u00e9"}]},{"@type":"WebSite","@id":"https:\/\/naughty-curran.136-144-185-207.plesk.page\/fr\/#website","url":"https:\/\/naughty-curran.136-144-185-207.plesk.page\/fr\/","name":"De Pagter Interieurs","description":"Woonwinkels in Middelburg - Domburg - Veere","potentialAction":[{"@type":"SearchAction","target":{"@type":"EntryPoint","urlTemplate":"https:\/\/naughty-curran.136-144-185-207.plesk.page\/fr\/?s={search_term_string}"},"query-input":{"@type":"PropertyValueSpecification","valueRequired":true,"valueName":"search_term_string"}}],"inLanguage":"fr-FR"}]}},"_links":{"self":[{"href":"https:\/\/naughty-curran.136-144-185-207.plesk.page\/fr\/wp-json\/wp\/v2\/product\/107692","targetHints":{"allow":["GET"]}}],"collection":[{"href":"https:\/\/naughty-curran.136-144-185-207.plesk.page\/fr\/wp-json\/wp\/v2\/product"}],"about":[{"href":"https:\/\/naughty-curran.136-144-185-207.plesk.page\/fr\/wp-json\/wp\/v2\/types\/product"}],"wp:featuredmedia":[{"embeddable":true,"href":"https:\/\/naughty-curran.136-144-185-207.plesk.page\/fr\/wp-json\/wp\/v2\/media\/107693"}],"wp:attachment":[{"href":"https:\/\/naughty-curran.136-144-185-207.plesk.page\/fr\/wp-json\/wp\/v2\/media?parent=107692"}],"wp:term":[{"taxonomy":"product_brand","embeddable":true,"href":"https:\/\/naughty-curran.136-144-185-207.plesk.page\/fr\/wp-json\/wp\/v2\/product_brand?post=107692"},{"taxonomy":"product_cat","embeddable":true,"href":"https:\/\/naughty-curran.136-144-185-207.plesk.page\/fr\/wp-json\/wp\/v2\/product_cat?post=107692"},{"taxonomy":"product_tag","embeddable":true,"href":"https:\/\/naughty-curran.136-144-185-207.plesk.page\/fr\/wp-json\/wp\/v2\/product_tag?post=107692"}],"curies":[{"name":"wp","href":"https:\/\/api.w.org\/{rel}","templated":true}]}}