{"id":110735,"date":"2023-06-15T13:38:11","date_gmt":"2024-06-03T07:08:20","guid":{"rendered":"https:\/\/depagterinterieurs.nl\/collectie\/non class\u00e9\/miroir-yunis\/"},"modified":"2024-06-03T08:08:20","modified_gmt":"2024-06-03T07:08:20","slug":"miroir-yunis","status":"publish","type":"product","link":"https:\/\/naughty-curran.136-144-185-207.plesk.page\/fr\/collectie\/miroirs\/miroir-yunis\/","title":{"rendered":"Miroir Yunis"},"content":{"rendered":"","protected":false},"excerpt":{"rendered":"<p>Miroir r\u00e9glable &#8216;Yunis&#8217; avec un cadre en m\u00e9tal dor\u00e9.<\/p>\n","protected":false},"featured_media":110736,"template":"","meta":{"_monsterinsights_skip_tracking":false,"_monsterinsights_sitenote_active":false,"_monsterinsights_sitenote_note":"","_monsterinsights_sitenote_category":0},"product_brand":[],"product_cat":[1061],"product_tag":[],"class_list":{"0":"post-110735","1":"product","2":"type-product","3":"status-publish","4":"has-post-thumbnail","6":"product_cat-miroirs","8":"first","9":"instock","10":"shipping-taxable","11":"purchasable","12":"product-type-simple"},"yoast_head":"<!-- This site is optimized with the Yoast SEO plugin v25.8 - https:\/\/yoast.com\/wordpress\/plugins\/seo\/ -->\n<title>Miroir Yunis - De Pagter Interieurs<\/title>\n<meta name=\"description\" content=\"Miroir r\u00e9glable &#039;Yunis&#039; avec un cadre en m\u00e9tal dor\u00e9.\" \/>\n<meta name=\"robots\" content=\"noindex, follow, max-snippet:-1, max-image-preview:large, max-video-preview:-1\" \/>\n<meta property=\"og:locale\" content=\"fr_FR\" \/>\n<meta property=\"og:type\" content=\"article\" \/>\n<meta property=\"og:title\" content=\"Miroir Yunis - De Pagter Interieurs\" \/>\n<meta property=\"og:description\" content=\"Miroir r\u00e9glable &#039;Yunis&#039; avec un cadre en m\u00e9tal dor\u00e9.\" \/>\n<meta property=\"og:url\" content=\"https:\/\/naughty-curran.136-144-185-207.plesk.page\/fr\/collectie\/miroirs\/miroir-yunis\/\" \/>\n<meta property=\"og:site_name\" content=\"De Pagter Interieurs\" \/>\n<meta property=\"article:publisher\" content=\"https:\/\/www.facebook.com\/depagterinterieurs\/\" \/>\n<meta property=\"og:image\" content=\"https:\/\/naughty-curran.136-144-185-207.plesk.page\/wp-content\/uploads\/2023\/06\/IMG_8110.jpeg\" \/>\n\t<meta property=\"og:image:width\" content=\"1024\" \/>\n\t<meta property=\"og:image:height\" content=\"768\" \/>\n\t<meta property=\"og:image:type\" content=\"image\/jpeg\" \/>\n<meta name=\"twitter:card\" content=\"summary_large_image\" \/>\n<script type=\"application\/ld+json\" class=\"yoast-schema-graph\">{\"@context\":\"https:\/\/schema.org\",\"@graph\":[{\"@type\":\"WebPage\",\"@id\":\"https:\/\/naughty-curran.136-144-185-207.plesk.page\/fr\/collectie\/miroirs\/miroir-yunis\/\",\"url\":\"https:\/\/naughty-curran.136-144-185-207.plesk.page\/fr\/collectie\/miroirs\/miroir-yunis\/\",\"name\":\"Miroir Yunis - De Pagter Interieurs\",\"isPartOf\":{\"@id\":\"https:\/\/naughty-curran.136-144-185-207.plesk.page\/fr\/#website\"},\"primaryImageOfPage\":{\"@id\":\"https:\/\/naughty-curran.136-144-185-207.plesk.page\/fr\/collectie\/miroirs\/miroir-yunis\/#primaryimage\"},\"image\":{\"@id\":\"https:\/\/naughty-curran.136-144-185-207.plesk.page\/fr\/collectie\/miroirs\/miroir-yunis\/#primaryimage\"},\"thumbnailUrl\":\"https:\/\/naughty-curran.136-144-185-207.plesk.page\/wp-content\/uploads\/2023\/06\/IMG_8110.jpeg\",\"datePublished\":\"2024-06-03T07:08:20+00:00\",\"description\":\"Miroir r\u00e9glable 'Yunis' avec un cadre en m\u00e9tal dor\u00e9.\",\"breadcrumb\":{\"@id\":\"https:\/\/naughty-curran.136-144-185-207.plesk.page\/fr\/collectie\/miroirs\/miroir-yunis\/#breadcrumb\"},\"inLanguage\":\"fr-FR\",\"potentialAction\":[{\"@type\":\"ReadAction\",\"target\":[\"https:\/\/naughty-curran.136-144-185-207.plesk.page\/fr\/collectie\/miroirs\/miroir-yunis\/\"]}]},{\"@type\":\"ImageObject\",\"inLanguage\":\"fr-FR\",\"@id\":\"https:\/\/naughty-curran.136-144-185-207.plesk.page\/fr\/collectie\/miroirs\/miroir-yunis\/#primaryimage\",\"url\":\"https:\/\/naughty-curran.136-144-185-207.plesk.page\/wp-content\/uploads\/2023\/06\/IMG_8110.jpeg\",\"contentUrl\":\"https:\/\/naughty-curran.136-144-185-207.plesk.page\/wp-content\/uploads\/2023\/06\/IMG_8110.jpeg\",\"width\":1024,\"height\":768},{\"@type\":\"BreadcrumbList\",\"@id\":\"https:\/\/naughty-curran.136-144-185-207.plesk.page\/fr\/collectie\/miroirs\/miroir-yunis\/#breadcrumb\",\"itemListElement\":[{\"@type\":\"ListItem\",\"position\":1,\"name\":\"Home\",\"item\":\"https:\/\/naughty-curran.136-144-185-207.plesk.page\/fr\/\"},{\"@type\":\"ListItem\",\"position\":2,\"name\":\"Collection\",\"item\":\"https:\/\/naughty-curran.136-144-185-207.plesk.page\/fr\/collection\/\"},{\"@type\":\"ListItem\",\"position\":3,\"name\":\"Miroir Yunis\"}]},{\"@type\":\"WebSite\",\"@id\":\"https:\/\/naughty-curran.136-144-185-207.plesk.page\/fr\/#website\",\"url\":\"https:\/\/naughty-curran.136-144-185-207.plesk.page\/fr\/\",\"name\":\"De Pagter Interieurs\",\"description\":\"Woonwinkels in Middelburg - Domburg - Veere\",\"potentialAction\":[{\"@type\":\"SearchAction\",\"target\":{\"@type\":\"EntryPoint\",\"urlTemplate\":\"https:\/\/naughty-curran.136-144-185-207.plesk.page\/fr\/?s={search_term_string}\"},\"query-input\":{\"@type\":\"PropertyValueSpecification\",\"valueRequired\":true,\"valueName\":\"search_term_string\"}}],\"inLanguage\":\"fr-FR\"}]}<\/script>\n<!-- \/ Yoast SEO plugin. -->","yoast_head_json":{"title":"Miroir Yunis - De Pagter Interieurs","description":"Miroir r\u00e9glable 'Yunis' avec un cadre en m\u00e9tal dor\u00e9.","robots":{"index":"noindex","follow":"follow","max-snippet":"max-snippet:-1","max-image-preview":"max-image-preview:large","max-video-preview":"max-video-preview:-1"},"og_locale":"fr_FR","og_type":"article","og_title":"Miroir Yunis - De Pagter Interieurs","og_description":"Miroir r\u00e9glable 'Yunis' avec un cadre en m\u00e9tal dor\u00e9.","og_url":"https:\/\/naughty-curran.136-144-185-207.plesk.page\/fr\/collectie\/miroirs\/miroir-yunis\/","og_site_name":"De Pagter Interieurs","article_publisher":"https:\/\/www.facebook.com\/depagterinterieurs\/","og_image":[{"width":1024,"height":768,"url":"https:\/\/naughty-curran.136-144-185-207.plesk.page\/wp-content\/uploads\/2023\/06\/IMG_8110.jpeg","type":"image\/jpeg"}],"twitter_card":"summary_large_image","schema":{"@context":"https:\/\/schema.org","@graph":[{"@type":"WebPage","@id":"https:\/\/naughty-curran.136-144-185-207.plesk.page\/fr\/collectie\/miroirs\/miroir-yunis\/","url":"https:\/\/naughty-curran.136-144-185-207.plesk.page\/fr\/collectie\/miroirs\/miroir-yunis\/","name":"Miroir Yunis - De Pagter Interieurs","isPartOf":{"@id":"https:\/\/naughty-curran.136-144-185-207.plesk.page\/fr\/#website"},"primaryImageOfPage":{"@id":"https:\/\/naughty-curran.136-144-185-207.plesk.page\/fr\/collectie\/miroirs\/miroir-yunis\/#primaryimage"},"image":{"@id":"https:\/\/naughty-curran.136-144-185-207.plesk.page\/fr\/collectie\/miroirs\/miroir-yunis\/#primaryimage"},"thumbnailUrl":"https:\/\/naughty-curran.136-144-185-207.plesk.page\/wp-content\/uploads\/2023\/06\/IMG_8110.jpeg","datePublished":"2024-06-03T07:08:20+00:00","description":"Miroir r\u00e9glable 'Yunis' avec un cadre en m\u00e9tal dor\u00e9.","breadcrumb":{"@id":"https:\/\/naughty-curran.136-144-185-207.plesk.page\/fr\/collectie\/miroirs\/miroir-yunis\/#breadcrumb"},"inLanguage":"fr-FR","potentialAction":[{"@type":"ReadAction","target":["https:\/\/naughty-curran.136-144-185-207.plesk.page\/fr\/collectie\/miroirs\/miroir-yunis\/"]}]},{"@type":"ImageObject","inLanguage":"fr-FR","@id":"https:\/\/naughty-curran.136-144-185-207.plesk.page\/fr\/collectie\/miroirs\/miroir-yunis\/#primaryimage","url":"https:\/\/naughty-curran.136-144-185-207.plesk.page\/wp-content\/uploads\/2023\/06\/IMG_8110.jpeg","contentUrl":"https:\/\/naughty-curran.136-144-185-207.plesk.page\/wp-content\/uploads\/2023\/06\/IMG_8110.jpeg","width":1024,"height":768},{"@type":"BreadcrumbList","@id":"https:\/\/naughty-curran.136-144-185-207.plesk.page\/fr\/collectie\/miroirs\/miroir-yunis\/#breadcrumb","itemListElement":[{"@type":"ListItem","position":1,"name":"Home","item":"https:\/\/naughty-curran.136-144-185-207.plesk.page\/fr\/"},{"@type":"ListItem","position":2,"name":"Collection","item":"https:\/\/naughty-curran.136-144-185-207.plesk.page\/fr\/collection\/"},{"@type":"ListItem","position":3,"name":"Miroir Yunis"}]},{"@type":"WebSite","@id":"https:\/\/naughty-curran.136-144-185-207.plesk.page\/fr\/#website","url":"https:\/\/naughty-curran.136-144-185-207.plesk.page\/fr\/","name":"De Pagter Interieurs","description":"Woonwinkels in Middelburg - Domburg - Veere","potentialAction":[{"@type":"SearchAction","target":{"@type":"EntryPoint","urlTemplate":"https:\/\/naughty-curran.136-144-185-207.plesk.page\/fr\/?s={search_term_string}"},"query-input":{"@type":"PropertyValueSpecification","valueRequired":true,"valueName":"search_term_string"}}],"inLanguage":"fr-FR"}]}},"_links":{"self":[{"href":"https:\/\/naughty-curran.136-144-185-207.plesk.page\/fr\/wp-json\/wp\/v2\/product\/110735","targetHints":{"allow":["GET"]}}],"collection":[{"href":"https:\/\/naughty-curran.136-144-185-207.plesk.page\/fr\/wp-json\/wp\/v2\/product"}],"about":[{"href":"https:\/\/naughty-curran.136-144-185-207.plesk.page\/fr\/wp-json\/wp\/v2\/types\/product"}],"wp:featuredmedia":[{"embeddable":true,"href":"https:\/\/naughty-curran.136-144-185-207.plesk.page\/fr\/wp-json\/wp\/v2\/media\/110736"}],"wp:attachment":[{"href":"https:\/\/naughty-curran.136-144-185-207.plesk.page\/fr\/wp-json\/wp\/v2\/media?parent=110735"}],"wp:term":[{"taxonomy":"product_brand","embeddable":true,"href":"https:\/\/naughty-curran.136-144-185-207.plesk.page\/fr\/wp-json\/wp\/v2\/product_brand?post=110735"},{"taxonomy":"product_cat","embeddable":true,"href":"https:\/\/naughty-curran.136-144-185-207.plesk.page\/fr\/wp-json\/wp\/v2\/product_cat?post=110735"},{"taxonomy":"product_tag","embeddable":true,"href":"https:\/\/naughty-curran.136-144-185-207.plesk.page\/fr\/wp-json\/wp\/v2\/product_tag?post=110735"}],"curies":[{"name":"wp","href":"https:\/\/api.w.org\/{rel}","templated":true}]}}