{"id":110867,"date":"2023-08-17T11:49:16","date_gmt":"2024-06-03T09:24:53","guid":{"rendered":"https:\/\/depagterinterieurs.nl\/collectie\/non class\u00e9\/fauteuil-inclinable-tom\/"},"modified":"2024-06-03T10:24:53","modified_gmt":"2024-06-03T09:24:53","slug":"fauteuil-inclinable-tom","status":"publish","type":"product","link":"https:\/\/naughty-curran.136-144-185-207.plesk.page\/fr\/collectie\/marques\/ds-meubel\/fauteuil-inclinable-tom\/","title":{"rendered":"Fauteuil Inclinable Tom"},"content":{"rendered":"","protected":false},"excerpt":{"rendered":"<p>Fauteuil de luxe avec repose-pieds et dossier r\u00e9glables \u00e9lectriquement qui peuvent \u00eatre actionn\u00e9s par des boutons tactiles.<\/p>\n<p>Fabriqu\u00e9 en cuir : Kenya \u2013 Denim.<\/p>\n<p>Comprend une batterie int\u00e9gr\u00e9e, un coussin lombaire, une couture anglaise et une base plate en \u00e9toile. Le prix est pour le mod\u00e8le illustr\u00e9.<\/p>\n<p>D\u00e9couvrez toutes les options <a href=\"https:\/\/naughty-curran.136-144-185-207.plesk.page\/wp-content\/uploads\/2022\/05\/TOM-NL-BE-1-5-2022.pdf\"><strong>ici<\/strong><\/a> .<\/p>\n","protected":false},"featured_media":110868,"template":"","meta":{"_monsterinsights_skip_tracking":false,"_monsterinsights_sitenote_active":false,"_monsterinsights_sitenote_note":"","_monsterinsights_sitenote_category":0},"product_brand":[],"product_cat":[1040,1074,1042,1046],"product_tag":[],"class_list":{"0":"post-110867","1":"product","2":"type-product","3":"status-publish","4":"has-post-thumbnail","6":"product_cat-canapes-fauteuils","7":"product_cat-ds-meubel","8":"product_cat-marques","9":"product_cat-fauteuils-relax","11":"first","12":"instock","13":"shipping-taxable","14":"purchasable","15":"product-type-simple"},"yoast_head":"<!-- This site is optimized with the Yoast SEO plugin v25.8 - https:\/\/yoast.com\/wordpress\/plugins\/seo\/ -->\n<title>Fauteuil Inclinable Tom - De Pagter Interieurs<\/title>\n<meta name=\"description\" content=\"Fauteuil de luxe avec repose-pieds et dossier r\u00e9glables \u00e9lectriquement qui peuvent \u00eatre actionn\u00e9s par des boutons tactiles. Fabriqu\u00e9 en cuir : Kenya \u2013 Denim. Comprend une batterie int\u00e9gr\u00e9e, un coussin lombaire, une couture anglaise et une base plate en \u00e9toile. Le prix est pour le mod\u00e8le illustr\u00e9. D\u00e9couvrez toutes les options ici .\" \/>\n<meta name=\"robots\" content=\"noindex, follow, max-snippet:-1, max-image-preview:large, max-video-preview:-1\" \/>\n<meta property=\"og:locale\" content=\"fr_FR\" \/>\n<meta property=\"og:type\" content=\"article\" \/>\n<meta property=\"og:title\" content=\"Fauteuil Inclinable Tom - De Pagter Interieurs\" \/>\n<meta property=\"og:description\" content=\"Fauteuil de luxe avec repose-pieds et dossier r\u00e9glables \u00e9lectriquement qui peuvent \u00eatre actionn\u00e9s par des boutons tactiles. Fabriqu\u00e9 en cuir : Kenya \u2013 Denim. Comprend une batterie int\u00e9gr\u00e9e, un coussin lombaire, une couture anglaise et une base plate en \u00e9toile. Le prix est pour le mod\u00e8le illustr\u00e9. D\u00e9couvrez toutes les options ici .\" \/>\n<meta property=\"og:url\" content=\"https:\/\/naughty-curran.136-144-185-207.plesk.page\/fr\/collectie\/marques\/ds-meubel\/fauteuil-inclinable-tom\/\" \/>\n<meta property=\"og:site_name\" content=\"De Pagter Interieurs\" \/>\n<meta property=\"article:publisher\" content=\"https:\/\/www.facebook.com\/depagterinterieurs\/\" \/>\n<meta property=\"og:image\" content=\"https:\/\/naughty-curran.136-144-185-207.plesk.page\/wp-content\/uploads\/2023\/08\/Relaxfauteuil-Tom-5-scaled.jpg\" \/>\n\t<meta property=\"og:image:width\" content=\"2560\" \/>\n\t<meta property=\"og:image:height\" content=\"1920\" \/>\n\t<meta property=\"og:image:type\" content=\"image\/jpeg\" \/>\n<meta name=\"twitter:card\" content=\"summary_large_image\" \/>\n<script type=\"application\/ld+json\" class=\"yoast-schema-graph\">{\"@context\":\"https:\/\/schema.org\",\"@graph\":[{\"@type\":\"WebPage\",\"@id\":\"https:\/\/naughty-curran.136-144-185-207.plesk.page\/fr\/collectie\/marques\/ds-meubel\/fauteuil-inclinable-tom\/\",\"url\":\"https:\/\/naughty-curran.136-144-185-207.plesk.page\/fr\/collectie\/marques\/ds-meubel\/fauteuil-inclinable-tom\/\",\"name\":\"Fauteuil Inclinable Tom - De Pagter Interieurs\",\"isPartOf\":{\"@id\":\"https:\/\/naughty-curran.136-144-185-207.plesk.page\/fr\/#website\"},\"primaryImageOfPage\":{\"@id\":\"https:\/\/naughty-curran.136-144-185-207.plesk.page\/fr\/collectie\/marques\/ds-meubel\/fauteuil-inclinable-tom\/#primaryimage\"},\"image\":{\"@id\":\"https:\/\/naughty-curran.136-144-185-207.plesk.page\/fr\/collectie\/marques\/ds-meubel\/fauteuil-inclinable-tom\/#primaryimage\"},\"thumbnailUrl\":\"https:\/\/naughty-curran.136-144-185-207.plesk.page\/wp-content\/uploads\/2023\/08\/Relaxfauteuil-Tom-5-scaled.jpg\",\"datePublished\":\"2024-06-03T09:24:53+00:00\",\"description\":\"Fauteuil de luxe avec repose-pieds et dossier r\u00e9glables \u00e9lectriquement qui peuvent \u00eatre actionn\u00e9s par des boutons tactiles. Fabriqu\u00e9 en cuir : Kenya \u2013 Denim. Comprend une batterie int\u00e9gr\u00e9e, un coussin lombaire, une couture anglaise et une base plate en \u00e9toile. Le prix est pour le mod\u00e8le illustr\u00e9. D\u00e9couvrez toutes les options ici .\",\"breadcrumb\":{\"@id\":\"https:\/\/naughty-curran.136-144-185-207.plesk.page\/fr\/collectie\/marques\/ds-meubel\/fauteuil-inclinable-tom\/#breadcrumb\"},\"inLanguage\":\"fr-FR\",\"potentialAction\":[{\"@type\":\"ReadAction\",\"target\":[\"https:\/\/naughty-curran.136-144-185-207.plesk.page\/fr\/collectie\/marques\/ds-meubel\/fauteuil-inclinable-tom\/\"]}]},{\"@type\":\"ImageObject\",\"inLanguage\":\"fr-FR\",\"@id\":\"https:\/\/naughty-curran.136-144-185-207.plesk.page\/fr\/collectie\/marques\/ds-meubel\/fauteuil-inclinable-tom\/#primaryimage\",\"url\":\"https:\/\/naughty-curran.136-144-185-207.plesk.page\/wp-content\/uploads\/2023\/08\/Relaxfauteuil-Tom-5-scaled.jpg\",\"contentUrl\":\"https:\/\/naughty-curran.136-144-185-207.plesk.page\/wp-content\/uploads\/2023\/08\/Relaxfauteuil-Tom-5-scaled.jpg\",\"width\":2560,\"height\":1920},{\"@type\":\"BreadcrumbList\",\"@id\":\"https:\/\/naughty-curran.136-144-185-207.plesk.page\/fr\/collectie\/marques\/ds-meubel\/fauteuil-inclinable-tom\/#breadcrumb\",\"itemListElement\":[{\"@type\":\"ListItem\",\"position\":1,\"name\":\"Home\",\"item\":\"https:\/\/naughty-curran.136-144-185-207.plesk.page\/fr\/\"},{\"@type\":\"ListItem\",\"position\":2,\"name\":\"Collection\",\"item\":\"https:\/\/naughty-curran.136-144-185-207.plesk.page\/fr\/collection\/\"},{\"@type\":\"ListItem\",\"position\":3,\"name\":\"Fauteuil Inclinable Tom\"}]},{\"@type\":\"WebSite\",\"@id\":\"https:\/\/naughty-curran.136-144-185-207.plesk.page\/fr\/#website\",\"url\":\"https:\/\/naughty-curran.136-144-185-207.plesk.page\/fr\/\",\"name\":\"De Pagter Interieurs\",\"description\":\"Woonwinkels in Middelburg - Domburg - Veere\",\"potentialAction\":[{\"@type\":\"SearchAction\",\"target\":{\"@type\":\"EntryPoint\",\"urlTemplate\":\"https:\/\/naughty-curran.136-144-185-207.plesk.page\/fr\/?s={search_term_string}\"},\"query-input\":{\"@type\":\"PropertyValueSpecification\",\"valueRequired\":true,\"valueName\":\"search_term_string\"}}],\"inLanguage\":\"fr-FR\"}]}<\/script>\n<!-- \/ Yoast SEO plugin. -->","yoast_head_json":{"title":"Fauteuil Inclinable Tom - De Pagter Interieurs","description":"Fauteuil de luxe avec repose-pieds et dossier r\u00e9glables \u00e9lectriquement qui peuvent \u00eatre actionn\u00e9s par des boutons tactiles. Fabriqu\u00e9 en cuir : Kenya \u2013 Denim. Comprend une batterie int\u00e9gr\u00e9e, un coussin lombaire, une couture anglaise et une base plate en \u00e9toile. Le prix est pour le mod\u00e8le illustr\u00e9. D\u00e9couvrez toutes les options ici .","robots":{"index":"noindex","follow":"follow","max-snippet":"max-snippet:-1","max-image-preview":"max-image-preview:large","max-video-preview":"max-video-preview:-1"},"og_locale":"fr_FR","og_type":"article","og_title":"Fauteuil Inclinable Tom - De Pagter Interieurs","og_description":"Fauteuil de luxe avec repose-pieds et dossier r\u00e9glables \u00e9lectriquement qui peuvent \u00eatre actionn\u00e9s par des boutons tactiles. Fabriqu\u00e9 en cuir : Kenya \u2013 Denim. Comprend une batterie int\u00e9gr\u00e9e, un coussin lombaire, une couture anglaise et une base plate en \u00e9toile. Le prix est pour le mod\u00e8le illustr\u00e9. D\u00e9couvrez toutes les options ici .","og_url":"https:\/\/naughty-curran.136-144-185-207.plesk.page\/fr\/collectie\/marques\/ds-meubel\/fauteuil-inclinable-tom\/","og_site_name":"De Pagter Interieurs","article_publisher":"https:\/\/www.facebook.com\/depagterinterieurs\/","og_image":[{"width":2560,"height":1920,"url":"https:\/\/naughty-curran.136-144-185-207.plesk.page\/wp-content\/uploads\/2023\/08\/Relaxfauteuil-Tom-5-scaled.jpg","type":"image\/jpeg"}],"twitter_card":"summary_large_image","schema":{"@context":"https:\/\/schema.org","@graph":[{"@type":"WebPage","@id":"https:\/\/naughty-curran.136-144-185-207.plesk.page\/fr\/collectie\/marques\/ds-meubel\/fauteuil-inclinable-tom\/","url":"https:\/\/naughty-curran.136-144-185-207.plesk.page\/fr\/collectie\/marques\/ds-meubel\/fauteuil-inclinable-tom\/","name":"Fauteuil Inclinable Tom - De Pagter Interieurs","isPartOf":{"@id":"https:\/\/naughty-curran.136-144-185-207.plesk.page\/fr\/#website"},"primaryImageOfPage":{"@id":"https:\/\/naughty-curran.136-144-185-207.plesk.page\/fr\/collectie\/marques\/ds-meubel\/fauteuil-inclinable-tom\/#primaryimage"},"image":{"@id":"https:\/\/naughty-curran.136-144-185-207.plesk.page\/fr\/collectie\/marques\/ds-meubel\/fauteuil-inclinable-tom\/#primaryimage"},"thumbnailUrl":"https:\/\/naughty-curran.136-144-185-207.plesk.page\/wp-content\/uploads\/2023\/08\/Relaxfauteuil-Tom-5-scaled.jpg","datePublished":"2024-06-03T09:24:53+00:00","description":"Fauteuil de luxe avec repose-pieds et dossier r\u00e9glables \u00e9lectriquement qui peuvent \u00eatre actionn\u00e9s par des boutons tactiles. Fabriqu\u00e9 en cuir : Kenya \u2013 Denim. Comprend une batterie int\u00e9gr\u00e9e, un coussin lombaire, une couture anglaise et une base plate en \u00e9toile. Le prix est pour le mod\u00e8le illustr\u00e9. D\u00e9couvrez toutes les options ici .","breadcrumb":{"@id":"https:\/\/naughty-curran.136-144-185-207.plesk.page\/fr\/collectie\/marques\/ds-meubel\/fauteuil-inclinable-tom\/#breadcrumb"},"inLanguage":"fr-FR","potentialAction":[{"@type":"ReadAction","target":["https:\/\/naughty-curran.136-144-185-207.plesk.page\/fr\/collectie\/marques\/ds-meubel\/fauteuil-inclinable-tom\/"]}]},{"@type":"ImageObject","inLanguage":"fr-FR","@id":"https:\/\/naughty-curran.136-144-185-207.plesk.page\/fr\/collectie\/marques\/ds-meubel\/fauteuil-inclinable-tom\/#primaryimage","url":"https:\/\/naughty-curran.136-144-185-207.plesk.page\/wp-content\/uploads\/2023\/08\/Relaxfauteuil-Tom-5-scaled.jpg","contentUrl":"https:\/\/naughty-curran.136-144-185-207.plesk.page\/wp-content\/uploads\/2023\/08\/Relaxfauteuil-Tom-5-scaled.jpg","width":2560,"height":1920},{"@type":"BreadcrumbList","@id":"https:\/\/naughty-curran.136-144-185-207.plesk.page\/fr\/collectie\/marques\/ds-meubel\/fauteuil-inclinable-tom\/#breadcrumb","itemListElement":[{"@type":"ListItem","position":1,"name":"Home","item":"https:\/\/naughty-curran.136-144-185-207.plesk.page\/fr\/"},{"@type":"ListItem","position":2,"name":"Collection","item":"https:\/\/naughty-curran.136-144-185-207.plesk.page\/fr\/collection\/"},{"@type":"ListItem","position":3,"name":"Fauteuil Inclinable Tom"}]},{"@type":"WebSite","@id":"https:\/\/naughty-curran.136-144-185-207.plesk.page\/fr\/#website","url":"https:\/\/naughty-curran.136-144-185-207.plesk.page\/fr\/","name":"De Pagter Interieurs","description":"Woonwinkels in Middelburg - Domburg - Veere","potentialAction":[{"@type":"SearchAction","target":{"@type":"EntryPoint","urlTemplate":"https:\/\/naughty-curran.136-144-185-207.plesk.page\/fr\/?s={search_term_string}"},"query-input":{"@type":"PropertyValueSpecification","valueRequired":true,"valueName":"search_term_string"}}],"inLanguage":"fr-FR"}]}},"_links":{"self":[{"href":"https:\/\/naughty-curran.136-144-185-207.plesk.page\/fr\/wp-json\/wp\/v2\/product\/110867","targetHints":{"allow":["GET"]}}],"collection":[{"href":"https:\/\/naughty-curran.136-144-185-207.plesk.page\/fr\/wp-json\/wp\/v2\/product"}],"about":[{"href":"https:\/\/naughty-curran.136-144-185-207.plesk.page\/fr\/wp-json\/wp\/v2\/types\/product"}],"wp:featuredmedia":[{"embeddable":true,"href":"https:\/\/naughty-curran.136-144-185-207.plesk.page\/fr\/wp-json\/wp\/v2\/media\/110868"}],"wp:attachment":[{"href":"https:\/\/naughty-curran.136-144-185-207.plesk.page\/fr\/wp-json\/wp\/v2\/media?parent=110867"}],"wp:term":[{"taxonomy":"product_brand","embeddable":true,"href":"https:\/\/naughty-curran.136-144-185-207.plesk.page\/fr\/wp-json\/wp\/v2\/product_brand?post=110867"},{"taxonomy":"product_cat","embeddable":true,"href":"https:\/\/naughty-curran.136-144-185-207.plesk.page\/fr\/wp-json\/wp\/v2\/product_cat?post=110867"},{"taxonomy":"product_tag","embeddable":true,"href":"https:\/\/naughty-curran.136-144-185-207.plesk.page\/fr\/wp-json\/wp\/v2\/product_tag?post=110867"}],"curies":[{"name":"wp","href":"https:\/\/api.w.org\/{rel}","templated":true}]}}