{"id":112892,"date":"2024-04-11T13:07:11","date_gmt":"2024-06-11T07:28:05","guid":{"rendered":"https:\/\/depagterinterieurs.nl\/collectie\/non class\u00e9\/tapis-cendre-mart-visser\/"},"modified":"2024-06-11T08:28:05","modified_gmt":"2024-06-11T07:28:05","slug":"tapis-cendre-mart-visser","status":"publish","type":"product","link":"https:\/\/naughty-curran.136-144-185-207.plesk.page\/fr\/collectie\/marques\/karpi\/tapis-cendre-mart-visser\/","title":{"rendered":"Tapis Cendre &#8211; Mart Visser"},"content":{"rendered":"","protected":false},"excerpt":{"rendered":"<p>Ce tapis accrocheur est le reflet de la vision artistique de Mart Visser.<\/p>\n<p>Ce design respire l\u2019\u00e9l\u00e9gance et l\u2019originalit\u00e9, avec de belles combinaisons de couleurs et des motifs audacieux qui attirent l\u2019attention dans n\u2019importe quel espace.<\/p>\n<p>Du fil doux et luxueux aux constructions durables, ce tapis est con\u00e7u pour durer toute une vie et am\u00e9liorer votre d\u00e9coration int\u00e9rieure.<\/p>\n<p>Ce tapis <strong>n\u2019est pas<\/strong> disponible en taille.<\/p>\n","protected":false},"featured_media":101441,"template":"","meta":{"_monsterinsights_skip_tracking":false,"_monsterinsights_sitenote_active":false,"_monsterinsights_sitenote_note":"","_monsterinsights_sitenote_category":0},"product_brand":[],"product_cat":[1100,1042,1051],"product_tag":[],"class_list":{"0":"post-112892","1":"product","2":"type-product","3":"status-publish","4":"has-post-thumbnail","6":"product_cat-karpi","7":"product_cat-marques","8":"product_cat-tapis","10":"first","11":"instock","12":"shipping-taxable","13":"purchasable","14":"product-type-variable"},"yoast_head":"<!-- This site is optimized with the Yoast SEO plugin v25.8 - https:\/\/yoast.com\/wordpress\/plugins\/seo\/ -->\n<title>Tapis Cendre - Mart Visser - De Pagter Interieurs<\/title>\n<meta name=\"description\" content=\"Ce tapis accrocheur est le reflet de la vision artistique de Mart Visser. Ce design respire l\u2019\u00e9l\u00e9gance et l\u2019originalit\u00e9, avec de belles combinaisons de couleurs et des motifs audacieux qui attirent l\u2019attention dans n\u2019importe quel espace. Du fil doux et luxueux aux constructions durables, ce tapis est con\u00e7u pour durer toute une vie et am\u00e9liorer votre d\u00e9coration int\u00e9rieure.\" \/>\n<meta name=\"robots\" content=\"noindex, follow, max-snippet:-1, max-image-preview:large, max-video-preview:-1\" \/>\n<meta property=\"og:locale\" content=\"fr_FR\" \/>\n<meta property=\"og:type\" content=\"article\" \/>\n<meta property=\"og:title\" content=\"Tapis Cendre - Mart Visser - De Pagter Interieurs\" \/>\n<meta property=\"og:description\" content=\"Ce tapis accrocheur est le reflet de la vision artistique de Mart Visser. Ce design respire l\u2019\u00e9l\u00e9gance et l\u2019originalit\u00e9, avec de belles combinaisons de couleurs et des motifs audacieux qui attirent l\u2019attention dans n\u2019importe quel espace. Du fil doux et luxueux aux constructions durables, ce tapis est con\u00e7u pour durer toute une vie et am\u00e9liorer votre d\u00e9coration int\u00e9rieure.\" \/>\n<meta property=\"og:url\" content=\"https:\/\/naughty-curran.136-144-185-207.plesk.page\/fr\/collectie\/marques\/karpi\/tapis-cendre-mart-visser\/\" \/>\n<meta property=\"og:site_name\" content=\"De Pagter Interieurs\" \/>\n<meta property=\"article:publisher\" content=\"https:\/\/www.facebook.com\/depagterinterieurs\/\" \/>\n<meta property=\"og:image\" content=\"https:\/\/naughty-curran.136-144-185-207.plesk.page\/wp-content\/uploads\/2024\/04\/mart-visser-vintage-teppich-cendre-21-grau-5_700x.jpg\" \/>\n\t<meta property=\"og:image:width\" content=\"700\" \/>\n\t<meta property=\"og:image:height\" content=\"466\" \/>\n\t<meta property=\"og:image:type\" content=\"image\/jpeg\" \/>\n<meta name=\"twitter:card\" content=\"summary_large_image\" \/>\n<script type=\"application\/ld+json\" class=\"yoast-schema-graph\">{\"@context\":\"https:\/\/schema.org\",\"@graph\":[{\"@type\":\"WebPage\",\"@id\":\"https:\/\/naughty-curran.136-144-185-207.plesk.page\/fr\/collectie\/marques\/karpi\/tapis-cendre-mart-visser\/\",\"url\":\"https:\/\/naughty-curran.136-144-185-207.plesk.page\/fr\/collectie\/marques\/karpi\/tapis-cendre-mart-visser\/\",\"name\":\"Tapis Cendre - Mart Visser - De Pagter Interieurs\",\"isPartOf\":{\"@id\":\"https:\/\/naughty-curran.136-144-185-207.plesk.page\/fr\/#website\"},\"primaryImageOfPage\":{\"@id\":\"https:\/\/naughty-curran.136-144-185-207.plesk.page\/fr\/collectie\/marques\/karpi\/tapis-cendre-mart-visser\/#primaryimage\"},\"image\":{\"@id\":\"https:\/\/naughty-curran.136-144-185-207.plesk.page\/fr\/collectie\/marques\/karpi\/tapis-cendre-mart-visser\/#primaryimage\"},\"thumbnailUrl\":\"https:\/\/naughty-curran.136-144-185-207.plesk.page\/wp-content\/uploads\/2024\/04\/mart-visser-vintage-teppich-cendre-21-grau-5_700x.jpg\",\"datePublished\":\"2024-06-11T07:28:05+00:00\",\"description\":\"Ce tapis accrocheur est le reflet de la vision artistique de Mart Visser. Ce design respire l\u2019\u00e9l\u00e9gance et l\u2019originalit\u00e9, avec de belles combinaisons de couleurs et des motifs audacieux qui attirent l\u2019attention dans n\u2019importe quel espace. Du fil doux et luxueux aux constructions durables, ce tapis est con\u00e7u pour durer toute une vie et am\u00e9liorer votre d\u00e9coration int\u00e9rieure.\",\"breadcrumb\":{\"@id\":\"https:\/\/naughty-curran.136-144-185-207.plesk.page\/fr\/collectie\/marques\/karpi\/tapis-cendre-mart-visser\/#breadcrumb\"},\"inLanguage\":\"fr-FR\",\"potentialAction\":[{\"@type\":\"ReadAction\",\"target\":[\"https:\/\/naughty-curran.136-144-185-207.plesk.page\/fr\/collectie\/marques\/karpi\/tapis-cendre-mart-visser\/\"]}]},{\"@type\":\"ImageObject\",\"inLanguage\":\"fr-FR\",\"@id\":\"https:\/\/naughty-curran.136-144-185-207.plesk.page\/fr\/collectie\/marques\/karpi\/tapis-cendre-mart-visser\/#primaryimage\",\"url\":\"https:\/\/naughty-curran.136-144-185-207.plesk.page\/wp-content\/uploads\/2024\/04\/mart-visser-vintage-teppich-cendre-21-grau-5_700x.jpg\",\"contentUrl\":\"https:\/\/naughty-curran.136-144-185-207.plesk.page\/wp-content\/uploads\/2024\/04\/mart-visser-vintage-teppich-cendre-21-grau-5_700x.jpg\",\"width\":700,\"height\":466},{\"@type\":\"BreadcrumbList\",\"@id\":\"https:\/\/naughty-curran.136-144-185-207.plesk.page\/fr\/collectie\/marques\/karpi\/tapis-cendre-mart-visser\/#breadcrumb\",\"itemListElement\":[{\"@type\":\"ListItem\",\"position\":1,\"name\":\"Home\",\"item\":\"https:\/\/naughty-curran.136-144-185-207.plesk.page\/fr\/\"},{\"@type\":\"ListItem\",\"position\":2,\"name\":\"Collection\",\"item\":\"https:\/\/naughty-curran.136-144-185-207.plesk.page\/fr\/collection\/\"},{\"@type\":\"ListItem\",\"position\":3,\"name\":\"Tapis Cendre &#8211; Mart Visser\"}]},{\"@type\":\"WebSite\",\"@id\":\"https:\/\/naughty-curran.136-144-185-207.plesk.page\/fr\/#website\",\"url\":\"https:\/\/naughty-curran.136-144-185-207.plesk.page\/fr\/\",\"name\":\"De Pagter Interieurs\",\"description\":\"Woonwinkels in Middelburg - Domburg - Veere\",\"potentialAction\":[{\"@type\":\"SearchAction\",\"target\":{\"@type\":\"EntryPoint\",\"urlTemplate\":\"https:\/\/naughty-curran.136-144-185-207.plesk.page\/fr\/?s={search_term_string}\"},\"query-input\":{\"@type\":\"PropertyValueSpecification\",\"valueRequired\":true,\"valueName\":\"search_term_string\"}}],\"inLanguage\":\"fr-FR\"}]}<\/script>\n<!-- \/ Yoast SEO plugin. -->","yoast_head_json":{"title":"Tapis Cendre - Mart Visser - De Pagter Interieurs","description":"Ce tapis accrocheur est le reflet de la vision artistique de Mart Visser. Ce design respire l\u2019\u00e9l\u00e9gance et l\u2019originalit\u00e9, avec de belles combinaisons de couleurs et des motifs audacieux qui attirent l\u2019attention dans n\u2019importe quel espace. Du fil doux et luxueux aux constructions durables, ce tapis est con\u00e7u pour durer toute une vie et am\u00e9liorer votre d\u00e9coration int\u00e9rieure.","robots":{"index":"noindex","follow":"follow","max-snippet":"max-snippet:-1","max-image-preview":"max-image-preview:large","max-video-preview":"max-video-preview:-1"},"og_locale":"fr_FR","og_type":"article","og_title":"Tapis Cendre - Mart Visser - De Pagter Interieurs","og_description":"Ce tapis accrocheur est le reflet de la vision artistique de Mart Visser. Ce design respire l\u2019\u00e9l\u00e9gance et l\u2019originalit\u00e9, avec de belles combinaisons de couleurs et des motifs audacieux qui attirent l\u2019attention dans n\u2019importe quel espace. Du fil doux et luxueux aux constructions durables, ce tapis est con\u00e7u pour durer toute une vie et am\u00e9liorer votre d\u00e9coration int\u00e9rieure.","og_url":"https:\/\/naughty-curran.136-144-185-207.plesk.page\/fr\/collectie\/marques\/karpi\/tapis-cendre-mart-visser\/","og_site_name":"De Pagter Interieurs","article_publisher":"https:\/\/www.facebook.com\/depagterinterieurs\/","og_image":[{"width":700,"height":466,"url":"https:\/\/naughty-curran.136-144-185-207.plesk.page\/wp-content\/uploads\/2024\/04\/mart-visser-vintage-teppich-cendre-21-grau-5_700x.jpg","type":"image\/jpeg"}],"twitter_card":"summary_large_image","schema":{"@context":"https:\/\/schema.org","@graph":[{"@type":"WebPage","@id":"https:\/\/naughty-curran.136-144-185-207.plesk.page\/fr\/collectie\/marques\/karpi\/tapis-cendre-mart-visser\/","url":"https:\/\/naughty-curran.136-144-185-207.plesk.page\/fr\/collectie\/marques\/karpi\/tapis-cendre-mart-visser\/","name":"Tapis Cendre - Mart Visser - De Pagter Interieurs","isPartOf":{"@id":"https:\/\/naughty-curran.136-144-185-207.plesk.page\/fr\/#website"},"primaryImageOfPage":{"@id":"https:\/\/naughty-curran.136-144-185-207.plesk.page\/fr\/collectie\/marques\/karpi\/tapis-cendre-mart-visser\/#primaryimage"},"image":{"@id":"https:\/\/naughty-curran.136-144-185-207.plesk.page\/fr\/collectie\/marques\/karpi\/tapis-cendre-mart-visser\/#primaryimage"},"thumbnailUrl":"https:\/\/naughty-curran.136-144-185-207.plesk.page\/wp-content\/uploads\/2024\/04\/mart-visser-vintage-teppich-cendre-21-grau-5_700x.jpg","datePublished":"2024-06-11T07:28:05+00:00","description":"Ce tapis accrocheur est le reflet de la vision artistique de Mart Visser. Ce design respire l\u2019\u00e9l\u00e9gance et l\u2019originalit\u00e9, avec de belles combinaisons de couleurs et des motifs audacieux qui attirent l\u2019attention dans n\u2019importe quel espace. Du fil doux et luxueux aux constructions durables, ce tapis est con\u00e7u pour durer toute une vie et am\u00e9liorer votre d\u00e9coration int\u00e9rieure.","breadcrumb":{"@id":"https:\/\/naughty-curran.136-144-185-207.plesk.page\/fr\/collectie\/marques\/karpi\/tapis-cendre-mart-visser\/#breadcrumb"},"inLanguage":"fr-FR","potentialAction":[{"@type":"ReadAction","target":["https:\/\/naughty-curran.136-144-185-207.plesk.page\/fr\/collectie\/marques\/karpi\/tapis-cendre-mart-visser\/"]}]},{"@type":"ImageObject","inLanguage":"fr-FR","@id":"https:\/\/naughty-curran.136-144-185-207.plesk.page\/fr\/collectie\/marques\/karpi\/tapis-cendre-mart-visser\/#primaryimage","url":"https:\/\/naughty-curran.136-144-185-207.plesk.page\/wp-content\/uploads\/2024\/04\/mart-visser-vintage-teppich-cendre-21-grau-5_700x.jpg","contentUrl":"https:\/\/naughty-curran.136-144-185-207.plesk.page\/wp-content\/uploads\/2024\/04\/mart-visser-vintage-teppich-cendre-21-grau-5_700x.jpg","width":700,"height":466},{"@type":"BreadcrumbList","@id":"https:\/\/naughty-curran.136-144-185-207.plesk.page\/fr\/collectie\/marques\/karpi\/tapis-cendre-mart-visser\/#breadcrumb","itemListElement":[{"@type":"ListItem","position":1,"name":"Home","item":"https:\/\/naughty-curran.136-144-185-207.plesk.page\/fr\/"},{"@type":"ListItem","position":2,"name":"Collection","item":"https:\/\/naughty-curran.136-144-185-207.plesk.page\/fr\/collection\/"},{"@type":"ListItem","position":3,"name":"Tapis Cendre &#8211; Mart Visser"}]},{"@type":"WebSite","@id":"https:\/\/naughty-curran.136-144-185-207.plesk.page\/fr\/#website","url":"https:\/\/naughty-curran.136-144-185-207.plesk.page\/fr\/","name":"De Pagter Interieurs","description":"Woonwinkels in Middelburg - Domburg - Veere","potentialAction":[{"@type":"SearchAction","target":{"@type":"EntryPoint","urlTemplate":"https:\/\/naughty-curran.136-144-185-207.plesk.page\/fr\/?s={search_term_string}"},"query-input":{"@type":"PropertyValueSpecification","valueRequired":true,"valueName":"search_term_string"}}],"inLanguage":"fr-FR"}]}},"_links":{"self":[{"href":"https:\/\/naughty-curran.136-144-185-207.plesk.page\/fr\/wp-json\/wp\/v2\/product\/112892","targetHints":{"allow":["GET"]}}],"collection":[{"href":"https:\/\/naughty-curran.136-144-185-207.plesk.page\/fr\/wp-json\/wp\/v2\/product"}],"about":[{"href":"https:\/\/naughty-curran.136-144-185-207.plesk.page\/fr\/wp-json\/wp\/v2\/types\/product"}],"wp:featuredmedia":[{"embeddable":true,"href":"https:\/\/naughty-curran.136-144-185-207.plesk.page\/fr\/wp-json\/wp\/v2\/media\/101441"}],"wp:attachment":[{"href":"https:\/\/naughty-curran.136-144-185-207.plesk.page\/fr\/wp-json\/wp\/v2\/media?parent=112892"}],"wp:term":[{"taxonomy":"product_brand","embeddable":true,"href":"https:\/\/naughty-curran.136-144-185-207.plesk.page\/fr\/wp-json\/wp\/v2\/product_brand?post=112892"},{"taxonomy":"product_cat","embeddable":true,"href":"https:\/\/naughty-curran.136-144-185-207.plesk.page\/fr\/wp-json\/wp\/v2\/product_cat?post=112892"},{"taxonomy":"product_tag","embeddable":true,"href":"https:\/\/naughty-curran.136-144-185-207.plesk.page\/fr\/wp-json\/wp\/v2\/product_tag?post=112892"}],"curies":[{"name":"wp","href":"https:\/\/api.w.org\/{rel}","templated":true}]}}