{"id":113152,"date":"2024-03-28T13:41:44","date_gmt":"2024-06-11T11:40:20","guid":{"rendered":"https:\/\/depagterinterieurs.nl\/collectie\/non class\u00e9\/tapis-cisco\/"},"modified":"2024-06-11T12:40:20","modified_gmt":"2024-06-11T11:40:20","slug":"tapis-cisco","status":"publish","type":"product","link":"https:\/\/naughty-curran.136-144-185-207.plesk.page\/fr\/collectie\/marques\/karpi\/tapis-cisco\/","title":{"rendered":"Tapis Cisco"},"content":{"rendered":"","protected":false},"excerpt":{"rendered":"<p>Le tapis Cisco, de la marque Karpi, est de couleur compl\u00e8tement unie.<\/p>\n<p>En raison de la densit\u00e9 et de l\u2019\u00e9paisseur du poil, il ressemble \u00e0 un tapis fin et \u00e9pais qui ressemble \u00e0 du coton. La sieste dans le velours rend le tapis vivant.<\/p>\n<p>La laine de haute qualit\u00e9 offre un effet isolant, vous permettant de profiter d\u2019une maison chaude et confortable pendant les journ\u00e9es froides.<\/p>\n<p>Ce tapis est \u00e9galement disponible en taille, le prix est de 129 \u20ac par m\u00e8tre carr\u00e9.<\/p>\n<p>&nbsp;<\/p>\n","protected":false},"featured_media":97913,"template":"","meta":{"_monsterinsights_skip_tracking":false,"_monsterinsights_sitenote_active":false,"_monsterinsights_sitenote_note":"","_monsterinsights_sitenote_category":0},"product_brand":[],"product_cat":[1100,1042,1051],"product_tag":[],"class_list":{"0":"post-113152","1":"product","2":"type-product","3":"status-publish","4":"has-post-thumbnail","6":"product_cat-karpi","7":"product_cat-marques","8":"product_cat-tapis","10":"first","11":"instock","12":"shipping-taxable","13":"purchasable","14":"product-type-variable"},"yoast_head":"<!-- This site is optimized with the Yoast SEO plugin v25.8 - https:\/\/yoast.com\/wordpress\/plugins\/seo\/ -->\n<title>Tapis Cisco - De Pagter Interieurs<\/title>\n<meta name=\"description\" content=\"Le tapis Cisco, de la marque Karpi, est de couleur compl\u00e8tement unie. En raison de la densit\u00e9 et de l\u2019\u00e9paisseur du poil, il ressemble \u00e0 un tapis fin et \u00e9pais qui ressemble \u00e0 du coton. La sieste dans le velours rend le tapis vivant.\" \/>\n<meta name=\"robots\" content=\"noindex, follow, max-snippet:-1, max-image-preview:large, max-video-preview:-1\" \/>\n<meta property=\"og:locale\" content=\"fr_FR\" \/>\n<meta property=\"og:type\" content=\"article\" \/>\n<meta property=\"og:title\" content=\"Tapis Cisco - De Pagter Interieurs\" \/>\n<meta property=\"og:description\" content=\"Le tapis Cisco, de la marque Karpi, est de couleur compl\u00e8tement unie. En raison de la densit\u00e9 et de l\u2019\u00e9paisseur du poil, il ressemble \u00e0 un tapis fin et \u00e9pais qui ressemble \u00e0 du coton. La sieste dans le velours rend le tapis vivant.\" \/>\n<meta property=\"og:url\" content=\"https:\/\/naughty-curran.136-144-185-207.plesk.page\/fr\/collectie\/marques\/karpi\/tapis-cisco\/\" \/>\n<meta property=\"og:site_name\" content=\"De Pagter Interieurs\" \/>\n<meta property=\"article:publisher\" content=\"https:\/\/www.facebook.com\/depagterinterieurs\/\" \/>\n<meta property=\"og:image\" content=\"https:\/\/naughty-curran.136-144-185-207.plesk.page\/wp-content\/uploads\/2024\/03\/Cisco_23-02_1800x1199.jpg\" \/>\n\t<meta property=\"og:image:width\" content=\"1799\" \/>\n\t<meta property=\"og:image:height\" content=\"1199\" \/>\n\t<meta property=\"og:image:type\" content=\"image\/jpeg\" \/>\n<meta name=\"twitter:card\" content=\"summary_large_image\" \/>\n<script type=\"application\/ld+json\" class=\"yoast-schema-graph\">{\"@context\":\"https:\/\/schema.org\",\"@graph\":[{\"@type\":\"WebPage\",\"@id\":\"https:\/\/naughty-curran.136-144-185-207.plesk.page\/fr\/collectie\/marques\/karpi\/tapis-cisco\/\",\"url\":\"https:\/\/naughty-curran.136-144-185-207.plesk.page\/fr\/collectie\/marques\/karpi\/tapis-cisco\/\",\"name\":\"Tapis Cisco - De Pagter Interieurs\",\"isPartOf\":{\"@id\":\"https:\/\/naughty-curran.136-144-185-207.plesk.page\/fr\/#website\"},\"primaryImageOfPage\":{\"@id\":\"https:\/\/naughty-curran.136-144-185-207.plesk.page\/fr\/collectie\/marques\/karpi\/tapis-cisco\/#primaryimage\"},\"image\":{\"@id\":\"https:\/\/naughty-curran.136-144-185-207.plesk.page\/fr\/collectie\/marques\/karpi\/tapis-cisco\/#primaryimage\"},\"thumbnailUrl\":\"https:\/\/naughty-curran.136-144-185-207.plesk.page\/wp-content\/uploads\/2024\/03\/Cisco_23-02_1800x1199.jpg\",\"datePublished\":\"2024-06-11T11:40:20+00:00\",\"description\":\"Le tapis Cisco, de la marque Karpi, est de couleur compl\u00e8tement unie. En raison de la densit\u00e9 et de l\u2019\u00e9paisseur du poil, il ressemble \u00e0 un tapis fin et \u00e9pais qui ressemble \u00e0 du coton. La sieste dans le velours rend le tapis vivant.\",\"breadcrumb\":{\"@id\":\"https:\/\/naughty-curran.136-144-185-207.plesk.page\/fr\/collectie\/marques\/karpi\/tapis-cisco\/#breadcrumb\"},\"inLanguage\":\"fr-FR\",\"potentialAction\":[{\"@type\":\"ReadAction\",\"target\":[\"https:\/\/naughty-curran.136-144-185-207.plesk.page\/fr\/collectie\/marques\/karpi\/tapis-cisco\/\"]}]},{\"@type\":\"ImageObject\",\"inLanguage\":\"fr-FR\",\"@id\":\"https:\/\/naughty-curran.136-144-185-207.plesk.page\/fr\/collectie\/marques\/karpi\/tapis-cisco\/#primaryimage\",\"url\":\"https:\/\/naughty-curran.136-144-185-207.plesk.page\/wp-content\/uploads\/2024\/03\/Cisco_23-02_1800x1199.jpg\",\"contentUrl\":\"https:\/\/naughty-curran.136-144-185-207.plesk.page\/wp-content\/uploads\/2024\/03\/Cisco_23-02_1800x1199.jpg\",\"width\":1799,\"height\":1199},{\"@type\":\"BreadcrumbList\",\"@id\":\"https:\/\/naughty-curran.136-144-185-207.plesk.page\/fr\/collectie\/marques\/karpi\/tapis-cisco\/#breadcrumb\",\"itemListElement\":[{\"@type\":\"ListItem\",\"position\":1,\"name\":\"Home\",\"item\":\"https:\/\/naughty-curran.136-144-185-207.plesk.page\/fr\/\"},{\"@type\":\"ListItem\",\"position\":2,\"name\":\"Collection\",\"item\":\"https:\/\/naughty-curran.136-144-185-207.plesk.page\/fr\/collection\/\"},{\"@type\":\"ListItem\",\"position\":3,\"name\":\"Tapis Cisco\"}]},{\"@type\":\"WebSite\",\"@id\":\"https:\/\/naughty-curran.136-144-185-207.plesk.page\/fr\/#website\",\"url\":\"https:\/\/naughty-curran.136-144-185-207.plesk.page\/fr\/\",\"name\":\"De Pagter Interieurs\",\"description\":\"Woonwinkels in Middelburg - Domburg - Veere\",\"potentialAction\":[{\"@type\":\"SearchAction\",\"target\":{\"@type\":\"EntryPoint\",\"urlTemplate\":\"https:\/\/naughty-curran.136-144-185-207.plesk.page\/fr\/?s={search_term_string}\"},\"query-input\":{\"@type\":\"PropertyValueSpecification\",\"valueRequired\":true,\"valueName\":\"search_term_string\"}}],\"inLanguage\":\"fr-FR\"}]}<\/script>\n<!-- \/ Yoast SEO plugin. -->","yoast_head_json":{"title":"Tapis Cisco - De Pagter Interieurs","description":"Le tapis Cisco, de la marque Karpi, est de couleur compl\u00e8tement unie. En raison de la densit\u00e9 et de l\u2019\u00e9paisseur du poil, il ressemble \u00e0 un tapis fin et \u00e9pais qui ressemble \u00e0 du coton. La sieste dans le velours rend le tapis vivant.","robots":{"index":"noindex","follow":"follow","max-snippet":"max-snippet:-1","max-image-preview":"max-image-preview:large","max-video-preview":"max-video-preview:-1"},"og_locale":"fr_FR","og_type":"article","og_title":"Tapis Cisco - De Pagter Interieurs","og_description":"Le tapis Cisco, de la marque Karpi, est de couleur compl\u00e8tement unie. En raison de la densit\u00e9 et de l\u2019\u00e9paisseur du poil, il ressemble \u00e0 un tapis fin et \u00e9pais qui ressemble \u00e0 du coton. La sieste dans le velours rend le tapis vivant.","og_url":"https:\/\/naughty-curran.136-144-185-207.plesk.page\/fr\/collectie\/marques\/karpi\/tapis-cisco\/","og_site_name":"De Pagter Interieurs","article_publisher":"https:\/\/www.facebook.com\/depagterinterieurs\/","og_image":[{"width":1799,"height":1199,"url":"https:\/\/naughty-curran.136-144-185-207.plesk.page\/wp-content\/uploads\/2024\/03\/Cisco_23-02_1800x1199.jpg","type":"image\/jpeg"}],"twitter_card":"summary_large_image","schema":{"@context":"https:\/\/schema.org","@graph":[{"@type":"WebPage","@id":"https:\/\/naughty-curran.136-144-185-207.plesk.page\/fr\/collectie\/marques\/karpi\/tapis-cisco\/","url":"https:\/\/naughty-curran.136-144-185-207.plesk.page\/fr\/collectie\/marques\/karpi\/tapis-cisco\/","name":"Tapis Cisco - De Pagter Interieurs","isPartOf":{"@id":"https:\/\/naughty-curran.136-144-185-207.plesk.page\/fr\/#website"},"primaryImageOfPage":{"@id":"https:\/\/naughty-curran.136-144-185-207.plesk.page\/fr\/collectie\/marques\/karpi\/tapis-cisco\/#primaryimage"},"image":{"@id":"https:\/\/naughty-curran.136-144-185-207.plesk.page\/fr\/collectie\/marques\/karpi\/tapis-cisco\/#primaryimage"},"thumbnailUrl":"https:\/\/naughty-curran.136-144-185-207.plesk.page\/wp-content\/uploads\/2024\/03\/Cisco_23-02_1800x1199.jpg","datePublished":"2024-06-11T11:40:20+00:00","description":"Le tapis Cisco, de la marque Karpi, est de couleur compl\u00e8tement unie. En raison de la densit\u00e9 et de l\u2019\u00e9paisseur du poil, il ressemble \u00e0 un tapis fin et \u00e9pais qui ressemble \u00e0 du coton. La sieste dans le velours rend le tapis vivant.","breadcrumb":{"@id":"https:\/\/naughty-curran.136-144-185-207.plesk.page\/fr\/collectie\/marques\/karpi\/tapis-cisco\/#breadcrumb"},"inLanguage":"fr-FR","potentialAction":[{"@type":"ReadAction","target":["https:\/\/naughty-curran.136-144-185-207.plesk.page\/fr\/collectie\/marques\/karpi\/tapis-cisco\/"]}]},{"@type":"ImageObject","inLanguage":"fr-FR","@id":"https:\/\/naughty-curran.136-144-185-207.plesk.page\/fr\/collectie\/marques\/karpi\/tapis-cisco\/#primaryimage","url":"https:\/\/naughty-curran.136-144-185-207.plesk.page\/wp-content\/uploads\/2024\/03\/Cisco_23-02_1800x1199.jpg","contentUrl":"https:\/\/naughty-curran.136-144-185-207.plesk.page\/wp-content\/uploads\/2024\/03\/Cisco_23-02_1800x1199.jpg","width":1799,"height":1199},{"@type":"BreadcrumbList","@id":"https:\/\/naughty-curran.136-144-185-207.plesk.page\/fr\/collectie\/marques\/karpi\/tapis-cisco\/#breadcrumb","itemListElement":[{"@type":"ListItem","position":1,"name":"Home","item":"https:\/\/naughty-curran.136-144-185-207.plesk.page\/fr\/"},{"@type":"ListItem","position":2,"name":"Collection","item":"https:\/\/naughty-curran.136-144-185-207.plesk.page\/fr\/collection\/"},{"@type":"ListItem","position":3,"name":"Tapis Cisco"}]},{"@type":"WebSite","@id":"https:\/\/naughty-curran.136-144-185-207.plesk.page\/fr\/#website","url":"https:\/\/naughty-curran.136-144-185-207.plesk.page\/fr\/","name":"De Pagter Interieurs","description":"Woonwinkels in Middelburg - Domburg - Veere","potentialAction":[{"@type":"SearchAction","target":{"@type":"EntryPoint","urlTemplate":"https:\/\/naughty-curran.136-144-185-207.plesk.page\/fr\/?s={search_term_string}"},"query-input":{"@type":"PropertyValueSpecification","valueRequired":true,"valueName":"search_term_string"}}],"inLanguage":"fr-FR"}]}},"_links":{"self":[{"href":"https:\/\/naughty-curran.136-144-185-207.plesk.page\/fr\/wp-json\/wp\/v2\/product\/113152","targetHints":{"allow":["GET"]}}],"collection":[{"href":"https:\/\/naughty-curran.136-144-185-207.plesk.page\/fr\/wp-json\/wp\/v2\/product"}],"about":[{"href":"https:\/\/naughty-curran.136-144-185-207.plesk.page\/fr\/wp-json\/wp\/v2\/types\/product"}],"wp:featuredmedia":[{"embeddable":true,"href":"https:\/\/naughty-curran.136-144-185-207.plesk.page\/fr\/wp-json\/wp\/v2\/media\/97913"}],"wp:attachment":[{"href":"https:\/\/naughty-curran.136-144-185-207.plesk.page\/fr\/wp-json\/wp\/v2\/media?parent=113152"}],"wp:term":[{"taxonomy":"product_brand","embeddable":true,"href":"https:\/\/naughty-curran.136-144-185-207.plesk.page\/fr\/wp-json\/wp\/v2\/product_brand?post=113152"},{"taxonomy":"product_cat","embeddable":true,"href":"https:\/\/naughty-curran.136-144-185-207.plesk.page\/fr\/wp-json\/wp\/v2\/product_cat?post=113152"},{"taxonomy":"product_tag","embeddable":true,"href":"https:\/\/naughty-curran.136-144-185-207.plesk.page\/fr\/wp-json\/wp\/v2\/product_tag?post=113152"}],"curies":[{"name":"wp","href":"https:\/\/api.w.org\/{rel}","templated":true}]}}