{"id":115554,"date":"2024-06-20T14:43:26","date_gmt":"2024-09-17T15:20:13","guid":{"rendered":"https:\/\/depagterinterieurs.nl\/?post_type=product&#038;p=115554"},"modified":"2024-09-17T16:20:13","modified_gmt":"2024-09-17T15:20:13","slug":"refrigerateur-darmoire-en-bois-dorme-kopie","status":"publish","type":"product","link":"https:\/\/naughty-curran.136-144-185-207.plesk.page\/fr\/collectie\/marques\/de-pagter-interieurs-fr\/refrigerateur-darmoire-en-bois-dorme-kopie\/","title":{"rendered":"Armoire R\u00e9frig\u00e9rateur En bois d\u2019Orme"},"content":{"rendered":"","protected":false},"excerpt":{"rendered":"<p>Cette armoire compl\u00e8te la cuisine en bois d\u2019orme ou la cuisine en bois d\u2019orme XL. Un r\u00e9frig\u00e9rateur encastrable peut \u00eatre plac\u00e9 dans cette armoire afin que le r\u00e9frig\u00e9rateur ne soit plus visible dans la cuisine.<\/p>\n","protected":false},"featured_media":106875,"template":"","meta":{"_monsterinsights_skip_tracking":false,"_monsterinsights_sitenote_active":false,"_monsterinsights_sitenote_note":"","_monsterinsights_sitenote_category":0},"product_brand":[],"product_cat":[1072,1042,1047,1048],"product_tag":[],"class_list":{"0":"post-115554","1":"product","2":"type-product","3":"status-publish","4":"has-post-thumbnail","6":"product_cat-de-pagter-interieurs-fr","7":"product_cat-marques","8":"product_cat-meubles-divers","9":"product_cat-orme-vieux-pin","11":"first","12":"instock","13":"shipping-taxable","14":"purchasable","15":"product-type-simple"},"yoast_head":"<!-- This site is optimized with the Yoast SEO plugin v25.8 - https:\/\/yoast.com\/wordpress\/plugins\/seo\/ -->\n<title>Armoire R\u00e9frig\u00e9rateur En bois d\u2019Orme - De Pagter Interieurs<\/title>\n<meta name=\"description\" content=\"Cette armoire compl\u00e8te la cuisine en bois d\u2019orme ou la cuisine en bois d\u2019orme XL. Un r\u00e9frig\u00e9rateur int\u00e9gr\u00e9 peut \u00eatre plac\u00e9 dans cette armoire.\" \/>\n<meta name=\"robots\" content=\"noindex, follow, max-snippet:-1, max-image-preview:large, max-video-preview:-1\" \/>\n<meta property=\"og:locale\" content=\"fr_FR\" \/>\n<meta property=\"og:type\" content=\"article\" \/>\n<meta property=\"og:title\" content=\"Armoire R\u00e9frig\u00e9rateur En bois d\u2019Orme - De Pagter Interieurs\" \/>\n<meta property=\"og:description\" content=\"Cette armoire compl\u00e8te la cuisine en bois d\u2019orme ou la cuisine en bois d\u2019orme XL. Un r\u00e9frig\u00e9rateur int\u00e9gr\u00e9 peut \u00eatre plac\u00e9 dans cette armoire.\" \/>\n<meta property=\"og:url\" content=\"https:\/\/naughty-curran.136-144-185-207.plesk.page\/fr\/collectie\/marques\/de-pagter-interieurs-fr\/refrigerateur-darmoire-en-bois-dorme-kopie\/\" \/>\n<meta property=\"og:site_name\" content=\"De Pagter Interieurs\" \/>\n<meta property=\"article:publisher\" content=\"https:\/\/www.facebook.com\/depagterinterieurs\/\" \/>\n<meta property=\"og:image\" content=\"https:\/\/naughty-curran.136-144-185-207.plesk.page\/wp-content\/uploads\/2020\/10\/Keukenkast2.jpg\" \/>\n\t<meta property=\"og:image:width\" content=\"1920\" \/>\n\t<meta property=\"og:image:height\" content=\"1080\" \/>\n\t<meta property=\"og:image:type\" content=\"image\/jpeg\" \/>\n<meta name=\"twitter:card\" content=\"summary_large_image\" \/>\n<script type=\"application\/ld+json\" class=\"yoast-schema-graph\">{\"@context\":\"https:\/\/schema.org\",\"@graph\":[{\"@type\":\"WebPage\",\"@id\":\"https:\/\/naughty-curran.136-144-185-207.plesk.page\/fr\/collectie\/marques\/de-pagter-interieurs-fr\/refrigerateur-darmoire-en-bois-dorme-kopie\/\",\"url\":\"https:\/\/naughty-curran.136-144-185-207.plesk.page\/fr\/collectie\/marques\/de-pagter-interieurs-fr\/refrigerateur-darmoire-en-bois-dorme-kopie\/\",\"name\":\"Armoire R\u00e9frig\u00e9rateur En bois d\u2019Orme - De Pagter Interieurs\",\"isPartOf\":{\"@id\":\"https:\/\/naughty-curran.136-144-185-207.plesk.page\/fr\/#website\"},\"primaryImageOfPage\":{\"@id\":\"https:\/\/naughty-curran.136-144-185-207.plesk.page\/fr\/collectie\/marques\/de-pagter-interieurs-fr\/refrigerateur-darmoire-en-bois-dorme-kopie\/#primaryimage\"},\"image\":{\"@id\":\"https:\/\/naughty-curran.136-144-185-207.plesk.page\/fr\/collectie\/marques\/de-pagter-interieurs-fr\/refrigerateur-darmoire-en-bois-dorme-kopie\/#primaryimage\"},\"thumbnailUrl\":\"https:\/\/naughty-curran.136-144-185-207.plesk.page\/wp-content\/uploads\/2020\/10\/Keukenkast2.jpg\",\"datePublished\":\"2024-09-17T15:20:13+00:00\",\"description\":\"Cette armoire compl\u00e8te la cuisine en bois d\u2019orme ou la cuisine en bois d\u2019orme XL. Un r\u00e9frig\u00e9rateur int\u00e9gr\u00e9 peut \u00eatre plac\u00e9 dans cette armoire.\",\"breadcrumb\":{\"@id\":\"https:\/\/naughty-curran.136-144-185-207.plesk.page\/fr\/collectie\/marques\/de-pagter-interieurs-fr\/refrigerateur-darmoire-en-bois-dorme-kopie\/#breadcrumb\"},\"inLanguage\":\"fr-FR\",\"potentialAction\":[{\"@type\":\"ReadAction\",\"target\":[\"https:\/\/naughty-curran.136-144-185-207.plesk.page\/fr\/collectie\/marques\/de-pagter-interieurs-fr\/refrigerateur-darmoire-en-bois-dorme-kopie\/\"]}]},{\"@type\":\"ImageObject\",\"inLanguage\":\"fr-FR\",\"@id\":\"https:\/\/naughty-curran.136-144-185-207.plesk.page\/fr\/collectie\/marques\/de-pagter-interieurs-fr\/refrigerateur-darmoire-en-bois-dorme-kopie\/#primaryimage\",\"url\":\"https:\/\/naughty-curran.136-144-185-207.plesk.page\/wp-content\/uploads\/2020\/10\/Keukenkast2.jpg\",\"contentUrl\":\"https:\/\/naughty-curran.136-144-185-207.plesk.page\/wp-content\/uploads\/2020\/10\/Keukenkast2.jpg\",\"width\":1920,\"height\":1080},{\"@type\":\"BreadcrumbList\",\"@id\":\"https:\/\/naughty-curran.136-144-185-207.plesk.page\/fr\/collectie\/marques\/de-pagter-interieurs-fr\/refrigerateur-darmoire-en-bois-dorme-kopie\/#breadcrumb\",\"itemListElement\":[{\"@type\":\"ListItem\",\"position\":1,\"name\":\"Home\",\"item\":\"https:\/\/naughty-curran.136-144-185-207.plesk.page\/fr\/\"},{\"@type\":\"ListItem\",\"position\":2,\"name\":\"Collection\",\"item\":\"https:\/\/naughty-curran.136-144-185-207.plesk.page\/fr\/collection\/\"},{\"@type\":\"ListItem\",\"position\":3,\"name\":\"Armoire R\u00e9frig\u00e9rateur En bois d\u2019Orme\"}]},{\"@type\":\"WebSite\",\"@id\":\"https:\/\/naughty-curran.136-144-185-207.plesk.page\/fr\/#website\",\"url\":\"https:\/\/naughty-curran.136-144-185-207.plesk.page\/fr\/\",\"name\":\"De Pagter Interieurs\",\"description\":\"Woonwinkels in Middelburg - Domburg - Veere\",\"potentialAction\":[{\"@type\":\"SearchAction\",\"target\":{\"@type\":\"EntryPoint\",\"urlTemplate\":\"https:\/\/naughty-curran.136-144-185-207.plesk.page\/fr\/?s={search_term_string}\"},\"query-input\":{\"@type\":\"PropertyValueSpecification\",\"valueRequired\":true,\"valueName\":\"search_term_string\"}}],\"inLanguage\":\"fr-FR\"}]}<\/script>\n<!-- \/ Yoast SEO plugin. -->","yoast_head_json":{"title":"Armoire R\u00e9frig\u00e9rateur En bois d\u2019Orme - De Pagter Interieurs","description":"Cette armoire compl\u00e8te la cuisine en bois d\u2019orme ou la cuisine en bois d\u2019orme XL. Un r\u00e9frig\u00e9rateur int\u00e9gr\u00e9 peut \u00eatre plac\u00e9 dans cette armoire.","robots":{"index":"noindex","follow":"follow","max-snippet":"max-snippet:-1","max-image-preview":"max-image-preview:large","max-video-preview":"max-video-preview:-1"},"og_locale":"fr_FR","og_type":"article","og_title":"Armoire R\u00e9frig\u00e9rateur En bois d\u2019Orme - De Pagter Interieurs","og_description":"Cette armoire compl\u00e8te la cuisine en bois d\u2019orme ou la cuisine en bois d\u2019orme XL. Un r\u00e9frig\u00e9rateur int\u00e9gr\u00e9 peut \u00eatre plac\u00e9 dans cette armoire.","og_url":"https:\/\/naughty-curran.136-144-185-207.plesk.page\/fr\/collectie\/marques\/de-pagter-interieurs-fr\/refrigerateur-darmoire-en-bois-dorme-kopie\/","og_site_name":"De Pagter Interieurs","article_publisher":"https:\/\/www.facebook.com\/depagterinterieurs\/","og_image":[{"width":1920,"height":1080,"url":"https:\/\/naughty-curran.136-144-185-207.plesk.page\/wp-content\/uploads\/2020\/10\/Keukenkast2.jpg","type":"image\/jpeg"}],"twitter_card":"summary_large_image","schema":{"@context":"https:\/\/schema.org","@graph":[{"@type":"WebPage","@id":"https:\/\/naughty-curran.136-144-185-207.plesk.page\/fr\/collectie\/marques\/de-pagter-interieurs-fr\/refrigerateur-darmoire-en-bois-dorme-kopie\/","url":"https:\/\/naughty-curran.136-144-185-207.plesk.page\/fr\/collectie\/marques\/de-pagter-interieurs-fr\/refrigerateur-darmoire-en-bois-dorme-kopie\/","name":"Armoire R\u00e9frig\u00e9rateur En bois d\u2019Orme - De Pagter Interieurs","isPartOf":{"@id":"https:\/\/naughty-curran.136-144-185-207.plesk.page\/fr\/#website"},"primaryImageOfPage":{"@id":"https:\/\/naughty-curran.136-144-185-207.plesk.page\/fr\/collectie\/marques\/de-pagter-interieurs-fr\/refrigerateur-darmoire-en-bois-dorme-kopie\/#primaryimage"},"image":{"@id":"https:\/\/naughty-curran.136-144-185-207.plesk.page\/fr\/collectie\/marques\/de-pagter-interieurs-fr\/refrigerateur-darmoire-en-bois-dorme-kopie\/#primaryimage"},"thumbnailUrl":"https:\/\/naughty-curran.136-144-185-207.plesk.page\/wp-content\/uploads\/2020\/10\/Keukenkast2.jpg","datePublished":"2024-09-17T15:20:13+00:00","description":"Cette armoire compl\u00e8te la cuisine en bois d\u2019orme ou la cuisine en bois d\u2019orme XL. Un r\u00e9frig\u00e9rateur int\u00e9gr\u00e9 peut \u00eatre plac\u00e9 dans cette armoire.","breadcrumb":{"@id":"https:\/\/naughty-curran.136-144-185-207.plesk.page\/fr\/collectie\/marques\/de-pagter-interieurs-fr\/refrigerateur-darmoire-en-bois-dorme-kopie\/#breadcrumb"},"inLanguage":"fr-FR","potentialAction":[{"@type":"ReadAction","target":["https:\/\/naughty-curran.136-144-185-207.plesk.page\/fr\/collectie\/marques\/de-pagter-interieurs-fr\/refrigerateur-darmoire-en-bois-dorme-kopie\/"]}]},{"@type":"ImageObject","inLanguage":"fr-FR","@id":"https:\/\/naughty-curran.136-144-185-207.plesk.page\/fr\/collectie\/marques\/de-pagter-interieurs-fr\/refrigerateur-darmoire-en-bois-dorme-kopie\/#primaryimage","url":"https:\/\/naughty-curran.136-144-185-207.plesk.page\/wp-content\/uploads\/2020\/10\/Keukenkast2.jpg","contentUrl":"https:\/\/naughty-curran.136-144-185-207.plesk.page\/wp-content\/uploads\/2020\/10\/Keukenkast2.jpg","width":1920,"height":1080},{"@type":"BreadcrumbList","@id":"https:\/\/naughty-curran.136-144-185-207.plesk.page\/fr\/collectie\/marques\/de-pagter-interieurs-fr\/refrigerateur-darmoire-en-bois-dorme-kopie\/#breadcrumb","itemListElement":[{"@type":"ListItem","position":1,"name":"Home","item":"https:\/\/naughty-curran.136-144-185-207.plesk.page\/fr\/"},{"@type":"ListItem","position":2,"name":"Collection","item":"https:\/\/naughty-curran.136-144-185-207.plesk.page\/fr\/collection\/"},{"@type":"ListItem","position":3,"name":"Armoire R\u00e9frig\u00e9rateur En bois d\u2019Orme"}]},{"@type":"WebSite","@id":"https:\/\/naughty-curran.136-144-185-207.plesk.page\/fr\/#website","url":"https:\/\/naughty-curran.136-144-185-207.plesk.page\/fr\/","name":"De Pagter Interieurs","description":"Woonwinkels in Middelburg - Domburg - Veere","potentialAction":[{"@type":"SearchAction","target":{"@type":"EntryPoint","urlTemplate":"https:\/\/naughty-curran.136-144-185-207.plesk.page\/fr\/?s={search_term_string}"},"query-input":{"@type":"PropertyValueSpecification","valueRequired":true,"valueName":"search_term_string"}}],"inLanguage":"fr-FR"}]}},"_links":{"self":[{"href":"https:\/\/naughty-curran.136-144-185-207.plesk.page\/fr\/wp-json\/wp\/v2\/product\/115554","targetHints":{"allow":["GET"]}}],"collection":[{"href":"https:\/\/naughty-curran.136-144-185-207.plesk.page\/fr\/wp-json\/wp\/v2\/product"}],"about":[{"href":"https:\/\/naughty-curran.136-144-185-207.plesk.page\/fr\/wp-json\/wp\/v2\/types\/product"}],"wp:featuredmedia":[{"embeddable":true,"href":"https:\/\/naughty-curran.136-144-185-207.plesk.page\/fr\/wp-json\/wp\/v2\/media\/106875"}],"wp:attachment":[{"href":"https:\/\/naughty-curran.136-144-185-207.plesk.page\/fr\/wp-json\/wp\/v2\/media?parent=115554"}],"wp:term":[{"taxonomy":"product_brand","embeddable":true,"href":"https:\/\/naughty-curran.136-144-185-207.plesk.page\/fr\/wp-json\/wp\/v2\/product_brand?post=115554"},{"taxonomy":"product_cat","embeddable":true,"href":"https:\/\/naughty-curran.136-144-185-207.plesk.page\/fr\/wp-json\/wp\/v2\/product_cat?post=115554"},{"taxonomy":"product_tag","embeddable":true,"href":"https:\/\/naughty-curran.136-144-185-207.plesk.page\/fr\/wp-json\/wp\/v2\/product_tag?post=115554"}],"curies":[{"name":"wp","href":"https:\/\/api.w.org\/{rel}","templated":true}]}}