{"id":124442,"date":"2024-09-02T11:27:30","date_gmt":"2024-09-02T10:35:12","guid":{"rendered":"https:\/\/depagterinterieurs.nl\/collectie\/non class\u00e9\/sofa-icon\/"},"modified":"2024-09-02T11:35:12","modified_gmt":"2024-09-02T10:35:12","slug":"sofa-icon","status":"publish","type":"product","link":"https:\/\/naughty-curran.136-144-185-207.plesk.page\/fr\/collectie\/marques\/eichholtz\/sofa-icon\/","title":{"rendered":"Sofa Icon&#x2122;"},"content":{"rendered":"","protected":false},"excerpt":{"rendered":"<p>Il y a une belle fluidit\u00e9 dans la forme incurv\u00e9e et organique du canap\u00e9 Icon et entre les mains de Philipp Plein, il est imm\u00e9diatement frais et original avec son rev\u00eatement en velours blanc d\u00e9coup\u00e9 au laser avec logo.<br \/>\nL\u2019\u00e9clat du laiton antique sur la base respire l\u2019allure. <\/p>\n","protected":false},"featured_media":124312,"template":"","meta":{"_monsterinsights_skip_tracking":false,"_monsterinsights_sitenote_active":false,"_monsterinsights_sitenote_note":"","_monsterinsights_sitenote_category":0},"product_brand":[],"product_cat":[1040,1071,1042,1079,1044,1060],"product_tag":[],"class_list":{"0":"post-124442","1":"product","2":"type-product","3":"status-publish","4":"has-post-thumbnail","6":"product_cat-canapes-fauteuils","7":"product_cat-eichholtz","8":"product_cat-marques","9":"product_cat-philipp-plein-x-eichholtz-fr","10":"product_cat-canapes","11":"product_cat-promo","13":"first","14":"instock","15":"sale","16":"shipping-taxable","17":"purchasable","18":"product-type-simple"},"yoast_head":"<!-- This site is optimized with the Yoast SEO plugin v25.8 - https:\/\/yoast.com\/wordpress\/plugins\/seo\/ -->\n<title>Sofa Icon&#x2122; - De Pagter Interieurs<\/title>\n<meta name=\"description\" content=\"Il y a une belle fluidit\u00e9 dans la forme incurv\u00e9e et organique du canap\u00e9 Icon et entre les mains de Philipp Plein, il est imm\u00e9diatement frais et original avec son rev\u00eatement en velours blanc d\u00e9coup\u00e9 au laser avec logo. L\u2019\u00e9clat du laiton antique sur la base respire l\u2019allure.\" \/>\n<meta name=\"robots\" content=\"noindex, follow, max-snippet:-1, max-image-preview:large, max-video-preview:-1\" \/>\n<meta property=\"og:locale\" content=\"fr_FR\" \/>\n<meta property=\"og:type\" content=\"article\" \/>\n<meta property=\"og:title\" content=\"Sofa Icon&#x2122; - De Pagter Interieurs\" \/>\n<meta property=\"og:description\" content=\"Il y a une belle fluidit\u00e9 dans la forme incurv\u00e9e et organique du canap\u00e9 Icon et entre les mains de Philipp Plein, il est imm\u00e9diatement frais et original avec son rev\u00eatement en velours blanc d\u00e9coup\u00e9 au laser avec logo. L\u2019\u00e9clat du laiton antique sur la base respire l\u2019allure.\" \/>\n<meta property=\"og:url\" content=\"https:\/\/naughty-curran.136-144-185-207.plesk.page\/fr\/collectie\/marques\/eichholtz\/sofa-icon\/\" \/>\n<meta property=\"og:site_name\" content=\"De Pagter Interieurs\" \/>\n<meta property=\"article:publisher\" content=\"https:\/\/www.facebook.com\/depagterinterieurs\/\" \/>\n<meta property=\"og:image\" content=\"https:\/\/naughty-curran.136-144-185-207.plesk.page\/wp-content\/uploads\/2024\/09\/Naamloos.png\" \/>\n\t<meta property=\"og:image:width\" content=\"936\" \/>\n\t<meta property=\"og:image:height\" content=\"936\" \/>\n\t<meta property=\"og:image:type\" content=\"image\/png\" \/>\n<meta name=\"twitter:card\" content=\"summary_large_image\" \/>\n<script type=\"application\/ld+json\" class=\"yoast-schema-graph\">{\"@context\":\"https:\/\/schema.org\",\"@graph\":[{\"@type\":\"WebPage\",\"@id\":\"https:\/\/naughty-curran.136-144-185-207.plesk.page\/fr\/collectie\/marques\/eichholtz\/sofa-icon\/\",\"url\":\"https:\/\/naughty-curran.136-144-185-207.plesk.page\/fr\/collectie\/marques\/eichholtz\/sofa-icon\/\",\"name\":\"Sofa Icon&#x2122; - De Pagter Interieurs\",\"isPartOf\":{\"@id\":\"https:\/\/naughty-curran.136-144-185-207.plesk.page\/fr\/#website\"},\"primaryImageOfPage\":{\"@id\":\"https:\/\/naughty-curran.136-144-185-207.plesk.page\/fr\/collectie\/marques\/eichholtz\/sofa-icon\/#primaryimage\"},\"image\":{\"@id\":\"https:\/\/naughty-curran.136-144-185-207.plesk.page\/fr\/collectie\/marques\/eichholtz\/sofa-icon\/#primaryimage\"},\"thumbnailUrl\":\"https:\/\/naughty-curran.136-144-185-207.plesk.page\/wp-content\/uploads\/2024\/09\/Naamloos.png\",\"datePublished\":\"2024-09-02T10:35:12+00:00\",\"description\":\"Il y a une belle fluidit\u00e9 dans la forme incurv\u00e9e et organique du canap\u00e9 Icon et entre les mains de Philipp Plein, il est imm\u00e9diatement frais et original avec son rev\u00eatement en velours blanc d\u00e9coup\u00e9 au laser avec logo. L\u2019\u00e9clat du laiton antique sur la base respire l\u2019allure.\",\"breadcrumb\":{\"@id\":\"https:\/\/naughty-curran.136-144-185-207.plesk.page\/fr\/collectie\/marques\/eichholtz\/sofa-icon\/#breadcrumb\"},\"inLanguage\":\"fr-FR\",\"potentialAction\":[{\"@type\":\"ReadAction\",\"target\":[\"https:\/\/naughty-curran.136-144-185-207.plesk.page\/fr\/collectie\/marques\/eichholtz\/sofa-icon\/\"]}]},{\"@type\":\"ImageObject\",\"inLanguage\":\"fr-FR\",\"@id\":\"https:\/\/naughty-curran.136-144-185-207.plesk.page\/fr\/collectie\/marques\/eichholtz\/sofa-icon\/#primaryimage\",\"url\":\"https:\/\/naughty-curran.136-144-185-207.plesk.page\/wp-content\/uploads\/2024\/09\/Naamloos.png\",\"contentUrl\":\"https:\/\/naughty-curran.136-144-185-207.plesk.page\/wp-content\/uploads\/2024\/09\/Naamloos.png\",\"width\":936,\"height\":936},{\"@type\":\"BreadcrumbList\",\"@id\":\"https:\/\/naughty-curran.136-144-185-207.plesk.page\/fr\/collectie\/marques\/eichholtz\/sofa-icon\/#breadcrumb\",\"itemListElement\":[{\"@type\":\"ListItem\",\"position\":1,\"name\":\"Home\",\"item\":\"https:\/\/naughty-curran.136-144-185-207.plesk.page\/fr\/\"},{\"@type\":\"ListItem\",\"position\":2,\"name\":\"Collection\",\"item\":\"https:\/\/naughty-curran.136-144-185-207.plesk.page\/fr\/collection\/\"},{\"@type\":\"ListItem\",\"position\":3,\"name\":\"Sofa Icon&#x2122;\"}]},{\"@type\":\"WebSite\",\"@id\":\"https:\/\/naughty-curran.136-144-185-207.plesk.page\/fr\/#website\",\"url\":\"https:\/\/naughty-curran.136-144-185-207.plesk.page\/fr\/\",\"name\":\"De Pagter Interieurs\",\"description\":\"Woonwinkels in Middelburg - Domburg - Veere\",\"potentialAction\":[{\"@type\":\"SearchAction\",\"target\":{\"@type\":\"EntryPoint\",\"urlTemplate\":\"https:\/\/naughty-curran.136-144-185-207.plesk.page\/fr\/?s={search_term_string}\"},\"query-input\":{\"@type\":\"PropertyValueSpecification\",\"valueRequired\":true,\"valueName\":\"search_term_string\"}}],\"inLanguage\":\"fr-FR\"}]}<\/script>\n<!-- \/ Yoast SEO plugin. -->","yoast_head_json":{"title":"Sofa Icon&#x2122; - De Pagter Interieurs","description":"Il y a une belle fluidit\u00e9 dans la forme incurv\u00e9e et organique du canap\u00e9 Icon et entre les mains de Philipp Plein, il est imm\u00e9diatement frais et original avec son rev\u00eatement en velours blanc d\u00e9coup\u00e9 au laser avec logo. L\u2019\u00e9clat du laiton antique sur la base respire l\u2019allure.","robots":{"index":"noindex","follow":"follow","max-snippet":"max-snippet:-1","max-image-preview":"max-image-preview:large","max-video-preview":"max-video-preview:-1"},"og_locale":"fr_FR","og_type":"article","og_title":"Sofa Icon&#x2122; - De Pagter Interieurs","og_description":"Il y a une belle fluidit\u00e9 dans la forme incurv\u00e9e et organique du canap\u00e9 Icon et entre les mains de Philipp Plein, il est imm\u00e9diatement frais et original avec son rev\u00eatement en velours blanc d\u00e9coup\u00e9 au laser avec logo. L\u2019\u00e9clat du laiton antique sur la base respire l\u2019allure.","og_url":"https:\/\/naughty-curran.136-144-185-207.plesk.page\/fr\/collectie\/marques\/eichholtz\/sofa-icon\/","og_site_name":"De Pagter Interieurs","article_publisher":"https:\/\/www.facebook.com\/depagterinterieurs\/","og_image":[{"width":936,"height":936,"url":"https:\/\/naughty-curran.136-144-185-207.plesk.page\/wp-content\/uploads\/2024\/09\/Naamloos.png","type":"image\/png"}],"twitter_card":"summary_large_image","schema":{"@context":"https:\/\/schema.org","@graph":[{"@type":"WebPage","@id":"https:\/\/naughty-curran.136-144-185-207.plesk.page\/fr\/collectie\/marques\/eichholtz\/sofa-icon\/","url":"https:\/\/naughty-curran.136-144-185-207.plesk.page\/fr\/collectie\/marques\/eichholtz\/sofa-icon\/","name":"Sofa Icon&#x2122; - De Pagter Interieurs","isPartOf":{"@id":"https:\/\/naughty-curran.136-144-185-207.plesk.page\/fr\/#website"},"primaryImageOfPage":{"@id":"https:\/\/naughty-curran.136-144-185-207.plesk.page\/fr\/collectie\/marques\/eichholtz\/sofa-icon\/#primaryimage"},"image":{"@id":"https:\/\/naughty-curran.136-144-185-207.plesk.page\/fr\/collectie\/marques\/eichholtz\/sofa-icon\/#primaryimage"},"thumbnailUrl":"https:\/\/naughty-curran.136-144-185-207.plesk.page\/wp-content\/uploads\/2024\/09\/Naamloos.png","datePublished":"2024-09-02T10:35:12+00:00","description":"Il y a une belle fluidit\u00e9 dans la forme incurv\u00e9e et organique du canap\u00e9 Icon et entre les mains de Philipp Plein, il est imm\u00e9diatement frais et original avec son rev\u00eatement en velours blanc d\u00e9coup\u00e9 au laser avec logo. L\u2019\u00e9clat du laiton antique sur la base respire l\u2019allure.","breadcrumb":{"@id":"https:\/\/naughty-curran.136-144-185-207.plesk.page\/fr\/collectie\/marques\/eichholtz\/sofa-icon\/#breadcrumb"},"inLanguage":"fr-FR","potentialAction":[{"@type":"ReadAction","target":["https:\/\/naughty-curran.136-144-185-207.plesk.page\/fr\/collectie\/marques\/eichholtz\/sofa-icon\/"]}]},{"@type":"ImageObject","inLanguage":"fr-FR","@id":"https:\/\/naughty-curran.136-144-185-207.plesk.page\/fr\/collectie\/marques\/eichholtz\/sofa-icon\/#primaryimage","url":"https:\/\/naughty-curran.136-144-185-207.plesk.page\/wp-content\/uploads\/2024\/09\/Naamloos.png","contentUrl":"https:\/\/naughty-curran.136-144-185-207.plesk.page\/wp-content\/uploads\/2024\/09\/Naamloos.png","width":936,"height":936},{"@type":"BreadcrumbList","@id":"https:\/\/naughty-curran.136-144-185-207.plesk.page\/fr\/collectie\/marques\/eichholtz\/sofa-icon\/#breadcrumb","itemListElement":[{"@type":"ListItem","position":1,"name":"Home","item":"https:\/\/naughty-curran.136-144-185-207.plesk.page\/fr\/"},{"@type":"ListItem","position":2,"name":"Collection","item":"https:\/\/naughty-curran.136-144-185-207.plesk.page\/fr\/collection\/"},{"@type":"ListItem","position":3,"name":"Sofa Icon&#x2122;"}]},{"@type":"WebSite","@id":"https:\/\/naughty-curran.136-144-185-207.plesk.page\/fr\/#website","url":"https:\/\/naughty-curran.136-144-185-207.plesk.page\/fr\/","name":"De Pagter Interieurs","description":"Woonwinkels in Middelburg - Domburg - Veere","potentialAction":[{"@type":"SearchAction","target":{"@type":"EntryPoint","urlTemplate":"https:\/\/naughty-curran.136-144-185-207.plesk.page\/fr\/?s={search_term_string}"},"query-input":{"@type":"PropertyValueSpecification","valueRequired":true,"valueName":"search_term_string"}}],"inLanguage":"fr-FR"}]}},"_links":{"self":[{"href":"https:\/\/naughty-curran.136-144-185-207.plesk.page\/fr\/wp-json\/wp\/v2\/product\/124442","targetHints":{"allow":["GET"]}}],"collection":[{"href":"https:\/\/naughty-curran.136-144-185-207.plesk.page\/fr\/wp-json\/wp\/v2\/product"}],"about":[{"href":"https:\/\/naughty-curran.136-144-185-207.plesk.page\/fr\/wp-json\/wp\/v2\/types\/product"}],"wp:featuredmedia":[{"embeddable":true,"href":"https:\/\/naughty-curran.136-144-185-207.plesk.page\/fr\/wp-json\/wp\/v2\/media\/124312"}],"wp:attachment":[{"href":"https:\/\/naughty-curran.136-144-185-207.plesk.page\/fr\/wp-json\/wp\/v2\/media?parent=124442"}],"wp:term":[{"taxonomy":"product_brand","embeddable":true,"href":"https:\/\/naughty-curran.136-144-185-207.plesk.page\/fr\/wp-json\/wp\/v2\/product_brand?post=124442"},{"taxonomy":"product_cat","embeddable":true,"href":"https:\/\/naughty-curran.136-144-185-207.plesk.page\/fr\/wp-json\/wp\/v2\/product_cat?post=124442"},{"taxonomy":"product_tag","embeddable":true,"href":"https:\/\/naughty-curran.136-144-185-207.plesk.page\/fr\/wp-json\/wp\/v2\/product_tag?post=124442"}],"curies":[{"name":"wp","href":"https:\/\/api.w.org\/{rel}","templated":true}]}}