{"id":147102,"date":"2025-03-12T11:00:47","date_gmt":"2025-03-12T10:00:47","guid":{"rendered":"https:\/\/depagterinterieurs.nl\/collectie\/non%20class\u00e9\/table-modena-pesse\/"},"modified":"2025-09-22T13:36:53","modified_gmt":"2025-09-22T12:36:53","slug":"table-modena-pesse","status":"publish","type":"product","link":"https:\/\/naughty-curran.136-144-185-207.plesk.page\/fr\/collectie\/tables-fr\/tables-a-manger\/table-modena-pesse\/","title":{"rendered":"Table Modena Pesse"},"content":{"rendered":"","protected":false},"excerpt":{"rendered":"<p>La table Modena est fabriqu\u00e9e en bois de ch\u00eane, de couleur Cannelle et de forme : Pesse.<br \/>\nLe plateau de table est soutenu par un pied en m\u00e9tal \u00ab Exeter KD 140 \u00bb de couleur \u00ab Noir \u00bb.<br \/>\nLe prix est pour le mod\u00e8le illustr\u00e9.<\/p>\n<p>Voir toutes les options pour le tableau <a href=\"https:\/\/naughty-curran.136-144-185-207.plesk.page\/wp-content\/uploads\/2025\/09\/EPPIC-Tafels-9-2025.pdf\"><strong>ici<\/strong><\/a> .<\/p>\n","protected":false},"featured_media":146398,"template":"","meta":{"_monsterinsights_skip_tracking":false,"_monsterinsights_sitenote_active":false,"_monsterinsights_sitenote_note":"","_monsterinsights_sitenote_category":0},"product_brand":[],"product_cat":[1042,1289,1063,1065],"product_tag":[],"class_list":{"0":"post-147102","1":"product","2":"type-product","3":"status-publish","4":"has-post-thumbnail","6":"product_cat-marques","7":"product_cat-eppic-fr","8":"product_cat-tables-fr","9":"product_cat-tables-a-manger","11":"first","12":"instock","13":"shipping-taxable","14":"purchasable","15":"product-type-simple"},"yoast_head":"<!-- This site is optimized with the Yoast SEO plugin v25.8 - https:\/\/yoast.com\/wordpress\/plugins\/seo\/ -->\n<title>Table Modena Pesse - De Pagter Interieurs<\/title>\n<meta name=\"description\" content=\"La table Modena est fabriqu\u00e9e en bois de ch\u00eane, de couleur Cannelle et de forme : Pesse. Le plateau de table est soutenu par un pied en m\u00e9tal \u00ab Exeter KD 140 \u00bb de couleur \u00ab Noir \u00bb. Le prix est pour le mod\u00e8le illustr\u00e9. D\u00e9couvrez toutes les options pour le tableau ici.\" \/>\n<meta name=\"robots\" content=\"noindex, follow, max-snippet:-1, max-image-preview:large, max-video-preview:-1\" \/>\n<meta property=\"og:locale\" content=\"fr_FR\" \/>\n<meta property=\"og:type\" content=\"article\" \/>\n<meta property=\"og:title\" content=\"Table Modena Pesse - De Pagter Interieurs\" \/>\n<meta property=\"og:description\" content=\"La table Modena est fabriqu\u00e9e en bois de ch\u00eane, de couleur Cannelle et de forme : Pesse. Le plateau de table est soutenu par un pied en m\u00e9tal \u00ab Exeter KD 140 \u00bb de couleur \u00ab Noir \u00bb. Le prix est pour le mod\u00e8le illustr\u00e9. D\u00e9couvrez toutes les options pour le tableau ici.\" \/>\n<meta property=\"og:url\" content=\"https:\/\/naughty-curran.136-144-185-207.plesk.page\/fr\/collectie\/tables-fr\/tables-a-manger\/table-modena-pesse\/\" \/>\n<meta property=\"og:site_name\" content=\"De Pagter Interieurs\" \/>\n<meta property=\"article:publisher\" content=\"https:\/\/www.facebook.com\/depagterinterieurs\/\" \/>\n<meta property=\"article:modified_time\" content=\"2025-09-22T12:36:53+00:00\" \/>\n<meta property=\"og:image\" content=\"https:\/\/naughty-curran.136-144-185-207.plesk.page\/wp-content\/uploads\/2025\/03\/IMG_4588.jpeg\" \/>\n\t<meta property=\"og:image:width\" content=\"1024\" \/>\n\t<meta property=\"og:image:height\" content=\"768\" \/>\n\t<meta property=\"og:image:type\" content=\"image\/jpeg\" \/>\n<meta name=\"twitter:card\" content=\"summary_large_image\" \/>\n<script type=\"application\/ld+json\" class=\"yoast-schema-graph\">{\"@context\":\"https:\/\/schema.org\",\"@graph\":[{\"@type\":\"WebPage\",\"@id\":\"https:\/\/naughty-curran.136-144-185-207.plesk.page\/fr\/collectie\/tables-fr\/tables-a-manger\/table-modena-pesse\/\",\"url\":\"https:\/\/naughty-curran.136-144-185-207.plesk.page\/fr\/collectie\/tables-fr\/tables-a-manger\/table-modena-pesse\/\",\"name\":\"Table Modena Pesse - De Pagter Interieurs\",\"isPartOf\":{\"@id\":\"https:\/\/naughty-curran.136-144-185-207.plesk.page\/fr\/#website\"},\"primaryImageOfPage\":{\"@id\":\"https:\/\/naughty-curran.136-144-185-207.plesk.page\/fr\/collectie\/tables-fr\/tables-a-manger\/table-modena-pesse\/#primaryimage\"},\"image\":{\"@id\":\"https:\/\/naughty-curran.136-144-185-207.plesk.page\/fr\/collectie\/tables-fr\/tables-a-manger\/table-modena-pesse\/#primaryimage\"},\"thumbnailUrl\":\"https:\/\/naughty-curran.136-144-185-207.plesk.page\/wp-content\/uploads\/2025\/03\/IMG_4588.jpeg\",\"datePublished\":\"2025-03-12T10:00:47+00:00\",\"dateModified\":\"2025-09-22T12:36:53+00:00\",\"description\":\"La table Modena est fabriqu\u00e9e en bois de ch\u00eane, de couleur Cannelle et de forme : Pesse. Le plateau de table est soutenu par un pied en m\u00e9tal \u00ab Exeter KD 140 \u00bb de couleur \u00ab Noir \u00bb. Le prix est pour le mod\u00e8le illustr\u00e9. D\u00e9couvrez toutes les options pour le tableau ici.\",\"breadcrumb\":{\"@id\":\"https:\/\/naughty-curran.136-144-185-207.plesk.page\/fr\/collectie\/tables-fr\/tables-a-manger\/table-modena-pesse\/#breadcrumb\"},\"inLanguage\":\"fr-FR\",\"potentialAction\":[{\"@type\":\"ReadAction\",\"target\":[\"https:\/\/naughty-curran.136-144-185-207.plesk.page\/fr\/collectie\/tables-fr\/tables-a-manger\/table-modena-pesse\/\"]}]},{\"@type\":\"ImageObject\",\"inLanguage\":\"fr-FR\",\"@id\":\"https:\/\/naughty-curran.136-144-185-207.plesk.page\/fr\/collectie\/tables-fr\/tables-a-manger\/table-modena-pesse\/#primaryimage\",\"url\":\"https:\/\/naughty-curran.136-144-185-207.plesk.page\/wp-content\/uploads\/2025\/03\/IMG_4588.jpeg\",\"contentUrl\":\"https:\/\/naughty-curran.136-144-185-207.plesk.page\/wp-content\/uploads\/2025\/03\/IMG_4588.jpeg\",\"width\":1024,\"height\":768},{\"@type\":\"BreadcrumbList\",\"@id\":\"https:\/\/naughty-curran.136-144-185-207.plesk.page\/fr\/collectie\/tables-fr\/tables-a-manger\/table-modena-pesse\/#breadcrumb\",\"itemListElement\":[{\"@type\":\"ListItem\",\"position\":1,\"name\":\"Home\",\"item\":\"https:\/\/naughty-curran.136-144-185-207.plesk.page\/fr\/\"},{\"@type\":\"ListItem\",\"position\":2,\"name\":\"Collection\",\"item\":\"https:\/\/naughty-curran.136-144-185-207.plesk.page\/fr\/collection\/\"},{\"@type\":\"ListItem\",\"position\":3,\"name\":\"Table Modena Pesse\"}]},{\"@type\":\"WebSite\",\"@id\":\"https:\/\/naughty-curran.136-144-185-207.plesk.page\/fr\/#website\",\"url\":\"https:\/\/naughty-curran.136-144-185-207.plesk.page\/fr\/\",\"name\":\"De Pagter Interieurs\",\"description\":\"Woonwinkels in Middelburg - Domburg - Veere\",\"potentialAction\":[{\"@type\":\"SearchAction\",\"target\":{\"@type\":\"EntryPoint\",\"urlTemplate\":\"https:\/\/naughty-curran.136-144-185-207.plesk.page\/fr\/?s={search_term_string}\"},\"query-input\":{\"@type\":\"PropertyValueSpecification\",\"valueRequired\":true,\"valueName\":\"search_term_string\"}}],\"inLanguage\":\"fr-FR\"}]}<\/script>\n<!-- \/ Yoast SEO plugin. -->","yoast_head_json":{"title":"Table Modena Pesse - De Pagter Interieurs","description":"La table Modena est fabriqu\u00e9e en bois de ch\u00eane, de couleur Cannelle et de forme : Pesse. Le plateau de table est soutenu par un pied en m\u00e9tal \u00ab Exeter KD 140 \u00bb de couleur \u00ab Noir \u00bb. Le prix est pour le mod\u00e8le illustr\u00e9. D\u00e9couvrez toutes les options pour le tableau ici.","robots":{"index":"noindex","follow":"follow","max-snippet":"max-snippet:-1","max-image-preview":"max-image-preview:large","max-video-preview":"max-video-preview:-1"},"og_locale":"fr_FR","og_type":"article","og_title":"Table Modena Pesse - De Pagter Interieurs","og_description":"La table Modena est fabriqu\u00e9e en bois de ch\u00eane, de couleur Cannelle et de forme : Pesse. Le plateau de table est soutenu par un pied en m\u00e9tal \u00ab Exeter KD 140 \u00bb de couleur \u00ab Noir \u00bb. Le prix est pour le mod\u00e8le illustr\u00e9. D\u00e9couvrez toutes les options pour le tableau ici.","og_url":"https:\/\/naughty-curran.136-144-185-207.plesk.page\/fr\/collectie\/tables-fr\/tables-a-manger\/table-modena-pesse\/","og_site_name":"De Pagter Interieurs","article_publisher":"https:\/\/www.facebook.com\/depagterinterieurs\/","article_modified_time":"2025-09-22T12:36:53+00:00","og_image":[{"width":1024,"height":768,"url":"https:\/\/naughty-curran.136-144-185-207.plesk.page\/wp-content\/uploads\/2025\/03\/IMG_4588.jpeg","type":"image\/jpeg"}],"twitter_card":"summary_large_image","schema":{"@context":"https:\/\/schema.org","@graph":[{"@type":"WebPage","@id":"https:\/\/naughty-curran.136-144-185-207.plesk.page\/fr\/collectie\/tables-fr\/tables-a-manger\/table-modena-pesse\/","url":"https:\/\/naughty-curran.136-144-185-207.plesk.page\/fr\/collectie\/tables-fr\/tables-a-manger\/table-modena-pesse\/","name":"Table Modena Pesse - De Pagter Interieurs","isPartOf":{"@id":"https:\/\/naughty-curran.136-144-185-207.plesk.page\/fr\/#website"},"primaryImageOfPage":{"@id":"https:\/\/naughty-curran.136-144-185-207.plesk.page\/fr\/collectie\/tables-fr\/tables-a-manger\/table-modena-pesse\/#primaryimage"},"image":{"@id":"https:\/\/naughty-curran.136-144-185-207.plesk.page\/fr\/collectie\/tables-fr\/tables-a-manger\/table-modena-pesse\/#primaryimage"},"thumbnailUrl":"https:\/\/naughty-curran.136-144-185-207.plesk.page\/wp-content\/uploads\/2025\/03\/IMG_4588.jpeg","datePublished":"2025-03-12T10:00:47+00:00","dateModified":"2025-09-22T12:36:53+00:00","description":"La table Modena est fabriqu\u00e9e en bois de ch\u00eane, de couleur Cannelle et de forme : Pesse. Le plateau de table est soutenu par un pied en m\u00e9tal \u00ab Exeter KD 140 \u00bb de couleur \u00ab Noir \u00bb. Le prix est pour le mod\u00e8le illustr\u00e9. D\u00e9couvrez toutes les options pour le tableau ici.","breadcrumb":{"@id":"https:\/\/naughty-curran.136-144-185-207.plesk.page\/fr\/collectie\/tables-fr\/tables-a-manger\/table-modena-pesse\/#breadcrumb"},"inLanguage":"fr-FR","potentialAction":[{"@type":"ReadAction","target":["https:\/\/naughty-curran.136-144-185-207.plesk.page\/fr\/collectie\/tables-fr\/tables-a-manger\/table-modena-pesse\/"]}]},{"@type":"ImageObject","inLanguage":"fr-FR","@id":"https:\/\/naughty-curran.136-144-185-207.plesk.page\/fr\/collectie\/tables-fr\/tables-a-manger\/table-modena-pesse\/#primaryimage","url":"https:\/\/naughty-curran.136-144-185-207.plesk.page\/wp-content\/uploads\/2025\/03\/IMG_4588.jpeg","contentUrl":"https:\/\/naughty-curran.136-144-185-207.plesk.page\/wp-content\/uploads\/2025\/03\/IMG_4588.jpeg","width":1024,"height":768},{"@type":"BreadcrumbList","@id":"https:\/\/naughty-curran.136-144-185-207.plesk.page\/fr\/collectie\/tables-fr\/tables-a-manger\/table-modena-pesse\/#breadcrumb","itemListElement":[{"@type":"ListItem","position":1,"name":"Home","item":"https:\/\/naughty-curran.136-144-185-207.plesk.page\/fr\/"},{"@type":"ListItem","position":2,"name":"Collection","item":"https:\/\/naughty-curran.136-144-185-207.plesk.page\/fr\/collection\/"},{"@type":"ListItem","position":3,"name":"Table Modena Pesse"}]},{"@type":"WebSite","@id":"https:\/\/naughty-curran.136-144-185-207.plesk.page\/fr\/#website","url":"https:\/\/naughty-curran.136-144-185-207.plesk.page\/fr\/","name":"De Pagter Interieurs","description":"Woonwinkels in Middelburg - Domburg - Veere","potentialAction":[{"@type":"SearchAction","target":{"@type":"EntryPoint","urlTemplate":"https:\/\/naughty-curran.136-144-185-207.plesk.page\/fr\/?s={search_term_string}"},"query-input":{"@type":"PropertyValueSpecification","valueRequired":true,"valueName":"search_term_string"}}],"inLanguage":"fr-FR"}]}},"_links":{"self":[{"href":"https:\/\/naughty-curran.136-144-185-207.plesk.page\/fr\/wp-json\/wp\/v2\/product\/147102","targetHints":{"allow":["GET"]}}],"collection":[{"href":"https:\/\/naughty-curran.136-144-185-207.plesk.page\/fr\/wp-json\/wp\/v2\/product"}],"about":[{"href":"https:\/\/naughty-curran.136-144-185-207.plesk.page\/fr\/wp-json\/wp\/v2\/types\/product"}],"wp:featuredmedia":[{"embeddable":true,"href":"https:\/\/naughty-curran.136-144-185-207.plesk.page\/fr\/wp-json\/wp\/v2\/media\/146398"}],"wp:attachment":[{"href":"https:\/\/naughty-curran.136-144-185-207.plesk.page\/fr\/wp-json\/wp\/v2\/media?parent=147102"}],"wp:term":[{"taxonomy":"product_brand","embeddable":true,"href":"https:\/\/naughty-curran.136-144-185-207.plesk.page\/fr\/wp-json\/wp\/v2\/product_brand?post=147102"},{"taxonomy":"product_cat","embeddable":true,"href":"https:\/\/naughty-curran.136-144-185-207.plesk.page\/fr\/wp-json\/wp\/v2\/product_cat?post=147102"},{"taxonomy":"product_tag","embeddable":true,"href":"https:\/\/naughty-curran.136-144-185-207.plesk.page\/fr\/wp-json\/wp\/v2\/product_tag?post=147102"}],"curies":[{"name":"wp","href":"https:\/\/api.w.org\/{rel}","templated":true}]}}