{"id":147283,"date":"2025-03-13T21:02:20","date_gmt":"2025-03-13T20:42:03","guid":{"rendered":"https:\/\/depagterinterieurs.nl\/collectie\/non class\u00e9\/table-basse-skeleton\/"},"modified":"2025-03-13T21:42:03","modified_gmt":"2025-03-13T20:42:03","slug":"table-basse-skeleton","status":"publish","type":"product","link":"https:\/\/naughty-curran.136-144-185-207.plesk.page\/fr\/collectie\/consoles\/tables-basses\/table-basse-skeleton\/","title":{"rendered":"Table Basse Skeleton&#x2122;"},"content":{"rendered":"","protected":false},"excerpt":{"rendered":"<p>La table basse Skeleton avec le motif hexagonal unique et signature de Philipp Plein ajoute une touche de modernit\u00e9 et de paillettes au cadre g\u00e9om\u00e9trique avec une finition en nickel poli et est la quintessence de la vie de luxe contemporaine.<\/p>\n","protected":false},"featured_media":147138,"template":"","meta":{"_monsterinsights_skip_tracking":false,"_monsterinsights_sitenote_active":false,"_monsterinsights_sitenote_note":"","_monsterinsights_sitenote_category":0},"product_brand":[],"product_cat":[1071,1042,1079,1067,1068],"product_tag":[],"class_list":{"0":"post-147283","1":"product","2":"type-product","3":"status-publish","4":"has-post-thumbnail","6":"product_cat-eichholtz","7":"product_cat-marques","8":"product_cat-philipp-plein-x-eichholtz-fr","9":"product_cat-consoles","10":"product_cat-tables-basses","12":"first","13":"instock","14":"sale","15":"shipping-taxable","16":"purchasable","17":"product-type-simple"},"yoast_head":"<!-- This site is optimized with the Yoast SEO plugin v25.8 - https:\/\/yoast.com\/wordpress\/plugins\/seo\/ -->\n<title>Table Basse Skeleton&#x2122; - De Pagter Interieurs<\/title>\n<meta name=\"description\" content=\"La table basse Skeleton avec le motif hexagonal unique et signature de Philipp Plein ajoute une touche de modernit\u00e9 et de paillettes au cadre g\u00e9om\u00e9trique avec une finition en nickel poli et est la quintessence de la vie de luxe contemporaine.\" \/>\n<meta name=\"robots\" content=\"noindex, follow, max-snippet:-1, max-image-preview:large, max-video-preview:-1\" \/>\n<meta property=\"og:locale\" content=\"fr_FR\" \/>\n<meta property=\"og:type\" content=\"article\" \/>\n<meta property=\"og:title\" content=\"Table Basse Skeleton&#x2122; - De Pagter Interieurs\" \/>\n<meta property=\"og:description\" content=\"La table basse Skeleton avec le motif hexagonal unique et signature de Philipp Plein ajoute une touche de modernit\u00e9 et de paillettes au cadre g\u00e9om\u00e9trique avec une finition en nickel poli et est la quintessence de la vie de luxe contemporaine.\" \/>\n<meta property=\"og:url\" content=\"https:\/\/naughty-curran.136-144-185-207.plesk.page\/fr\/collectie\/consoles\/tables-basses\/table-basse-skeleton\/\" \/>\n<meta property=\"og:site_name\" content=\"De Pagter Interieurs\" \/>\n<meta property=\"article:publisher\" content=\"https:\/\/www.facebook.com\/depagterinterieurs\/\" \/>\n<meta property=\"og:image\" content=\"https:\/\/naughty-curran.136-144-185-207.plesk.page\/wp-content\/uploads\/2025\/03\/AABF-UHT0016-PCO092N_8A_d1-scaled-2.jpg\" \/>\n\t<meta property=\"og:image:width\" content=\"2012\" \/>\n\t<meta property=\"og:image:height\" content=\"2012\" \/>\n\t<meta property=\"og:image:type\" content=\"image\/jpeg\" \/>\n<meta name=\"twitter:card\" content=\"summary_large_image\" \/>\n<script type=\"application\/ld+json\" class=\"yoast-schema-graph\">{\"@context\":\"https:\/\/schema.org\",\"@graph\":[{\"@type\":\"WebPage\",\"@id\":\"https:\/\/naughty-curran.136-144-185-207.plesk.page\/fr\/collectie\/consoles\/tables-basses\/table-basse-skeleton\/\",\"url\":\"https:\/\/naughty-curran.136-144-185-207.plesk.page\/fr\/collectie\/consoles\/tables-basses\/table-basse-skeleton\/\",\"name\":\"Table Basse Skeleton&#x2122; - De Pagter Interieurs\",\"isPartOf\":{\"@id\":\"https:\/\/naughty-curran.136-144-185-207.plesk.page\/fr\/#website\"},\"primaryImageOfPage\":{\"@id\":\"https:\/\/naughty-curran.136-144-185-207.plesk.page\/fr\/collectie\/consoles\/tables-basses\/table-basse-skeleton\/#primaryimage\"},\"image\":{\"@id\":\"https:\/\/naughty-curran.136-144-185-207.plesk.page\/fr\/collectie\/consoles\/tables-basses\/table-basse-skeleton\/#primaryimage\"},\"thumbnailUrl\":\"https:\/\/naughty-curran.136-144-185-207.plesk.page\/wp-content\/uploads\/2025\/03\/AABF-UHT0016-PCO092N_8A_d1-scaled-2.jpg\",\"datePublished\":\"2025-03-13T20:42:03+00:00\",\"description\":\"La table basse Skeleton avec le motif hexagonal unique et signature de Philipp Plein ajoute une touche de modernit\u00e9 et de paillettes au cadre g\u00e9om\u00e9trique avec une finition en nickel poli et est la quintessence de la vie de luxe contemporaine.\",\"breadcrumb\":{\"@id\":\"https:\/\/naughty-curran.136-144-185-207.plesk.page\/fr\/collectie\/consoles\/tables-basses\/table-basse-skeleton\/#breadcrumb\"},\"inLanguage\":\"fr-FR\",\"potentialAction\":[{\"@type\":\"ReadAction\",\"target\":[\"https:\/\/naughty-curran.136-144-185-207.plesk.page\/fr\/collectie\/consoles\/tables-basses\/table-basse-skeleton\/\"]}]},{\"@type\":\"ImageObject\",\"inLanguage\":\"fr-FR\",\"@id\":\"https:\/\/naughty-curran.136-144-185-207.plesk.page\/fr\/collectie\/consoles\/tables-basses\/table-basse-skeleton\/#primaryimage\",\"url\":\"https:\/\/naughty-curran.136-144-185-207.plesk.page\/wp-content\/uploads\/2025\/03\/AABF-UHT0016-PCO092N_8A_d1-scaled-2.jpg\",\"contentUrl\":\"https:\/\/naughty-curran.136-144-185-207.plesk.page\/wp-content\/uploads\/2025\/03\/AABF-UHT0016-PCO092N_8A_d1-scaled-2.jpg\",\"width\":2012,\"height\":2012},{\"@type\":\"BreadcrumbList\",\"@id\":\"https:\/\/naughty-curran.136-144-185-207.plesk.page\/fr\/collectie\/consoles\/tables-basses\/table-basse-skeleton\/#breadcrumb\",\"itemListElement\":[{\"@type\":\"ListItem\",\"position\":1,\"name\":\"Home\",\"item\":\"https:\/\/naughty-curran.136-144-185-207.plesk.page\/fr\/\"},{\"@type\":\"ListItem\",\"position\":2,\"name\":\"Collection\",\"item\":\"https:\/\/naughty-curran.136-144-185-207.plesk.page\/fr\/collection\/\"},{\"@type\":\"ListItem\",\"position\":3,\"name\":\"Table Basse Skeleton&#x2122;\"}]},{\"@type\":\"WebSite\",\"@id\":\"https:\/\/naughty-curran.136-144-185-207.plesk.page\/fr\/#website\",\"url\":\"https:\/\/naughty-curran.136-144-185-207.plesk.page\/fr\/\",\"name\":\"De Pagter Interieurs\",\"description\":\"Woonwinkels in Middelburg - Domburg - Veere\",\"potentialAction\":[{\"@type\":\"SearchAction\",\"target\":{\"@type\":\"EntryPoint\",\"urlTemplate\":\"https:\/\/naughty-curran.136-144-185-207.plesk.page\/fr\/?s={search_term_string}\"},\"query-input\":{\"@type\":\"PropertyValueSpecification\",\"valueRequired\":true,\"valueName\":\"search_term_string\"}}],\"inLanguage\":\"fr-FR\"}]}<\/script>\n<!-- \/ Yoast SEO plugin. -->","yoast_head_json":{"title":"Table Basse Skeleton&#x2122; - De Pagter Interieurs","description":"La table basse Skeleton avec le motif hexagonal unique et signature de Philipp Plein ajoute une touche de modernit\u00e9 et de paillettes au cadre g\u00e9om\u00e9trique avec une finition en nickel poli et est la quintessence de la vie de luxe contemporaine.","robots":{"index":"noindex","follow":"follow","max-snippet":"max-snippet:-1","max-image-preview":"max-image-preview:large","max-video-preview":"max-video-preview:-1"},"og_locale":"fr_FR","og_type":"article","og_title":"Table Basse Skeleton&#x2122; - De Pagter Interieurs","og_description":"La table basse Skeleton avec le motif hexagonal unique et signature de Philipp Plein ajoute une touche de modernit\u00e9 et de paillettes au cadre g\u00e9om\u00e9trique avec une finition en nickel poli et est la quintessence de la vie de luxe contemporaine.","og_url":"https:\/\/naughty-curran.136-144-185-207.plesk.page\/fr\/collectie\/consoles\/tables-basses\/table-basse-skeleton\/","og_site_name":"De Pagter Interieurs","article_publisher":"https:\/\/www.facebook.com\/depagterinterieurs\/","og_image":[{"width":2012,"height":2012,"url":"https:\/\/naughty-curran.136-144-185-207.plesk.page\/wp-content\/uploads\/2025\/03\/AABF-UHT0016-PCO092N_8A_d1-scaled-2.jpg","type":"image\/jpeg"}],"twitter_card":"summary_large_image","schema":{"@context":"https:\/\/schema.org","@graph":[{"@type":"WebPage","@id":"https:\/\/naughty-curran.136-144-185-207.plesk.page\/fr\/collectie\/consoles\/tables-basses\/table-basse-skeleton\/","url":"https:\/\/naughty-curran.136-144-185-207.plesk.page\/fr\/collectie\/consoles\/tables-basses\/table-basse-skeleton\/","name":"Table Basse Skeleton&#x2122; - De Pagter Interieurs","isPartOf":{"@id":"https:\/\/naughty-curran.136-144-185-207.plesk.page\/fr\/#website"},"primaryImageOfPage":{"@id":"https:\/\/naughty-curran.136-144-185-207.plesk.page\/fr\/collectie\/consoles\/tables-basses\/table-basse-skeleton\/#primaryimage"},"image":{"@id":"https:\/\/naughty-curran.136-144-185-207.plesk.page\/fr\/collectie\/consoles\/tables-basses\/table-basse-skeleton\/#primaryimage"},"thumbnailUrl":"https:\/\/naughty-curran.136-144-185-207.plesk.page\/wp-content\/uploads\/2025\/03\/AABF-UHT0016-PCO092N_8A_d1-scaled-2.jpg","datePublished":"2025-03-13T20:42:03+00:00","description":"La table basse Skeleton avec le motif hexagonal unique et signature de Philipp Plein ajoute une touche de modernit\u00e9 et de paillettes au cadre g\u00e9om\u00e9trique avec une finition en nickel poli et est la quintessence de la vie de luxe contemporaine.","breadcrumb":{"@id":"https:\/\/naughty-curran.136-144-185-207.plesk.page\/fr\/collectie\/consoles\/tables-basses\/table-basse-skeleton\/#breadcrumb"},"inLanguage":"fr-FR","potentialAction":[{"@type":"ReadAction","target":["https:\/\/naughty-curran.136-144-185-207.plesk.page\/fr\/collectie\/consoles\/tables-basses\/table-basse-skeleton\/"]}]},{"@type":"ImageObject","inLanguage":"fr-FR","@id":"https:\/\/naughty-curran.136-144-185-207.plesk.page\/fr\/collectie\/consoles\/tables-basses\/table-basse-skeleton\/#primaryimage","url":"https:\/\/naughty-curran.136-144-185-207.plesk.page\/wp-content\/uploads\/2025\/03\/AABF-UHT0016-PCO092N_8A_d1-scaled-2.jpg","contentUrl":"https:\/\/naughty-curran.136-144-185-207.plesk.page\/wp-content\/uploads\/2025\/03\/AABF-UHT0016-PCO092N_8A_d1-scaled-2.jpg","width":2012,"height":2012},{"@type":"BreadcrumbList","@id":"https:\/\/naughty-curran.136-144-185-207.plesk.page\/fr\/collectie\/consoles\/tables-basses\/table-basse-skeleton\/#breadcrumb","itemListElement":[{"@type":"ListItem","position":1,"name":"Home","item":"https:\/\/naughty-curran.136-144-185-207.plesk.page\/fr\/"},{"@type":"ListItem","position":2,"name":"Collection","item":"https:\/\/naughty-curran.136-144-185-207.plesk.page\/fr\/collection\/"},{"@type":"ListItem","position":3,"name":"Table Basse Skeleton&#x2122;"}]},{"@type":"WebSite","@id":"https:\/\/naughty-curran.136-144-185-207.plesk.page\/fr\/#website","url":"https:\/\/naughty-curran.136-144-185-207.plesk.page\/fr\/","name":"De Pagter Interieurs","description":"Woonwinkels in Middelburg - Domburg - Veere","potentialAction":[{"@type":"SearchAction","target":{"@type":"EntryPoint","urlTemplate":"https:\/\/naughty-curran.136-144-185-207.plesk.page\/fr\/?s={search_term_string}"},"query-input":{"@type":"PropertyValueSpecification","valueRequired":true,"valueName":"search_term_string"}}],"inLanguage":"fr-FR"}]}},"_links":{"self":[{"href":"https:\/\/naughty-curran.136-144-185-207.plesk.page\/fr\/wp-json\/wp\/v2\/product\/147283","targetHints":{"allow":["GET"]}}],"collection":[{"href":"https:\/\/naughty-curran.136-144-185-207.plesk.page\/fr\/wp-json\/wp\/v2\/product"}],"about":[{"href":"https:\/\/naughty-curran.136-144-185-207.plesk.page\/fr\/wp-json\/wp\/v2\/types\/product"}],"wp:featuredmedia":[{"embeddable":true,"href":"https:\/\/naughty-curran.136-144-185-207.plesk.page\/fr\/wp-json\/wp\/v2\/media\/147138"}],"wp:attachment":[{"href":"https:\/\/naughty-curran.136-144-185-207.plesk.page\/fr\/wp-json\/wp\/v2\/media?parent=147283"}],"wp:term":[{"taxonomy":"product_brand","embeddable":true,"href":"https:\/\/naughty-curran.136-144-185-207.plesk.page\/fr\/wp-json\/wp\/v2\/product_brand?post=147283"},{"taxonomy":"product_cat","embeddable":true,"href":"https:\/\/naughty-curran.136-144-185-207.plesk.page\/fr\/wp-json\/wp\/v2\/product_cat?post=147283"},{"taxonomy":"product_tag","embeddable":true,"href":"https:\/\/naughty-curran.136-144-185-207.plesk.page\/fr\/wp-json\/wp\/v2\/product_tag?post=147283"}],"curies":[{"name":"wp","href":"https:\/\/api.w.org\/{rel}","templated":true}]}}