{"id":158375,"date":"2025-07-02T14:06:25","date_gmt":"2025-07-02T13:39:03","guid":{"rendered":"https:\/\/depagterinterieurs.nl\/?post_type=product&#038;p=158375"},"modified":"2025-07-02T14:39:03","modified_gmt":"2025-07-02T13:39:03","slug":"table-monza-noir-150cm-kopie","status":"publish","type":"product","link":"https:\/\/naughty-curran.136-144-185-207.plesk.page\/fr\/collectie\/tables-fr\/tables-a-manger\/table-monza-noir-150cm-kopie\/","title":{"rendered":"Table Monza Noir 150CM"},"content":{"rendered":"","protected":false},"excerpt":{"rendered":"<p>Table ronde rurale &#8216;Monza&#8217; avec un pied d\u00e9coratif en bois, en vieux bois de pin. Le pied et le c\u00f4t\u00e9 du plateau de table sont finis en noir, mais la table est \u00e9galement disponible en blanc. <\/p>\n<p>Disponible en stock dans cette taille. Dans d\u2019autres dimensions, la table a un d\u00e9lai de livraison d\u2019environ 5 mois.<\/p>\n","protected":false},"featured_media":131915,"template":"","meta":{"_monsterinsights_skip_tracking":false,"_monsterinsights_sitenote_active":false,"_monsterinsights_sitenote_note":"","_monsterinsights_sitenote_category":0},"product_brand":[],"product_cat":[1072,1042,1048,1063,1065],"product_tag":[],"class_list":{"0":"post-158375","1":"product","2":"type-product","3":"status-publish","4":"has-post-thumbnail","6":"product_cat-de-pagter-interieurs-fr","7":"product_cat-marques","8":"product_cat-orme-vieux-pin","9":"product_cat-tables-fr","10":"product_cat-tables-a-manger","12":"first","13":"instock","14":"shipping-taxable","15":"purchasable","16":"product-type-simple"},"yoast_head":"<!-- This site is optimized with the Yoast SEO plugin v25.8 - https:\/\/yoast.com\/wordpress\/plugins\/seo\/ -->\n<title>Table Monza Noir 150CM - De Pagter Interieurs<\/title>\n<meta name=\"description\" content=\"Table ronde rurale &#039;Monza&#039; avec un pied d\u00e9coratif en bois, en vieux bois de pin. Le pied et le c\u00f4t\u00e9 du plateau de table sont finis en noir, mais la table est \u00e9galement disponible en blanc.\" \/>\n<meta name=\"robots\" content=\"noindex, follow, max-snippet:-1, max-image-preview:large, max-video-preview:-1\" \/>\n<meta property=\"og:locale\" content=\"fr_FR\" \/>\n<meta property=\"og:type\" content=\"article\" \/>\n<meta property=\"og:title\" content=\"Table Monza Noir 150CM - De Pagter Interieurs\" \/>\n<meta property=\"og:description\" content=\"Table ronde rurale &#039;Monza&#039; avec un pied d\u00e9coratif en bois, en vieux bois de pin. Le pied et le c\u00f4t\u00e9 du plateau de table sont finis en noir, mais la table est \u00e9galement disponible en blanc.\" \/>\n<meta property=\"og:url\" content=\"https:\/\/naughty-curran.136-144-185-207.plesk.page\/fr\/collectie\/tables-fr\/tables-a-manger\/table-monza-noir-150cm-kopie\/\" \/>\n<meta property=\"og:site_name\" content=\"De Pagter Interieurs\" \/>\n<meta property=\"article:publisher\" content=\"https:\/\/www.facebook.com\/depagterinterieurs\/\" \/>\n<meta property=\"og:image\" content=\"https:\/\/naughty-curran.136-144-185-207.plesk.page\/wp-content\/uploads\/2024\/11\/IMG_1714.jpeg\" \/>\n\t<meta property=\"og:image:width\" content=\"1024\" \/>\n\t<meta property=\"og:image:height\" content=\"768\" \/>\n\t<meta property=\"og:image:type\" content=\"image\/jpeg\" \/>\n<meta name=\"twitter:card\" content=\"summary_large_image\" \/>\n<script type=\"application\/ld+json\" class=\"yoast-schema-graph\">{\"@context\":\"https:\/\/schema.org\",\"@graph\":[{\"@type\":\"WebPage\",\"@id\":\"https:\/\/naughty-curran.136-144-185-207.plesk.page\/fr\/collectie\/tables-fr\/tables-a-manger\/table-monza-noir-150cm-kopie\/\",\"url\":\"https:\/\/naughty-curran.136-144-185-207.plesk.page\/fr\/collectie\/tables-fr\/tables-a-manger\/table-monza-noir-150cm-kopie\/\",\"name\":\"Table Monza Noir 150CM - De Pagter Interieurs\",\"isPartOf\":{\"@id\":\"https:\/\/naughty-curran.136-144-185-207.plesk.page\/fr\/#website\"},\"primaryImageOfPage\":{\"@id\":\"https:\/\/naughty-curran.136-144-185-207.plesk.page\/fr\/collectie\/tables-fr\/tables-a-manger\/table-monza-noir-150cm-kopie\/#primaryimage\"},\"image\":{\"@id\":\"https:\/\/naughty-curran.136-144-185-207.plesk.page\/fr\/collectie\/tables-fr\/tables-a-manger\/table-monza-noir-150cm-kopie\/#primaryimage\"},\"thumbnailUrl\":\"https:\/\/naughty-curran.136-144-185-207.plesk.page\/wp-content\/uploads\/2024\/11\/IMG_1714.jpeg\",\"datePublished\":\"2025-07-02T13:39:03+00:00\",\"description\":\"Table ronde rurale 'Monza' avec un pied d\u00e9coratif en bois, en vieux bois de pin. Le pied et le c\u00f4t\u00e9 du plateau de table sont finis en noir, mais la table est \u00e9galement disponible en blanc.\",\"breadcrumb\":{\"@id\":\"https:\/\/naughty-curran.136-144-185-207.plesk.page\/fr\/collectie\/tables-fr\/tables-a-manger\/table-monza-noir-150cm-kopie\/#breadcrumb\"},\"inLanguage\":\"fr-FR\",\"potentialAction\":[{\"@type\":\"ReadAction\",\"target\":[\"https:\/\/naughty-curran.136-144-185-207.plesk.page\/fr\/collectie\/tables-fr\/tables-a-manger\/table-monza-noir-150cm-kopie\/\"]}]},{\"@type\":\"ImageObject\",\"inLanguage\":\"fr-FR\",\"@id\":\"https:\/\/naughty-curran.136-144-185-207.plesk.page\/fr\/collectie\/tables-fr\/tables-a-manger\/table-monza-noir-150cm-kopie\/#primaryimage\",\"url\":\"https:\/\/naughty-curran.136-144-185-207.plesk.page\/wp-content\/uploads\/2024\/11\/IMG_1714.jpeg\",\"contentUrl\":\"https:\/\/naughty-curran.136-144-185-207.plesk.page\/wp-content\/uploads\/2024\/11\/IMG_1714.jpeg\",\"width\":1024,\"height\":768},{\"@type\":\"BreadcrumbList\",\"@id\":\"https:\/\/naughty-curran.136-144-185-207.plesk.page\/fr\/collectie\/tables-fr\/tables-a-manger\/table-monza-noir-150cm-kopie\/#breadcrumb\",\"itemListElement\":[{\"@type\":\"ListItem\",\"position\":1,\"name\":\"Home\",\"item\":\"https:\/\/naughty-curran.136-144-185-207.plesk.page\/fr\/\"},{\"@type\":\"ListItem\",\"position\":2,\"name\":\"Collection\",\"item\":\"https:\/\/naughty-curran.136-144-185-207.plesk.page\/fr\/collection\/\"},{\"@type\":\"ListItem\",\"position\":3,\"name\":\"Table Monza Noir 150CM\"}]},{\"@type\":\"WebSite\",\"@id\":\"https:\/\/naughty-curran.136-144-185-207.plesk.page\/fr\/#website\",\"url\":\"https:\/\/naughty-curran.136-144-185-207.plesk.page\/fr\/\",\"name\":\"De Pagter Interieurs\",\"description\":\"Woonwinkels in Middelburg - Domburg - Veere\",\"potentialAction\":[{\"@type\":\"SearchAction\",\"target\":{\"@type\":\"EntryPoint\",\"urlTemplate\":\"https:\/\/naughty-curran.136-144-185-207.plesk.page\/fr\/?s={search_term_string}\"},\"query-input\":{\"@type\":\"PropertyValueSpecification\",\"valueRequired\":true,\"valueName\":\"search_term_string\"}}],\"inLanguage\":\"fr-FR\"}]}<\/script>\n<!-- \/ Yoast SEO plugin. -->","yoast_head_json":{"title":"Table Monza Noir 150CM - De Pagter Interieurs","description":"Table ronde rurale 'Monza' avec un pied d\u00e9coratif en bois, en vieux bois de pin. Le pied et le c\u00f4t\u00e9 du plateau de table sont finis en noir, mais la table est \u00e9galement disponible en blanc.","robots":{"index":"noindex","follow":"follow","max-snippet":"max-snippet:-1","max-image-preview":"max-image-preview:large","max-video-preview":"max-video-preview:-1"},"og_locale":"fr_FR","og_type":"article","og_title":"Table Monza Noir 150CM - De Pagter Interieurs","og_description":"Table ronde rurale 'Monza' avec un pied d\u00e9coratif en bois, en vieux bois de pin. Le pied et le c\u00f4t\u00e9 du plateau de table sont finis en noir, mais la table est \u00e9galement disponible en blanc.","og_url":"https:\/\/naughty-curran.136-144-185-207.plesk.page\/fr\/collectie\/tables-fr\/tables-a-manger\/table-monza-noir-150cm-kopie\/","og_site_name":"De Pagter Interieurs","article_publisher":"https:\/\/www.facebook.com\/depagterinterieurs\/","og_image":[{"width":1024,"height":768,"url":"https:\/\/naughty-curran.136-144-185-207.plesk.page\/wp-content\/uploads\/2024\/11\/IMG_1714.jpeg","type":"image\/jpeg"}],"twitter_card":"summary_large_image","schema":{"@context":"https:\/\/schema.org","@graph":[{"@type":"WebPage","@id":"https:\/\/naughty-curran.136-144-185-207.plesk.page\/fr\/collectie\/tables-fr\/tables-a-manger\/table-monza-noir-150cm-kopie\/","url":"https:\/\/naughty-curran.136-144-185-207.plesk.page\/fr\/collectie\/tables-fr\/tables-a-manger\/table-monza-noir-150cm-kopie\/","name":"Table Monza Noir 150CM - De Pagter Interieurs","isPartOf":{"@id":"https:\/\/naughty-curran.136-144-185-207.plesk.page\/fr\/#website"},"primaryImageOfPage":{"@id":"https:\/\/naughty-curran.136-144-185-207.plesk.page\/fr\/collectie\/tables-fr\/tables-a-manger\/table-monza-noir-150cm-kopie\/#primaryimage"},"image":{"@id":"https:\/\/naughty-curran.136-144-185-207.plesk.page\/fr\/collectie\/tables-fr\/tables-a-manger\/table-monza-noir-150cm-kopie\/#primaryimage"},"thumbnailUrl":"https:\/\/naughty-curran.136-144-185-207.plesk.page\/wp-content\/uploads\/2024\/11\/IMG_1714.jpeg","datePublished":"2025-07-02T13:39:03+00:00","description":"Table ronde rurale 'Monza' avec un pied d\u00e9coratif en bois, en vieux bois de pin. Le pied et le c\u00f4t\u00e9 du plateau de table sont finis en noir, mais la table est \u00e9galement disponible en blanc.","breadcrumb":{"@id":"https:\/\/naughty-curran.136-144-185-207.plesk.page\/fr\/collectie\/tables-fr\/tables-a-manger\/table-monza-noir-150cm-kopie\/#breadcrumb"},"inLanguage":"fr-FR","potentialAction":[{"@type":"ReadAction","target":["https:\/\/naughty-curran.136-144-185-207.plesk.page\/fr\/collectie\/tables-fr\/tables-a-manger\/table-monza-noir-150cm-kopie\/"]}]},{"@type":"ImageObject","inLanguage":"fr-FR","@id":"https:\/\/naughty-curran.136-144-185-207.plesk.page\/fr\/collectie\/tables-fr\/tables-a-manger\/table-monza-noir-150cm-kopie\/#primaryimage","url":"https:\/\/naughty-curran.136-144-185-207.plesk.page\/wp-content\/uploads\/2024\/11\/IMG_1714.jpeg","contentUrl":"https:\/\/naughty-curran.136-144-185-207.plesk.page\/wp-content\/uploads\/2024\/11\/IMG_1714.jpeg","width":1024,"height":768},{"@type":"BreadcrumbList","@id":"https:\/\/naughty-curran.136-144-185-207.plesk.page\/fr\/collectie\/tables-fr\/tables-a-manger\/table-monza-noir-150cm-kopie\/#breadcrumb","itemListElement":[{"@type":"ListItem","position":1,"name":"Home","item":"https:\/\/naughty-curran.136-144-185-207.plesk.page\/fr\/"},{"@type":"ListItem","position":2,"name":"Collection","item":"https:\/\/naughty-curran.136-144-185-207.plesk.page\/fr\/collection\/"},{"@type":"ListItem","position":3,"name":"Table Monza Noir 150CM"}]},{"@type":"WebSite","@id":"https:\/\/naughty-curran.136-144-185-207.plesk.page\/fr\/#website","url":"https:\/\/naughty-curran.136-144-185-207.plesk.page\/fr\/","name":"De Pagter Interieurs","description":"Woonwinkels in Middelburg - Domburg - Veere","potentialAction":[{"@type":"SearchAction","target":{"@type":"EntryPoint","urlTemplate":"https:\/\/naughty-curran.136-144-185-207.plesk.page\/fr\/?s={search_term_string}"},"query-input":{"@type":"PropertyValueSpecification","valueRequired":true,"valueName":"search_term_string"}}],"inLanguage":"fr-FR"}]}},"_links":{"self":[{"href":"https:\/\/naughty-curran.136-144-185-207.plesk.page\/fr\/wp-json\/wp\/v2\/product\/158375","targetHints":{"allow":["GET"]}}],"collection":[{"href":"https:\/\/naughty-curran.136-144-185-207.plesk.page\/fr\/wp-json\/wp\/v2\/product"}],"about":[{"href":"https:\/\/naughty-curran.136-144-185-207.plesk.page\/fr\/wp-json\/wp\/v2\/types\/product"}],"wp:featuredmedia":[{"embeddable":true,"href":"https:\/\/naughty-curran.136-144-185-207.plesk.page\/fr\/wp-json\/wp\/v2\/media\/131915"}],"wp:attachment":[{"href":"https:\/\/naughty-curran.136-144-185-207.plesk.page\/fr\/wp-json\/wp\/v2\/media?parent=158375"}],"wp:term":[{"taxonomy":"product_brand","embeddable":true,"href":"https:\/\/naughty-curran.136-144-185-207.plesk.page\/fr\/wp-json\/wp\/v2\/product_brand?post=158375"},{"taxonomy":"product_cat","embeddable":true,"href":"https:\/\/naughty-curran.136-144-185-207.plesk.page\/fr\/wp-json\/wp\/v2\/product_cat?post=158375"},{"taxonomy":"product_tag","embeddable":true,"href":"https:\/\/naughty-curran.136-144-185-207.plesk.page\/fr\/wp-json\/wp\/v2\/product_tag?post=158375"}],"curies":[{"name":"wp","href":"https:\/\/api.w.org\/{rel}","templated":true}]}}