{"id":163303,"date":"2025-07-30T09:01:08","date_gmt":"2025-07-30T08:01:08","guid":{"rendered":"https:\/\/depagterinterieurs.nl\/collectie\/uncategorized\/table-modena-ovale-danois\/"},"modified":"2025-09-22T13:33:14","modified_gmt":"2025-09-22T12:33:14","slug":"table-modena-ovale-danois","status":"publish","type":"product","link":"https:\/\/naughty-curran.136-144-185-207.plesk.page\/fr\/collectie\/tables-fr\/tables-a-manger\/table-modena-ovale-danois\/","title":{"rendered":"Table Modena Ovale Danois"},"content":{"rendered":"","protected":false},"excerpt":{"rendered":"<p>La table Modena est fabriqu\u00e9e en ch\u00eane, de couleur Brun cerf et de forme : Danish Oval.<br \/>\nLe plateau de table est effil\u00e9 et est soutenu par un pied en m\u00e9tal &#8216;Burton 180CM&#8217; de couleur &#8216;Magnum&#8217;.<\/p>\n<p>Le prix est pour le mod\u00e8le illustr\u00e9.<\/p>\n<p>Voir toutes les options pour le tableau <a href=\"https:\/\/naughty-curran.136-144-185-207.plesk.page\/wp-content\/uploads\/2025\/09\/EPPIC-Tafels-9-2025.pdf\"><strong>ici<\/strong><\/a> .<\/p>\n","protected":false},"featured_media":160482,"template":"","meta":{"_monsterinsights_skip_tracking":false,"_monsterinsights_sitenote_active":false,"_monsterinsights_sitenote_note":"","_monsterinsights_sitenote_category":0},"product_brand":[],"product_cat":[1042,1289,1063,1065],"product_tag":[],"class_list":{"0":"post-163303","1":"product","2":"type-product","3":"status-publish","4":"has-post-thumbnail","6":"product_cat-marques","7":"product_cat-eppic-fr","8":"product_cat-tables-fr","9":"product_cat-tables-a-manger","11":"first","12":"instock","13":"shipping-taxable","14":"purchasable","15":"product-type-simple"},"yoast_head":"<!-- This site is optimized with the Yoast SEO plugin v25.8 - https:\/\/yoast.com\/wordpress\/plugins\/seo\/ -->\n<title>Table Modena Ovale Danois - De Pagter Interieurs<\/title>\n<meta name=\"description\" content=\"La table Modena est fabriqu\u00e9e en ch\u00eane, de couleur Brun cerf et de forme : Danish Oval. Le plateau de table est effil\u00e9 et est soutenu par un pied en m\u00e9tal &#039;Burton 180CM&#039; de couleur &#039;Magnum&#039;. Le prix est pour le mod\u00e8le illustr\u00e9. D\u00e9couvrez toutes les options pour le tableau ici.\" \/>\n<meta name=\"robots\" content=\"noindex, follow, max-snippet:-1, max-image-preview:large, max-video-preview:-1\" \/>\n<meta property=\"og:locale\" content=\"fr_FR\" \/>\n<meta property=\"og:type\" content=\"article\" \/>\n<meta property=\"og:title\" content=\"Table Modena Ovale Danois - De Pagter Interieurs\" \/>\n<meta property=\"og:description\" content=\"La table Modena est fabriqu\u00e9e en ch\u00eane, de couleur Brun cerf et de forme : Danish Oval. Le plateau de table est effil\u00e9 et est soutenu par un pied en m\u00e9tal &#039;Burton 180CM&#039; de couleur &#039;Magnum&#039;. Le prix est pour le mod\u00e8le illustr\u00e9. D\u00e9couvrez toutes les options pour le tableau ici.\" \/>\n<meta property=\"og:url\" content=\"https:\/\/naughty-curran.136-144-185-207.plesk.page\/fr\/collectie\/tables-fr\/tables-a-manger\/table-modena-ovale-danois\/\" \/>\n<meta property=\"og:site_name\" content=\"De Pagter Interieurs\" \/>\n<meta property=\"article:publisher\" content=\"https:\/\/www.facebook.com\/depagterinterieurs\/\" \/>\n<meta property=\"article:modified_time\" content=\"2025-09-22T12:33:14+00:00\" \/>\n<meta property=\"og:image\" content=\"https:\/\/naughty-curran.136-144-185-207.plesk.page\/wp-content\/uploads\/2025\/07\/IMG_7862.jpeg\" \/>\n\t<meta property=\"og:image:width\" content=\"1024\" \/>\n\t<meta property=\"og:image:height\" content=\"768\" \/>\n\t<meta property=\"og:image:type\" content=\"image\/jpeg\" \/>\n<meta name=\"twitter:card\" content=\"summary_large_image\" \/>\n<script type=\"application\/ld+json\" class=\"yoast-schema-graph\">{\"@context\":\"https:\/\/schema.org\",\"@graph\":[{\"@type\":\"WebPage\",\"@id\":\"https:\/\/naughty-curran.136-144-185-207.plesk.page\/fr\/collectie\/tables-fr\/tables-a-manger\/table-modena-ovale-danois\/\",\"url\":\"https:\/\/naughty-curran.136-144-185-207.plesk.page\/fr\/collectie\/tables-fr\/tables-a-manger\/table-modena-ovale-danois\/\",\"name\":\"Table Modena Ovale Danois - De Pagter Interieurs\",\"isPartOf\":{\"@id\":\"https:\/\/naughty-curran.136-144-185-207.plesk.page\/fr\/#website\"},\"primaryImageOfPage\":{\"@id\":\"https:\/\/naughty-curran.136-144-185-207.plesk.page\/fr\/collectie\/tables-fr\/tables-a-manger\/table-modena-ovale-danois\/#primaryimage\"},\"image\":{\"@id\":\"https:\/\/naughty-curran.136-144-185-207.plesk.page\/fr\/collectie\/tables-fr\/tables-a-manger\/table-modena-ovale-danois\/#primaryimage\"},\"thumbnailUrl\":\"https:\/\/naughty-curran.136-144-185-207.plesk.page\/wp-content\/uploads\/2025\/07\/IMG_7862.jpeg\",\"datePublished\":\"2025-07-30T08:01:08+00:00\",\"dateModified\":\"2025-09-22T12:33:14+00:00\",\"description\":\"La table Modena est fabriqu\u00e9e en ch\u00eane, de couleur Brun cerf et de forme : Danish Oval. Le plateau de table est effil\u00e9 et est soutenu par un pied en m\u00e9tal 'Burton 180CM' de couleur 'Magnum'. Le prix est pour le mod\u00e8le illustr\u00e9. D\u00e9couvrez toutes les options pour le tableau ici.\",\"breadcrumb\":{\"@id\":\"https:\/\/naughty-curran.136-144-185-207.plesk.page\/fr\/collectie\/tables-fr\/tables-a-manger\/table-modena-ovale-danois\/#breadcrumb\"},\"inLanguage\":\"fr-FR\",\"potentialAction\":[{\"@type\":\"ReadAction\",\"target\":[\"https:\/\/naughty-curran.136-144-185-207.plesk.page\/fr\/collectie\/tables-fr\/tables-a-manger\/table-modena-ovale-danois\/\"]}]},{\"@type\":\"ImageObject\",\"inLanguage\":\"fr-FR\",\"@id\":\"https:\/\/naughty-curran.136-144-185-207.plesk.page\/fr\/collectie\/tables-fr\/tables-a-manger\/table-modena-ovale-danois\/#primaryimage\",\"url\":\"https:\/\/naughty-curran.136-144-185-207.plesk.page\/wp-content\/uploads\/2025\/07\/IMG_7862.jpeg\",\"contentUrl\":\"https:\/\/naughty-curran.136-144-185-207.plesk.page\/wp-content\/uploads\/2025\/07\/IMG_7862.jpeg\",\"width\":1024,\"height\":768},{\"@type\":\"BreadcrumbList\",\"@id\":\"https:\/\/naughty-curran.136-144-185-207.plesk.page\/fr\/collectie\/tables-fr\/tables-a-manger\/table-modena-ovale-danois\/#breadcrumb\",\"itemListElement\":[{\"@type\":\"ListItem\",\"position\":1,\"name\":\"Home\",\"item\":\"https:\/\/naughty-curran.136-144-185-207.plesk.page\/fr\/\"},{\"@type\":\"ListItem\",\"position\":2,\"name\":\"Collection\",\"item\":\"https:\/\/naughty-curran.136-144-185-207.plesk.page\/fr\/collection\/\"},{\"@type\":\"ListItem\",\"position\":3,\"name\":\"Table Modena Ovale Danois\"}]},{\"@type\":\"WebSite\",\"@id\":\"https:\/\/naughty-curran.136-144-185-207.plesk.page\/fr\/#website\",\"url\":\"https:\/\/naughty-curran.136-144-185-207.plesk.page\/fr\/\",\"name\":\"De Pagter Interieurs\",\"description\":\"Woonwinkels in Middelburg - Domburg - Veere\",\"potentialAction\":[{\"@type\":\"SearchAction\",\"target\":{\"@type\":\"EntryPoint\",\"urlTemplate\":\"https:\/\/naughty-curran.136-144-185-207.plesk.page\/fr\/?s={search_term_string}\"},\"query-input\":{\"@type\":\"PropertyValueSpecification\",\"valueRequired\":true,\"valueName\":\"search_term_string\"}}],\"inLanguage\":\"fr-FR\"}]}<\/script>\n<!-- \/ Yoast SEO plugin. -->","yoast_head_json":{"title":"Table Modena Ovale Danois - De Pagter Interieurs","description":"La table Modena est fabriqu\u00e9e en ch\u00eane, de couleur Brun cerf et de forme : Danish Oval. Le plateau de table est effil\u00e9 et est soutenu par un pied en m\u00e9tal 'Burton 180CM' de couleur 'Magnum'. Le prix est pour le mod\u00e8le illustr\u00e9. D\u00e9couvrez toutes les options pour le tableau ici.","robots":{"index":"noindex","follow":"follow","max-snippet":"max-snippet:-1","max-image-preview":"max-image-preview:large","max-video-preview":"max-video-preview:-1"},"og_locale":"fr_FR","og_type":"article","og_title":"Table Modena Ovale Danois - De Pagter Interieurs","og_description":"La table Modena est fabriqu\u00e9e en ch\u00eane, de couleur Brun cerf et de forme : Danish Oval. Le plateau de table est effil\u00e9 et est soutenu par un pied en m\u00e9tal 'Burton 180CM' de couleur 'Magnum'. Le prix est pour le mod\u00e8le illustr\u00e9. D\u00e9couvrez toutes les options pour le tableau ici.","og_url":"https:\/\/naughty-curran.136-144-185-207.plesk.page\/fr\/collectie\/tables-fr\/tables-a-manger\/table-modena-ovale-danois\/","og_site_name":"De Pagter Interieurs","article_publisher":"https:\/\/www.facebook.com\/depagterinterieurs\/","article_modified_time":"2025-09-22T12:33:14+00:00","og_image":[{"width":1024,"height":768,"url":"https:\/\/naughty-curran.136-144-185-207.plesk.page\/wp-content\/uploads\/2025\/07\/IMG_7862.jpeg","type":"image\/jpeg"}],"twitter_card":"summary_large_image","schema":{"@context":"https:\/\/schema.org","@graph":[{"@type":"WebPage","@id":"https:\/\/naughty-curran.136-144-185-207.plesk.page\/fr\/collectie\/tables-fr\/tables-a-manger\/table-modena-ovale-danois\/","url":"https:\/\/naughty-curran.136-144-185-207.plesk.page\/fr\/collectie\/tables-fr\/tables-a-manger\/table-modena-ovale-danois\/","name":"Table Modena Ovale Danois - De Pagter Interieurs","isPartOf":{"@id":"https:\/\/naughty-curran.136-144-185-207.plesk.page\/fr\/#website"},"primaryImageOfPage":{"@id":"https:\/\/naughty-curran.136-144-185-207.plesk.page\/fr\/collectie\/tables-fr\/tables-a-manger\/table-modena-ovale-danois\/#primaryimage"},"image":{"@id":"https:\/\/naughty-curran.136-144-185-207.plesk.page\/fr\/collectie\/tables-fr\/tables-a-manger\/table-modena-ovale-danois\/#primaryimage"},"thumbnailUrl":"https:\/\/naughty-curran.136-144-185-207.plesk.page\/wp-content\/uploads\/2025\/07\/IMG_7862.jpeg","datePublished":"2025-07-30T08:01:08+00:00","dateModified":"2025-09-22T12:33:14+00:00","description":"La table Modena est fabriqu\u00e9e en ch\u00eane, de couleur Brun cerf et de forme : Danish Oval. Le plateau de table est effil\u00e9 et est soutenu par un pied en m\u00e9tal 'Burton 180CM' de couleur 'Magnum'. Le prix est pour le mod\u00e8le illustr\u00e9. D\u00e9couvrez toutes les options pour le tableau ici.","breadcrumb":{"@id":"https:\/\/naughty-curran.136-144-185-207.plesk.page\/fr\/collectie\/tables-fr\/tables-a-manger\/table-modena-ovale-danois\/#breadcrumb"},"inLanguage":"fr-FR","potentialAction":[{"@type":"ReadAction","target":["https:\/\/naughty-curran.136-144-185-207.plesk.page\/fr\/collectie\/tables-fr\/tables-a-manger\/table-modena-ovale-danois\/"]}]},{"@type":"ImageObject","inLanguage":"fr-FR","@id":"https:\/\/naughty-curran.136-144-185-207.plesk.page\/fr\/collectie\/tables-fr\/tables-a-manger\/table-modena-ovale-danois\/#primaryimage","url":"https:\/\/naughty-curran.136-144-185-207.plesk.page\/wp-content\/uploads\/2025\/07\/IMG_7862.jpeg","contentUrl":"https:\/\/naughty-curran.136-144-185-207.plesk.page\/wp-content\/uploads\/2025\/07\/IMG_7862.jpeg","width":1024,"height":768},{"@type":"BreadcrumbList","@id":"https:\/\/naughty-curran.136-144-185-207.plesk.page\/fr\/collectie\/tables-fr\/tables-a-manger\/table-modena-ovale-danois\/#breadcrumb","itemListElement":[{"@type":"ListItem","position":1,"name":"Home","item":"https:\/\/naughty-curran.136-144-185-207.plesk.page\/fr\/"},{"@type":"ListItem","position":2,"name":"Collection","item":"https:\/\/naughty-curran.136-144-185-207.plesk.page\/fr\/collection\/"},{"@type":"ListItem","position":3,"name":"Table Modena Ovale Danois"}]},{"@type":"WebSite","@id":"https:\/\/naughty-curran.136-144-185-207.plesk.page\/fr\/#website","url":"https:\/\/naughty-curran.136-144-185-207.plesk.page\/fr\/","name":"De Pagter Interieurs","description":"Woonwinkels in Middelburg - Domburg - Veere","potentialAction":[{"@type":"SearchAction","target":{"@type":"EntryPoint","urlTemplate":"https:\/\/naughty-curran.136-144-185-207.plesk.page\/fr\/?s={search_term_string}"},"query-input":{"@type":"PropertyValueSpecification","valueRequired":true,"valueName":"search_term_string"}}],"inLanguage":"fr-FR"}]}},"_links":{"self":[{"href":"https:\/\/naughty-curran.136-144-185-207.plesk.page\/fr\/wp-json\/wp\/v2\/product\/163303","targetHints":{"allow":["GET"]}}],"collection":[{"href":"https:\/\/naughty-curran.136-144-185-207.plesk.page\/fr\/wp-json\/wp\/v2\/product"}],"about":[{"href":"https:\/\/naughty-curran.136-144-185-207.plesk.page\/fr\/wp-json\/wp\/v2\/types\/product"}],"wp:featuredmedia":[{"embeddable":true,"href":"https:\/\/naughty-curran.136-144-185-207.plesk.page\/fr\/wp-json\/wp\/v2\/media\/160482"}],"wp:attachment":[{"href":"https:\/\/naughty-curran.136-144-185-207.plesk.page\/fr\/wp-json\/wp\/v2\/media?parent=163303"}],"wp:term":[{"taxonomy":"product_brand","embeddable":true,"href":"https:\/\/naughty-curran.136-144-185-207.plesk.page\/fr\/wp-json\/wp\/v2\/product_brand?post=163303"},{"taxonomy":"product_cat","embeddable":true,"href":"https:\/\/naughty-curran.136-144-185-207.plesk.page\/fr\/wp-json\/wp\/v2\/product_cat?post=163303"},{"taxonomy":"product_tag","embeddable":true,"href":"https:\/\/naughty-curran.136-144-185-207.plesk.page\/fr\/wp-json\/wp\/v2\/product_tag?post=163303"}],"curies":[{"name":"wp","href":"https:\/\/api.w.org\/{rel}","templated":true}]}}