{"id":167082,"date":"2025-09-15T12:43:08","date_gmt":"2025-09-15T11:43:08","guid":{"rendered":"https:\/\/depagterinterieurs.nl\/collectie\/uncategorized\/table-basse-modena-round\/"},"modified":"2025-09-16T08:04:00","modified_gmt":"2025-09-16T07:04:00","slug":"table-basse-modena-round","status":"publish","type":"product","link":"https:\/\/naughty-curran.136-144-185-207.plesk.page\/fr\/collectie\/consoles\/tables-basses\/table-basse-modena-round\/","title":{"rendered":"Table Basse Modena Ronde<br>"},"content":{"rendered":"","protected":false},"excerpt":{"rendered":"<p>La table basse Modena est fabriqu\u00e9e en bois de ch\u00eane, dans la couleur Forrest et dans la forme : Round 90CM &amp; Round 70CM.<br \/>\nLe plateau de table est soutenu par un pied en m\u00e9tal &#8216;Crowle&#8217; de couleur noire<\/p>\n<p>Le prix est pour la table basse de 90CM.<br \/>\n<strong>La table basse 70CM co\u00fbte 450 euros. <\/strong><\/p>\n<p>Voir toutes les possibilit\u00e9s pour les tables basses <a href=\"https:\/\/naughty-curran.136-144-185-207.plesk.page\/wp-content\/uploads\/2025\/09\/EEPIC-Salontafels-1.pdf\"><strong>ici<\/strong><\/a> .<\/p>\n","protected":false},"featured_media":166894,"template":"","meta":{"_monsterinsights_skip_tracking":false,"_monsterinsights_sitenote_active":false,"_monsterinsights_sitenote_note":"","_monsterinsights_sitenote_category":0},"product_brand":[],"product_cat":[1042,1067,1289,1068],"product_tag":[],"class_list":{"0":"post-167082","1":"product","2":"type-product","3":"status-publish","4":"has-post-thumbnail","6":"product_cat-marques","7":"product_cat-consoles","8":"product_cat-eppic-fr","9":"product_cat-tables-basses","11":"first","12":"instock","13":"shipping-taxable","14":"purchasable","15":"product-type-simple"},"yoast_head":"<!-- This site is optimized with the Yoast SEO plugin v25.8 - https:\/\/yoast.com\/wordpress\/plugins\/seo\/ -->\n<title>Table Basse Modena Ronde - De Pagter Interieurs<\/title>\n<meta name=\"description\" content=\"La table basse Modena est fabriqu\u00e9e en bois de ch\u00eane, dans la couleur Forrest et dans la forme\u00a0: Round 90CM &amp; Round 70CM. Le plateau de table est soutenu par un pied en m\u00e9tal &#039;Crowle&#039; de couleur noire. Le prix est pour la table basse de 90CM. La table basse 70CM co\u00fbte 450 euros. Voir toutes les possibilit\u00e9s pour les tables basses ici.\" \/>\n<meta name=\"robots\" content=\"noindex, follow, max-snippet:-1, max-image-preview:large, max-video-preview:-1\" \/>\n<meta property=\"og:locale\" content=\"fr_FR\" \/>\n<meta property=\"og:type\" content=\"article\" \/>\n<meta property=\"og:title\" content=\"Table Basse Modena Ronde - De Pagter Interieurs\" \/>\n<meta property=\"og:description\" content=\"La table basse Modena est fabriqu\u00e9e en bois de ch\u00eane, dans la couleur Forrest et dans la forme\u00a0: Round 90CM &amp; Round 70CM. Le plateau de table est soutenu par un pied en m\u00e9tal &#039;Crowle&#039; de couleur noire. Le prix est pour la table basse de 90CM. La table basse 70CM co\u00fbte 450 euros. Voir toutes les possibilit\u00e9s pour les tables basses ici.\" \/>\n<meta property=\"og:url\" content=\"https:\/\/naughty-curran.136-144-185-207.plesk.page\/fr\/collectie\/consoles\/tables-basses\/table-basse-modena-round\/\" \/>\n<meta property=\"og:site_name\" content=\"De Pagter Interieurs\" \/>\n<meta property=\"article:publisher\" content=\"https:\/\/www.facebook.com\/depagterinterieurs\/\" \/>\n<meta property=\"article:modified_time\" content=\"2025-09-16T07:04:00+00:00\" \/>\n<meta property=\"og:image\" content=\"https:\/\/naughty-curran.136-144-185-207.plesk.page\/wp-content\/uploads\/2025\/09\/IMG_9591.jpg\" \/>\n\t<meta property=\"og:image:width\" content=\"1024\" \/>\n\t<meta property=\"og:image:height\" content=\"768\" \/>\n\t<meta property=\"og:image:type\" content=\"image\/jpeg\" \/>\n<meta name=\"twitter:card\" content=\"summary_large_image\" \/>\n<script type=\"application\/ld+json\" class=\"yoast-schema-graph\">{\"@context\":\"https:\/\/schema.org\",\"@graph\":[{\"@type\":\"WebPage\",\"@id\":\"https:\/\/naughty-curran.136-144-185-207.plesk.page\/fr\/collectie\/consoles\/tables-basses\/table-basse-modena-round\/\",\"url\":\"https:\/\/naughty-curran.136-144-185-207.plesk.page\/fr\/collectie\/consoles\/tables-basses\/table-basse-modena-round\/\",\"name\":\"Table Basse Modena Ronde - De Pagter Interieurs\",\"isPartOf\":{\"@id\":\"https:\/\/naughty-curran.136-144-185-207.plesk.page\/fr\/#website\"},\"primaryImageOfPage\":{\"@id\":\"https:\/\/naughty-curran.136-144-185-207.plesk.page\/fr\/collectie\/consoles\/tables-basses\/table-basse-modena-round\/#primaryimage\"},\"image\":{\"@id\":\"https:\/\/naughty-curran.136-144-185-207.plesk.page\/fr\/collectie\/consoles\/tables-basses\/table-basse-modena-round\/#primaryimage\"},\"thumbnailUrl\":\"https:\/\/naughty-curran.136-144-185-207.plesk.page\/wp-content\/uploads\/2025\/09\/IMG_9591.jpg\",\"datePublished\":\"2025-09-15T11:43:08+00:00\",\"dateModified\":\"2025-09-16T07:04:00+00:00\",\"description\":\"La table basse Modena est fabriqu\u00e9e en bois de ch\u00eane, dans la couleur Forrest et dans la forme\u00a0: Round 90CM & Round 70CM. Le plateau de table est soutenu par un pied en m\u00e9tal 'Crowle' de couleur noire. Le prix est pour la table basse de 90CM. La table basse 70CM co\u00fbte 450 euros. Voir toutes les possibilit\u00e9s pour les tables basses ici.\",\"breadcrumb\":{\"@id\":\"https:\/\/naughty-curran.136-144-185-207.plesk.page\/fr\/collectie\/consoles\/tables-basses\/table-basse-modena-round\/#breadcrumb\"},\"inLanguage\":\"fr-FR\",\"potentialAction\":[{\"@type\":\"ReadAction\",\"target\":[\"https:\/\/naughty-curran.136-144-185-207.plesk.page\/fr\/collectie\/consoles\/tables-basses\/table-basse-modena-round\/\"]}]},{\"@type\":\"ImageObject\",\"inLanguage\":\"fr-FR\",\"@id\":\"https:\/\/naughty-curran.136-144-185-207.plesk.page\/fr\/collectie\/consoles\/tables-basses\/table-basse-modena-round\/#primaryimage\",\"url\":\"https:\/\/naughty-curran.136-144-185-207.plesk.page\/wp-content\/uploads\/2025\/09\/IMG_9591.jpg\",\"contentUrl\":\"https:\/\/naughty-curran.136-144-185-207.plesk.page\/wp-content\/uploads\/2025\/09\/IMG_9591.jpg\",\"width\":1024,\"height\":768},{\"@type\":\"BreadcrumbList\",\"@id\":\"https:\/\/naughty-curran.136-144-185-207.plesk.page\/fr\/collectie\/consoles\/tables-basses\/table-basse-modena-round\/#breadcrumb\",\"itemListElement\":[{\"@type\":\"ListItem\",\"position\":1,\"name\":\"Home\",\"item\":\"https:\/\/naughty-curran.136-144-185-207.plesk.page\/fr\/\"},{\"@type\":\"ListItem\",\"position\":2,\"name\":\"Collection\",\"item\":\"https:\/\/naughty-curran.136-144-185-207.plesk.page\/fr\/collection\/\"},{\"@type\":\"ListItem\",\"position\":3,\"name\":\"Table Basse Modena Ronde\"}]},{\"@type\":\"WebSite\",\"@id\":\"https:\/\/naughty-curran.136-144-185-207.plesk.page\/fr\/#website\",\"url\":\"https:\/\/naughty-curran.136-144-185-207.plesk.page\/fr\/\",\"name\":\"De Pagter Interieurs\",\"description\":\"Woonwinkels in Middelburg - Domburg - Veere\",\"potentialAction\":[{\"@type\":\"SearchAction\",\"target\":{\"@type\":\"EntryPoint\",\"urlTemplate\":\"https:\/\/naughty-curran.136-144-185-207.plesk.page\/fr\/?s={search_term_string}\"},\"query-input\":{\"@type\":\"PropertyValueSpecification\",\"valueRequired\":true,\"valueName\":\"search_term_string\"}}],\"inLanguage\":\"fr-FR\"}]}<\/script>\n<!-- \/ Yoast SEO plugin. -->","yoast_head_json":{"title":"Table Basse Modena Ronde - De Pagter Interieurs","description":"La table basse Modena est fabriqu\u00e9e en bois de ch\u00eane, dans la couleur Forrest et dans la forme\u00a0: Round 90CM & Round 70CM. Le plateau de table est soutenu par un pied en m\u00e9tal 'Crowle' de couleur noire. Le prix est pour la table basse de 90CM. La table basse 70CM co\u00fbte 450 euros. Voir toutes les possibilit\u00e9s pour les tables basses ici.","robots":{"index":"noindex","follow":"follow","max-snippet":"max-snippet:-1","max-image-preview":"max-image-preview:large","max-video-preview":"max-video-preview:-1"},"og_locale":"fr_FR","og_type":"article","og_title":"Table Basse Modena Ronde - De Pagter Interieurs","og_description":"La table basse Modena est fabriqu\u00e9e en bois de ch\u00eane, dans la couleur Forrest et dans la forme\u00a0: Round 90CM & Round 70CM. Le plateau de table est soutenu par un pied en m\u00e9tal 'Crowle' de couleur noire. Le prix est pour la table basse de 90CM. La table basse 70CM co\u00fbte 450 euros. Voir toutes les possibilit\u00e9s pour les tables basses ici.","og_url":"https:\/\/naughty-curran.136-144-185-207.plesk.page\/fr\/collectie\/consoles\/tables-basses\/table-basse-modena-round\/","og_site_name":"De Pagter Interieurs","article_publisher":"https:\/\/www.facebook.com\/depagterinterieurs\/","article_modified_time":"2025-09-16T07:04:00+00:00","og_image":[{"width":1024,"height":768,"url":"https:\/\/naughty-curran.136-144-185-207.plesk.page\/wp-content\/uploads\/2025\/09\/IMG_9591.jpg","type":"image\/jpeg"}],"twitter_card":"summary_large_image","schema":{"@context":"https:\/\/schema.org","@graph":[{"@type":"WebPage","@id":"https:\/\/naughty-curran.136-144-185-207.plesk.page\/fr\/collectie\/consoles\/tables-basses\/table-basse-modena-round\/","url":"https:\/\/naughty-curran.136-144-185-207.plesk.page\/fr\/collectie\/consoles\/tables-basses\/table-basse-modena-round\/","name":"Table Basse Modena Ronde - De Pagter Interieurs","isPartOf":{"@id":"https:\/\/naughty-curran.136-144-185-207.plesk.page\/fr\/#website"},"primaryImageOfPage":{"@id":"https:\/\/naughty-curran.136-144-185-207.plesk.page\/fr\/collectie\/consoles\/tables-basses\/table-basse-modena-round\/#primaryimage"},"image":{"@id":"https:\/\/naughty-curran.136-144-185-207.plesk.page\/fr\/collectie\/consoles\/tables-basses\/table-basse-modena-round\/#primaryimage"},"thumbnailUrl":"https:\/\/naughty-curran.136-144-185-207.plesk.page\/wp-content\/uploads\/2025\/09\/IMG_9591.jpg","datePublished":"2025-09-15T11:43:08+00:00","dateModified":"2025-09-16T07:04:00+00:00","description":"La table basse Modena est fabriqu\u00e9e en bois de ch\u00eane, dans la couleur Forrest et dans la forme\u00a0: Round 90CM & Round 70CM. Le plateau de table est soutenu par un pied en m\u00e9tal 'Crowle' de couleur noire. Le prix est pour la table basse de 90CM. La table basse 70CM co\u00fbte 450 euros. Voir toutes les possibilit\u00e9s pour les tables basses ici.","breadcrumb":{"@id":"https:\/\/naughty-curran.136-144-185-207.plesk.page\/fr\/collectie\/consoles\/tables-basses\/table-basse-modena-round\/#breadcrumb"},"inLanguage":"fr-FR","potentialAction":[{"@type":"ReadAction","target":["https:\/\/naughty-curran.136-144-185-207.plesk.page\/fr\/collectie\/consoles\/tables-basses\/table-basse-modena-round\/"]}]},{"@type":"ImageObject","inLanguage":"fr-FR","@id":"https:\/\/naughty-curran.136-144-185-207.plesk.page\/fr\/collectie\/consoles\/tables-basses\/table-basse-modena-round\/#primaryimage","url":"https:\/\/naughty-curran.136-144-185-207.plesk.page\/wp-content\/uploads\/2025\/09\/IMG_9591.jpg","contentUrl":"https:\/\/naughty-curran.136-144-185-207.plesk.page\/wp-content\/uploads\/2025\/09\/IMG_9591.jpg","width":1024,"height":768},{"@type":"BreadcrumbList","@id":"https:\/\/naughty-curran.136-144-185-207.plesk.page\/fr\/collectie\/consoles\/tables-basses\/table-basse-modena-round\/#breadcrumb","itemListElement":[{"@type":"ListItem","position":1,"name":"Home","item":"https:\/\/naughty-curran.136-144-185-207.plesk.page\/fr\/"},{"@type":"ListItem","position":2,"name":"Collection","item":"https:\/\/naughty-curran.136-144-185-207.plesk.page\/fr\/collection\/"},{"@type":"ListItem","position":3,"name":"Table Basse Modena Ronde"}]},{"@type":"WebSite","@id":"https:\/\/naughty-curran.136-144-185-207.plesk.page\/fr\/#website","url":"https:\/\/naughty-curran.136-144-185-207.plesk.page\/fr\/","name":"De Pagter Interieurs","description":"Woonwinkels in Middelburg - Domburg - Veere","potentialAction":[{"@type":"SearchAction","target":{"@type":"EntryPoint","urlTemplate":"https:\/\/naughty-curran.136-144-185-207.plesk.page\/fr\/?s={search_term_string}"},"query-input":{"@type":"PropertyValueSpecification","valueRequired":true,"valueName":"search_term_string"}}],"inLanguage":"fr-FR"}]}},"_links":{"self":[{"href":"https:\/\/naughty-curran.136-144-185-207.plesk.page\/fr\/wp-json\/wp\/v2\/product\/167082","targetHints":{"allow":["GET"]}}],"collection":[{"href":"https:\/\/naughty-curran.136-144-185-207.plesk.page\/fr\/wp-json\/wp\/v2\/product"}],"about":[{"href":"https:\/\/naughty-curran.136-144-185-207.plesk.page\/fr\/wp-json\/wp\/v2\/types\/product"}],"wp:featuredmedia":[{"embeddable":true,"href":"https:\/\/naughty-curran.136-144-185-207.plesk.page\/fr\/wp-json\/wp\/v2\/media\/166894"}],"wp:attachment":[{"href":"https:\/\/naughty-curran.136-144-185-207.plesk.page\/fr\/wp-json\/wp\/v2\/media?parent=167082"}],"wp:term":[{"taxonomy":"product_brand","embeddable":true,"href":"https:\/\/naughty-curran.136-144-185-207.plesk.page\/fr\/wp-json\/wp\/v2\/product_brand?post=167082"},{"taxonomy":"product_cat","embeddable":true,"href":"https:\/\/naughty-curran.136-144-185-207.plesk.page\/fr\/wp-json\/wp\/v2\/product_cat?post=167082"},{"taxonomy":"product_tag","embeddable":true,"href":"https:\/\/naughty-curran.136-144-185-207.plesk.page\/fr\/wp-json\/wp\/v2\/product_tag?post=167082"}],"curies":[{"name":"wp","href":"https:\/\/api.w.org\/{rel}","templated":true}]}}