{"id":167086,"date":"2025-09-15T14:13:44","date_gmt":"2025-09-15T13:13:44","guid":{"rendered":"https:\/\/depagterinterieurs.nl\/collectie\/uncategorized\/canape-ibiza\/"},"modified":"2025-09-15T19:49:33","modified_gmt":"2025-09-15T18:49:33","slug":"canape-ibiza","status":"publish","type":"product","link":"https:\/\/naughty-curran.136-144-185-207.plesk.page\/fr\/collectie\/marques\/de-pagter-interieurs-fr\/canape-ibiza\/","title":{"rendered":"Canap\u00e9 Ibiza"},"content":{"rendered":"","protected":false},"excerpt":{"rendered":"<p>Canap\u00e9 lounge &#8216;Ibiza&#8217;, compos\u00e9 d\u2019un cadre en bois d\u2019orme grossier et d\u2019un coussin d\u2019assise et de dossier en tissu blanc.<\/p>\n<p>Uniquement disponible dans cette couleur. \u00c9galement disponible en fauteuil d\u2019une largeur de 94 centim\u00e8tres. <\/p>\n<p><strong>Attention: actuellement en rupture de stock. Disponible \u00e0 nouveau \u00e0 partir de f\u00e9vrier 2026 environ.<\/strong><\/p>\n","protected":false},"featured_media":167011,"template":"","meta":{"_monsterinsights_skip_tracking":false,"_monsterinsights_sitenote_active":false,"_monsterinsights_sitenote_note":"","_monsterinsights_sitenote_category":0},"product_brand":[],"product_cat":[1040,1072,1042,1044,1048],"product_tag":[],"class_list":{"0":"post-167086","1":"product","2":"type-product","3":"status-publish","4":"has-post-thumbnail","6":"product_cat-canapes-fauteuils","7":"product_cat-de-pagter-interieurs-fr","8":"product_cat-marques","9":"product_cat-canapes","10":"product_cat-orme-vieux-pin","12":"first","13":"instock","14":"shipping-taxable","15":"purchasable","16":"product-type-simple"},"yoast_head":"<!-- This site is optimized with the Yoast SEO plugin v25.8 - https:\/\/yoast.com\/wordpress\/plugins\/seo\/ -->\n<title>Canap\u00e9 Ibiza - De Pagter Interieurs<\/title>\n<meta name=\"description\" content=\"Canap\u00e9 lounge &#039;Ibiza&#039;, compos\u00e9 d\u2019un cadre en bois d\u2019orme grossier et d\u2019un coussin d\u2019assise et de dossier en tissu blanc. Uniquement disponible dans cette couleur. \u00c9galement disponible en fauteuil d\u2019une largeur de 94 centim\u00e8tres.\" \/>\n<meta name=\"robots\" content=\"noindex, follow, max-snippet:-1, max-image-preview:large, max-video-preview:-1\" \/>\n<meta property=\"og:locale\" content=\"fr_FR\" \/>\n<meta property=\"og:type\" content=\"article\" \/>\n<meta property=\"og:title\" content=\"Canap\u00e9 Ibiza - De Pagter Interieurs\" \/>\n<meta property=\"og:description\" content=\"Canap\u00e9 lounge &#039;Ibiza&#039;, compos\u00e9 d\u2019un cadre en bois d\u2019orme grossier et d\u2019un coussin d\u2019assise et de dossier en tissu blanc. Uniquement disponible dans cette couleur. \u00c9galement disponible en fauteuil d\u2019une largeur de 94 centim\u00e8tres.\" \/>\n<meta property=\"og:url\" content=\"https:\/\/naughty-curran.136-144-185-207.plesk.page\/fr\/collectie\/marques\/de-pagter-interieurs-fr\/canape-ibiza\/\" \/>\n<meta property=\"og:site_name\" content=\"De Pagter Interieurs\" \/>\n<meta property=\"article:publisher\" content=\"https:\/\/www.facebook.com\/depagterinterieurs\/\" \/>\n<meta property=\"article:modified_time\" content=\"2025-09-15T18:49:33+00:00\" \/>\n<meta property=\"og:image\" content=\"https:\/\/naughty-curran.136-144-185-207.plesk.page\/wp-content\/uploads\/2025\/09\/IMG_9608.jpg\" \/>\n\t<meta property=\"og:image:width\" content=\"1024\" \/>\n\t<meta property=\"og:image:height\" content=\"768\" \/>\n\t<meta property=\"og:image:type\" content=\"image\/jpeg\" \/>\n<meta name=\"twitter:card\" content=\"summary_large_image\" \/>\n<script type=\"application\/ld+json\" class=\"yoast-schema-graph\">{\"@context\":\"https:\/\/schema.org\",\"@graph\":[{\"@type\":\"WebPage\",\"@id\":\"https:\/\/naughty-curran.136-144-185-207.plesk.page\/fr\/collectie\/marques\/de-pagter-interieurs-fr\/canape-ibiza\/\",\"url\":\"https:\/\/naughty-curran.136-144-185-207.plesk.page\/fr\/collectie\/marques\/de-pagter-interieurs-fr\/canape-ibiza\/\",\"name\":\"Canap\u00e9 Ibiza - De Pagter Interieurs\",\"isPartOf\":{\"@id\":\"https:\/\/naughty-curran.136-144-185-207.plesk.page\/fr\/#website\"},\"primaryImageOfPage\":{\"@id\":\"https:\/\/naughty-curran.136-144-185-207.plesk.page\/fr\/collectie\/marques\/de-pagter-interieurs-fr\/canape-ibiza\/#primaryimage\"},\"image\":{\"@id\":\"https:\/\/naughty-curran.136-144-185-207.plesk.page\/fr\/collectie\/marques\/de-pagter-interieurs-fr\/canape-ibiza\/#primaryimage\"},\"thumbnailUrl\":\"https:\/\/naughty-curran.136-144-185-207.plesk.page\/wp-content\/uploads\/2025\/09\/IMG_9608.jpg\",\"datePublished\":\"2025-09-15T13:13:44+00:00\",\"dateModified\":\"2025-09-15T18:49:33+00:00\",\"description\":\"Canap\u00e9 lounge 'Ibiza', compos\u00e9 d\u2019un cadre en bois d\u2019orme grossier et d\u2019un coussin d\u2019assise et de dossier en tissu blanc. Uniquement disponible dans cette couleur. \u00c9galement disponible en fauteuil d\u2019une largeur de 94 centim\u00e8tres.\",\"breadcrumb\":{\"@id\":\"https:\/\/naughty-curran.136-144-185-207.plesk.page\/fr\/collectie\/marques\/de-pagter-interieurs-fr\/canape-ibiza\/#breadcrumb\"},\"inLanguage\":\"fr-FR\",\"potentialAction\":[{\"@type\":\"ReadAction\",\"target\":[\"https:\/\/naughty-curran.136-144-185-207.plesk.page\/fr\/collectie\/marques\/de-pagter-interieurs-fr\/canape-ibiza\/\"]}]},{\"@type\":\"ImageObject\",\"inLanguage\":\"fr-FR\",\"@id\":\"https:\/\/naughty-curran.136-144-185-207.plesk.page\/fr\/collectie\/marques\/de-pagter-interieurs-fr\/canape-ibiza\/#primaryimage\",\"url\":\"https:\/\/naughty-curran.136-144-185-207.plesk.page\/wp-content\/uploads\/2025\/09\/IMG_9608.jpg\",\"contentUrl\":\"https:\/\/naughty-curran.136-144-185-207.plesk.page\/wp-content\/uploads\/2025\/09\/IMG_9608.jpg\",\"width\":1024,\"height\":768},{\"@type\":\"BreadcrumbList\",\"@id\":\"https:\/\/naughty-curran.136-144-185-207.plesk.page\/fr\/collectie\/marques\/de-pagter-interieurs-fr\/canape-ibiza\/#breadcrumb\",\"itemListElement\":[{\"@type\":\"ListItem\",\"position\":1,\"name\":\"Home\",\"item\":\"https:\/\/naughty-curran.136-144-185-207.plesk.page\/fr\/\"},{\"@type\":\"ListItem\",\"position\":2,\"name\":\"Collection\",\"item\":\"https:\/\/naughty-curran.136-144-185-207.plesk.page\/fr\/collection\/\"},{\"@type\":\"ListItem\",\"position\":3,\"name\":\"Canap\u00e9 Ibiza\"}]},{\"@type\":\"WebSite\",\"@id\":\"https:\/\/naughty-curran.136-144-185-207.plesk.page\/fr\/#website\",\"url\":\"https:\/\/naughty-curran.136-144-185-207.plesk.page\/fr\/\",\"name\":\"De Pagter Interieurs\",\"description\":\"Woonwinkels in Middelburg - Domburg - Veere\",\"potentialAction\":[{\"@type\":\"SearchAction\",\"target\":{\"@type\":\"EntryPoint\",\"urlTemplate\":\"https:\/\/naughty-curran.136-144-185-207.plesk.page\/fr\/?s={search_term_string}\"},\"query-input\":{\"@type\":\"PropertyValueSpecification\",\"valueRequired\":true,\"valueName\":\"search_term_string\"}}],\"inLanguage\":\"fr-FR\"}]}<\/script>\n<!-- \/ Yoast SEO plugin. -->","yoast_head_json":{"title":"Canap\u00e9 Ibiza - De Pagter Interieurs","description":"Canap\u00e9 lounge 'Ibiza', compos\u00e9 d\u2019un cadre en bois d\u2019orme grossier et d\u2019un coussin d\u2019assise et de dossier en tissu blanc. Uniquement disponible dans cette couleur. \u00c9galement disponible en fauteuil d\u2019une largeur de 94 centim\u00e8tres.","robots":{"index":"noindex","follow":"follow","max-snippet":"max-snippet:-1","max-image-preview":"max-image-preview:large","max-video-preview":"max-video-preview:-1"},"og_locale":"fr_FR","og_type":"article","og_title":"Canap\u00e9 Ibiza - De Pagter Interieurs","og_description":"Canap\u00e9 lounge 'Ibiza', compos\u00e9 d\u2019un cadre en bois d\u2019orme grossier et d\u2019un coussin d\u2019assise et de dossier en tissu blanc. Uniquement disponible dans cette couleur. \u00c9galement disponible en fauteuil d\u2019une largeur de 94 centim\u00e8tres.","og_url":"https:\/\/naughty-curran.136-144-185-207.plesk.page\/fr\/collectie\/marques\/de-pagter-interieurs-fr\/canape-ibiza\/","og_site_name":"De Pagter Interieurs","article_publisher":"https:\/\/www.facebook.com\/depagterinterieurs\/","article_modified_time":"2025-09-15T18:49:33+00:00","og_image":[{"width":1024,"height":768,"url":"https:\/\/naughty-curran.136-144-185-207.plesk.page\/wp-content\/uploads\/2025\/09\/IMG_9608.jpg","type":"image\/jpeg"}],"twitter_card":"summary_large_image","schema":{"@context":"https:\/\/schema.org","@graph":[{"@type":"WebPage","@id":"https:\/\/naughty-curran.136-144-185-207.plesk.page\/fr\/collectie\/marques\/de-pagter-interieurs-fr\/canape-ibiza\/","url":"https:\/\/naughty-curran.136-144-185-207.plesk.page\/fr\/collectie\/marques\/de-pagter-interieurs-fr\/canape-ibiza\/","name":"Canap\u00e9 Ibiza - De Pagter Interieurs","isPartOf":{"@id":"https:\/\/naughty-curran.136-144-185-207.plesk.page\/fr\/#website"},"primaryImageOfPage":{"@id":"https:\/\/naughty-curran.136-144-185-207.plesk.page\/fr\/collectie\/marques\/de-pagter-interieurs-fr\/canape-ibiza\/#primaryimage"},"image":{"@id":"https:\/\/naughty-curran.136-144-185-207.plesk.page\/fr\/collectie\/marques\/de-pagter-interieurs-fr\/canape-ibiza\/#primaryimage"},"thumbnailUrl":"https:\/\/naughty-curran.136-144-185-207.plesk.page\/wp-content\/uploads\/2025\/09\/IMG_9608.jpg","datePublished":"2025-09-15T13:13:44+00:00","dateModified":"2025-09-15T18:49:33+00:00","description":"Canap\u00e9 lounge 'Ibiza', compos\u00e9 d\u2019un cadre en bois d\u2019orme grossier et d\u2019un coussin d\u2019assise et de dossier en tissu blanc. Uniquement disponible dans cette couleur. \u00c9galement disponible en fauteuil d\u2019une largeur de 94 centim\u00e8tres.","breadcrumb":{"@id":"https:\/\/naughty-curran.136-144-185-207.plesk.page\/fr\/collectie\/marques\/de-pagter-interieurs-fr\/canape-ibiza\/#breadcrumb"},"inLanguage":"fr-FR","potentialAction":[{"@type":"ReadAction","target":["https:\/\/naughty-curran.136-144-185-207.plesk.page\/fr\/collectie\/marques\/de-pagter-interieurs-fr\/canape-ibiza\/"]}]},{"@type":"ImageObject","inLanguage":"fr-FR","@id":"https:\/\/naughty-curran.136-144-185-207.plesk.page\/fr\/collectie\/marques\/de-pagter-interieurs-fr\/canape-ibiza\/#primaryimage","url":"https:\/\/naughty-curran.136-144-185-207.plesk.page\/wp-content\/uploads\/2025\/09\/IMG_9608.jpg","contentUrl":"https:\/\/naughty-curran.136-144-185-207.plesk.page\/wp-content\/uploads\/2025\/09\/IMG_9608.jpg","width":1024,"height":768},{"@type":"BreadcrumbList","@id":"https:\/\/naughty-curran.136-144-185-207.plesk.page\/fr\/collectie\/marques\/de-pagter-interieurs-fr\/canape-ibiza\/#breadcrumb","itemListElement":[{"@type":"ListItem","position":1,"name":"Home","item":"https:\/\/naughty-curran.136-144-185-207.plesk.page\/fr\/"},{"@type":"ListItem","position":2,"name":"Collection","item":"https:\/\/naughty-curran.136-144-185-207.plesk.page\/fr\/collection\/"},{"@type":"ListItem","position":3,"name":"Canap\u00e9 Ibiza"}]},{"@type":"WebSite","@id":"https:\/\/naughty-curran.136-144-185-207.plesk.page\/fr\/#website","url":"https:\/\/naughty-curran.136-144-185-207.plesk.page\/fr\/","name":"De Pagter Interieurs","description":"Woonwinkels in Middelburg - Domburg - Veere","potentialAction":[{"@type":"SearchAction","target":{"@type":"EntryPoint","urlTemplate":"https:\/\/naughty-curran.136-144-185-207.plesk.page\/fr\/?s={search_term_string}"},"query-input":{"@type":"PropertyValueSpecification","valueRequired":true,"valueName":"search_term_string"}}],"inLanguage":"fr-FR"}]}},"_links":{"self":[{"href":"https:\/\/naughty-curran.136-144-185-207.plesk.page\/fr\/wp-json\/wp\/v2\/product\/167086","targetHints":{"allow":["GET"]}}],"collection":[{"href":"https:\/\/naughty-curran.136-144-185-207.plesk.page\/fr\/wp-json\/wp\/v2\/product"}],"about":[{"href":"https:\/\/naughty-curran.136-144-185-207.plesk.page\/fr\/wp-json\/wp\/v2\/types\/product"}],"wp:featuredmedia":[{"embeddable":true,"href":"https:\/\/naughty-curran.136-144-185-207.plesk.page\/fr\/wp-json\/wp\/v2\/media\/167011"}],"wp:attachment":[{"href":"https:\/\/naughty-curran.136-144-185-207.plesk.page\/fr\/wp-json\/wp\/v2\/media?parent=167086"}],"wp:term":[{"taxonomy":"product_brand","embeddable":true,"href":"https:\/\/naughty-curran.136-144-185-207.plesk.page\/fr\/wp-json\/wp\/v2\/product_brand?post=167086"},{"taxonomy":"product_cat","embeddable":true,"href":"https:\/\/naughty-curran.136-144-185-207.plesk.page\/fr\/wp-json\/wp\/v2\/product_cat?post=167086"},{"taxonomy":"product_tag","embeddable":true,"href":"https:\/\/naughty-curran.136-144-185-207.plesk.page\/fr\/wp-json\/wp\/v2\/product_tag?post=167086"}],"curies":[{"name":"wp","href":"https:\/\/api.w.org\/{rel}","templated":true}]}}