{"id":168947,"date":"2025-10-06T10:40:03","date_gmt":"2025-10-06T09:40:03","guid":{"rendered":"https:\/\/depagterinterieurs.nl\/collectie\/uncategorized\/fauteuil-relax-indi-3\/"},"modified":"2025-10-06T11:43:57","modified_gmt":"2025-10-06T10:43:57","slug":"fauteuil-relax-indi-3","status":"publish","type":"product","link":"https:\/\/naughty-curran.136-144-185-207.plesk.page\/fr\/collectie\/marques\/ds-meubel\/fauteuil-relax-indi-3\/","title":{"rendered":"Fauteuil Relax Indi"},"content":{"rendered":"","protected":false},"excerpt":{"rendered":"<p>Fauteuil de luxe Indi avec repose-pieds et dossier r\u00e9glables \u00e9lectriquement qui peuvent \u00eatre command\u00e9s avec des boutons tactiles.<\/p>\n<p>Fabriqu\u00e9 en tissu&nbsp;: Taurus \u2013 Naturel 01.<\/p>\n<p>Comprend une batterie int\u00e9gr\u00e9e, un coussin lombaire, des coutures (5) (couleur propos\u00e9e) et une base de disque ronde noire. Le prix est pour le mod\u00e8le illustr\u00e9.<\/p>\n<p>D\u00e9couvrez toutes les options <a href=\"https:\/\/naughty-curran.136-144-185-207.plesk.page\/wp-content\/uploads\/2025\/06\/INDI-NL-BE-1-5-2025.pdf\"><br \/>\n  <strong>ici .<\/strong><br \/>\n<\/a><\/p>\n","protected":false},"featured_media":168333,"template":"","meta":{"_monsterinsights_skip_tracking":false,"_monsterinsights_sitenote_active":false,"_monsterinsights_sitenote_note":"","_monsterinsights_sitenote_category":0},"product_brand":[],"product_cat":[1040,1074,1042,1046],"product_tag":[],"class_list":{"0":"post-168947","1":"product","2":"type-product","3":"status-publish","4":"has-post-thumbnail","6":"product_cat-canapes-fauteuils","7":"product_cat-ds-meubel","8":"product_cat-marques","9":"product_cat-fauteuils-relax","11":"first","12":"instock","13":"shipping-taxable","14":"purchasable","15":"product-type-simple"},"yoast_head":"<!-- This site is optimized with the Yoast SEO plugin v25.8 - https:\/\/yoast.com\/wordpress\/plugins\/seo\/ -->\n<title>Fauteuil Relax Indi - De Pagter Interieurs<\/title>\n<meta name=\"description\" content=\"Fauteuil de luxe Indi avec repose-pieds et dossier r\u00e9glables \u00e9lectriquement qui peuvent \u00eatre command\u00e9s avec des boutons tactiles. Fabriqu\u00e9 en tissu\u00a0: Taurus \u2013 Naturel 01. Comprend une batterie int\u00e9gr\u00e9e, un coussin lombaire, des coutures (5) (couleur propos\u00e9e) et une base de disque ronde noire. Le prix est pour le mod\u00e8le illustr\u00e9. D\u00e9couvrez toutes les options ici .\" \/>\n<meta name=\"robots\" content=\"noindex, follow, max-snippet:-1, max-image-preview:large, max-video-preview:-1\" \/>\n<meta property=\"og:locale\" content=\"fr_FR\" \/>\n<meta property=\"og:type\" content=\"article\" \/>\n<meta property=\"og:title\" content=\"Fauteuil Relax Indi - De Pagter Interieurs\" \/>\n<meta property=\"og:description\" content=\"Fauteuil de luxe Indi avec repose-pieds et dossier r\u00e9glables \u00e9lectriquement qui peuvent \u00eatre command\u00e9s avec des boutons tactiles. Fabriqu\u00e9 en tissu\u00a0: Taurus \u2013 Naturel 01. Comprend une batterie int\u00e9gr\u00e9e, un coussin lombaire, des coutures (5) (couleur propos\u00e9e) et une base de disque ronde noire. Le prix est pour le mod\u00e8le illustr\u00e9. D\u00e9couvrez toutes les options ici .\" \/>\n<meta property=\"og:url\" content=\"https:\/\/naughty-curran.136-144-185-207.plesk.page\/fr\/collectie\/marques\/ds-meubel\/fauteuil-relax-indi-3\/\" \/>\n<meta property=\"og:site_name\" content=\"De Pagter Interieurs\" \/>\n<meta property=\"article:publisher\" content=\"https:\/\/www.facebook.com\/depagterinterieurs\/\" \/>\n<meta property=\"article:modified_time\" content=\"2025-10-06T10:43:57+00:00\" \/>\n<meta property=\"og:image\" content=\"https:\/\/naughty-curran.136-144-185-207.plesk.page\/wp-content\/uploads\/2025\/10\/IMG_9993.jpg\" \/>\n\t<meta property=\"og:image:width\" content=\"1024\" \/>\n\t<meta property=\"og:image:height\" content=\"768\" \/>\n\t<meta property=\"og:image:type\" content=\"image\/jpeg\" \/>\n<meta name=\"twitter:card\" content=\"summary_large_image\" \/>\n<script type=\"application\/ld+json\" class=\"yoast-schema-graph\">{\"@context\":\"https:\/\/schema.org\",\"@graph\":[{\"@type\":\"WebPage\",\"@id\":\"https:\/\/naughty-curran.136-144-185-207.plesk.page\/fr\/collectie\/marques\/ds-meubel\/fauteuil-relax-indi-3\/\",\"url\":\"https:\/\/naughty-curran.136-144-185-207.plesk.page\/fr\/collectie\/marques\/ds-meubel\/fauteuil-relax-indi-3\/\",\"name\":\"Fauteuil Relax Indi - De Pagter Interieurs\",\"isPartOf\":{\"@id\":\"https:\/\/naughty-curran.136-144-185-207.plesk.page\/fr\/#website\"},\"primaryImageOfPage\":{\"@id\":\"https:\/\/naughty-curran.136-144-185-207.plesk.page\/fr\/collectie\/marques\/ds-meubel\/fauteuil-relax-indi-3\/#primaryimage\"},\"image\":{\"@id\":\"https:\/\/naughty-curran.136-144-185-207.plesk.page\/fr\/collectie\/marques\/ds-meubel\/fauteuil-relax-indi-3\/#primaryimage\"},\"thumbnailUrl\":\"https:\/\/naughty-curran.136-144-185-207.plesk.page\/wp-content\/uploads\/2025\/10\/IMG_9993.jpg\",\"datePublished\":\"2025-10-06T09:40:03+00:00\",\"dateModified\":\"2025-10-06T10:43:57+00:00\",\"description\":\"Fauteuil de luxe Indi avec repose-pieds et dossier r\u00e9glables \u00e9lectriquement qui peuvent \u00eatre command\u00e9s avec des boutons tactiles. Fabriqu\u00e9 en tissu\u00a0: Taurus \u2013 Naturel 01. Comprend une batterie int\u00e9gr\u00e9e, un coussin lombaire, des coutures (5) (couleur propos\u00e9e) et une base de disque ronde noire. Le prix est pour le mod\u00e8le illustr\u00e9. D\u00e9couvrez toutes les options ici .\",\"breadcrumb\":{\"@id\":\"https:\/\/naughty-curran.136-144-185-207.plesk.page\/fr\/collectie\/marques\/ds-meubel\/fauteuil-relax-indi-3\/#breadcrumb\"},\"inLanguage\":\"fr-FR\",\"potentialAction\":[{\"@type\":\"ReadAction\",\"target\":[\"https:\/\/naughty-curran.136-144-185-207.plesk.page\/fr\/collectie\/marques\/ds-meubel\/fauteuil-relax-indi-3\/\"]}]},{\"@type\":\"ImageObject\",\"inLanguage\":\"fr-FR\",\"@id\":\"https:\/\/naughty-curran.136-144-185-207.plesk.page\/fr\/collectie\/marques\/ds-meubel\/fauteuil-relax-indi-3\/#primaryimage\",\"url\":\"https:\/\/naughty-curran.136-144-185-207.plesk.page\/wp-content\/uploads\/2025\/10\/IMG_9993.jpg\",\"contentUrl\":\"https:\/\/naughty-curran.136-144-185-207.plesk.page\/wp-content\/uploads\/2025\/10\/IMG_9993.jpg\",\"width\":1024,\"height\":768},{\"@type\":\"BreadcrumbList\",\"@id\":\"https:\/\/naughty-curran.136-144-185-207.plesk.page\/fr\/collectie\/marques\/ds-meubel\/fauteuil-relax-indi-3\/#breadcrumb\",\"itemListElement\":[{\"@type\":\"ListItem\",\"position\":1,\"name\":\"Home\",\"item\":\"https:\/\/naughty-curran.136-144-185-207.plesk.page\/fr\/\"},{\"@type\":\"ListItem\",\"position\":2,\"name\":\"Collection\",\"item\":\"https:\/\/naughty-curran.136-144-185-207.plesk.page\/fr\/collection\/\"},{\"@type\":\"ListItem\",\"position\":3,\"name\":\"Fauteuil Relax Indi\"}]},{\"@type\":\"WebSite\",\"@id\":\"https:\/\/naughty-curran.136-144-185-207.plesk.page\/fr\/#website\",\"url\":\"https:\/\/naughty-curran.136-144-185-207.plesk.page\/fr\/\",\"name\":\"De Pagter Interieurs\",\"description\":\"Woonwinkels in Middelburg - Domburg - Veere\",\"potentialAction\":[{\"@type\":\"SearchAction\",\"target\":{\"@type\":\"EntryPoint\",\"urlTemplate\":\"https:\/\/naughty-curran.136-144-185-207.plesk.page\/fr\/?s={search_term_string}\"},\"query-input\":{\"@type\":\"PropertyValueSpecification\",\"valueRequired\":true,\"valueName\":\"search_term_string\"}}],\"inLanguage\":\"fr-FR\"}]}<\/script>\n<!-- \/ Yoast SEO plugin. -->","yoast_head_json":{"title":"Fauteuil Relax Indi - De Pagter Interieurs","description":"Fauteuil de luxe Indi avec repose-pieds et dossier r\u00e9glables \u00e9lectriquement qui peuvent \u00eatre command\u00e9s avec des boutons tactiles. Fabriqu\u00e9 en tissu\u00a0: Taurus \u2013 Naturel 01. Comprend une batterie int\u00e9gr\u00e9e, un coussin lombaire, des coutures (5) (couleur propos\u00e9e) et une base de disque ronde noire. Le prix est pour le mod\u00e8le illustr\u00e9. D\u00e9couvrez toutes les options ici .","robots":{"index":"noindex","follow":"follow","max-snippet":"max-snippet:-1","max-image-preview":"max-image-preview:large","max-video-preview":"max-video-preview:-1"},"og_locale":"fr_FR","og_type":"article","og_title":"Fauteuil Relax Indi - De Pagter Interieurs","og_description":"Fauteuil de luxe Indi avec repose-pieds et dossier r\u00e9glables \u00e9lectriquement qui peuvent \u00eatre command\u00e9s avec des boutons tactiles. Fabriqu\u00e9 en tissu\u00a0: Taurus \u2013 Naturel 01. Comprend une batterie int\u00e9gr\u00e9e, un coussin lombaire, des coutures (5) (couleur propos\u00e9e) et une base de disque ronde noire. Le prix est pour le mod\u00e8le illustr\u00e9. D\u00e9couvrez toutes les options ici .","og_url":"https:\/\/naughty-curran.136-144-185-207.plesk.page\/fr\/collectie\/marques\/ds-meubel\/fauteuil-relax-indi-3\/","og_site_name":"De Pagter Interieurs","article_publisher":"https:\/\/www.facebook.com\/depagterinterieurs\/","article_modified_time":"2025-10-06T10:43:57+00:00","og_image":[{"width":1024,"height":768,"url":"https:\/\/naughty-curran.136-144-185-207.plesk.page\/wp-content\/uploads\/2025\/10\/IMG_9993.jpg","type":"image\/jpeg"}],"twitter_card":"summary_large_image","schema":{"@context":"https:\/\/schema.org","@graph":[{"@type":"WebPage","@id":"https:\/\/naughty-curran.136-144-185-207.plesk.page\/fr\/collectie\/marques\/ds-meubel\/fauteuil-relax-indi-3\/","url":"https:\/\/naughty-curran.136-144-185-207.plesk.page\/fr\/collectie\/marques\/ds-meubel\/fauteuil-relax-indi-3\/","name":"Fauteuil Relax Indi - De Pagter Interieurs","isPartOf":{"@id":"https:\/\/naughty-curran.136-144-185-207.plesk.page\/fr\/#website"},"primaryImageOfPage":{"@id":"https:\/\/naughty-curran.136-144-185-207.plesk.page\/fr\/collectie\/marques\/ds-meubel\/fauteuil-relax-indi-3\/#primaryimage"},"image":{"@id":"https:\/\/naughty-curran.136-144-185-207.plesk.page\/fr\/collectie\/marques\/ds-meubel\/fauteuil-relax-indi-3\/#primaryimage"},"thumbnailUrl":"https:\/\/naughty-curran.136-144-185-207.plesk.page\/wp-content\/uploads\/2025\/10\/IMG_9993.jpg","datePublished":"2025-10-06T09:40:03+00:00","dateModified":"2025-10-06T10:43:57+00:00","description":"Fauteuil de luxe Indi avec repose-pieds et dossier r\u00e9glables \u00e9lectriquement qui peuvent \u00eatre command\u00e9s avec des boutons tactiles. Fabriqu\u00e9 en tissu\u00a0: Taurus \u2013 Naturel 01. Comprend une batterie int\u00e9gr\u00e9e, un coussin lombaire, des coutures (5) (couleur propos\u00e9e) et une base de disque ronde noire. Le prix est pour le mod\u00e8le illustr\u00e9. D\u00e9couvrez toutes les options ici .","breadcrumb":{"@id":"https:\/\/naughty-curran.136-144-185-207.plesk.page\/fr\/collectie\/marques\/ds-meubel\/fauteuil-relax-indi-3\/#breadcrumb"},"inLanguage":"fr-FR","potentialAction":[{"@type":"ReadAction","target":["https:\/\/naughty-curran.136-144-185-207.plesk.page\/fr\/collectie\/marques\/ds-meubel\/fauteuil-relax-indi-3\/"]}]},{"@type":"ImageObject","inLanguage":"fr-FR","@id":"https:\/\/naughty-curran.136-144-185-207.plesk.page\/fr\/collectie\/marques\/ds-meubel\/fauteuil-relax-indi-3\/#primaryimage","url":"https:\/\/naughty-curran.136-144-185-207.plesk.page\/wp-content\/uploads\/2025\/10\/IMG_9993.jpg","contentUrl":"https:\/\/naughty-curran.136-144-185-207.plesk.page\/wp-content\/uploads\/2025\/10\/IMG_9993.jpg","width":1024,"height":768},{"@type":"BreadcrumbList","@id":"https:\/\/naughty-curran.136-144-185-207.plesk.page\/fr\/collectie\/marques\/ds-meubel\/fauteuil-relax-indi-3\/#breadcrumb","itemListElement":[{"@type":"ListItem","position":1,"name":"Home","item":"https:\/\/naughty-curran.136-144-185-207.plesk.page\/fr\/"},{"@type":"ListItem","position":2,"name":"Collection","item":"https:\/\/naughty-curran.136-144-185-207.plesk.page\/fr\/collection\/"},{"@type":"ListItem","position":3,"name":"Fauteuil Relax Indi"}]},{"@type":"WebSite","@id":"https:\/\/naughty-curran.136-144-185-207.plesk.page\/fr\/#website","url":"https:\/\/naughty-curran.136-144-185-207.plesk.page\/fr\/","name":"De Pagter Interieurs","description":"Woonwinkels in Middelburg - Domburg - Veere","potentialAction":[{"@type":"SearchAction","target":{"@type":"EntryPoint","urlTemplate":"https:\/\/naughty-curran.136-144-185-207.plesk.page\/fr\/?s={search_term_string}"},"query-input":{"@type":"PropertyValueSpecification","valueRequired":true,"valueName":"search_term_string"}}],"inLanguage":"fr-FR"}]}},"_links":{"self":[{"href":"https:\/\/naughty-curran.136-144-185-207.plesk.page\/fr\/wp-json\/wp\/v2\/product\/168947","targetHints":{"allow":["GET"]}}],"collection":[{"href":"https:\/\/naughty-curran.136-144-185-207.plesk.page\/fr\/wp-json\/wp\/v2\/product"}],"about":[{"href":"https:\/\/naughty-curran.136-144-185-207.plesk.page\/fr\/wp-json\/wp\/v2\/types\/product"}],"wp:featuredmedia":[{"embeddable":true,"href":"https:\/\/naughty-curran.136-144-185-207.plesk.page\/fr\/wp-json\/wp\/v2\/media\/168333"}],"wp:attachment":[{"href":"https:\/\/naughty-curran.136-144-185-207.plesk.page\/fr\/wp-json\/wp\/v2\/media?parent=168947"}],"wp:term":[{"taxonomy":"product_brand","embeddable":true,"href":"https:\/\/naughty-curran.136-144-185-207.plesk.page\/fr\/wp-json\/wp\/v2\/product_brand?post=168947"},{"taxonomy":"product_cat","embeddable":true,"href":"https:\/\/naughty-curran.136-144-185-207.plesk.page\/fr\/wp-json\/wp\/v2\/product_cat?post=168947"},{"taxonomy":"product_tag","embeddable":true,"href":"https:\/\/naughty-curran.136-144-185-207.plesk.page\/fr\/wp-json\/wp\/v2\/product_tag?post=168947"}],"curies":[{"name":"wp","href":"https:\/\/api.w.org\/{rel}","templated":true}]}}